{"id":8915,"date":"2022-07-12T10:28:34","date_gmt":"2022-07-12T10:28:34","guid":{"rendered":"https:\/\/spitalmciuc.ro\/?page_id=8915"},"modified":"2022-07-12T10:33:58","modified_gmt":"2022-07-12T10:33:58","slug":"finanszirozas","status":"publish","type":"page","link":"https:\/\/spitalmciuc.ro\/hu\/finanszirozas\/","title":{"rendered":"Finansz\u00edroz\u00e1si k\u00e9r\u00e9s a Cs\u00edkszeredai Megyei S\u00fcrg\u0151ss\u00e9gi K\u00f3rh\u00e1z medik\u00e1lis szem\u00e9lyzet\u00e9nek k\u00e9pz\u00e9si programjaira"},"content":{"rendered":"<p>[vc_row][vc_column width=&#8221;1\/2&#8243;][vc_column_text]<\/p>\n<p style=\"text-align: center;\">A Cs\u00edkszeredai Megyei S\u00fcrg\u0151ss\u00e9gi K\u00f3rh\u00e1z medik\u00e1lis szem\u00e9lyzete a csatolt k\u00e9r\u00e9s kit\u00f6lt\u00e9s\u00e9vel ig\u00e9nyelhet finansz\u00edroz\u00e1st a szakmai fejl\u0151d\u00e9s\u00e9hez \u00e9s az eg\u00e9szs\u00e9g\u00fcgyi szolg\u00e1ltat\u00e1sok min\u0151s\u00e9g\u00e9nek jav\u00edt\u00e1shoz fontos k\u00e9pz\u00e9seken val\u00f3 r\u00e9szv\u00e9telre<\/p>\n<p>[\/vc_column_text][\/vc_column][vc_column width=&#8221;1\/2&#8243;][vc_tta_tour][vc_tta_section title=&#8221;Le\u00edr\u00e1s let\u00f6lt\u00e9se&#8221; tab_id=&#8221;1657620292479-1a05c2d0-fbfd&#8221;][vc_single_image image=&#8221;7827&#8243; img_size=&#8221;50&#215;50&#8243; alignment=&#8221;center&#8221; style=&#8221;vc_box_rounded&#8221; onclick=&#8221;custom_link&#8221; img_link_target=&#8221;_blank&#8221; css_animation=&#8221;tada&#8221; link=&#8221;https:\/\/spitalmciuc.ro\/wp-content\/uploads\/2022\/07\/Metodologia-de-finantare-a-programelor-de-formare-1.pdf&#8221;][\/vc_tta_section][vc_tta_section title=&#8221;Formanyomtatv\u00e1ny let\u00f6lt\u00e9se&#8221; tab_id=&#8221;1657620292487-de8f8bf1-5501&#8243;][vc_single_image image=&#8221;7827&#8243; img_size=&#8221;50&#215;50&#8243; alignment=&#8221;center&#8221; onclick=&#8221;custom_link&#8221; img_link_target=&#8221;_blank&#8221; css_animation=&#8221;tada&#8221; link=&#8221;https:\/\/spitalmciuc.ro\/wp-content\/uploads\/2022\/07\/Formular-de-solicitare.pdf&#8221;][\/vc_tta_section][\/vc_tta_tour][\/vc_column][\/vc_row]<\/p>\n","protected":false},"excerpt":{"rendered":"<p>[vc_row][vc_column width=&#8221;1\/2&#8243;][vc_column_text] A Cs\u00edkszeredai Megyei S\u00fcrg\u0151ss\u00e9gi K\u00f3rh\u00e1z medik\u00e1lis szem\u00e9lyzete a csatolt k\u00e9r\u00e9s kit\u00f6lt\u00e9s\u00e9vel ig\u00e9nyelhet finansz\u00edroz\u00e1st a szakmai fejl\u0151d\u00e9s\u00e9hez \u00e9s az eg\u00e9szs\u00e9g\u00fcgyi szolg\u00e1ltat\u00e1sok min\u0151s\u00e9g\u00e9nek jav\u00edt\u00e1shoz fontos k\u00e9pz\u00e9seken val\u00f3 r\u00e9szv\u00e9telre [\/vc_column_text][\/vc_column][vc_column width=&#8221;1\/2&#8243;][vc_tta_tour][vc_tta_section title=&#8221;Le\u00edr\u00e1s let\u00f6lt\u00e9se&#8221; tab_id=&#8221;1657620292479-1a05c2d0-fbfd&#8221;][vc_single_image image=&#8221;7827&#8243; img_size=&#8221;50&#215;50&#8243; alignment=&#8221;center&#8221; style=&#8221;vc_box_rounded&#8221; onclick=&#8221;custom_link&#8221; img_link_target=&#8221;_blank&#8221; css_animation=&#8221;tada&#8221; link=&#8221;https:\/\/spitalmciuc.ro\/wp-content\/uploads\/2022\/07\/Metodologia-de-finantare-a-programelor-de-formare-1.pdf&#8221;][\/vc_tta_section][vc_tta_section title=&#8221;Formanyomtatv\u00e1ny let\u00f6lt\u00e9se&#8221; tab_id=&#8221;1657620292487-de8f8bf1-5501&#8243;][vc_single_image image=&#8221;7827&#8243; img_size=&#8221;50&#215;50&#8243; alignment=&#8221;center&#8221; onclick=&#8221;custom_link&#8221; img_link_target=&#8221;_blank&#8221; css_animation=&#8221;tada&#8221; link=&#8221;https:\/\/spitalmciuc.ro\/wp-content\/uploads\/2022\/07\/Formular-de-solicitare.pdf&#8221;][\/vc_tta_section][\/vc_tta_tour][\/vc_column][\/vc_row]<\/p>\n","protected":false},"author":11,"featured_media":0,"parent":0,"menu_order":0,"comment_status":"closed","ping_status":"closed","template":"","meta":[],"yoast_head":"<!-- This site is optimized with the Yoast SEO plugin v18.3 - https:\/\/yoast.com\/wordpress\/plugins\/seo\/ -->\n<title>Finansz\u00edroz\u00e1si k\u00e9r\u00e9s a Cs\u00edkszeredai Megyei S\u00fcrg\u0151ss\u00e9gi K\u00f3rh\u00e1z medik\u00e1lis szem\u00e9lyzet\u00e9nek k\u00e9pz\u00e9si programjaira - Cs\u00edkszeredai Megyei S\u00fcrg\u0151ss\u00e9gi K\u00f3rh\u00e1z<\/title>\n<meta name=\"robots\" content=\"index, follow, max-snippet:-1, max-image-preview:large, max-video-preview:-1\" \/>\n<link rel=\"canonical\" href=\"https:\/\/spitalmciuc.ro\/hu\/finanszirozas\/\" \/>\n<meta property=\"og:locale\" content=\"hu_HU\" \/>\n<meta property=\"og:type\" content=\"article\" \/>\n<meta property=\"og:title\" content=\"Finansz\u00edroz\u00e1si k\u00e9r\u00e9s a Cs\u00edkszeredai Megyei S\u00fcrg\u0151ss\u00e9gi K\u00f3rh\u00e1z medik\u00e1lis szem\u00e9lyzet\u00e9nek k\u00e9pz\u00e9si programjaira - Cs\u00edkszeredai Megyei S\u00fcrg\u0151ss\u00e9gi K\u00f3rh\u00e1z\" \/>\n<meta property=\"og:description\" content=\"[vc_row][vc_column width=&#8221;1\/2&#8243;][vc_column_text] A Cs\u00edkszeredai Megyei S\u00fcrg\u0151ss\u00e9gi K\u00f3rh\u00e1z medik\u00e1lis szem\u00e9lyzete a csatolt k\u00e9r\u00e9s kit\u00f6lt\u00e9s\u00e9vel ig\u00e9nyelhet finansz\u00edroz\u00e1st a szakmai fejl\u0151d\u00e9s\u00e9hez \u00e9s az eg\u00e9szs\u00e9g\u00fcgyi szolg\u00e1ltat\u00e1sok min\u0151s\u00e9g\u00e9nek jav\u00edt\u00e1shoz fontos k\u00e9pz\u00e9seken val\u00f3 r\u00e9szv\u00e9telre [\/vc_column_text][\/vc_column][vc_column width=&#8221;1\/2&#8243;][vc_tta_tour][vc_tta_section title=&#8221;Le\u00edr\u00e1s let\u00f6lt\u00e9se&#8221; tab_id=&#8221;1657620292479-1a05c2d0-fbfd&#8221;][vc_single_image image=&#8221;7827&#8243; img_size=&#8221;50&#215;50&#8243; alignment=&#8221;center&#8221; style=&#8221;vc_box_rounded&#8221; onclick=&#8221;custom_link&#8221; img_link_target=&#8221;_blank&#8221; css_animation=&#8221;tada&#8221; link=&#8221;https:\/\/spitalmciuc.ro\/wp-content\/uploads\/2022\/07\/Metodologia-de-finantare-a-programelor-de-formare-1.pdf&#8221;][\/vc_tta_section][vc_tta_section title=&#8221;Formanyomtatv\u00e1ny let\u00f6lt\u00e9se&#8221; tab_id=&#8221;1657620292487-de8f8bf1-5501&#8243;][vc_single_image image=&#8221;7827&#8243; img_size=&#8221;50&#215;50&#8243; alignment=&#8221;center&#8221; onclick=&#8221;custom_link&#8221; img_link_target=&#8221;_blank&#8221; css_animation=&#8221;tada&#8221; link=&#8221;https:\/\/spitalmciuc.ro\/wp-content\/uploads\/2022\/07\/Formular-de-solicitare.pdf&#8221;][\/vc_tta_section][\/vc_tta_tour][\/vc_column][\/vc_row]\" \/>\n<meta property=\"og:url\" content=\"https:\/\/spitalmciuc.ro\/hu\/finanszirozas\/\" \/>\n<meta property=\"og:site_name\" content=\"Cs\u00edkszeredai Megyei S\u00fcrg\u0151ss\u00e9gi K\u00f3rh\u00e1z\" \/>\n<meta property=\"article:modified_time\" content=\"2022-07-12T10:33:58+00:00\" \/>\n<meta name=\"twitter:card\" content=\"summary_large_image\" \/>\n<meta name=\"twitter:label1\" content=\"Becs\u00fclt olvas\u00e1si id\u0151\" \/>\n\t<meta name=\"twitter:data1\" content=\"1 perc\" \/>\n<script type=\"application\/ld+json\" class=\"yoast-schema-graph\">{\"@context\":\"https:\/\/schema.org\",\"@graph\":[{\"@type\":\"Organization\",\"@id\":\"https:\/\/spitalmciuc.ro\/#organization\",\"name\":\"Spitalul Jude\u0163ean de Urgen\u0163\u0103 Miercurea Ciuc\",\"url\":\"https:\/\/spitalmciuc.ro\/\",\"sameAs\":[],\"logo\":{\"@type\":\"ImageObject\",\"@id\":\"https:\/\/spitalmciuc.ro\/#logo\",\"inLanguage\":\"hu\",\"url\":\"https:\/\/spitalmciuc.ro\/wp-content\/uploads\/2022\/02\/logo-spital-ro-60.jpg\",\"contentUrl\":\"https:\/\/spitalmciuc.ro\/wp-content\/uploads\/2022\/02\/logo-spital-ro-60.jpg\",\"width\":198,\"height\":60,\"caption\":\"Spitalul Jude\u0163ean de Urgen\u0163\u0103 Miercurea Ciuc\"},\"image\":{\"@id\":\"https:\/\/spitalmciuc.ro\/#logo\"}},{\"@type\":\"WebSite\",\"@id\":\"https:\/\/spitalmciuc.ro\/#website\",\"url\":\"https:\/\/spitalmciuc.ro\/\",\"name\":\"Cs\u00edkszeredai Megyei S\u00fcrg\u0151ss\u00e9gi K\u00f3rh\u00e1z\",\"description\":\"\",\"publisher\":{\"@id\":\"https:\/\/spitalmciuc.ro\/#organization\"},\"potentialAction\":[{\"@type\":\"SearchAction\",\"target\":{\"@type\":\"EntryPoint\",\"urlTemplate\":\"https:\/\/spitalmciuc.ro\/?s={search_term_string}\"},\"query-input\":\"required name=search_term_string\"}],\"inLanguage\":\"hu\"},{\"@type\":\"WebPage\",\"@id\":\"https:\/\/spitalmciuc.ro\/hu\/finanszirozas\/#webpage\",\"url\":\"https:\/\/spitalmciuc.ro\/hu\/finanszirozas\/\",\"name\":\"Finansz\u00edroz\u00e1si k\u00e9r\u00e9s a Cs\u00edkszeredai Megyei S\u00fcrg\u0151ss\u00e9gi K\u00f3rh\u00e1z medik\u00e1lis szem\u00e9lyzet\u00e9nek k\u00e9pz\u00e9si programjaira - Cs\u00edkszeredai Megyei S\u00fcrg\u0151ss\u00e9gi K\u00f3rh\u00e1z\",\"isPartOf\":{\"@id\":\"https:\/\/spitalmciuc.ro\/#website\"},\"datePublished\":\"2022-07-12T10:28:34+00:00\",\"dateModified\":\"2022-07-12T10:33:58+00:00\",\"breadcrumb\":{\"@id\":\"https:\/\/spitalmciuc.ro\/hu\/finanszirozas\/#breadcrumb\"},\"inLanguage\":\"hu\",\"potentialAction\":[{\"@type\":\"ReadAction\",\"target\":[\"https:\/\/spitalmciuc.ro\/hu\/finanszirozas\/\"]}]},{\"@type\":\"BreadcrumbList\",\"@id\":\"https:\/\/spitalmciuc.ro\/hu\/finanszirozas\/#breadcrumb\",\"itemListElement\":[{\"@type\":\"ListItem\",\"position\":1,\"name\":\"Kezd\u0151lap\",\"item\":\"https:\/\/spitalmciuc.ro\/hu\/\"},{\"@type\":\"ListItem\",\"position\":2,\"name\":\"Finansz\u00edroz\u00e1si k\u00e9r\u00e9s a Cs\u00edkszeredai Megyei S\u00fcrg\u0151ss\u00e9gi K\u00f3rh\u00e1z medik\u00e1lis szem\u00e9lyzet\u00e9nek k\u00e9pz\u00e9si programjaira\"}]}]}<\/script>\n<!-- \/ Yoast SEO plugin. -->","yoast_head_json":{"title":"Finansz\u00edroz\u00e1si k\u00e9r\u00e9s a Cs\u00edkszeredai Megyei S\u00fcrg\u0151ss\u00e9gi K\u00f3rh\u00e1z medik\u00e1lis szem\u00e9lyzet\u00e9nek k\u00e9pz\u00e9si programjaira - Cs\u00edkszeredai Megyei S\u00fcrg\u0151ss\u00e9gi K\u00f3rh\u00e1z","robots":{"index":"index","follow":"follow","max-snippet":"max-snippet:-1","max-image-preview":"max-image-preview:large","max-video-preview":"max-video-preview:-1"},"canonical":"https:\/\/spitalmciuc.ro\/hu\/finanszirozas\/","og_locale":"hu_HU","og_type":"article","og_title":"Finansz\u00edroz\u00e1si k\u00e9r\u00e9s a Cs\u00edkszeredai Megyei S\u00fcrg\u0151ss\u00e9gi K\u00f3rh\u00e1z medik\u00e1lis szem\u00e9lyzet\u00e9nek k\u00e9pz\u00e9si programjaira - Cs\u00edkszeredai Megyei S\u00fcrg\u0151ss\u00e9gi K\u00f3rh\u00e1z","og_description":"[vc_row][vc_column width=&#8221;1\/2&#8243;][vc_column_text] A Cs\u00edkszeredai Megyei S\u00fcrg\u0151ss\u00e9gi K\u00f3rh\u00e1z medik\u00e1lis szem\u00e9lyzete a csatolt k\u00e9r\u00e9s kit\u00f6lt\u00e9s\u00e9vel ig\u00e9nyelhet finansz\u00edroz\u00e1st a szakmai fejl\u0151d\u00e9s\u00e9hez \u00e9s az eg\u00e9szs\u00e9g\u00fcgyi szolg\u00e1ltat\u00e1sok min\u0151s\u00e9g\u00e9nek jav\u00edt\u00e1shoz fontos k\u00e9pz\u00e9seken val\u00f3 r\u00e9szv\u00e9telre [\/vc_column_text][\/vc_column][vc_column width=&#8221;1\/2&#8243;][vc_tta_tour][vc_tta_section title=&#8221;Le\u00edr\u00e1s let\u00f6lt\u00e9se&#8221; tab_id=&#8221;1657620292479-1a05c2d0-fbfd&#8221;][vc_single_image image=&#8221;7827&#8243; img_size=&#8221;50&#215;50&#8243; alignment=&#8221;center&#8221; style=&#8221;vc_box_rounded&#8221; onclick=&#8221;custom_link&#8221; img_link_target=&#8221;_blank&#8221; css_animation=&#8221;tada&#8221; link=&#8221;https:\/\/spitalmciuc.ro\/wp-content\/uploads\/2022\/07\/Metodologia-de-finantare-a-programelor-de-formare-1.pdf&#8221;][\/vc_tta_section][vc_tta_section title=&#8221;Formanyomtatv\u00e1ny let\u00f6lt\u00e9se&#8221; tab_id=&#8221;1657620292487-de8f8bf1-5501&#8243;][vc_single_image image=&#8221;7827&#8243; img_size=&#8221;50&#215;50&#8243; alignment=&#8221;center&#8221; onclick=&#8221;custom_link&#8221; img_link_target=&#8221;_blank&#8221; css_animation=&#8221;tada&#8221; link=&#8221;https:\/\/spitalmciuc.ro\/wp-content\/uploads\/2022\/07\/Formular-de-solicitare.pdf&#8221;][\/vc_tta_section][\/vc_tta_tour][\/vc_column][\/vc_row]","og_url":"https:\/\/spitalmciuc.ro\/hu\/finanszirozas\/","og_site_name":"Cs\u00edkszeredai Megyei S\u00fcrg\u0151ss\u00e9gi K\u00f3rh\u00e1z","article_modified_time":"2022-07-12T10:33:58+00:00","twitter_card":"summary_large_image","twitter_misc":{"Becs\u00fclt olvas\u00e1si id\u0151":"1 perc"},"schema":{"@context":"https:\/\/schema.org","@graph":[{"@type":"Organization","@id":"https:\/\/spitalmciuc.ro\/#organization","name":"Spitalul Jude\u0163ean de Urgen\u0163\u0103 Miercurea Ciuc","url":"https:\/\/spitalmciuc.ro\/","sameAs":[],"logo":{"@type":"ImageObject","@id":"https:\/\/spitalmciuc.ro\/#logo","inLanguage":"hu","url":"https:\/\/spitalmciuc.ro\/wp-content\/uploads\/2022\/02\/logo-spital-ro-60.jpg","contentUrl":"https:\/\/spitalmciuc.ro\/wp-content\/uploads\/2022\/02\/logo-spital-ro-60.jpg","width":198,"height":60,"caption":"Spitalul Jude\u0163ean de Urgen\u0163\u0103 Miercurea Ciuc"},"image":{"@id":"https:\/\/spitalmciuc.ro\/#logo"}},{"@type":"WebSite","@id":"https:\/\/spitalmciuc.ro\/#website","url":"https:\/\/spitalmciuc.ro\/","name":"Cs\u00edkszeredai Megyei S\u00fcrg\u0151ss\u00e9gi K\u00f3rh\u00e1z","description":"","publisher":{"@id":"https:\/\/spitalmciuc.ro\/#organization"},"potentialAction":[{"@type":"SearchAction","target":{"@type":"EntryPoint","urlTemplate":"https:\/\/spitalmciuc.ro\/?s={search_term_string}"},"query-input":"required name=search_term_string"}],"inLanguage":"hu"},{"@type":"WebPage","@id":"https:\/\/spitalmciuc.ro\/hu\/finanszirozas\/#webpage","url":"https:\/\/spitalmciuc.ro\/hu\/finanszirozas\/","name":"Finansz\u00edroz\u00e1si k\u00e9r\u00e9s a Cs\u00edkszeredai Megyei S\u00fcrg\u0151ss\u00e9gi K\u00f3rh\u00e1z medik\u00e1lis szem\u00e9lyzet\u00e9nek k\u00e9pz\u00e9si programjaira - Cs\u00edkszeredai Megyei S\u00fcrg\u0151ss\u00e9gi K\u00f3rh\u00e1z","isPartOf":{"@id":"https:\/\/spitalmciuc.ro\/#website"},"datePublished":"2022-07-12T10:28:34+00:00","dateModified":"2022-07-12T10:33:58+00:00","breadcrumb":{"@id":"https:\/\/spitalmciuc.ro\/hu\/finanszirozas\/#breadcrumb"},"inLanguage":"hu","potentialAction":[{"@type":"ReadAction","target":["https:\/\/spitalmciuc.ro\/hu\/finanszirozas\/"]}]},{"@type":"BreadcrumbList","@id":"https:\/\/spitalmciuc.ro\/hu\/finanszirozas\/#breadcrumb","itemListElement":[{"@type":"ListItem","position":1,"name":"Kezd\u0151lap","item":"https:\/\/spitalmciuc.ro\/hu\/"},{"@type":"ListItem","position":2,"name":"Finansz\u00edroz\u00e1si k\u00e9r\u00e9s a Cs\u00edkszeredai Megyei S\u00fcrg\u0151ss\u00e9gi K\u00f3rh\u00e1z medik\u00e1lis szem\u00e9lyzet\u00e9nek k\u00e9pz\u00e9si programjaira"}]}]}},"_links":{"self":[{"href":"https:\/\/spitalmciuc.ro\/hu\/wp-json\/wp\/v2\/pages\/8915"}],"collection":[{"href":"https:\/\/spitalmciuc.ro\/hu\/wp-json\/wp\/v2\/pages"}],"about":[{"href":"https:\/\/spitalmciuc.ro\/hu\/wp-json\/wp\/v2\/types\/page"}],"author":[{"embeddable":true,"href":"https:\/\/spitalmciuc.ro\/hu\/wp-json\/wp\/v2\/users\/11"}],"replies":[{"embeddable":true,"href":"https:\/\/spitalmciuc.ro\/hu\/wp-json\/wp\/v2\/comments?post=8915"}],"version-history":[{"count":1,"href":"https:\/\/spitalmciuc.ro\/hu\/wp-json\/wp\/v2\/pages\/8915\/revisions"}],"predecessor-version":[{"id":8916,"href":"https:\/\/spitalmciuc.ro\/hu\/wp-json\/wp\/v2\/pages\/8915\/revisions\/8916"}],"wp:attachment":[{"href":"https:\/\/spitalmciuc.ro\/hu\/wp-json\/wp\/v2\/media?parent=8915"}],"curies":[{"name":"wp","href":"https:\/\/api.w.org\/{rel}","templated":true}]}}