{"id":8044,"date":"2022-04-07T05:23:48","date_gmt":"2022-04-07T05:23:48","guid":{"rendered":"https:\/\/spitalmciuc.ro\/?page_id=8044"},"modified":"2022-10-12T09:38:19","modified_gmt":"2022-10-12T09:38:19","slug":"igazgatotanacs-2","status":"publish","type":"page","link":"https:\/\/spitalmciuc.ro\/hu\/igazgatotanacs-2\/","title":{"rendered":"Igazgat\u00f3tan\u00e1cs"},"content":{"rendered":"<p>&nbsp;<\/p>\n<table id=\"sheet0\" class=\"sheet0 gridlines\" style=\"height: 56px;\" border=\"0\" width=\"1313\" cellspacing=\"0\" cellpadding=\"0\">\n<tbody>\n<tr class=\"row0\">\n<td class=\"column0 style3 s\" style=\"text-align: center;\">Sz\u00e1m<\/td>\n<td class=\"column1 style3 s\" style=\"text-align: center;\">N\u00e9v<\/td>\n<td class=\"column2 style3 s\" style=\"text-align: center;\">Bet\u00f6lt\u00f6tt tiszts\u00e9g<\/td>\n<td class=\"column3 style3 s\" style=\"text-align: center;\">M\u00f3dos\u00edt\u00e1sok<\/td>\n<td class=\"column4 style3 s\" style=\"text-align: center;\">Vagyonbevall\u00e1sok<\/td>\n<td class=\"column5 style3 s\" style=\"text-align: center;\">\u00c9rdeknyilatkozatok<\/td>\n<\/tr>\n<tr class=\"row1\">\n<td class=\"column0\"><\/td>\n<td class=\"column1\"><\/td>\n<td class=\"column2\"><\/td>\n<td class=\"column3\"><\/td>\n<td class=\"column4\"><\/td>\n<td class=\"column5\"><\/td>\n<\/tr>\n<tr class=\"row2\">\n<td class=\"column0 style1 n\" style=\"text-align: center;\">1<\/td>\n<td class=\"column1 style2 s\">Fechete Orsolya<\/td>\n<td class=\"column2 style1 s\" style=\"text-align: center;\">Orvos igazgat\u00f3<\/td>\n<td class=\"column3 style1 s\" style=\"text-align: center;\">Megsz\u0171nt tiszts\u00e9g<\/td>\n<td class=\"column4 style1 s\" style=\"text-align: center;\"><a href=\"https:\/\/spitalmciuc.ro\/wp-content\/uploads\/2022\/07\/FecheteOrsolyaAvere_incetare.pdf\" target=\"_blank\" rel=\"noopener\">Megnyit\u00e1s<\/a><\/td>\n<td class=\"column5 style1 s\" style=\"text-align: center;\"><a href=\"https:\/\/spitalmciuc.ro\/wp-content\/uploads\/2022\/07\/FecheteOrsolya_incetare.pdf\" target=\"_blank\" rel=\"noopener\">Megnyit\u00e1s<\/a><\/td>\n<\/tr>\n<tr class=\"row3\">\n<td class=\"column0 style1 n\" style=\"text-align: center;\">2<\/td>\n<td class=\"column1 style2 s\">Konr\u00e1d Judith<\/td>\n<td class=\"column2 style1 s\" style=\"text-align: center;\">Menedzser<\/td>\n<td class=\"column3 style1 s\" style=\"text-align: center;\">&#8211;<\/td>\n<td class=\"column4 style1 s\" style=\"text-align: center;\"><a href=\"https:\/\/spitalmciuc.ro\/wp-content\/uploads\/2022\/07\/KonradJudithAvere.pdf\" target=\"_blank\" rel=\"noopener\">Megnyit\u00e1s<\/a><\/td>\n<td class=\"column5 style1 s\" style=\"text-align: center;\"><a href=\"https:\/\/spitalmciuc.ro\/wp-content\/uploads\/2022\/07\/KonradJudith.pdf\" target=\"_blank\" rel=\"noopener\">Megnyit\u00e1s<\/a><\/td>\n<\/tr>\n<tr class=\"row4\">\n<td class=\"column0 style1 n\" style=\"text-align: center;\">3<\/td>\n<td class=\"column1 style2 s\">L\u00e1szl\u00f3 Botond<\/td>\n<td class=\"column2 style1 s\" style=\"text-align: center;\">P\u00e9nz\u00fcgyi igazgat\u00f3<\/td>\n<td class=\"column3 style1 s\" style=\"text-align: center;\">&#8211;<\/td>\n<td class=\"column4 style1 s\" style=\"text-align: center;\"><a href=\"https:\/\/spitalmciuc.ro\/wp-content\/uploads\/2022\/07\/LaszloBotondAvere.pdf\" target=\"_blank\" rel=\"noopener\">Megnyit\u00e1s<\/a><\/td>\n<td class=\"column5 style1 s\" style=\"text-align: center;\"><a href=\"https:\/\/spitalmciuc.ro\/wp-content\/uploads\/2022\/07\/LaszloBotond.pdf\" target=\"_blank\" rel=\"noopener\">Megnyit\u00e1s<\/a><\/td>\n<\/tr>\n<tr class=\"row5\">\n<td class=\"column0 style1 n\" style=\"text-align: center;\">4<\/td>\n<td class=\"column1 style2 s\">Bal\u00e1ssy Ildik\u00f3<\/td>\n<td class=\"column2 style1 s\" style=\"text-align: center;\">\u00c1pol\u00e1si igazgat\u00f3<\/td>\n<td class=\"column3 style1 s\" style=\"text-align: center;\">&#8211;<\/td>\n<td class=\"column4 style1 s\" style=\"text-align: center;\"><a href=\"https:\/\/spitalmciuc.ro\/wp-content\/uploads\/2022\/07\/SzekeresIldikoAvere.pdf\" target=\"_blank\" rel=\"noopener\">Megnyit\u00e1s<\/a><\/td>\n<td class=\"column5 style1 s\" style=\"text-align: center;\"><a href=\"https:\/\/spitalmciuc.ro\/wp-content\/uploads\/2022\/07\/SzekeresIldiko.pdf\" target=\"_blank\" rel=\"noopener\">Megnyit\u00e1s<\/a><\/td>\n<\/tr>\n<tr class=\"row5\">\n<td class=\"column0 style1 n\" style=\"text-align: center;\">5<\/td>\n<td class=\"column1 style2 s\">Vitos Attila<\/td>\n<td class=\"column2 style1 s\" style=\"text-align: center;\">Orvos igazgat\u00f3<\/td>\n<td class=\"column3 style1 s\" style=\"text-align: center;\">Kinevez\u00e9s<\/td>\n<td class=\"column4 style1 s\" style=\"text-align: center;\"><a href=\"https:\/\/spitalmciuc.ro\/wp-content\/uploads\/2022\/10\/2.VitosAttilaAvere_numire.pdf\" target=\"_blank\" rel=\"noopener\">Megnyit\u00e1s<\/a><\/td>\n<td class=\"column5 style1 s\" style=\"text-align: center;\"><a href=\"https:\/\/spitalmciuc.ro\/wp-content\/uploads\/2022\/10\/2.VitosAttilaInterese_numire.pdf\" target=\"_blank\" rel=\"noopener\">Megnyit\u00e1s<\/a><\/td>\n<\/tr>\n<\/tbody>\n<\/table>\n","protected":false},"excerpt":{"rendered":"<p>&nbsp; Sz\u00e1m N\u00e9v Bet\u00f6lt\u00f6tt tiszts\u00e9g M\u00f3dos\u00edt\u00e1sok Vagyonbevall\u00e1sok \u00c9rdeknyilatkozatok 1 Fechete Orsolya Orvos igazgat\u00f3 Megsz\u0171nt tiszts\u00e9g Megnyit\u00e1s Megnyit\u00e1s 2 Konr\u00e1d Judith Menedzser &#8211; Megnyit\u00e1s Megnyit\u00e1s 3 L\u00e1szl\u00f3 Botond P\u00e9nz\u00fcgyi igazgat\u00f3 &#8211; Megnyit\u00e1s Megnyit\u00e1s 4 Bal\u00e1ssy Ildik\u00f3 \u00c1pol\u00e1si igazgat\u00f3 &#8211; Megnyit\u00e1s Megnyit\u00e1s 5 Vitos Attila Orvos igazgat\u00f3 Kinevez\u00e9s Megnyit\u00e1s Megnyit\u00e1s<\/p>\n","protected":false},"author":11,"featured_media":0,"parent":0,"menu_order":0,"comment_status":"closed","ping_status":"closed","template":"","meta":[],"yoast_head":"<!-- This site is optimized with the Yoast SEO plugin v18.3 - https:\/\/yoast.com\/wordpress\/plugins\/seo\/ -->\n<title>Igazgat\u00f3tan\u00e1cs - Cs\u00edkszeredai Megyei S\u00fcrg\u0151ss\u00e9gi K\u00f3rh\u00e1z<\/title>\n<meta name=\"robots\" content=\"index, follow, max-snippet:-1, max-image-preview:large, max-video-preview:-1\" \/>\n<link rel=\"canonical\" href=\"https:\/\/spitalmciuc.ro\/hu\/igazgatotanacs-2\/\" \/>\n<meta property=\"og:locale\" content=\"hu_HU\" \/>\n<meta property=\"og:type\" content=\"article\" \/>\n<meta property=\"og:title\" content=\"Igazgat\u00f3tan\u00e1cs - Cs\u00edkszeredai Megyei S\u00fcrg\u0151ss\u00e9gi K\u00f3rh\u00e1z\" \/>\n<meta property=\"og:description\" content=\"&nbsp; Sz\u00e1m N\u00e9v Bet\u00f6lt\u00f6tt tiszts\u00e9g M\u00f3dos\u00edt\u00e1sok Vagyonbevall\u00e1sok \u00c9rdeknyilatkozatok 1 Fechete Orsolya Orvos igazgat\u00f3 Megsz\u0171nt tiszts\u00e9g Megnyit\u00e1s Megnyit\u00e1s 2 Konr\u00e1d Judith Menedzser &#8211; Megnyit\u00e1s Megnyit\u00e1s 3 L\u00e1szl\u00f3 Botond P\u00e9nz\u00fcgyi igazgat\u00f3 &#8211; Megnyit\u00e1s Megnyit\u00e1s 4 Bal\u00e1ssy Ildik\u00f3 \u00c1pol\u00e1si igazgat\u00f3 &#8211; Megnyit\u00e1s Megnyit\u00e1s 5 Vitos Attila Orvos igazgat\u00f3 Kinevez\u00e9s Megnyit\u00e1s Megnyit\u00e1s\" \/>\n<meta property=\"og:url\" content=\"https:\/\/spitalmciuc.ro\/hu\/igazgatotanacs-2\/\" \/>\n<meta property=\"og:site_name\" content=\"Cs\u00edkszeredai Megyei S\u00fcrg\u0151ss\u00e9gi K\u00f3rh\u00e1z\" \/>\n<meta property=\"article:modified_time\" content=\"2022-10-12T09:38:19+00:00\" \/>\n<meta name=\"twitter:card\" content=\"summary_large_image\" \/>\n<meta name=\"twitter:label1\" content=\"Becs\u00fclt olvas\u00e1si id\u0151\" \/>\n\t<meta name=\"twitter:data1\" content=\"1 perc\" \/>\n<script type=\"application\/ld+json\" class=\"yoast-schema-graph\">{\"@context\":\"https:\/\/schema.org\",\"@graph\":[{\"@type\":\"Organization\",\"@id\":\"https:\/\/spitalmciuc.ro\/#organization\",\"name\":\"Spitalul Jude\u0163ean de Urgen\u0163\u0103 Miercurea Ciuc\",\"url\":\"https:\/\/spitalmciuc.ro\/\",\"sameAs\":[],\"logo\":{\"@type\":\"ImageObject\",\"@id\":\"https:\/\/spitalmciuc.ro\/#logo\",\"inLanguage\":\"hu\",\"url\":\"https:\/\/spitalmciuc.ro\/wp-content\/uploads\/2022\/02\/logo-spital-ro-60.jpg\",\"contentUrl\":\"https:\/\/spitalmciuc.ro\/wp-content\/uploads\/2022\/02\/logo-spital-ro-60.jpg\",\"width\":198,\"height\":60,\"caption\":\"Spitalul Jude\u0163ean de Urgen\u0163\u0103 Miercurea Ciuc\"},\"image\":{\"@id\":\"https:\/\/spitalmciuc.ro\/#logo\"}},{\"@type\":\"WebSite\",\"@id\":\"https:\/\/spitalmciuc.ro\/#website\",\"url\":\"https:\/\/spitalmciuc.ro\/\",\"name\":\"Cs\u00edkszeredai Megyei S\u00fcrg\u0151ss\u00e9gi K\u00f3rh\u00e1z\",\"description\":\"\",\"publisher\":{\"@id\":\"https:\/\/spitalmciuc.ro\/#organization\"},\"potentialAction\":[{\"@type\":\"SearchAction\",\"target\":{\"@type\":\"EntryPoint\",\"urlTemplate\":\"https:\/\/spitalmciuc.ro\/?s={search_term_string}\"},\"query-input\":\"required name=search_term_string\"}],\"inLanguage\":\"hu\"},{\"@type\":\"WebPage\",\"@id\":\"https:\/\/spitalmciuc.ro\/hu\/igazgatotanacs-2\/#webpage\",\"url\":\"https:\/\/spitalmciuc.ro\/hu\/igazgatotanacs-2\/\",\"name\":\"Igazgat\u00f3tan\u00e1cs - Cs\u00edkszeredai Megyei S\u00fcrg\u0151ss\u00e9gi K\u00f3rh\u00e1z\",\"isPartOf\":{\"@id\":\"https:\/\/spitalmciuc.ro\/#website\"},\"datePublished\":\"2022-04-07T05:23:48+00:00\",\"dateModified\":\"2022-10-12T09:38:19+00:00\",\"breadcrumb\":{\"@id\":\"https:\/\/spitalmciuc.ro\/hu\/igazgatotanacs-2\/#breadcrumb\"},\"inLanguage\":\"hu\",\"potentialAction\":[{\"@type\":\"ReadAction\",\"target\":[\"https:\/\/spitalmciuc.ro\/hu\/igazgatotanacs-2\/\"]}]},{\"@type\":\"BreadcrumbList\",\"@id\":\"https:\/\/spitalmciuc.ro\/hu\/igazgatotanacs-2\/#breadcrumb\",\"itemListElement\":[{\"@type\":\"ListItem\",\"position\":1,\"name\":\"Kezd\u0151lap\",\"item\":\"https:\/\/spitalmciuc.ro\/hu\/\"},{\"@type\":\"ListItem\",\"position\":2,\"name\":\"Igazgat\u00f3tan\u00e1cs\"}]}]}<\/script>\n<!-- \/ Yoast SEO plugin. -->","yoast_head_json":{"title":"Igazgat\u00f3tan\u00e1cs - Cs\u00edkszeredai Megyei S\u00fcrg\u0151ss\u00e9gi K\u00f3rh\u00e1z","robots":{"index":"index","follow":"follow","max-snippet":"max-snippet:-1","max-image-preview":"max-image-preview:large","max-video-preview":"max-video-preview:-1"},"canonical":"https:\/\/spitalmciuc.ro\/hu\/igazgatotanacs-2\/","og_locale":"hu_HU","og_type":"article","og_title":"Igazgat\u00f3tan\u00e1cs - Cs\u00edkszeredai Megyei S\u00fcrg\u0151ss\u00e9gi K\u00f3rh\u00e1z","og_description":"&nbsp; Sz\u00e1m N\u00e9v Bet\u00f6lt\u00f6tt tiszts\u00e9g M\u00f3dos\u00edt\u00e1sok Vagyonbevall\u00e1sok \u00c9rdeknyilatkozatok 1 Fechete Orsolya Orvos igazgat\u00f3 Megsz\u0171nt tiszts\u00e9g Megnyit\u00e1s Megnyit\u00e1s 2 Konr\u00e1d Judith Menedzser &#8211; Megnyit\u00e1s Megnyit\u00e1s 3 L\u00e1szl\u00f3 Botond P\u00e9nz\u00fcgyi igazgat\u00f3 &#8211; Megnyit\u00e1s Megnyit\u00e1s 4 Bal\u00e1ssy Ildik\u00f3 \u00c1pol\u00e1si igazgat\u00f3 &#8211; Megnyit\u00e1s Megnyit\u00e1s 5 Vitos Attila Orvos igazgat\u00f3 Kinevez\u00e9s Megnyit\u00e1s Megnyit\u00e1s","og_url":"https:\/\/spitalmciuc.ro\/hu\/igazgatotanacs-2\/","og_site_name":"Cs\u00edkszeredai Megyei S\u00fcrg\u0151ss\u00e9gi K\u00f3rh\u00e1z","article_modified_time":"2022-10-12T09:38:19+00:00","twitter_card":"summary_large_image","twitter_misc":{"Becs\u00fclt olvas\u00e1si id\u0151":"1 perc"},"schema":{"@context":"https:\/\/schema.org","@graph":[{"@type":"Organization","@id":"https:\/\/spitalmciuc.ro\/#organization","name":"Spitalul Jude\u0163ean de Urgen\u0163\u0103 Miercurea Ciuc","url":"https:\/\/spitalmciuc.ro\/","sameAs":[],"logo":{"@type":"ImageObject","@id":"https:\/\/spitalmciuc.ro\/#logo","inLanguage":"hu","url":"https:\/\/spitalmciuc.ro\/wp-content\/uploads\/2022\/02\/logo-spital-ro-60.jpg","contentUrl":"https:\/\/spitalmciuc.ro\/wp-content\/uploads\/2022\/02\/logo-spital-ro-60.jpg","width":198,"height":60,"caption":"Spitalul Jude\u0163ean de Urgen\u0163\u0103 Miercurea Ciuc"},"image":{"@id":"https:\/\/spitalmciuc.ro\/#logo"}},{"@type":"WebSite","@id":"https:\/\/spitalmciuc.ro\/#website","url":"https:\/\/spitalmciuc.ro\/","name":"Cs\u00edkszeredai Megyei S\u00fcrg\u0151ss\u00e9gi K\u00f3rh\u00e1z","description":"","publisher":{"@id":"https:\/\/spitalmciuc.ro\/#organization"},"potentialAction":[{"@type":"SearchAction","target":{"@type":"EntryPoint","urlTemplate":"https:\/\/spitalmciuc.ro\/?s={search_term_string}"},"query-input":"required name=search_term_string"}],"inLanguage":"hu"},{"@type":"WebPage","@id":"https:\/\/spitalmciuc.ro\/hu\/igazgatotanacs-2\/#webpage","url":"https:\/\/spitalmciuc.ro\/hu\/igazgatotanacs-2\/","name":"Igazgat\u00f3tan\u00e1cs - Cs\u00edkszeredai Megyei S\u00fcrg\u0151ss\u00e9gi K\u00f3rh\u00e1z","isPartOf":{"@id":"https:\/\/spitalmciuc.ro\/#website"},"datePublished":"2022-04-07T05:23:48+00:00","dateModified":"2022-10-12T09:38:19+00:00","breadcrumb":{"@id":"https:\/\/spitalmciuc.ro\/hu\/igazgatotanacs-2\/#breadcrumb"},"inLanguage":"hu","potentialAction":[{"@type":"ReadAction","target":["https:\/\/spitalmciuc.ro\/hu\/igazgatotanacs-2\/"]}]},{"@type":"BreadcrumbList","@id":"https:\/\/spitalmciuc.ro\/hu\/igazgatotanacs-2\/#breadcrumb","itemListElement":[{"@type":"ListItem","position":1,"name":"Kezd\u0151lap","item":"https:\/\/spitalmciuc.ro\/hu\/"},{"@type":"ListItem","position":2,"name":"Igazgat\u00f3tan\u00e1cs"}]}]}},"_links":{"self":[{"href":"https:\/\/spitalmciuc.ro\/hu\/wp-json\/wp\/v2\/pages\/8044"}],"collection":[{"href":"https:\/\/spitalmciuc.ro\/hu\/wp-json\/wp\/v2\/pages"}],"about":[{"href":"https:\/\/spitalmciuc.ro\/hu\/wp-json\/wp\/v2\/types\/page"}],"author":[{"embeddable":true,"href":"https:\/\/spitalmciuc.ro\/hu\/wp-json\/wp\/v2\/users\/11"}],"replies":[{"embeddable":true,"href":"https:\/\/spitalmciuc.ro\/hu\/wp-json\/wp\/v2\/comments?post=8044"}],"version-history":[{"count":5,"href":"https:\/\/spitalmciuc.ro\/hu\/wp-json\/wp\/v2\/pages\/8044\/revisions"}],"predecessor-version":[{"id":9931,"href":"https:\/\/spitalmciuc.ro\/hu\/wp-json\/wp\/v2\/pages\/8044\/revisions\/9931"}],"wp:attachment":[{"href":"https:\/\/spitalmciuc.ro\/hu\/wp-json\/wp\/v2\/media?parent=8044"}],"curies":[{"name":"wp","href":"https:\/\/api.w.org\/{rel}","templated":true}]}}