{"id":6796,"date":"2022-02-24T08:16:11","date_gmt":"2022-02-24T08:16:11","guid":{"rendered":"https:\/\/spital.creative-solutions.ro\/?page_id=6796"},"modified":"2025-10-28T16:57:04","modified_gmt":"2025-10-28T13:57:04","slug":"kozbeszerzes","status":"publish","type":"page","link":"https:\/\/spitalmciuc.ro\/hu\/kozbeszerzes\/","title":{"rendered":"K\u00f6zbeszerz\u00e9s"},"content":{"rendered":"<p>[vc_row][vc_column][vc_tta_tour][vc_tta_section title=&#8221;\u00c9ves k\u00f6zbeszerz\u00e9si terv 2025 (J\u00falius)&#8221; tab_id=&#8221;1712740531260-1edac02f-554d&#8221;][vc_column_text]<iframe loading=\"lazy\" src=\"https:\/\/spitalmciuc.ro\/wp-content\/uploads\/2025\/10\/PAAP-FINAL-2025-iulie-1.pdf\" width=\"100%\" height=\"600px\"><\/iframe>[\/vc_column_text][\/vc_tta_section][vc_tta_section title=&#8221;A k\u00f6zvetlen beszerz\u00e9sek \u00e1ll\u00e1sa 2025 (J\u00falius)&#8221; tab_id=&#8221;1712740536998-91e1a7fd-e60e&#8221;][vc_column_text]<iframe loading=\"lazy\" src=\"https:\/\/spitalmciuc.ro\/wp-content\/uploads\/2025\/07\/Achizitii-directe-FINAL-iulie-2025.pdf\" width=\"100%\" height=\"600px\"><\/iframe>[\/vc_column_text][\/vc_tta_section][vc_tta_section title=&#8221;\u00c9ves K\u00f6zbeszerz\u00e9si Terv 2024&#8243; tab_id=&#8221;1752493220852-008e32a3-b79d&#8221;][vc_column_text]<iframe loading=\"lazy\" src=\"https:\/\/spitalmciuc.ro\/wp-content\/uploads\/2024\/04\/Plan-final-AD-scanat-2024.pdf\" width=\"100%\" height=\"600px\"><\/iframe>[\/vc_column_text][\/vc_tta_section][vc_tta_section title=&#8221;\u00c9ves K\u00f6zbeszerz\u00e9si Terv 2023&#8243; tab_id=&#8221;1712740536191-baa88969-45cb&#8221;][vc_column_text]<iframe loading=\"lazy\" src=\"https:\/\/spitalmciuc.ro\/wp-content\/uploads\/2024\/04\/PAAPdecembrie-2023.pdf\" width=\"100%\" height=\"600px\"><\/iframe>[\/vc_column_text][\/vc_tta_section][vc_tta_section title=&#8221;A k\u00f6zvetlen beszerz\u00e9sek \u00e1ll\u00e1sa (2023)&#8221; tab_id=&#8221;1752493262168-645c3ae2-7c34&#8243;][vc_column_text]<iframe loading=\"lazy\" src=\"https:\/\/spitalmciuc.ro\/wp-content\/uploads\/2024\/04\/Situatia-achizitiilor-directe-08.11.2023.pdf\" width=\"100%\" height=\"600px\"><\/iframe>[\/vc_column_text][\/vc_tta_section][vc_tta_section title=&#8221;\u00c9ves K\u00f6zbeszerz\u00e9si Terv 2022&#8243; tab_id=&#8221;1712740537870-7c334b12-ba58&#8243;][vc_column_text]<iframe loading=\"lazy\" src=\"https:\/\/spitalmciuc.ro\/wp-content\/uploads\/2024\/04\/PAAP-2022-DECEMBRIE.pdf\" width=\"100%\" height=\"600px\"><\/iframe>[\/vc_column_text][\/vc_tta_section][vc_tta_section title=&#8221;A k\u00f6zvetlen beszerz\u00e9sek \u00e1ll\u00e1sa 2022&#8243; tab_id=&#8221;1712740531250-08204b7d-a33a&#8221;][vc_column_text]<iframe loading=\"lazy\" src=\"https:\/\/spitalmciuc.ro\/wp-content\/uploads\/2024\/04\/Plan-final-AD-scanat-2024.pdf\" width=\"100%\" height=\"600px\"><\/iframe>[\/vc_column_text][\/vc_tta_section][\/vc_tta_tour][\/vc_column][\/vc_row]<\/p>\n","protected":false},"excerpt":{"rendered":"<p>[vc_row][vc_column][vc_tta_tour][vc_tta_section title=&#8221;\u00c9ves k\u00f6zbeszerz\u00e9si terv 2025 (J\u00falius)&#8221; tab_id=&#8221;1712740531260-1edac02f-554d&#8221;][vc_column_text][\/vc_column_text][\/vc_tta_section][vc_tta_section title=&#8221;A k\u00f6zvetlen beszerz\u00e9sek \u00e1ll\u00e1sa 2025 (J\u00falius)&#8221; tab_id=&#8221;1712740536998-91e1a7fd-e60e&#8221;][vc_column_text][\/vc_column_text][\/vc_tta_section][vc_tta_section title=&#8221;\u00c9ves K\u00f6zbeszerz\u00e9si Terv 2024&#8243; tab_id=&#8221;1752493220852-008e32a3-b79d&#8221;][vc_column_text][\/vc_column_text][\/vc_tta_section][vc_tta_section title=&#8221;\u00c9ves K\u00f6zbeszerz\u00e9si Terv 2023&#8243; tab_id=&#8221;1712740536191-baa88969-45cb&#8221;][vc_column_text][\/vc_column_text][\/vc_tta_section][vc_tta_section title=&#8221;A k\u00f6zvetlen beszerz\u00e9sek \u00e1ll\u00e1sa (2023)&#8221; tab_id=&#8221;1752493262168-645c3ae2-7c34&#8243;][vc_column_text][\/vc_column_text][\/vc_tta_section][vc_tta_section title=&#8221;\u00c9ves K\u00f6zbeszerz\u00e9si Terv 2022&#8243; tab_id=&#8221;1712740537870-7c334b12-ba58&#8243;][vc_column_text][\/vc_column_text][\/vc_tta_section][vc_tta_section title=&#8221;A k\u00f6zvetlen beszerz\u00e9sek \u00e1ll\u00e1sa 2022&#8243; tab_id=&#8221;1712740531250-08204b7d-a33a&#8221;][vc_column_text][\/vc_column_text][\/vc_tta_section][\/vc_tta_tour][\/vc_column][\/vc_row]<\/p>\n","protected":false},"author":1,"featured_media":0,"parent":0,"menu_order":0,"comment_status":"closed","ping_status":"closed","template":"","meta":[],"yoast_head":"<!-- This site is optimized with the Yoast SEO plugin v18.3 - https:\/\/yoast.com\/wordpress\/plugins\/seo\/ -->\n<title>K\u00f6zbeszerz\u00e9s - Cs\u00edkszeredai Megyei S\u00fcrg\u0151ss\u00e9gi K\u00f3rh\u00e1z<\/title>\n<meta name=\"robots\" content=\"index, follow, max-snippet:-1, max-image-preview:large, max-video-preview:-1\" \/>\n<link rel=\"canonical\" href=\"https:\/\/spitalmciuc.ro\/hu\/kozbeszerzes\/\" \/>\n<meta property=\"og:locale\" content=\"hu_HU\" \/>\n<meta property=\"og:type\" content=\"article\" \/>\n<meta property=\"og:title\" content=\"K\u00f6zbeszerz\u00e9s - Cs\u00edkszeredai Megyei S\u00fcrg\u0151ss\u00e9gi K\u00f3rh\u00e1z\" \/>\n<meta property=\"og:description\" content=\"[vc_row][vc_column][vc_tta_tour][vc_tta_section title=&#8221;\u00c9ves k\u00f6zbeszerz\u00e9si terv 2025 (J\u00falius)&#8221; tab_id=&#8221;1712740531260-1edac02f-554d&#8221;][vc_column_text][\/vc_column_text][\/vc_tta_section][vc_tta_section title=&#8221;A k\u00f6zvetlen beszerz\u00e9sek \u00e1ll\u00e1sa 2025 (J\u00falius)&#8221; tab_id=&#8221;1712740536998-91e1a7fd-e60e&#8221;][vc_column_text][\/vc_column_text][\/vc_tta_section][vc_tta_section title=&#8221;\u00c9ves K\u00f6zbeszerz\u00e9si Terv 2024&#8243; tab_id=&#8221;1752493220852-008e32a3-b79d&#8221;][vc_column_text][\/vc_column_text][\/vc_tta_section][vc_tta_section title=&#8221;\u00c9ves K\u00f6zbeszerz\u00e9si Terv 2023&#8243; tab_id=&#8221;1712740536191-baa88969-45cb&#8221;][vc_column_text][\/vc_column_text][\/vc_tta_section][vc_tta_section title=&#8221;A k\u00f6zvetlen beszerz\u00e9sek \u00e1ll\u00e1sa (2023)&#8221; tab_id=&#8221;1752493262168-645c3ae2-7c34&#8243;][vc_column_text][\/vc_column_text][\/vc_tta_section][vc_tta_section title=&#8221;\u00c9ves K\u00f6zbeszerz\u00e9si Terv 2022&#8243; tab_id=&#8221;1712740537870-7c334b12-ba58&#8243;][vc_column_text][\/vc_column_text][\/vc_tta_section][vc_tta_section title=&#8221;A k\u00f6zvetlen beszerz\u00e9sek \u00e1ll\u00e1sa 2022&#8243; tab_id=&#8221;1712740531250-08204b7d-a33a&#8221;][vc_column_text][\/vc_column_text][\/vc_tta_section][\/vc_tta_tour][\/vc_column][\/vc_row]\" \/>\n<meta property=\"og:url\" content=\"https:\/\/spitalmciuc.ro\/hu\/kozbeszerzes\/\" \/>\n<meta property=\"og:site_name\" content=\"Cs\u00edkszeredai Megyei S\u00fcrg\u0151ss\u00e9gi K\u00f3rh\u00e1z\" \/>\n<meta property=\"article:modified_time\" content=\"2025-10-28T13:57:04+00:00\" \/>\n<meta name=\"twitter:card\" content=\"summary_large_image\" \/>\n<meta name=\"twitter:label1\" content=\"Becs\u00fclt olvas\u00e1si id\u0151\" \/>\n\t<meta name=\"twitter:data1\" content=\"1 perc\" \/>\n<script type=\"application\/ld+json\" class=\"yoast-schema-graph\">{\"@context\":\"https:\/\/schema.org\",\"@graph\":[{\"@type\":\"Organization\",\"@id\":\"https:\/\/spitalmciuc.ro\/#organization\",\"name\":\"Spitalul Jude\u0163ean de Urgen\u0163\u0103 Miercurea Ciuc\",\"url\":\"https:\/\/spitalmciuc.ro\/\",\"sameAs\":[],\"logo\":{\"@type\":\"ImageObject\",\"@id\":\"https:\/\/spitalmciuc.ro\/#logo\",\"inLanguage\":\"hu\",\"url\":\"https:\/\/spitalmciuc.ro\/wp-content\/uploads\/2022\/02\/logo-spital-ro-60.jpg\",\"contentUrl\":\"https:\/\/spitalmciuc.ro\/wp-content\/uploads\/2022\/02\/logo-spital-ro-60.jpg\",\"width\":198,\"height\":60,\"caption\":\"Spitalul Jude\u0163ean de Urgen\u0163\u0103 Miercurea Ciuc\"},\"image\":{\"@id\":\"https:\/\/spitalmciuc.ro\/#logo\"}},{\"@type\":\"WebSite\",\"@id\":\"https:\/\/spitalmciuc.ro\/#website\",\"url\":\"https:\/\/spitalmciuc.ro\/\",\"name\":\"Cs\u00edkszeredai Megyei S\u00fcrg\u0151ss\u00e9gi K\u00f3rh\u00e1z\",\"description\":\"\",\"publisher\":{\"@id\":\"https:\/\/spitalmciuc.ro\/#organization\"},\"potentialAction\":[{\"@type\":\"SearchAction\",\"target\":{\"@type\":\"EntryPoint\",\"urlTemplate\":\"https:\/\/spitalmciuc.ro\/?s={search_term_string}\"},\"query-input\":\"required name=search_term_string\"}],\"inLanguage\":\"hu\"},{\"@type\":\"WebPage\",\"@id\":\"https:\/\/spitalmciuc.ro\/hu\/kozbeszerzes\/#webpage\",\"url\":\"https:\/\/spitalmciuc.ro\/hu\/kozbeszerzes\/\",\"name\":\"K\u00f6zbeszerz\u00e9s - Cs\u00edkszeredai Megyei S\u00fcrg\u0151ss\u00e9gi K\u00f3rh\u00e1z\",\"isPartOf\":{\"@id\":\"https:\/\/spitalmciuc.ro\/#website\"},\"datePublished\":\"2022-02-24T08:16:11+00:00\",\"dateModified\":\"2025-10-28T13:57:04+00:00\",\"breadcrumb\":{\"@id\":\"https:\/\/spitalmciuc.ro\/hu\/kozbeszerzes\/#breadcrumb\"},\"inLanguage\":\"hu\",\"potentialAction\":[{\"@type\":\"ReadAction\",\"target\":[\"https:\/\/spitalmciuc.ro\/hu\/kozbeszerzes\/\"]}]},{\"@type\":\"BreadcrumbList\",\"@id\":\"https:\/\/spitalmciuc.ro\/hu\/kozbeszerzes\/#breadcrumb\",\"itemListElement\":[{\"@type\":\"ListItem\",\"position\":1,\"name\":\"Kezd\u0151lap\",\"item\":\"https:\/\/spitalmciuc.ro\/hu\/\"},{\"@type\":\"ListItem\",\"position\":2,\"name\":\"K\u00f6zbeszerz\u00e9s\"}]}]}<\/script>\n<!-- \/ Yoast SEO plugin. -->","yoast_head_json":{"title":"K\u00f6zbeszerz\u00e9s - Cs\u00edkszeredai Megyei S\u00fcrg\u0151ss\u00e9gi K\u00f3rh\u00e1z","robots":{"index":"index","follow":"follow","max-snippet":"max-snippet:-1","max-image-preview":"max-image-preview:large","max-video-preview":"max-video-preview:-1"},"canonical":"https:\/\/spitalmciuc.ro\/hu\/kozbeszerzes\/","og_locale":"hu_HU","og_type":"article","og_title":"K\u00f6zbeszerz\u00e9s - Cs\u00edkszeredai Megyei S\u00fcrg\u0151ss\u00e9gi K\u00f3rh\u00e1z","og_description":"[vc_row][vc_column][vc_tta_tour][vc_tta_section title=&#8221;\u00c9ves k\u00f6zbeszerz\u00e9si terv 2025 (J\u00falius)&#8221; tab_id=&#8221;1712740531260-1edac02f-554d&#8221;][vc_column_text][\/vc_column_text][\/vc_tta_section][vc_tta_section title=&#8221;A k\u00f6zvetlen beszerz\u00e9sek \u00e1ll\u00e1sa 2025 (J\u00falius)&#8221; tab_id=&#8221;1712740536998-91e1a7fd-e60e&#8221;][vc_column_text][\/vc_column_text][\/vc_tta_section][vc_tta_section title=&#8221;\u00c9ves K\u00f6zbeszerz\u00e9si Terv 2024&#8243; tab_id=&#8221;1752493220852-008e32a3-b79d&#8221;][vc_column_text][\/vc_column_text][\/vc_tta_section][vc_tta_section title=&#8221;\u00c9ves K\u00f6zbeszerz\u00e9si Terv 2023&#8243; tab_id=&#8221;1712740536191-baa88969-45cb&#8221;][vc_column_text][\/vc_column_text][\/vc_tta_section][vc_tta_section title=&#8221;A k\u00f6zvetlen beszerz\u00e9sek \u00e1ll\u00e1sa (2023)&#8221; tab_id=&#8221;1752493262168-645c3ae2-7c34&#8243;][vc_column_text][\/vc_column_text][\/vc_tta_section][vc_tta_section title=&#8221;\u00c9ves K\u00f6zbeszerz\u00e9si Terv 2022&#8243; tab_id=&#8221;1712740537870-7c334b12-ba58&#8243;][vc_column_text][\/vc_column_text][\/vc_tta_section][vc_tta_section title=&#8221;A k\u00f6zvetlen beszerz\u00e9sek \u00e1ll\u00e1sa 2022&#8243; tab_id=&#8221;1712740531250-08204b7d-a33a&#8221;][vc_column_text][\/vc_column_text][\/vc_tta_section][\/vc_tta_tour][\/vc_column][\/vc_row]","og_url":"https:\/\/spitalmciuc.ro\/hu\/kozbeszerzes\/","og_site_name":"Cs\u00edkszeredai Megyei S\u00fcrg\u0151ss\u00e9gi K\u00f3rh\u00e1z","article_modified_time":"2025-10-28T13:57:04+00:00","twitter_card":"summary_large_image","twitter_misc":{"Becs\u00fclt olvas\u00e1si id\u0151":"1 perc"},"schema":{"@context":"https:\/\/schema.org","@graph":[{"@type":"Organization","@id":"https:\/\/spitalmciuc.ro\/#organization","name":"Spitalul Jude\u0163ean de Urgen\u0163\u0103 Miercurea Ciuc","url":"https:\/\/spitalmciuc.ro\/","sameAs":[],"logo":{"@type":"ImageObject","@id":"https:\/\/spitalmciuc.ro\/#logo","inLanguage":"hu","url":"https:\/\/spitalmciuc.ro\/wp-content\/uploads\/2022\/02\/logo-spital-ro-60.jpg","contentUrl":"https:\/\/spitalmciuc.ro\/wp-content\/uploads\/2022\/02\/logo-spital-ro-60.jpg","width":198,"height":60,"caption":"Spitalul Jude\u0163ean de Urgen\u0163\u0103 Miercurea Ciuc"},"image":{"@id":"https:\/\/spitalmciuc.ro\/#logo"}},{"@type":"WebSite","@id":"https:\/\/spitalmciuc.ro\/#website","url":"https:\/\/spitalmciuc.ro\/","name":"Cs\u00edkszeredai Megyei S\u00fcrg\u0151ss\u00e9gi K\u00f3rh\u00e1z","description":"","publisher":{"@id":"https:\/\/spitalmciuc.ro\/#organization"},"potentialAction":[{"@type":"SearchAction","target":{"@type":"EntryPoint","urlTemplate":"https:\/\/spitalmciuc.ro\/?s={search_term_string}"},"query-input":"required name=search_term_string"}],"inLanguage":"hu"},{"@type":"WebPage","@id":"https:\/\/spitalmciuc.ro\/hu\/kozbeszerzes\/#webpage","url":"https:\/\/spitalmciuc.ro\/hu\/kozbeszerzes\/","name":"K\u00f6zbeszerz\u00e9s - Cs\u00edkszeredai Megyei S\u00fcrg\u0151ss\u00e9gi K\u00f3rh\u00e1z","isPartOf":{"@id":"https:\/\/spitalmciuc.ro\/#website"},"datePublished":"2022-02-24T08:16:11+00:00","dateModified":"2025-10-28T13:57:04+00:00","breadcrumb":{"@id":"https:\/\/spitalmciuc.ro\/hu\/kozbeszerzes\/#breadcrumb"},"inLanguage":"hu","potentialAction":[{"@type":"ReadAction","target":["https:\/\/spitalmciuc.ro\/hu\/kozbeszerzes\/"]}]},{"@type":"BreadcrumbList","@id":"https:\/\/spitalmciuc.ro\/hu\/kozbeszerzes\/#breadcrumb","itemListElement":[{"@type":"ListItem","position":1,"name":"Kezd\u0151lap","item":"https:\/\/spitalmciuc.ro\/hu\/"},{"@type":"ListItem","position":2,"name":"K\u00f6zbeszerz\u00e9s"}]}]}},"_links":{"self":[{"href":"https:\/\/spitalmciuc.ro\/hu\/wp-json\/wp\/v2\/pages\/6796"}],"collection":[{"href":"https:\/\/spitalmciuc.ro\/hu\/wp-json\/wp\/v2\/pages"}],"about":[{"href":"https:\/\/spitalmciuc.ro\/hu\/wp-json\/wp\/v2\/types\/page"}],"author":[{"embeddable":true,"href":"https:\/\/spitalmciuc.ro\/hu\/wp-json\/wp\/v2\/users\/1"}],"replies":[{"embeddable":true,"href":"https:\/\/spitalmciuc.ro\/hu\/wp-json\/wp\/v2\/comments?post=6796"}],"version-history":[{"count":11,"href":"https:\/\/spitalmciuc.ro\/hu\/wp-json\/wp\/v2\/pages\/6796\/revisions"}],"predecessor-version":[{"id":18230,"href":"https:\/\/spitalmciuc.ro\/hu\/wp-json\/wp\/v2\/pages\/6796\/revisions\/18230"}],"wp:attachment":[{"href":"https:\/\/spitalmciuc.ro\/hu\/wp-json\/wp\/v2\/media?parent=6796"}],"curies":[{"name":"wp","href":"https:\/\/api.w.org\/{rel}","templated":true}]}}