{"id":6050,"date":"2021-10-05T07:02:03","date_gmt":"2021-10-05T07:02:03","guid":{"rendered":"https:\/\/spital.creative-solutions.ro\/index.php\/a-csikszeredai-megyei-suergossegi-korhaz-orvosi-laboratoriumanak-szolgaltatasi-es-arlistaja\/"},"modified":"2025-01-22T16:33:03","modified_gmt":"2025-01-22T13:33:03","slug":"a-csikszeredai-megyei-suergossegi-korhaz-orvosi-laboratoriumanak-szolgaltatasi-es-arlistaja","status":"publish","type":"page","link":"https:\/\/spitalmciuc.ro\/hu\/a-csikszeredai-megyei-suergossegi-korhaz-orvosi-laboratoriumanak-szolgaltatasi-es-arlistaja\/","title":{"rendered":"A Cs\u00edkszeredai Megyei S\u00fcrg\u0151ss\u00e9gi K\u00f3rh\u00e1z orvosi laborat\u00f3rium\u00e1nak szolg\u00e1ltat\u00e1si- \u00e9s \u00e1rlist\u00e1ja"},"content":{"rendered":"<p><img decoding=\"async\" loading=\"lazy\" class=\"aligncenter size-full wp-image-15624\" src=\"https:\/\/spitalmciuc.ro\/wp-content\/uploads\/2025\/01\/PG-6.7-F6-Lista-de-analize-2024.12.01-FINAL-doar-lab-propriu_Page_1.jpg\" alt=\"\" width=\"1654\" height=\"2339\" srcset=\"https:\/\/spitalmciuc.ro\/wp-content\/uploads\/2025\/01\/PG-6.7-F6-Lista-de-analize-2024.12.01-FINAL-doar-lab-propriu_Page_1.jpg 1654w, https:\/\/spitalmciuc.ro\/wp-content\/uploads\/2025\/01\/PG-6.7-F6-Lista-de-analize-2024.12.01-FINAL-doar-lab-propriu_Page_1-212x300.jpg 212w, https:\/\/spitalmciuc.ro\/wp-content\/uploads\/2025\/01\/PG-6.7-F6-Lista-de-analize-2024.12.01-FINAL-doar-lab-propriu_Page_1-724x1024.jpg 724w, https:\/\/spitalmciuc.ro\/wp-content\/uploads\/2025\/01\/PG-6.7-F6-Lista-de-analize-2024.12.01-FINAL-doar-lab-propriu_Page_1-768x1086.jpg 768w, https:\/\/spitalmciuc.ro\/wp-content\/uploads\/2025\/01\/PG-6.7-F6-Lista-de-analize-2024.12.01-FINAL-doar-lab-propriu_Page_1-1086x1536.jpg 1086w, https:\/\/spitalmciuc.ro\/wp-content\/uploads\/2025\/01\/PG-6.7-F6-Lista-de-analize-2024.12.01-FINAL-doar-lab-propriu_Page_1-1448x2048.jpg 1448w\" sizes=\"(max-width: 1654px) 100vw, 1654px\" \/><img decoding=\"async\" loading=\"lazy\" class=\"aligncenter size-full wp-image-15626\" src=\"https:\/\/spitalmciuc.ro\/wp-content\/uploads\/2025\/01\/PG-6.7-F6-Lista-de-analize-2024.12.01-FINAL-doar-lab-propriu_Page_2.jpg\" alt=\"\" width=\"1654\" height=\"2339\" srcset=\"https:\/\/spitalmciuc.ro\/wp-content\/uploads\/2025\/01\/PG-6.7-F6-Lista-de-analize-2024.12.01-FINAL-doar-lab-propriu_Page_2.jpg 1654w, https:\/\/spitalmciuc.ro\/wp-content\/uploads\/2025\/01\/PG-6.7-F6-Lista-de-analize-2024.12.01-FINAL-doar-lab-propriu_Page_2-212x300.jpg 212w, https:\/\/spitalmciuc.ro\/wp-content\/uploads\/2025\/01\/PG-6.7-F6-Lista-de-analize-2024.12.01-FINAL-doar-lab-propriu_Page_2-724x1024.jpg 724w, https:\/\/spitalmciuc.ro\/wp-content\/uploads\/2025\/01\/PG-6.7-F6-Lista-de-analize-2024.12.01-FINAL-doar-lab-propriu_Page_2-768x1086.jpg 768w, https:\/\/spitalmciuc.ro\/wp-content\/uploads\/2025\/01\/PG-6.7-F6-Lista-de-analize-2024.12.01-FINAL-doar-lab-propriu_Page_2-1086x1536.jpg 1086w, https:\/\/spitalmciuc.ro\/wp-content\/uploads\/2025\/01\/PG-6.7-F6-Lista-de-analize-2024.12.01-FINAL-doar-lab-propriu_Page_2-1448x2048.jpg 1448w\" sizes=\"(max-width: 1654px) 100vw, 1654px\" \/><img decoding=\"async\" loading=\"lazy\" class=\"aligncenter size-full wp-image-15628\" src=\"https:\/\/spitalmciuc.ro\/wp-content\/uploads\/2025\/01\/PG-6.7-F6-Lista-de-analize-2024.12.01-FINAL-doar-lab-propriu_Page_3.jpg\" alt=\"\" width=\"1654\" height=\"2339\" srcset=\"https:\/\/spitalmciuc.ro\/wp-content\/uploads\/2025\/01\/PG-6.7-F6-Lista-de-analize-2024.12.01-FINAL-doar-lab-propriu_Page_3.jpg 1654w, https:\/\/spitalmciuc.ro\/wp-content\/uploads\/2025\/01\/PG-6.7-F6-Lista-de-analize-2024.12.01-FINAL-doar-lab-propriu_Page_3-212x300.jpg 212w, https:\/\/spitalmciuc.ro\/wp-content\/uploads\/2025\/01\/PG-6.7-F6-Lista-de-analize-2024.12.01-FINAL-doar-lab-propriu_Page_3-724x1024.jpg 724w, https:\/\/spitalmciuc.ro\/wp-content\/uploads\/2025\/01\/PG-6.7-F6-Lista-de-analize-2024.12.01-FINAL-doar-lab-propriu_Page_3-768x1086.jpg 768w, https:\/\/spitalmciuc.ro\/wp-content\/uploads\/2025\/01\/PG-6.7-F6-Lista-de-analize-2024.12.01-FINAL-doar-lab-propriu_Page_3-1086x1536.jpg 1086w, https:\/\/spitalmciuc.ro\/wp-content\/uploads\/2025\/01\/PG-6.7-F6-Lista-de-analize-2024.12.01-FINAL-doar-lab-propriu_Page_3-1448x2048.jpg 1448w\" sizes=\"(max-width: 1654px) 100vw, 1654px\" \/><img decoding=\"async\" loading=\"lazy\" class=\"aligncenter size-full wp-image-15630\" src=\"https:\/\/spitalmciuc.ro\/wp-content\/uploads\/2025\/01\/PG-6.7-F6-Lista-de-analize-2024.12.01-FINAL-doar-lab-propriu_Page_4.jpg\" alt=\"\" width=\"1654\" height=\"2339\" srcset=\"https:\/\/spitalmciuc.ro\/wp-content\/uploads\/2025\/01\/PG-6.7-F6-Lista-de-analize-2024.12.01-FINAL-doar-lab-propriu_Page_4.jpg 1654w, https:\/\/spitalmciuc.ro\/wp-content\/uploads\/2025\/01\/PG-6.7-F6-Lista-de-analize-2024.12.01-FINAL-doar-lab-propriu_Page_4-212x300.jpg 212w, https:\/\/spitalmciuc.ro\/wp-content\/uploads\/2025\/01\/PG-6.7-F6-Lista-de-analize-2024.12.01-FINAL-doar-lab-propriu_Page_4-724x1024.jpg 724w, https:\/\/spitalmciuc.ro\/wp-content\/uploads\/2025\/01\/PG-6.7-F6-Lista-de-analize-2024.12.01-FINAL-doar-lab-propriu_Page_4-768x1086.jpg 768w, https:\/\/spitalmciuc.ro\/wp-content\/uploads\/2025\/01\/PG-6.7-F6-Lista-de-analize-2024.12.01-FINAL-doar-lab-propriu_Page_4-1086x1536.jpg 1086w, https:\/\/spitalmciuc.ro\/wp-content\/uploads\/2025\/01\/PG-6.7-F6-Lista-de-analize-2024.12.01-FINAL-doar-lab-propriu_Page_4-1448x2048.jpg 1448w\" sizes=\"(max-width: 1654px) 100vw, 1654px\" \/><img decoding=\"async\" loading=\"lazy\" class=\"aligncenter size-full wp-image-15632\" src=\"https:\/\/spitalmciuc.ro\/wp-content\/uploads\/2025\/01\/PG-6.7-F6-Lista-de-analize-2024.12.01-FINAL-doar-lab-propriu_Page_5.jpg\" alt=\"\" width=\"1654\" height=\"2339\" srcset=\"https:\/\/spitalmciuc.ro\/wp-content\/uploads\/2025\/01\/PG-6.7-F6-Lista-de-analize-2024.12.01-FINAL-doar-lab-propriu_Page_5.jpg 1654w, https:\/\/spitalmciuc.ro\/wp-content\/uploads\/2025\/01\/PG-6.7-F6-Lista-de-analize-2024.12.01-FINAL-doar-lab-propriu_Page_5-212x300.jpg 212w, https:\/\/spitalmciuc.ro\/wp-content\/uploads\/2025\/01\/PG-6.7-F6-Lista-de-analize-2024.12.01-FINAL-doar-lab-propriu_Page_5-724x1024.jpg 724w, https:\/\/spitalmciuc.ro\/wp-content\/uploads\/2025\/01\/PG-6.7-F6-Lista-de-analize-2024.12.01-FINAL-doar-lab-propriu_Page_5-768x1086.jpg 768w, https:\/\/spitalmciuc.ro\/wp-content\/uploads\/2025\/01\/PG-6.7-F6-Lista-de-analize-2024.12.01-FINAL-doar-lab-propriu_Page_5-1086x1536.jpg 1086w, https:\/\/spitalmciuc.ro\/wp-content\/uploads\/2025\/01\/PG-6.7-F6-Lista-de-analize-2024.12.01-FINAL-doar-lab-propriu_Page_5-1448x2048.jpg 1448w\" sizes=\"(max-width: 1654px) 100vw, 1654px\" \/><\/p>\n","protected":false},"excerpt":{"rendered":"","protected":false},"author":11,"featured_media":0,"parent":0,"menu_order":1,"comment_status":"closed","ping_status":"closed","template":"","meta":[],"yoast_head":"<!-- This site is optimized with the Yoast SEO plugin v18.3 - https:\/\/yoast.com\/wordpress\/plugins\/seo\/ -->\n<title>A Cs\u00edkszeredai Megyei S\u00fcrg\u0151ss\u00e9gi K\u00f3rh\u00e1z orvosi laborat\u00f3rium\u00e1nak szolg\u00e1ltat\u00e1si- \u00e9s \u00e1rlist\u00e1ja - Cs\u00edkszeredai Megyei S\u00fcrg\u0151ss\u00e9gi K\u00f3rh\u00e1z<\/title>\n<meta name=\"robots\" content=\"index, follow, max-snippet:-1, max-image-preview:large, max-video-preview:-1\" \/>\n<link rel=\"canonical\" href=\"https:\/\/spitalmciuc.ro\/hu\/a-csikszeredai-megyei-suergossegi-korhaz-orvosi-laboratoriumanak-szolgaltatasi-es-arlistaja\/\" \/>\n<meta property=\"og:locale\" content=\"hu_HU\" \/>\n<meta property=\"og:type\" content=\"article\" \/>\n<meta property=\"og:title\" content=\"A Cs\u00edkszeredai Megyei S\u00fcrg\u0151ss\u00e9gi K\u00f3rh\u00e1z orvosi laborat\u00f3rium\u00e1nak szolg\u00e1ltat\u00e1si- \u00e9s \u00e1rlist\u00e1ja - Cs\u00edkszeredai Megyei S\u00fcrg\u0151ss\u00e9gi K\u00f3rh\u00e1z\" \/>\n<meta property=\"og:url\" content=\"https:\/\/spitalmciuc.ro\/hu\/a-csikszeredai-megyei-suergossegi-korhaz-orvosi-laboratoriumanak-szolgaltatasi-es-arlistaja\/\" \/>\n<meta property=\"og:site_name\" content=\"Cs\u00edkszeredai Megyei S\u00fcrg\u0151ss\u00e9gi K\u00f3rh\u00e1z\" \/>\n<meta property=\"article:modified_time\" content=\"2025-01-22T13:33:03+00:00\" \/>\n<meta property=\"og:image\" content=\"https:\/\/spitalmciuc.ro\/wp-content\/uploads\/2025\/01\/PG-6.7-F6-Lista-de-analize-2024.12.01-FINAL-doar-lab-propriu_Page_1.jpg\" \/>\n<meta name=\"twitter:card\" content=\"summary_large_image\" \/>\n<meta name=\"twitter:label1\" content=\"Becs\u00fclt olvas\u00e1si id\u0151\" \/>\n\t<meta name=\"twitter:data1\" content=\"1 perc\" \/>\n<script type=\"application\/ld+json\" class=\"yoast-schema-graph\">{\"@context\":\"https:\/\/schema.org\",\"@graph\":[{\"@type\":\"Organization\",\"@id\":\"https:\/\/spitalmciuc.ro\/#organization\",\"name\":\"Spitalul Jude\u0163ean de Urgen\u0163\u0103 Miercurea Ciuc\",\"url\":\"https:\/\/spitalmciuc.ro\/\",\"sameAs\":[],\"logo\":{\"@type\":\"ImageObject\",\"@id\":\"https:\/\/spitalmciuc.ro\/#logo\",\"inLanguage\":\"hu\",\"url\":\"https:\/\/spitalmciuc.ro\/wp-content\/uploads\/2022\/02\/logo-spital-ro-60.jpg\",\"contentUrl\":\"https:\/\/spitalmciuc.ro\/wp-content\/uploads\/2022\/02\/logo-spital-ro-60.jpg\",\"width\":198,\"height\":60,\"caption\":\"Spitalul Jude\u0163ean de Urgen\u0163\u0103 Miercurea Ciuc\"},\"image\":{\"@id\":\"https:\/\/spitalmciuc.ro\/#logo\"}},{\"@type\":\"WebSite\",\"@id\":\"https:\/\/spitalmciuc.ro\/#website\",\"url\":\"https:\/\/spitalmciuc.ro\/\",\"name\":\"Cs\u00edkszeredai Megyei S\u00fcrg\u0151ss\u00e9gi K\u00f3rh\u00e1z\",\"description\":\"\",\"publisher\":{\"@id\":\"https:\/\/spitalmciuc.ro\/#organization\"},\"potentialAction\":[{\"@type\":\"SearchAction\",\"target\":{\"@type\":\"EntryPoint\",\"urlTemplate\":\"https:\/\/spitalmciuc.ro\/?s={search_term_string}\"},\"query-input\":\"required name=search_term_string\"}],\"inLanguage\":\"hu\"},{\"@type\":\"ImageObject\",\"@id\":\"https:\/\/spitalmciuc.ro\/hu\/a-csikszeredai-megyei-suergossegi-korhaz-orvosi-laboratoriumanak-szolgaltatasi-es-arlistaja\/#primaryimage\",\"inLanguage\":\"hu\",\"url\":\"https:\/\/spitalmciuc.ro\/wp-content\/uploads\/2025\/01\/PG-6.7-F6-Lista-de-analize-2024.12.01-FINAL-doar-lab-propriu_Page_1.jpg\",\"contentUrl\":\"https:\/\/spitalmciuc.ro\/wp-content\/uploads\/2025\/01\/PG-6.7-F6-Lista-de-analize-2024.12.01-FINAL-doar-lab-propriu_Page_1.jpg\",\"width\":1654,\"height\":2339},{\"@type\":\"WebPage\",\"@id\":\"https:\/\/spitalmciuc.ro\/hu\/a-csikszeredai-megyei-suergossegi-korhaz-orvosi-laboratoriumanak-szolgaltatasi-es-arlistaja\/#webpage\",\"url\":\"https:\/\/spitalmciuc.ro\/hu\/a-csikszeredai-megyei-suergossegi-korhaz-orvosi-laboratoriumanak-szolgaltatasi-es-arlistaja\/\",\"name\":\"A Cs\u00edkszeredai Megyei S\u00fcrg\u0151ss\u00e9gi K\u00f3rh\u00e1z orvosi laborat\u00f3rium\u00e1nak szolg\u00e1ltat\u00e1si- \u00e9s \u00e1rlist\u00e1ja - Cs\u00edkszeredai Megyei S\u00fcrg\u0151ss\u00e9gi K\u00f3rh\u00e1z\",\"isPartOf\":{\"@id\":\"https:\/\/spitalmciuc.ro\/#website\"},\"primaryImageOfPage\":{\"@id\":\"https:\/\/spitalmciuc.ro\/hu\/a-csikszeredai-megyei-suergossegi-korhaz-orvosi-laboratoriumanak-szolgaltatasi-es-arlistaja\/#primaryimage\"},\"datePublished\":\"2021-10-05T07:02:03+00:00\",\"dateModified\":\"2025-01-22T13:33:03+00:00\",\"breadcrumb\":{\"@id\":\"https:\/\/spitalmciuc.ro\/hu\/a-csikszeredai-megyei-suergossegi-korhaz-orvosi-laboratoriumanak-szolgaltatasi-es-arlistaja\/#breadcrumb\"},\"inLanguage\":\"hu\",\"potentialAction\":[{\"@type\":\"ReadAction\",\"target\":[\"https:\/\/spitalmciuc.ro\/hu\/a-csikszeredai-megyei-suergossegi-korhaz-orvosi-laboratoriumanak-szolgaltatasi-es-arlistaja\/\"]}]},{\"@type\":\"BreadcrumbList\",\"@id\":\"https:\/\/spitalmciuc.ro\/hu\/a-csikszeredai-megyei-suergossegi-korhaz-orvosi-laboratoriumanak-szolgaltatasi-es-arlistaja\/#breadcrumb\",\"itemListElement\":[{\"@type\":\"ListItem\",\"position\":1,\"name\":\"Kezd\u0151lap\",\"item\":\"https:\/\/spitalmciuc.ro\/hu\/\"},{\"@type\":\"ListItem\",\"position\":2,\"name\":\"A Cs\u00edkszeredai Megyei S\u00fcrg\u0151ss\u00e9gi K\u00f3rh\u00e1z orvosi laborat\u00f3rium\u00e1nak szolg\u00e1ltat\u00e1si- \u00e9s \u00e1rlist\u00e1ja\"}]}]}<\/script>\n<!-- \/ Yoast SEO plugin. -->","yoast_head_json":{"title":"A Cs\u00edkszeredai Megyei S\u00fcrg\u0151ss\u00e9gi K\u00f3rh\u00e1z orvosi laborat\u00f3rium\u00e1nak szolg\u00e1ltat\u00e1si- \u00e9s \u00e1rlist\u00e1ja - Cs\u00edkszeredai Megyei S\u00fcrg\u0151ss\u00e9gi K\u00f3rh\u00e1z","robots":{"index":"index","follow":"follow","max-snippet":"max-snippet:-1","max-image-preview":"max-image-preview:large","max-video-preview":"max-video-preview:-1"},"canonical":"https:\/\/spitalmciuc.ro\/hu\/a-csikszeredai-megyei-suergossegi-korhaz-orvosi-laboratoriumanak-szolgaltatasi-es-arlistaja\/","og_locale":"hu_HU","og_type":"article","og_title":"A Cs\u00edkszeredai Megyei S\u00fcrg\u0151ss\u00e9gi K\u00f3rh\u00e1z orvosi laborat\u00f3rium\u00e1nak szolg\u00e1ltat\u00e1si- \u00e9s \u00e1rlist\u00e1ja - Cs\u00edkszeredai Megyei S\u00fcrg\u0151ss\u00e9gi K\u00f3rh\u00e1z","og_url":"https:\/\/spitalmciuc.ro\/hu\/a-csikszeredai-megyei-suergossegi-korhaz-orvosi-laboratoriumanak-szolgaltatasi-es-arlistaja\/","og_site_name":"Cs\u00edkszeredai Megyei S\u00fcrg\u0151ss\u00e9gi K\u00f3rh\u00e1z","article_modified_time":"2025-01-22T13:33:03+00:00","og_image":[{"url":"https:\/\/spitalmciuc.ro\/wp-content\/uploads\/2025\/01\/PG-6.7-F6-Lista-de-analize-2024.12.01-FINAL-doar-lab-propriu_Page_1.jpg"}],"twitter_card":"summary_large_image","twitter_misc":{"Becs\u00fclt olvas\u00e1si id\u0151":"1 perc"},"schema":{"@context":"https:\/\/schema.org","@graph":[{"@type":"Organization","@id":"https:\/\/spitalmciuc.ro\/#organization","name":"Spitalul Jude\u0163ean de Urgen\u0163\u0103 Miercurea Ciuc","url":"https:\/\/spitalmciuc.ro\/","sameAs":[],"logo":{"@type":"ImageObject","@id":"https:\/\/spitalmciuc.ro\/#logo","inLanguage":"hu","url":"https:\/\/spitalmciuc.ro\/wp-content\/uploads\/2022\/02\/logo-spital-ro-60.jpg","contentUrl":"https:\/\/spitalmciuc.ro\/wp-content\/uploads\/2022\/02\/logo-spital-ro-60.jpg","width":198,"height":60,"caption":"Spitalul Jude\u0163ean de Urgen\u0163\u0103 Miercurea Ciuc"},"image":{"@id":"https:\/\/spitalmciuc.ro\/#logo"}},{"@type":"WebSite","@id":"https:\/\/spitalmciuc.ro\/#website","url":"https:\/\/spitalmciuc.ro\/","name":"Cs\u00edkszeredai Megyei S\u00fcrg\u0151ss\u00e9gi K\u00f3rh\u00e1z","description":"","publisher":{"@id":"https:\/\/spitalmciuc.ro\/#organization"},"potentialAction":[{"@type":"SearchAction","target":{"@type":"EntryPoint","urlTemplate":"https:\/\/spitalmciuc.ro\/?s={search_term_string}"},"query-input":"required name=search_term_string"}],"inLanguage":"hu"},{"@type":"ImageObject","@id":"https:\/\/spitalmciuc.ro\/hu\/a-csikszeredai-megyei-suergossegi-korhaz-orvosi-laboratoriumanak-szolgaltatasi-es-arlistaja\/#primaryimage","inLanguage":"hu","url":"https:\/\/spitalmciuc.ro\/wp-content\/uploads\/2025\/01\/PG-6.7-F6-Lista-de-analize-2024.12.01-FINAL-doar-lab-propriu_Page_1.jpg","contentUrl":"https:\/\/spitalmciuc.ro\/wp-content\/uploads\/2025\/01\/PG-6.7-F6-Lista-de-analize-2024.12.01-FINAL-doar-lab-propriu_Page_1.jpg","width":1654,"height":2339},{"@type":"WebPage","@id":"https:\/\/spitalmciuc.ro\/hu\/a-csikszeredai-megyei-suergossegi-korhaz-orvosi-laboratoriumanak-szolgaltatasi-es-arlistaja\/#webpage","url":"https:\/\/spitalmciuc.ro\/hu\/a-csikszeredai-megyei-suergossegi-korhaz-orvosi-laboratoriumanak-szolgaltatasi-es-arlistaja\/","name":"A Cs\u00edkszeredai Megyei S\u00fcrg\u0151ss\u00e9gi K\u00f3rh\u00e1z orvosi laborat\u00f3rium\u00e1nak szolg\u00e1ltat\u00e1si- \u00e9s \u00e1rlist\u00e1ja - Cs\u00edkszeredai Megyei S\u00fcrg\u0151ss\u00e9gi K\u00f3rh\u00e1z","isPartOf":{"@id":"https:\/\/spitalmciuc.ro\/#website"},"primaryImageOfPage":{"@id":"https:\/\/spitalmciuc.ro\/hu\/a-csikszeredai-megyei-suergossegi-korhaz-orvosi-laboratoriumanak-szolgaltatasi-es-arlistaja\/#primaryimage"},"datePublished":"2021-10-05T07:02:03+00:00","dateModified":"2025-01-22T13:33:03+00:00","breadcrumb":{"@id":"https:\/\/spitalmciuc.ro\/hu\/a-csikszeredai-megyei-suergossegi-korhaz-orvosi-laboratoriumanak-szolgaltatasi-es-arlistaja\/#breadcrumb"},"inLanguage":"hu","potentialAction":[{"@type":"ReadAction","target":["https:\/\/spitalmciuc.ro\/hu\/a-csikszeredai-megyei-suergossegi-korhaz-orvosi-laboratoriumanak-szolgaltatasi-es-arlistaja\/"]}]},{"@type":"BreadcrumbList","@id":"https:\/\/spitalmciuc.ro\/hu\/a-csikszeredai-megyei-suergossegi-korhaz-orvosi-laboratoriumanak-szolgaltatasi-es-arlistaja\/#breadcrumb","itemListElement":[{"@type":"ListItem","position":1,"name":"Kezd\u0151lap","item":"https:\/\/spitalmciuc.ro\/hu\/"},{"@type":"ListItem","position":2,"name":"A Cs\u00edkszeredai Megyei S\u00fcrg\u0151ss\u00e9gi K\u00f3rh\u00e1z orvosi laborat\u00f3rium\u00e1nak szolg\u00e1ltat\u00e1si- \u00e9s \u00e1rlist\u00e1ja"}]}]}},"_links":{"self":[{"href":"https:\/\/spitalmciuc.ro\/hu\/wp-json\/wp\/v2\/pages\/6050"}],"collection":[{"href":"https:\/\/spitalmciuc.ro\/hu\/wp-json\/wp\/v2\/pages"}],"about":[{"href":"https:\/\/spitalmciuc.ro\/hu\/wp-json\/wp\/v2\/types\/page"}],"author":[{"embeddable":true,"href":"https:\/\/spitalmciuc.ro\/hu\/wp-json\/wp\/v2\/users\/11"}],"replies":[{"embeddable":true,"href":"https:\/\/spitalmciuc.ro\/hu\/wp-json\/wp\/v2\/comments?post=6050"}],"version-history":[{"count":3,"href":"https:\/\/spitalmciuc.ro\/hu\/wp-json\/wp\/v2\/pages\/6050\/revisions"}],"predecessor-version":[{"id":15634,"href":"https:\/\/spitalmciuc.ro\/hu\/wp-json\/wp\/v2\/pages\/6050\/revisions\/15634"}],"wp:attachment":[{"href":"https:\/\/spitalmciuc.ro\/hu\/wp-json\/wp\/v2\/media?parent=6050"}],"curies":[{"name":"wp","href":"https:\/\/api.w.org\/{rel}","templated":true}]}}