{"id":5917,"date":"2021-04-22T12:16:39","date_gmt":"2021-04-22T12:16:39","guid":{"rendered":"https:\/\/spital.creative-solutions.ro\/index.php\/gdpr\/"},"modified":"2022-09-22T12:40:37","modified_gmt":"2022-09-22T12:40:37","slug":"gdpr","status":"publish","type":"page","link":"https:\/\/spitalmciuc.ro\/hu\/gdpr\/","title":{"rendered":"GDPR"},"content":{"rendered":"<p>&nbsp;<\/p>\n<ul>\n<li><a href=\"\/wp-content\/uploads\/2021\/04\/adatvedelmitajekoztato.pdf\" target=\"_blank\" rel=\"noopener\">T\u00e1j\u00e9koztat\u00f3 a betegek szem\u00e9lyes adatainak v\u00e9delm\u00e9r\u0151l<\/a><\/li>\n<li><a href=\"\/wp-content\/uploads\/2021\/04\/kameresmegfigyeles_tajekoztato.pdf\" target=\"_blank\" rel=\"noopener\">T\u00e1j\u00e9koztat\u00f3 videomegfigyel\u0151rendszer alkalmaz\u00e1s\u00e1r\u00f3l<\/a><\/li>\n<li><a href=\"\/wp-content\/uploads\/2021\/04\/tajekoztatoalkalmazottaknak.pdf\" target=\"_blank\" rel=\"noopener\">T\u00e1j\u00e9koztat\u00f3 alkalmazottaknak<\/a><\/li>\n<li><a href=\"https:\/\/spitalmciuc.ro\/wp-content\/uploads\/2022\/03\/Informare-confidentialitate-evenimente_11.06.2021.pdf\" target=\"_blank\" rel=\"noopener\">Adatv\u00e9delmi t\u00e1j\u00e9koztat\u00f3 k\u00f3rh\u00e1zi rendezv\u00e9nyekre<\/a><\/li>\n<li><a href=\"https:\/\/spitalmciuc.ro\/wp-content\/uploads\/2022\/09\/Informare-protectia-datelor-concurs-post-vacant.pdf target=\"_blank\" rel=\"noopener\">T\u00e1j\u00e9koztat\u00f3 a meg\u00fcresedett \u00e1ll\u00e1s bet\u00f6lt\u00e9s\u00e9hez sz\u00fcks\u00e9ges szem\u00e9lyes adatok v\u00e9delm\u00e9r\u0151l<\/a><\/li>\n<\/ul>\n","protected":false},"excerpt":{"rendered":"<p>&nbsp; T\u00e1j\u00e9koztat\u00f3 a betegek szem\u00e9lyes adatainak v\u00e9delm\u00e9r\u0151l T\u00e1j\u00e9koztat\u00f3 videomegfigyel\u0151rendszer alkalmaz\u00e1s\u00e1r\u00f3l T\u00e1j\u00e9koztat\u00f3 alkalmazottaknak Adatv\u00e9delmi t\u00e1j\u00e9koztat\u00f3 k\u00f3rh\u00e1zi rendezv\u00e9nyekre<\/p>\n","protected":false},"author":11,"featured_media":0,"parent":0,"menu_order":0,"comment_status":"closed","ping_status":"closed","template":"","meta":[],"yoast_head":"<!-- This site is optimized with the Yoast SEO plugin v18.3 - https:\/\/yoast.com\/wordpress\/plugins\/seo\/ -->\n<title>GDPR - Cs\u00edkszeredai Megyei S\u00fcrg\u0151ss\u00e9gi K\u00f3rh\u00e1z<\/title>\n<meta name=\"robots\" content=\"index, follow, max-snippet:-1, max-image-preview:large, max-video-preview:-1\" \/>\n<link rel=\"canonical\" href=\"https:\/\/spitalmciuc.ro\/hu\/gdpr\/\" \/>\n<meta property=\"og:locale\" content=\"hu_HU\" \/>\n<meta property=\"og:type\" content=\"article\" \/>\n<meta property=\"og:title\" content=\"GDPR - Cs\u00edkszeredai Megyei S\u00fcrg\u0151ss\u00e9gi K\u00f3rh\u00e1z\" \/>\n<meta property=\"og:description\" content=\"&nbsp; T\u00e1j\u00e9koztat\u00f3 a betegek szem\u00e9lyes adatainak v\u00e9delm\u00e9r\u0151l T\u00e1j\u00e9koztat\u00f3 videomegfigyel\u0151rendszer alkalmaz\u00e1s\u00e1r\u00f3l T\u00e1j\u00e9koztat\u00f3 alkalmazottaknak Adatv\u00e9delmi t\u00e1j\u00e9koztat\u00f3 k\u00f3rh\u00e1zi rendezv\u00e9nyekre\" \/>\n<meta property=\"og:url\" content=\"https:\/\/spitalmciuc.ro\/hu\/gdpr\/\" \/>\n<meta property=\"og:site_name\" content=\"Cs\u00edkszeredai Megyei S\u00fcrg\u0151ss\u00e9gi K\u00f3rh\u00e1z\" \/>\n<meta property=\"article:modified_time\" content=\"2022-09-22T12:40:37+00:00\" \/>\n<meta name=\"twitter:card\" content=\"summary_large_image\" \/>\n<meta name=\"twitter:label1\" content=\"Becs\u00fclt olvas\u00e1si id\u0151\" \/>\n\t<meta name=\"twitter:data1\" content=\"1 perc\" \/>\n<script type=\"application\/ld+json\" class=\"yoast-schema-graph\">{\"@context\":\"https:\/\/schema.org\",\"@graph\":[{\"@type\":\"Organization\",\"@id\":\"https:\/\/spitalmciuc.ro\/#organization\",\"name\":\"Spitalul Jude\u0163ean de Urgen\u0163\u0103 Miercurea Ciuc\",\"url\":\"https:\/\/spitalmciuc.ro\/\",\"sameAs\":[],\"logo\":{\"@type\":\"ImageObject\",\"@id\":\"https:\/\/spitalmciuc.ro\/#logo\",\"inLanguage\":\"hu\",\"url\":\"https:\/\/spitalmciuc.ro\/wp-content\/uploads\/2022\/02\/logo-spital-ro-60.jpg\",\"contentUrl\":\"https:\/\/spitalmciuc.ro\/wp-content\/uploads\/2022\/02\/logo-spital-ro-60.jpg\",\"width\":198,\"height\":60,\"caption\":\"Spitalul Jude\u0163ean de Urgen\u0163\u0103 Miercurea Ciuc\"},\"image\":{\"@id\":\"https:\/\/spitalmciuc.ro\/#logo\"}},{\"@type\":\"WebSite\",\"@id\":\"https:\/\/spitalmciuc.ro\/#website\",\"url\":\"https:\/\/spitalmciuc.ro\/\",\"name\":\"Cs\u00edkszeredai Megyei S\u00fcrg\u0151ss\u00e9gi K\u00f3rh\u00e1z\",\"description\":\"\",\"publisher\":{\"@id\":\"https:\/\/spitalmciuc.ro\/#organization\"},\"potentialAction\":[{\"@type\":\"SearchAction\",\"target\":{\"@type\":\"EntryPoint\",\"urlTemplate\":\"https:\/\/spitalmciuc.ro\/?s={search_term_string}\"},\"query-input\":\"required name=search_term_string\"}],\"inLanguage\":\"hu\"},{\"@type\":\"WebPage\",\"@id\":\"https:\/\/spitalmciuc.ro\/hu\/gdpr\/#webpage\",\"url\":\"https:\/\/spitalmciuc.ro\/hu\/gdpr\/\",\"name\":\"GDPR - Cs\u00edkszeredai Megyei S\u00fcrg\u0151ss\u00e9gi K\u00f3rh\u00e1z\",\"isPartOf\":{\"@id\":\"https:\/\/spitalmciuc.ro\/#website\"},\"datePublished\":\"2021-04-22T12:16:39+00:00\",\"dateModified\":\"2022-09-22T12:40:37+00:00\",\"breadcrumb\":{\"@id\":\"https:\/\/spitalmciuc.ro\/hu\/gdpr\/#breadcrumb\"},\"inLanguage\":\"hu\",\"potentialAction\":[{\"@type\":\"ReadAction\",\"target\":[\"https:\/\/spitalmciuc.ro\/hu\/gdpr\/\"]}]},{\"@type\":\"BreadcrumbList\",\"@id\":\"https:\/\/spitalmciuc.ro\/hu\/gdpr\/#breadcrumb\",\"itemListElement\":[{\"@type\":\"ListItem\",\"position\":1,\"name\":\"Kezd\u0151lap\",\"item\":\"https:\/\/spitalmciuc.ro\/hu\/\"},{\"@type\":\"ListItem\",\"position\":2,\"name\":\"GDPR\"}]}]}<\/script>\n<!-- \/ Yoast SEO plugin. -->","yoast_head_json":{"title":"GDPR - Cs\u00edkszeredai Megyei S\u00fcrg\u0151ss\u00e9gi K\u00f3rh\u00e1z","robots":{"index":"index","follow":"follow","max-snippet":"max-snippet:-1","max-image-preview":"max-image-preview:large","max-video-preview":"max-video-preview:-1"},"canonical":"https:\/\/spitalmciuc.ro\/hu\/gdpr\/","og_locale":"hu_HU","og_type":"article","og_title":"GDPR - Cs\u00edkszeredai Megyei S\u00fcrg\u0151ss\u00e9gi K\u00f3rh\u00e1z","og_description":"&nbsp; T\u00e1j\u00e9koztat\u00f3 a betegek szem\u00e9lyes adatainak v\u00e9delm\u00e9r\u0151l T\u00e1j\u00e9koztat\u00f3 videomegfigyel\u0151rendszer alkalmaz\u00e1s\u00e1r\u00f3l T\u00e1j\u00e9koztat\u00f3 alkalmazottaknak Adatv\u00e9delmi t\u00e1j\u00e9koztat\u00f3 k\u00f3rh\u00e1zi rendezv\u00e9nyekre","og_url":"https:\/\/spitalmciuc.ro\/hu\/gdpr\/","og_site_name":"Cs\u00edkszeredai Megyei S\u00fcrg\u0151ss\u00e9gi K\u00f3rh\u00e1z","article_modified_time":"2022-09-22T12:40:37+00:00","twitter_card":"summary_large_image","twitter_misc":{"Becs\u00fclt olvas\u00e1si id\u0151":"1 perc"},"schema":{"@context":"https:\/\/schema.org","@graph":[{"@type":"Organization","@id":"https:\/\/spitalmciuc.ro\/#organization","name":"Spitalul Jude\u0163ean de Urgen\u0163\u0103 Miercurea Ciuc","url":"https:\/\/spitalmciuc.ro\/","sameAs":[],"logo":{"@type":"ImageObject","@id":"https:\/\/spitalmciuc.ro\/#logo","inLanguage":"hu","url":"https:\/\/spitalmciuc.ro\/wp-content\/uploads\/2022\/02\/logo-spital-ro-60.jpg","contentUrl":"https:\/\/spitalmciuc.ro\/wp-content\/uploads\/2022\/02\/logo-spital-ro-60.jpg","width":198,"height":60,"caption":"Spitalul Jude\u0163ean de Urgen\u0163\u0103 Miercurea Ciuc"},"image":{"@id":"https:\/\/spitalmciuc.ro\/#logo"}},{"@type":"WebSite","@id":"https:\/\/spitalmciuc.ro\/#website","url":"https:\/\/spitalmciuc.ro\/","name":"Cs\u00edkszeredai Megyei S\u00fcrg\u0151ss\u00e9gi K\u00f3rh\u00e1z","description":"","publisher":{"@id":"https:\/\/spitalmciuc.ro\/#organization"},"potentialAction":[{"@type":"SearchAction","target":{"@type":"EntryPoint","urlTemplate":"https:\/\/spitalmciuc.ro\/?s={search_term_string}"},"query-input":"required name=search_term_string"}],"inLanguage":"hu"},{"@type":"WebPage","@id":"https:\/\/spitalmciuc.ro\/hu\/gdpr\/#webpage","url":"https:\/\/spitalmciuc.ro\/hu\/gdpr\/","name":"GDPR - Cs\u00edkszeredai Megyei S\u00fcrg\u0151ss\u00e9gi K\u00f3rh\u00e1z","isPartOf":{"@id":"https:\/\/spitalmciuc.ro\/#website"},"datePublished":"2021-04-22T12:16:39+00:00","dateModified":"2022-09-22T12:40:37+00:00","breadcrumb":{"@id":"https:\/\/spitalmciuc.ro\/hu\/gdpr\/#breadcrumb"},"inLanguage":"hu","potentialAction":[{"@type":"ReadAction","target":["https:\/\/spitalmciuc.ro\/hu\/gdpr\/"]}]},{"@type":"BreadcrumbList","@id":"https:\/\/spitalmciuc.ro\/hu\/gdpr\/#breadcrumb","itemListElement":[{"@type":"ListItem","position":1,"name":"Kezd\u0151lap","item":"https:\/\/spitalmciuc.ro\/hu\/"},{"@type":"ListItem","position":2,"name":"GDPR"}]}]}},"_links":{"self":[{"href":"https:\/\/spitalmciuc.ro\/hu\/wp-json\/wp\/v2\/pages\/5917"}],"collection":[{"href":"https:\/\/spitalmciuc.ro\/hu\/wp-json\/wp\/v2\/pages"}],"about":[{"href":"https:\/\/spitalmciuc.ro\/hu\/wp-json\/wp\/v2\/types\/page"}],"author":[{"embeddable":true,"href":"https:\/\/spitalmciuc.ro\/hu\/wp-json\/wp\/v2\/users\/11"}],"replies":[{"embeddable":true,"href":"https:\/\/spitalmciuc.ro\/hu\/wp-json\/wp\/v2\/comments?post=5917"}],"version-history":[{"count":6,"href":"https:\/\/spitalmciuc.ro\/hu\/wp-json\/wp\/v2\/pages\/5917\/revisions"}],"predecessor-version":[{"id":9739,"href":"https:\/\/spitalmciuc.ro\/hu\/wp-json\/wp\/v2\/pages\/5917\/revisions\/9739"}],"wp:attachment":[{"href":"https:\/\/spitalmciuc.ro\/hu\/wp-json\/wp\/v2\/media?parent=5917"}],"curies":[{"name":"wp","href":"https:\/\/api.w.org\/{rel}","templated":true}]}}