{"id":5455,"date":"2020-01-15T13:01:38","date_gmt":"2020-01-15T13:01:38","guid":{"rendered":"https:\/\/spital.creative-solutions.ro\/index.php\/korhazi-csomag-szueleshez-szueleteshez\/"},"modified":"2025-07-31T14:16:20","modified_gmt":"2025-07-31T11:16:20","slug":"korhazi-csomag-szueleshez-szueleteshez","status":"publish","type":"page","link":"https:\/\/spitalmciuc.ro\/hu\/korhazi-csomag-szueleshez-szueleteshez\/","title":{"rendered":"\u00datmutat\u00f3 v\u00e1rand\u00f3soknak"},"content":{"rendered":"<p>[vc_row][vc_column][vc_tta_tabs][vc_tta_section title=&#8221;\u00dat a sikeres szoptat\u00e1shoz&#8221; tab_id=&#8221;1753960527421-5e39289b-7f92&#8243;][vc_single_image image=&#8221;17406&#8243; img_size=&#8221;full&#8221;][\/vc_tta_section][vc_tta_section title=&#8221;Inform\u00e1ci\u00f3k az ap\u00e1s sz\u00fcl\u00e9sr\u0151l&#8221; tab_id=&#8221;1666957691972-aeca2210-1e2e&#8221;][vc_single_image image=&#8221;7892&#8243; img_size=&#8221;full&#8221;][\/vc_tta_section][vc_tta_section title=&#8221;K\u00f3rh\u00e1zi csomag sz\u00fcl\u00e9shez, sz\u00fclet\u00e9shez&#8221; tab_id=&#8221;1666957691982-98632d26-e042&#8243;][vc_single_image image=&#8221;15080&#8243; img_size=&#8221;full&#8221;][\/vc_tta_section][\/vc_tta_tabs][\/vc_column][\/vc_row]<\/p>\n","protected":false},"excerpt":{"rendered":"<p>[vc_row][vc_column][vc_tta_tabs][vc_tta_section title=&#8221;\u00dat a sikeres szoptat\u00e1shoz&#8221; tab_id=&#8221;1753960527421-5e39289b-7f92&#8243;][vc_single_image image=&#8221;17406&#8243; img_size=&#8221;full&#8221;][\/vc_tta_section][vc_tta_section title=&#8221;Inform\u00e1ci\u00f3k az ap\u00e1s sz\u00fcl\u00e9sr\u0151l&#8221; tab_id=&#8221;1666957691972-aeca2210-1e2e&#8221;][vc_single_image image=&#8221;7892&#8243; img_size=&#8221;full&#8221;][\/vc_tta_section][vc_tta_section title=&#8221;K\u00f3rh\u00e1zi csomag sz\u00fcl\u00e9shez, sz\u00fclet\u00e9shez&#8221; tab_id=&#8221;1666957691982-98632d26-e042&#8243;][vc_single_image image=&#8221;15080&#8243; img_size=&#8221;full&#8221;][\/vc_tta_section][\/vc_tta_tabs][\/vc_column][\/vc_row]<\/p>\n","protected":false},"author":11,"featured_media":7913,"parent":0,"menu_order":70,"comment_status":"closed","ping_status":"closed","template":"","meta":[],"yoast_head":"<!-- This site is optimized with the Yoast SEO plugin v18.3 - https:\/\/yoast.com\/wordpress\/plugins\/seo\/ -->\n<title>\u00datmutat\u00f3 v\u00e1rand\u00f3soknak - Cs\u00edkszeredai Megyei S\u00fcrg\u0151ss\u00e9gi K\u00f3rh\u00e1z<\/title>\n<meta name=\"robots\" content=\"index, follow, max-snippet:-1, max-image-preview:large, max-video-preview:-1\" \/>\n<link rel=\"canonical\" href=\"https:\/\/spitalmciuc.ro\/hu\/korhazi-csomag-szueleshez-szueleteshez\/\" \/>\n<meta property=\"og:locale\" content=\"hu_HU\" \/>\n<meta property=\"og:type\" content=\"article\" \/>\n<meta property=\"og:title\" content=\"\u00datmutat\u00f3 v\u00e1rand\u00f3soknak - Cs\u00edkszeredai Megyei S\u00fcrg\u0151ss\u00e9gi K\u00f3rh\u00e1z\" \/>\n<meta property=\"og:description\" content=\"[vc_row][vc_column][vc_tta_tabs][vc_tta_section title=&#8221;\u00dat a sikeres szoptat\u00e1shoz&#8221; tab_id=&#8221;1753960527421-5e39289b-7f92&#8243;][vc_single_image image=&#8221;17406&#8243; img_size=&#8221;full&#8221;][\/vc_tta_section][vc_tta_section title=&#8221;Inform\u00e1ci\u00f3k az ap\u00e1s sz\u00fcl\u00e9sr\u0151l&#8221; tab_id=&#8221;1666957691972-aeca2210-1e2e&#8221;][vc_single_image image=&#8221;7892&#8243; img_size=&#8221;full&#8221;][\/vc_tta_section][vc_tta_section title=&#8221;K\u00f3rh\u00e1zi csomag sz\u00fcl\u00e9shez, sz\u00fclet\u00e9shez&#8221; tab_id=&#8221;1666957691982-98632d26-e042&#8243;][vc_single_image image=&#8221;15080&#8243; img_size=&#8221;full&#8221;][\/vc_tta_section][\/vc_tta_tabs][\/vc_column][\/vc_row]\" \/>\n<meta property=\"og:url\" content=\"https:\/\/spitalmciuc.ro\/hu\/korhazi-csomag-szueleshez-szueleteshez\/\" \/>\n<meta property=\"og:site_name\" content=\"Cs\u00edkszeredai Megyei S\u00fcrg\u0151ss\u00e9gi K\u00f3rh\u00e1z\" \/>\n<meta property=\"article:modified_time\" content=\"2025-07-31T11:16:20+00:00\" \/>\n<meta property=\"og:image\" content=\"https:\/\/spitalmciuc.ro\/wp-content\/uploads\/2022\/03\/ezgif.com-gif-maker.png\" \/>\n\t<meta property=\"og:image:width\" content=\"835\" \/>\n\t<meta property=\"og:image:height\" content=\"592\" \/>\n\t<meta property=\"og:image:type\" content=\"image\/png\" \/>\n<meta name=\"twitter:card\" content=\"summary_large_image\" \/>\n<meta name=\"twitter:label1\" content=\"Becs\u00fclt olvas\u00e1si id\u0151\" \/>\n\t<meta name=\"twitter:data1\" content=\"1 perc\" \/>\n<script type=\"application\/ld+json\" class=\"yoast-schema-graph\">{\"@context\":\"https:\/\/schema.org\",\"@graph\":[{\"@type\":\"Organization\",\"@id\":\"https:\/\/spitalmciuc.ro\/#organization\",\"name\":\"Spitalul Jude\u0163ean de Urgen\u0163\u0103 Miercurea Ciuc\",\"url\":\"https:\/\/spitalmciuc.ro\/\",\"sameAs\":[],\"logo\":{\"@type\":\"ImageObject\",\"@id\":\"https:\/\/spitalmciuc.ro\/#logo\",\"inLanguage\":\"hu\",\"url\":\"https:\/\/spitalmciuc.ro\/wp-content\/uploads\/2022\/02\/logo-spital-ro-60.jpg\",\"contentUrl\":\"https:\/\/spitalmciuc.ro\/wp-content\/uploads\/2022\/02\/logo-spital-ro-60.jpg\",\"width\":198,\"height\":60,\"caption\":\"Spitalul Jude\u0163ean de Urgen\u0163\u0103 Miercurea Ciuc\"},\"image\":{\"@id\":\"https:\/\/spitalmciuc.ro\/#logo\"}},{\"@type\":\"WebSite\",\"@id\":\"https:\/\/spitalmciuc.ro\/#website\",\"url\":\"https:\/\/spitalmciuc.ro\/\",\"name\":\"Cs\u00edkszeredai Megyei S\u00fcrg\u0151ss\u00e9gi K\u00f3rh\u00e1z\",\"description\":\"\",\"publisher\":{\"@id\":\"https:\/\/spitalmciuc.ro\/#organization\"},\"potentialAction\":[{\"@type\":\"SearchAction\",\"target\":{\"@type\":\"EntryPoint\",\"urlTemplate\":\"https:\/\/spitalmciuc.ro\/?s={search_term_string}\"},\"query-input\":\"required name=search_term_string\"}],\"inLanguage\":\"hu\"},{\"@type\":\"ImageObject\",\"@id\":\"https:\/\/spitalmciuc.ro\/hu\/korhazi-csomag-szueleshez-szueleteshez\/#primaryimage\",\"inLanguage\":\"hu\",\"url\":\"https:\/\/spitalmciuc.ro\/wp-content\/uploads\/2022\/03\/ezgif.com-gif-maker.png\",\"contentUrl\":\"https:\/\/spitalmciuc.ro\/wp-content\/uploads\/2022\/03\/ezgif.com-gif-maker.png\",\"width\":835,\"height\":592},{\"@type\":\"WebPage\",\"@id\":\"https:\/\/spitalmciuc.ro\/hu\/korhazi-csomag-szueleshez-szueleteshez\/#webpage\",\"url\":\"https:\/\/spitalmciuc.ro\/hu\/korhazi-csomag-szueleshez-szueleteshez\/\",\"name\":\"\u00datmutat\u00f3 v\u00e1rand\u00f3soknak - Cs\u00edkszeredai Megyei S\u00fcrg\u0151ss\u00e9gi K\u00f3rh\u00e1z\",\"isPartOf\":{\"@id\":\"https:\/\/spitalmciuc.ro\/#website\"},\"primaryImageOfPage\":{\"@id\":\"https:\/\/spitalmciuc.ro\/hu\/korhazi-csomag-szueleshez-szueleteshez\/#primaryimage\"},\"datePublished\":\"2020-01-15T13:01:38+00:00\",\"dateModified\":\"2025-07-31T11:16:20+00:00\",\"breadcrumb\":{\"@id\":\"https:\/\/spitalmciuc.ro\/hu\/korhazi-csomag-szueleshez-szueleteshez\/#breadcrumb\"},\"inLanguage\":\"hu\",\"potentialAction\":[{\"@type\":\"ReadAction\",\"target\":[\"https:\/\/spitalmciuc.ro\/hu\/korhazi-csomag-szueleshez-szueleteshez\/\"]}]},{\"@type\":\"BreadcrumbList\",\"@id\":\"https:\/\/spitalmciuc.ro\/hu\/korhazi-csomag-szueleshez-szueleteshez\/#breadcrumb\",\"itemListElement\":[{\"@type\":\"ListItem\",\"position\":1,\"name\":\"Kezd\u0151lap\",\"item\":\"https:\/\/spitalmciuc.ro\/hu\/\"},{\"@type\":\"ListItem\",\"position\":2,\"name\":\"\u00datmutat\u00f3 v\u00e1rand\u00f3soknak\"}]}]}<\/script>\n<!-- \/ Yoast SEO plugin. -->","yoast_head_json":{"title":"\u00datmutat\u00f3 v\u00e1rand\u00f3soknak - Cs\u00edkszeredai Megyei S\u00fcrg\u0151ss\u00e9gi K\u00f3rh\u00e1z","robots":{"index":"index","follow":"follow","max-snippet":"max-snippet:-1","max-image-preview":"max-image-preview:large","max-video-preview":"max-video-preview:-1"},"canonical":"https:\/\/spitalmciuc.ro\/hu\/korhazi-csomag-szueleshez-szueleteshez\/","og_locale":"hu_HU","og_type":"article","og_title":"\u00datmutat\u00f3 v\u00e1rand\u00f3soknak - Cs\u00edkszeredai Megyei S\u00fcrg\u0151ss\u00e9gi K\u00f3rh\u00e1z","og_description":"[vc_row][vc_column][vc_tta_tabs][vc_tta_section title=&#8221;\u00dat a sikeres szoptat\u00e1shoz&#8221; tab_id=&#8221;1753960527421-5e39289b-7f92&#8243;][vc_single_image image=&#8221;17406&#8243; img_size=&#8221;full&#8221;][\/vc_tta_section][vc_tta_section title=&#8221;Inform\u00e1ci\u00f3k az ap\u00e1s sz\u00fcl\u00e9sr\u0151l&#8221; tab_id=&#8221;1666957691972-aeca2210-1e2e&#8221;][vc_single_image image=&#8221;7892&#8243; img_size=&#8221;full&#8221;][\/vc_tta_section][vc_tta_section title=&#8221;K\u00f3rh\u00e1zi csomag sz\u00fcl\u00e9shez, sz\u00fclet\u00e9shez&#8221; tab_id=&#8221;1666957691982-98632d26-e042&#8243;][vc_single_image image=&#8221;15080&#8243; img_size=&#8221;full&#8221;][\/vc_tta_section][\/vc_tta_tabs][\/vc_column][\/vc_row]","og_url":"https:\/\/spitalmciuc.ro\/hu\/korhazi-csomag-szueleshez-szueleteshez\/","og_site_name":"Cs\u00edkszeredai Megyei S\u00fcrg\u0151ss\u00e9gi K\u00f3rh\u00e1z","article_modified_time":"2025-07-31T11:16:20+00:00","og_image":[{"width":835,"height":592,"url":"https:\/\/spitalmciuc.ro\/wp-content\/uploads\/2022\/03\/ezgif.com-gif-maker.png","type":"image\/png"}],"twitter_card":"summary_large_image","twitter_misc":{"Becs\u00fclt olvas\u00e1si id\u0151":"1 perc"},"schema":{"@context":"https:\/\/schema.org","@graph":[{"@type":"Organization","@id":"https:\/\/spitalmciuc.ro\/#organization","name":"Spitalul Jude\u0163ean de Urgen\u0163\u0103 Miercurea Ciuc","url":"https:\/\/spitalmciuc.ro\/","sameAs":[],"logo":{"@type":"ImageObject","@id":"https:\/\/spitalmciuc.ro\/#logo","inLanguage":"hu","url":"https:\/\/spitalmciuc.ro\/wp-content\/uploads\/2022\/02\/logo-spital-ro-60.jpg","contentUrl":"https:\/\/spitalmciuc.ro\/wp-content\/uploads\/2022\/02\/logo-spital-ro-60.jpg","width":198,"height":60,"caption":"Spitalul Jude\u0163ean de Urgen\u0163\u0103 Miercurea Ciuc"},"image":{"@id":"https:\/\/spitalmciuc.ro\/#logo"}},{"@type":"WebSite","@id":"https:\/\/spitalmciuc.ro\/#website","url":"https:\/\/spitalmciuc.ro\/","name":"Cs\u00edkszeredai Megyei S\u00fcrg\u0151ss\u00e9gi K\u00f3rh\u00e1z","description":"","publisher":{"@id":"https:\/\/spitalmciuc.ro\/#organization"},"potentialAction":[{"@type":"SearchAction","target":{"@type":"EntryPoint","urlTemplate":"https:\/\/spitalmciuc.ro\/?s={search_term_string}"},"query-input":"required name=search_term_string"}],"inLanguage":"hu"},{"@type":"ImageObject","@id":"https:\/\/spitalmciuc.ro\/hu\/korhazi-csomag-szueleshez-szueleteshez\/#primaryimage","inLanguage":"hu","url":"https:\/\/spitalmciuc.ro\/wp-content\/uploads\/2022\/03\/ezgif.com-gif-maker.png","contentUrl":"https:\/\/spitalmciuc.ro\/wp-content\/uploads\/2022\/03\/ezgif.com-gif-maker.png","width":835,"height":592},{"@type":"WebPage","@id":"https:\/\/spitalmciuc.ro\/hu\/korhazi-csomag-szueleshez-szueleteshez\/#webpage","url":"https:\/\/spitalmciuc.ro\/hu\/korhazi-csomag-szueleshez-szueleteshez\/","name":"\u00datmutat\u00f3 v\u00e1rand\u00f3soknak - Cs\u00edkszeredai Megyei S\u00fcrg\u0151ss\u00e9gi K\u00f3rh\u00e1z","isPartOf":{"@id":"https:\/\/spitalmciuc.ro\/#website"},"primaryImageOfPage":{"@id":"https:\/\/spitalmciuc.ro\/hu\/korhazi-csomag-szueleshez-szueleteshez\/#primaryimage"},"datePublished":"2020-01-15T13:01:38+00:00","dateModified":"2025-07-31T11:16:20+00:00","breadcrumb":{"@id":"https:\/\/spitalmciuc.ro\/hu\/korhazi-csomag-szueleshez-szueleteshez\/#breadcrumb"},"inLanguage":"hu","potentialAction":[{"@type":"ReadAction","target":["https:\/\/spitalmciuc.ro\/hu\/korhazi-csomag-szueleshez-szueleteshez\/"]}]},{"@type":"BreadcrumbList","@id":"https:\/\/spitalmciuc.ro\/hu\/korhazi-csomag-szueleshez-szueleteshez\/#breadcrumb","itemListElement":[{"@type":"ListItem","position":1,"name":"Kezd\u0151lap","item":"https:\/\/spitalmciuc.ro\/hu\/"},{"@type":"ListItem","position":2,"name":"\u00datmutat\u00f3 v\u00e1rand\u00f3soknak"}]}]}},"_links":{"self":[{"href":"https:\/\/spitalmciuc.ro\/hu\/wp-json\/wp\/v2\/pages\/5455"}],"collection":[{"href":"https:\/\/spitalmciuc.ro\/hu\/wp-json\/wp\/v2\/pages"}],"about":[{"href":"https:\/\/spitalmciuc.ro\/hu\/wp-json\/wp\/v2\/types\/page"}],"author":[{"embeddable":true,"href":"https:\/\/spitalmciuc.ro\/hu\/wp-json\/wp\/v2\/users\/11"}],"replies":[{"embeddable":true,"href":"https:\/\/spitalmciuc.ro\/hu\/wp-json\/wp\/v2\/comments?post=5455"}],"version-history":[{"count":14,"href":"https:\/\/spitalmciuc.ro\/hu\/wp-json\/wp\/v2\/pages\/5455\/revisions"}],"predecessor-version":[{"id":17410,"href":"https:\/\/spitalmciuc.ro\/hu\/wp-json\/wp\/v2\/pages\/5455\/revisions\/17410"}],"wp:featuredmedia":[{"embeddable":true,"href":"https:\/\/spitalmciuc.ro\/hu\/wp-json\/wp\/v2\/media\/7913"}],"wp:attachment":[{"href":"https:\/\/spitalmciuc.ro\/hu\/wp-json\/wp\/v2\/media?parent=5455"}],"curies":[{"name":"wp","href":"https:\/\/api.w.org\/{rel}","templated":true}]}}