{"id":4350,"date":"2019-04-04T08:42:20","date_gmt":"2019-04-04T08:42:20","guid":{"rendered":"https:\/\/spital.creative-solutions.ro\/index.php\/betegek-jogai-es-koetelessegei\/"},"modified":"2022-10-07T07:44:18","modified_gmt":"2022-10-07T07:44:18","slug":"betegek-jogai-es-koetelessegei","status":"publish","type":"page","link":"https:\/\/spitalmciuc.ro\/hu\/betegek-jogai-es-koetelessegei\/","title":{"rendered":"Betegek jogai \u00e9s k\u00f6telezetts\u00e9gei"},"content":{"rendered":"<p>&nbsp;<\/p>\n<p style=\"text-align: justify;\"><strong>A Cs\u00edkszeredai Megyei S\u00fcrg\u0151ss\u00e9gi K\u00f3rh\u00e1zba beutalt beteg jogai:<\/strong><\/p>\n<p style=\"text-align: justify;\">1. A p\u00e1cienseknek joga van a legmagasabb szint\u0171 eg\u00e9szs\u00e9g\u00fcgyi ell\u00e1t\u00e1shoz, amivel a t\u00e1rsadalom rendelkezik, az emberi, anyagi \u00e9s p\u00e9nz\u00fcgyi er\u0151forr\u00e1sokkal \u00f6sszhangban.<\/p>\n<p style=\"text-align: justify;\">2. A p\u00e1ciensnek joga van a szem\u00e9ly\u00e9t megillet\u0151 tisztelethez, b\u00e1rmilyen megk\u00fcl\u00f6nb\u00f6ztet\u00e9s n\u00e9lk\u00fcl.<\/p>\n<p style=\"text-align: justify;\">3. A p\u00e1ciensnek joga van megkapni a felvil\u00e1gos\u00edt\u00e1st az el\u00e9rhet\u0151 eg\u00e9szs\u00e9g\u00fcgyi szolg\u00e1ltat\u00e1sokr\u00f3l, valamint arr\u00f3l, hogyan veheti ig\u00e9nybe ezeket.<\/p>\n<p style=\"text-align: justify;\">4. A p\u00e1ciensnek joga van ismerni az ell\u00e1t\u00e1s\u00e1t biztos\u00edt\u00f3 eg\u00e9szs\u00e9g\u00fcgyi szem\u00e9lyzet szem\u00e9lyazonoss\u00e1g\u00e1t \u00e9s szakmai st\u00e1tusz\u00e1t.<\/p>\n<p style=\"text-align: justify;\">5. A beutalt p\u00e1cienseknek joga van t\u00e1j\u00e9kozottnak lenni azokr\u00f3l a szab\u00e1lyokr\u00f3l \u00e9s szok\u00e1sokr\u00f3l, amiket a bennfekv\u00e9se alatt be kell tartania.<\/p>\n<p style=\"text-align: justify;\">6. A p\u00e1cienseknek joga van t\u00e1j\u00e9kozottnak lenni az eg\u00e9szs\u00e9gi \u00e1llapot\u00e1t, a javasolt orvosi beavatkoz\u00e1st, minden beavatkoz\u00e1s lehets\u00e9ges kock\u00e1zat\u00e1t illet\u0151en, m\u00e1s alternat\u00edv\u00e1k l\u00e9tez\u00e9s\u00e9t a javasolt elj\u00e1r\u00e1sokkal szemben, bele\u00e9rtve az el nem v\u00e9gzett kezel\u00e9s \u00e9s a javaslatok be nem tart\u00e1s\u00e1t, valamint a diagn\u00f3zis\u00e1t \u00e9s progn\u00f3zis\u00e1t \u00e9rint\u0151 adatokat illet\u0151en.<\/p>\n<p style=\"text-align: justify;\">7. A p\u00e1ciensnek joga van eld\u00f6nteni, hogy akar-e tov\u00e1bbi t\u00e1j\u00e9koztat\u00e1st abban az esetben, ha az orvos \u00e1ltal ny\u00fajtott inform\u00e1ci\u00f3k szenved\u00e9st okoznak neki.<\/p>\n<p style=\"text-align: justify;\">8. A p\u00e1ciens felvil\u00e1gos\u00edt\u00e1sa sor\u00e1n tiszteletteljes, vil\u00e1gos nyelvezetet kell haszn\u00e1lni, a lehet\u0151 legkevesebb szakkifejez\u00e9st haszn\u00e1lva. Abban az esetben, ha a p\u00e1ciens nem ismeri a rom\u00e1n nyelvet, a t\u00e1j\u00e9koztat\u00e1s az anyanyelv\u00e9n t\u00f6rt\u00e9nik, vagy egy m\u00e1sik nyelven, amit ismer, esetleg egy m\u00e1sik kommunik\u00e1ci\u00f3s form\u00e1t haszn\u00e1lva.<\/p>\n<p style=\"text-align: justify;\">9. A p\u00e1ciensnek kifejezett k\u00e9r\u00e9s\u00e9re joga van ahhoz, hogy ne t\u00e1j\u00e9koztass\u00e1k, \u00e9s maga helyett egy m\u00e1sik szem\u00e9lyt nevezzen meg, aki helyette felvil\u00e1gos\u00edt\u00e1st kapjon.<\/p>\n<p style=\"text-align: justify;\">10. A p\u00e1ciensnek joga van m\u00e1sodik orvosi v\u00e9lem\u00e9nyt k\u00e9rni \u00e9s kapni.<\/p>\n<p style=\"text-align: justify;\">11. A p\u00e1ciens joga van kibocs\u00e1t\u00e1skor k\u00e9rni \u00e9s megkapni egy \u00edrott \u00f6sszefoglal\u00f3t, ami a vizsg\u00e1latokat, diagn\u00f3zist, a bennfekv\u00e9s ideje alatt kapott kezel\u00e9s \u00e9s \u00e1pol\u00e1s el\u0151\u00edr\u00e1s\u00e1t tartalmazza.<\/p>\n<p style=\"text-align: justify;\">12. A p\u00e1ciens joga van visszautas\u00edtani vagy megszak\u00edtani az orvosi beavatkoz\u00e1st, \u00edr\u00e1sban v\u00e1llalva ezen d\u00f6nt\u00e9s\u00e9\u00e9rt a felel\u0151ss\u00e9get. Az orvosi beavatkoz\u00e1s visszautas\u00edt\u00e1s\u00e1nak vagy megszak\u00edt\u00e1s\u00e1nak k\u00f6vetkezm\u00e9nyeit a betegnek el kell magyar\u00e1zni.<\/p>\n<p style=\"text-align: justify;\">13. A p\u00e1ciensnek joga van a titoktart\u00e1shoz \u00e9s a mag\u00e1n\u00e9lethez.<\/p>\n<p style=\"text-align: justify;\">14. A p\u00e1ciensnek joga van hozz\u00e1f\u00e9rni a saj\u00e1t orvosi adataihoz.<\/p>\n<p style=\"text-align: justify;\">15. A p\u00e1ciensnek joga van az eg\u00e9szs\u00e9ges szexu\u00e1lis \u00e9letet \u00e9s szaporod\u00e1st fejleszt\u0151 inform\u00e1ci\u00f3khoz, oktat\u00e1shoz \u00e9s szolg\u00e1ltat\u00e1sokhoz, b\u00e1rmif\u00e9le megk\u00fcl\u00f6nb\u00f6ztet\u00e9s n\u00e9lk\u00fcl.<\/p>\n<p style=\"text-align: justify;\">16. A p\u00e1ciensnek joga van a termin\u00e1lis (v\u00e9gs\u0151) \u00e1pol\u00e1shoz, \u00e9s ahhoz, hogy m\u00e9lt\u00f3s\u00e1ggal halhasson meg.<\/p>\n<p style=\"text-align: justify;\">17. A p\u00e1ciensnek joga van a csal\u00e1d \u00e9s bar\u00e1tok seg\u00edts\u00e9g\u00e9ben, lelki \u00e9s anyagi t\u00e1mogat\u00e1s\u00e1ban r\u00e9szes\u00fclni, tan\u00e1csokat kapni t\u0151l\u00fck a bennfekv\u00e9s eg\u00e9sz ideje alatt. A p\u00e1ciens k\u00e9r\u00e9s\u00e9re, a lehet\u0151s\u00e9gekhez m\u00e9rten, az \u00e1pol\u00e1s \u00e9s kezel\u00e9s sor\u00e1n t\u00f6rekedni kell a min\u00e9l otthonosabb k\u00f6zeg megteremt\u00e9s\u00e9re.<\/p>\n<p style=\"text-align: justify;\">18. A bennfekv\u0151 p\u00e1ciensnek joga van a k\u00f3rh\u00e1zon k\u00edv\u00fcl tev\u00e9kenyked\u0151, akkredit\u00e1lt orvos \u00e1ltal ny\u00fajtott orvosi szolg\u00e1ltat\u00e1sok ig\u00e9nybe v\u00e9tel\u00e9re is.<\/p>\n<p style=\"text-align: justify;\">A 46\/2003. sz\u00e1m\u00fa t\u00f6rv\u00e9ny:\u00a0 A p\u00e1ciensek jogai<\/p>\n<p style=\"text-align: justify;\"><strong>A Cs\u00edkszeredai Megyei S\u00fcrg\u0151ss\u00e9gi K\u00f3rh\u00e1zba beutalt beteg k\u00f6teless\u00e9gei:<\/strong><\/p>\n<p style=\"text-align: justify;\">1. A bennfekv\u0151 betegek a beutal\u00e1s eg\u00e9sz ideje alatt k\u00f6telesek szab\u00e1lyos k\u00f3rh\u00e1zi felszerel\u00e9st (\u00f6lt\u00f6z\u00e9ket) viselni.<\/p>\n<p style=\"text-align: justify;\">2. Tilos a p\u00e1ciensek egyik oszt\u00e1lyr\u00f3l a m\u00e1sikra t\u00f6rt\u00e9n\u0151 \u00e1tj\u00e1r\u00e1sa, kiv\u00e9ve, ha ez vizsg\u00e1lat miatt sz\u00fcks\u00e9ges.<\/p>\n<p style=\"text-align: justify;\">3. A beutalt p\u00e1ciens nem hagyhatja el az eg\u00e9szs\u00e9g\u00fcgyi egys\u00e9get k\u00f3rh\u00e1zi \u00f6lt\u00f6z\u00e9kben, az utc\u00e1kon, parkokban ugyanis tilos az ilyen \u00f6lt\u00f6z\u00e9kben val\u00f3 k\u00f6zleked\u00e9s.<\/p>\n<p style=\"text-align: justify;\">4. Alkoholos italok fogyaszt\u00e1sa \u00e9s a doh\u00e1nyz\u00e1s tilos a k\u00f3rh\u00e1z ter\u00fclet\u00e9n.<\/p>\n<p style=\"text-align: justify;\">5. A p\u00e1ciensek k\u00f6telesek betartani a k\u00f3rh\u00e1z \u00e9s az oszt\u00e1ly bels\u0151 rendszab\u00e1lyzat\u00e1t.<\/p>\n<p style=\"text-align: justify;\">6. A p\u00e1ciensek k\u00f6telesek tiszteletben tartani az eg\u00e9szs\u00e9g\u00fcgyi int\u00e9zm\u00e9nyt, az orvosi \u00e9s \u00e1pol\u00f3 szem\u00e9lyzet tagjait, valamint a t\u00f6bbi beteget.<\/p>\n<p style=\"text-align: justify;\">7. A p\u00e1ciensek k\u00f6telesek tiszteletben tartani a rendet, a csendet, vigy\u00e1zni a tisztas\u00e1gra a k\u00f3rtermekben, eb\u00e9dl\u0151kben, folyos\u00f3kon.<\/p>\n<p style=\"text-align: justify;\">8. Tilos a csendzavar\u00e1s, a b\u00fatorzat \u00e9s az oszt\u00e1ly vagy a k\u00f3rh\u00e1z javainak rong\u00e1l\u00e1sa.<\/p>\n<p style=\"text-align: justify;\">9. Audiovizu\u00e1lis eszk\u00f6z\u00f6knek az egys\u00e9gbe val\u00f3 behozatala csak az oszt\u00e1lyvezet\u0151 f\u0151orvos enged\u00e9ly\u00e9vel lehets\u00e9ges.<\/p>\n<p style=\"text-align: justify;\">\n","protected":false},"excerpt":{"rendered":"<p>&nbsp; A Cs\u00edkszeredai Megyei S\u00fcrg\u0151ss\u00e9gi K\u00f3rh\u00e1zba beutalt beteg jogai: 1. A p\u00e1cienseknek joga van a legmagasabb szint\u0171 eg\u00e9szs\u00e9g\u00fcgyi ell\u00e1t\u00e1shoz, amivel a t\u00e1rsadalom rendelkezik, az emberi, anyagi \u00e9s p\u00e9nz\u00fcgyi er\u0151forr\u00e1sokkal \u00f6sszhangban. 2. A p\u00e1ciensnek joga van a szem\u00e9ly\u00e9t megillet\u0151 tisztelethez, b\u00e1rmilyen megk\u00fcl\u00f6nb\u00f6ztet\u00e9s n\u00e9lk\u00fcl. 3. A p\u00e1ciensnek joga van megkapni a felvil\u00e1gos\u00edt\u00e1st az el\u00e9rhet\u0151 eg\u00e9szs\u00e9g\u00fcgyi szolg\u00e1ltat\u00e1sokr\u00f3l, valamint&hellip;<\/p>\n","protected":false},"author":11,"featured_media":0,"parent":0,"menu_order":22,"comment_status":"closed","ping_status":"closed","template":"","meta":[],"yoast_head":"<!-- This site is optimized with the Yoast SEO plugin v18.3 - https:\/\/yoast.com\/wordpress\/plugins\/seo\/ -->\n<title>Betegek jogai \u00e9s k\u00f6telezetts\u00e9gei - Cs\u00edkszeredai Megyei S\u00fcrg\u0151ss\u00e9gi K\u00f3rh\u00e1z<\/title>\n<meta name=\"robots\" content=\"index, follow, max-snippet:-1, max-image-preview:large, max-video-preview:-1\" \/>\n<link rel=\"canonical\" href=\"https:\/\/spitalmciuc.ro\/hu\/betegek-jogai-es-koetelessegei\/\" \/>\n<meta property=\"og:locale\" content=\"hu_HU\" \/>\n<meta property=\"og:type\" content=\"article\" \/>\n<meta property=\"og:title\" content=\"Betegek jogai \u00e9s k\u00f6telezetts\u00e9gei - Cs\u00edkszeredai Megyei S\u00fcrg\u0151ss\u00e9gi K\u00f3rh\u00e1z\" \/>\n<meta property=\"og:description\" content=\"&nbsp; A Cs\u00edkszeredai Megyei S\u00fcrg\u0151ss\u00e9gi K\u00f3rh\u00e1zba beutalt beteg jogai: 1. A p\u00e1cienseknek joga van a legmagasabb szint\u0171 eg\u00e9szs\u00e9g\u00fcgyi ell\u00e1t\u00e1shoz, amivel a t\u00e1rsadalom rendelkezik, az emberi, anyagi \u00e9s p\u00e9nz\u00fcgyi er\u0151forr\u00e1sokkal \u00f6sszhangban. 2. A p\u00e1ciensnek joga van a szem\u00e9ly\u00e9t megillet\u0151 tisztelethez, b\u00e1rmilyen megk\u00fcl\u00f6nb\u00f6ztet\u00e9s n\u00e9lk\u00fcl. 3. A p\u00e1ciensnek joga van megkapni a felvil\u00e1gos\u00edt\u00e1st az el\u00e9rhet\u0151 eg\u00e9szs\u00e9g\u00fcgyi szolg\u00e1ltat\u00e1sokr\u00f3l, valamint&hellip;\" \/>\n<meta property=\"og:url\" content=\"https:\/\/spitalmciuc.ro\/hu\/betegek-jogai-es-koetelessegei\/\" \/>\n<meta property=\"og:site_name\" content=\"Cs\u00edkszeredai Megyei S\u00fcrg\u0151ss\u00e9gi K\u00f3rh\u00e1z\" \/>\n<meta property=\"article:modified_time\" content=\"2022-10-07T07:44:18+00:00\" \/>\n<meta name=\"twitter:card\" content=\"summary_large_image\" \/>\n<meta name=\"twitter:label1\" content=\"Becs\u00fclt olvas\u00e1si id\u0151\" \/>\n\t<meta name=\"twitter:data1\" content=\"3 perc\" \/>\n<script type=\"application\/ld+json\" class=\"yoast-schema-graph\">{\"@context\":\"https:\/\/schema.org\",\"@graph\":[{\"@type\":\"Organization\",\"@id\":\"https:\/\/spitalmciuc.ro\/#organization\",\"name\":\"Spitalul Jude\u0163ean de Urgen\u0163\u0103 Miercurea Ciuc\",\"url\":\"https:\/\/spitalmciuc.ro\/\",\"sameAs\":[],\"logo\":{\"@type\":\"ImageObject\",\"@id\":\"https:\/\/spitalmciuc.ro\/#logo\",\"inLanguage\":\"hu\",\"url\":\"https:\/\/spitalmciuc.ro\/wp-content\/uploads\/2022\/02\/logo-spital-ro-60.jpg\",\"contentUrl\":\"https:\/\/spitalmciuc.ro\/wp-content\/uploads\/2022\/02\/logo-spital-ro-60.jpg\",\"width\":198,\"height\":60,\"caption\":\"Spitalul Jude\u0163ean de Urgen\u0163\u0103 Miercurea Ciuc\"},\"image\":{\"@id\":\"https:\/\/spitalmciuc.ro\/#logo\"}},{\"@type\":\"WebSite\",\"@id\":\"https:\/\/spitalmciuc.ro\/#website\",\"url\":\"https:\/\/spitalmciuc.ro\/\",\"name\":\"Cs\u00edkszeredai Megyei S\u00fcrg\u0151ss\u00e9gi K\u00f3rh\u00e1z\",\"description\":\"\",\"publisher\":{\"@id\":\"https:\/\/spitalmciuc.ro\/#organization\"},\"potentialAction\":[{\"@type\":\"SearchAction\",\"target\":{\"@type\":\"EntryPoint\",\"urlTemplate\":\"https:\/\/spitalmciuc.ro\/?s={search_term_string}\"},\"query-input\":\"required name=search_term_string\"}],\"inLanguage\":\"hu\"},{\"@type\":\"WebPage\",\"@id\":\"https:\/\/spitalmciuc.ro\/hu\/betegek-jogai-es-koetelessegei\/#webpage\",\"url\":\"https:\/\/spitalmciuc.ro\/hu\/betegek-jogai-es-koetelessegei\/\",\"name\":\"Betegek jogai \u00e9s k\u00f6telezetts\u00e9gei - Cs\u00edkszeredai Megyei S\u00fcrg\u0151ss\u00e9gi K\u00f3rh\u00e1z\",\"isPartOf\":{\"@id\":\"https:\/\/spitalmciuc.ro\/#website\"},\"datePublished\":\"2019-04-04T08:42:20+00:00\",\"dateModified\":\"2022-10-07T07:44:18+00:00\",\"breadcrumb\":{\"@id\":\"https:\/\/spitalmciuc.ro\/hu\/betegek-jogai-es-koetelessegei\/#breadcrumb\"},\"inLanguage\":\"hu\",\"potentialAction\":[{\"@type\":\"ReadAction\",\"target\":[\"https:\/\/spitalmciuc.ro\/hu\/betegek-jogai-es-koetelessegei\/\"]}]},{\"@type\":\"BreadcrumbList\",\"@id\":\"https:\/\/spitalmciuc.ro\/hu\/betegek-jogai-es-koetelessegei\/#breadcrumb\",\"itemListElement\":[{\"@type\":\"ListItem\",\"position\":1,\"name\":\"Kezd\u0151lap\",\"item\":\"https:\/\/spitalmciuc.ro\/hu\/\"},{\"@type\":\"ListItem\",\"position\":2,\"name\":\"Betegek jogai \u00e9s k\u00f6telezetts\u00e9gei\"}]}]}<\/script>\n<!-- \/ Yoast SEO plugin. -->","yoast_head_json":{"title":"Betegek jogai \u00e9s k\u00f6telezetts\u00e9gei - Cs\u00edkszeredai Megyei S\u00fcrg\u0151ss\u00e9gi K\u00f3rh\u00e1z","robots":{"index":"index","follow":"follow","max-snippet":"max-snippet:-1","max-image-preview":"max-image-preview:large","max-video-preview":"max-video-preview:-1"},"canonical":"https:\/\/spitalmciuc.ro\/hu\/betegek-jogai-es-koetelessegei\/","og_locale":"hu_HU","og_type":"article","og_title":"Betegek jogai \u00e9s k\u00f6telezetts\u00e9gei - Cs\u00edkszeredai Megyei S\u00fcrg\u0151ss\u00e9gi K\u00f3rh\u00e1z","og_description":"&nbsp; A Cs\u00edkszeredai Megyei S\u00fcrg\u0151ss\u00e9gi K\u00f3rh\u00e1zba beutalt beteg jogai: 1. A p\u00e1cienseknek joga van a legmagasabb szint\u0171 eg\u00e9szs\u00e9g\u00fcgyi ell\u00e1t\u00e1shoz, amivel a t\u00e1rsadalom rendelkezik, az emberi, anyagi \u00e9s p\u00e9nz\u00fcgyi er\u0151forr\u00e1sokkal \u00f6sszhangban. 2. A p\u00e1ciensnek joga van a szem\u00e9ly\u00e9t megillet\u0151 tisztelethez, b\u00e1rmilyen megk\u00fcl\u00f6nb\u00f6ztet\u00e9s n\u00e9lk\u00fcl. 3. A p\u00e1ciensnek joga van megkapni a felvil\u00e1gos\u00edt\u00e1st az el\u00e9rhet\u0151 eg\u00e9szs\u00e9g\u00fcgyi szolg\u00e1ltat\u00e1sokr\u00f3l, valamint&hellip;","og_url":"https:\/\/spitalmciuc.ro\/hu\/betegek-jogai-es-koetelessegei\/","og_site_name":"Cs\u00edkszeredai Megyei S\u00fcrg\u0151ss\u00e9gi K\u00f3rh\u00e1z","article_modified_time":"2022-10-07T07:44:18+00:00","twitter_card":"summary_large_image","twitter_misc":{"Becs\u00fclt olvas\u00e1si id\u0151":"3 perc"},"schema":{"@context":"https:\/\/schema.org","@graph":[{"@type":"Organization","@id":"https:\/\/spitalmciuc.ro\/#organization","name":"Spitalul Jude\u0163ean de Urgen\u0163\u0103 Miercurea Ciuc","url":"https:\/\/spitalmciuc.ro\/","sameAs":[],"logo":{"@type":"ImageObject","@id":"https:\/\/spitalmciuc.ro\/#logo","inLanguage":"hu","url":"https:\/\/spitalmciuc.ro\/wp-content\/uploads\/2022\/02\/logo-spital-ro-60.jpg","contentUrl":"https:\/\/spitalmciuc.ro\/wp-content\/uploads\/2022\/02\/logo-spital-ro-60.jpg","width":198,"height":60,"caption":"Spitalul Jude\u0163ean de Urgen\u0163\u0103 Miercurea Ciuc"},"image":{"@id":"https:\/\/spitalmciuc.ro\/#logo"}},{"@type":"WebSite","@id":"https:\/\/spitalmciuc.ro\/#website","url":"https:\/\/spitalmciuc.ro\/","name":"Cs\u00edkszeredai Megyei S\u00fcrg\u0151ss\u00e9gi K\u00f3rh\u00e1z","description":"","publisher":{"@id":"https:\/\/spitalmciuc.ro\/#organization"},"potentialAction":[{"@type":"SearchAction","target":{"@type":"EntryPoint","urlTemplate":"https:\/\/spitalmciuc.ro\/?s={search_term_string}"},"query-input":"required name=search_term_string"}],"inLanguage":"hu"},{"@type":"WebPage","@id":"https:\/\/spitalmciuc.ro\/hu\/betegek-jogai-es-koetelessegei\/#webpage","url":"https:\/\/spitalmciuc.ro\/hu\/betegek-jogai-es-koetelessegei\/","name":"Betegek jogai \u00e9s k\u00f6telezetts\u00e9gei - Cs\u00edkszeredai Megyei S\u00fcrg\u0151ss\u00e9gi K\u00f3rh\u00e1z","isPartOf":{"@id":"https:\/\/spitalmciuc.ro\/#website"},"datePublished":"2019-04-04T08:42:20+00:00","dateModified":"2022-10-07T07:44:18+00:00","breadcrumb":{"@id":"https:\/\/spitalmciuc.ro\/hu\/betegek-jogai-es-koetelessegei\/#breadcrumb"},"inLanguage":"hu","potentialAction":[{"@type":"ReadAction","target":["https:\/\/spitalmciuc.ro\/hu\/betegek-jogai-es-koetelessegei\/"]}]},{"@type":"BreadcrumbList","@id":"https:\/\/spitalmciuc.ro\/hu\/betegek-jogai-es-koetelessegei\/#breadcrumb","itemListElement":[{"@type":"ListItem","position":1,"name":"Kezd\u0151lap","item":"https:\/\/spitalmciuc.ro\/hu\/"},{"@type":"ListItem","position":2,"name":"Betegek jogai \u00e9s k\u00f6telezetts\u00e9gei"}]}]}},"_links":{"self":[{"href":"https:\/\/spitalmciuc.ro\/hu\/wp-json\/wp\/v2\/pages\/4350"}],"collection":[{"href":"https:\/\/spitalmciuc.ro\/hu\/wp-json\/wp\/v2\/pages"}],"about":[{"href":"https:\/\/spitalmciuc.ro\/hu\/wp-json\/wp\/v2\/types\/page"}],"author":[{"embeddable":true,"href":"https:\/\/spitalmciuc.ro\/hu\/wp-json\/wp\/v2\/users\/11"}],"replies":[{"embeddable":true,"href":"https:\/\/spitalmciuc.ro\/hu\/wp-json\/wp\/v2\/comments?post=4350"}],"version-history":[{"count":4,"href":"https:\/\/spitalmciuc.ro\/hu\/wp-json\/wp\/v2\/pages\/4350\/revisions"}],"predecessor-version":[{"id":9895,"href":"https:\/\/spitalmciuc.ro\/hu\/wp-json\/wp\/v2\/pages\/4350\/revisions\/9895"}],"wp:attachment":[{"href":"https:\/\/spitalmciuc.ro\/hu\/wp-json\/wp\/v2\/media?parent=4350"}],"curies":[{"name":"wp","href":"https:\/\/api.w.org\/{rel}","templated":true}]}}