{"id":4219,"date":"2019-03-26T12:29:18","date_gmt":"2019-03-26T12:29:18","guid":{"rendered":"https:\/\/spital.creative-solutions.ro\/index.php\/meg-ket-evig-ervenyesek-az-egeszseguegyi-kartyak\/"},"modified":"2022-02-28T12:36:58","modified_gmt":"2022-02-28T12:36:58","slug":"meg-ket-evig-ervenyesek-az-egeszseguegyi-kartyak","status":"publish","type":"page","link":"https:\/\/spitalmciuc.ro\/hu\/meg-ket-evig-ervenyesek-az-egeszseguegyi-kartyak\/","title":{"rendered":"M\u00e9g k\u00e9t \u00e9vig \u00e9rv\u00e9nyesek az eg\u00e9szs\u00e9g\u00fcgyi k\u00e1rty\u00e1k"},"content":{"rendered":"<p>&nbsp;<\/p>\n<p style=\"text-align: justify;\">A korm\u00e1ny 2018-ban \u00f6tr\u0151l h\u00e9t \u00e9vre emelte a 2018. j\u00falius 31-ig ki\u00e1ll\u00edtott eg\u00e9szs\u00e9g\u00fcgyi k\u00e1rty\u00e1k \u00e9rv\u00e9nyess\u00e9g\u00e9t \u00e9s h\u00e9t \u00e9ves \u00e9rv\u00e9nyess\u00e9gi id\u0151t szabott meg az ezen d\u00e1tum ut\u00e1n ki\u00e1ll\u00edtott k\u00e1rty\u00e1kra vonatkoz\u00f3an is.<\/p>\n<p style=\"text-align: justify;\">Hargita megy\u00e9ben az eg\u00e9szs\u00e9g\u00fcgyi k\u00e1rty\u00e1k t\u00f6bbs\u00e9g\u00e9nek 2019. m\u00e1rcius v\u00e9g\u00e9n j\u00e1rna le az \u00e9rv\u00e9nyess\u00e9ge, de a korm\u00e1ny d\u00f6nt\u00e9se szerint ezen dokumentumok a rajtuk szerepl\u0151 d\u00e1tum ut\u00e1n tov\u00e1bbi k\u00e9t \u00e9vig haszn\u00e1lhat\u00f3k &#8211; k\u00f6z\u00f6lte k\u00f6zlem\u00e9nyben a Hargita Megyei Eg\u00e9szs\u00e9gbiztos\u00edt\u00e1si P\u00e9nzt\u00e1r. Azon k\u00e1rty\u00e1k teh\u00e1t, amelyeken 2019. m\u00e1rcius 31-e szerepel, mint lej\u00e1rati d\u00e1tum, 2021. m\u00e1rcius 31-ig lesznek \u00e9rv\u00e9nyesek, tulajdonosaiknak pedig nincs sz\u00fcks\u00e9g\u00fck igazol\u00e1sra vagy m\u00e1s egy\u00e9b dokumentumra eg\u00e9szs\u00e9gbiztos\u00edtotti st\u00e1tusuk bizony\u00edt\u00e1s\u00e1ra. A k\u00f6zlem\u00e9nyben kifejtik, az eg\u00e9szs\u00e9gbiztos\u00edt\u00e1ssal rendelkez\u0151 szem\u00e9lyek tov\u00e1bbra is haszn\u00e1lhatj\u00e1k ezen id\u0151szakban a k\u00e1rty\u00e1ikat, az eg\u00e9szs\u00e9g\u00fcgyi szolg\u00e1ltat\u00f3k sz\u00e1m\u00e1ra pedig elsz\u00e1molja a biztos\u00edt\u00f3 a k\u00e1rty\u00e1k haszn\u00e1lat\u00e1val igazolt szolg\u00e1ltat\u00e1sokat.<\/p>\n<p style=\"text-align: justify;\">A biztos\u00edtotti st\u00e1tust egy\u00e9bk\u00e9nt le lehet ellen\u0151rizni az eg\u00e9szs\u00e9gbiztos\u00edt\u00f3 p\u00e9nzt\u00e1r honlapj\u00e1n: www.cnas.ro\/cashr.&nbsp;&nbsp;<\/p>\n","protected":false},"excerpt":{"rendered":"<p>&nbsp; A korm\u00e1ny 2018-ban \u00f6tr\u0151l h\u00e9t \u00e9vre emelte a 2018. j\u00falius 31-ig ki\u00e1ll\u00edtott eg\u00e9szs\u00e9g\u00fcgyi k\u00e1rty\u00e1k \u00e9rv\u00e9nyess\u00e9g\u00e9t \u00e9s h\u00e9t \u00e9ves \u00e9rv\u00e9nyess\u00e9gi id\u0151t szabott meg az ezen d\u00e1tum ut\u00e1n ki\u00e1ll\u00edtott k\u00e1rty\u00e1kra vonatkoz\u00f3an is. Hargita megy\u00e9ben az eg\u00e9szs\u00e9g\u00fcgyi k\u00e1rty\u00e1k t\u00f6bbs\u00e9g\u00e9nek 2019. m\u00e1rcius v\u00e9g\u00e9n j\u00e1rna le az \u00e9rv\u00e9nyess\u00e9ge, de a korm\u00e1ny d\u00f6nt\u00e9se szerint ezen dokumentumok a rajtuk szerepl\u0151 d\u00e1tum&hellip;<\/p>\n","protected":false},"author":11,"featured_media":0,"parent":0,"menu_order":34,"comment_status":"closed","ping_status":"closed","template":"","meta":[],"yoast_head":"<!-- This site is optimized with the Yoast SEO plugin v18.3 - https:\/\/yoast.com\/wordpress\/plugins\/seo\/ -->\n<title>M\u00e9g k\u00e9t \u00e9vig \u00e9rv\u00e9nyesek az eg\u00e9szs\u00e9g\u00fcgyi k\u00e1rty\u00e1k - Cs\u00edkszeredai Megyei S\u00fcrg\u0151ss\u00e9gi K\u00f3rh\u00e1z<\/title>\n<meta name=\"robots\" content=\"index, follow, max-snippet:-1, max-image-preview:large, max-video-preview:-1\" \/>\n<link rel=\"canonical\" href=\"https:\/\/spitalmciuc.ro\/meg-ket-evig-ervenyesek-az-egeszseguegyi-kartyak\/\" \/>\n<meta property=\"og:locale\" content=\"hu_HU\" \/>\n<meta property=\"og:type\" content=\"article\" \/>\n<meta property=\"og:title\" content=\"M\u00e9g k\u00e9t \u00e9vig \u00e9rv\u00e9nyesek az eg\u00e9szs\u00e9g\u00fcgyi k\u00e1rty\u00e1k - Cs\u00edkszeredai Megyei S\u00fcrg\u0151ss\u00e9gi K\u00f3rh\u00e1z\" \/>\n<meta property=\"og:description\" content=\"&nbsp; A korm\u00e1ny 2018-ban \u00f6tr\u0151l h\u00e9t \u00e9vre emelte a 2018. j\u00falius 31-ig ki\u00e1ll\u00edtott eg\u00e9szs\u00e9g\u00fcgyi k\u00e1rty\u00e1k \u00e9rv\u00e9nyess\u00e9g\u00e9t \u00e9s h\u00e9t \u00e9ves \u00e9rv\u00e9nyess\u00e9gi id\u0151t szabott meg az ezen d\u00e1tum ut\u00e1n ki\u00e1ll\u00edtott k\u00e1rty\u00e1kra vonatkoz\u00f3an is. Hargita megy\u00e9ben az eg\u00e9szs\u00e9g\u00fcgyi k\u00e1rty\u00e1k t\u00f6bbs\u00e9g\u00e9nek 2019. m\u00e1rcius v\u00e9g\u00e9n j\u00e1rna le az \u00e9rv\u00e9nyess\u00e9ge, de a korm\u00e1ny d\u00f6nt\u00e9se szerint ezen dokumentumok a rajtuk szerepl\u0151 d\u00e1tum&hellip;\" \/>\n<meta property=\"og:url\" content=\"https:\/\/spitalmciuc.ro\/meg-ket-evig-ervenyesek-az-egeszseguegyi-kartyak\/\" \/>\n<meta property=\"og:site_name\" content=\"Cs\u00edkszeredai Megyei S\u00fcrg\u0151ss\u00e9gi K\u00f3rh\u00e1z\" \/>\n<meta property=\"article:modified_time\" content=\"2022-02-28T12:36:58+00:00\" \/>\n<meta name=\"twitter:card\" content=\"summary_large_image\" \/>\n<meta name=\"twitter:label1\" content=\"Becs\u00fclt olvas\u00e1si id\u0151\" \/>\n\t<meta name=\"twitter:data1\" content=\"1 perc\" \/>\n<script type=\"application\/ld+json\" class=\"yoast-schema-graph\">{\"@context\":\"https:\/\/schema.org\",\"@graph\":[{\"@type\":\"Organization\",\"@id\":\"https:\/\/spitalmciuc.ro\/#organization\",\"name\":\"Spitalul Jude\u0163ean de Urgen\u0163\u0103 Miercurea Ciuc\",\"url\":\"https:\/\/spitalmciuc.ro\/\",\"sameAs\":[],\"logo\":{\"@type\":\"ImageObject\",\"@id\":\"https:\/\/spitalmciuc.ro\/#logo\",\"inLanguage\":\"hu\",\"url\":\"https:\/\/spitalmciuc.ro\/wp-content\/uploads\/2022\/02\/logo-spital-ro-60.jpg\",\"contentUrl\":\"https:\/\/spitalmciuc.ro\/wp-content\/uploads\/2022\/02\/logo-spital-ro-60.jpg\",\"width\":198,\"height\":60,\"caption\":\"Spitalul Jude\u0163ean de Urgen\u0163\u0103 Miercurea Ciuc\"},\"image\":{\"@id\":\"https:\/\/spitalmciuc.ro\/#logo\"}},{\"@type\":\"WebSite\",\"@id\":\"https:\/\/spitalmciuc.ro\/#website\",\"url\":\"https:\/\/spitalmciuc.ro\/\",\"name\":\"Cs\u00edkszeredai Megyei S\u00fcrg\u0151ss\u00e9gi K\u00f3rh\u00e1z\",\"description\":\"\",\"publisher\":{\"@id\":\"https:\/\/spitalmciuc.ro\/#organization\"},\"potentialAction\":[{\"@type\":\"SearchAction\",\"target\":{\"@type\":\"EntryPoint\",\"urlTemplate\":\"https:\/\/spitalmciuc.ro\/?s={search_term_string}\"},\"query-input\":\"required name=search_term_string\"}],\"inLanguage\":\"hu\"},{\"@type\":\"WebPage\",\"@id\":\"https:\/\/spitalmciuc.ro\/meg-ket-evig-ervenyesek-az-egeszseguegyi-kartyak\/#webpage\",\"url\":\"https:\/\/spitalmciuc.ro\/meg-ket-evig-ervenyesek-az-egeszseguegyi-kartyak\/\",\"name\":\"M\u00e9g k\u00e9t \u00e9vig \u00e9rv\u00e9nyesek az eg\u00e9szs\u00e9g\u00fcgyi k\u00e1rty\u00e1k - Cs\u00edkszeredai Megyei S\u00fcrg\u0151ss\u00e9gi K\u00f3rh\u00e1z\",\"isPartOf\":{\"@id\":\"https:\/\/spitalmciuc.ro\/#website\"},\"datePublished\":\"2019-03-26T12:29:18+00:00\",\"dateModified\":\"2022-02-28T12:36:58+00:00\",\"breadcrumb\":{\"@id\":\"https:\/\/spitalmciuc.ro\/meg-ket-evig-ervenyesek-az-egeszseguegyi-kartyak\/#breadcrumb\"},\"inLanguage\":\"hu\",\"potentialAction\":[{\"@type\":\"ReadAction\",\"target\":[\"https:\/\/spitalmciuc.ro\/meg-ket-evig-ervenyesek-az-egeszseguegyi-kartyak\/\"]}]},{\"@type\":\"BreadcrumbList\",\"@id\":\"https:\/\/spitalmciuc.ro\/meg-ket-evig-ervenyesek-az-egeszseguegyi-kartyak\/#breadcrumb\",\"itemListElement\":[{\"@type\":\"ListItem\",\"position\":1,\"name\":\"Kezd\u0151lap\",\"item\":\"https:\/\/spitalmciuc.ro\/hu\/\"},{\"@type\":\"ListItem\",\"position\":2,\"name\":\"M\u00e9g k\u00e9t \u00e9vig \u00e9rv\u00e9nyesek az eg\u00e9szs\u00e9g\u00fcgyi k\u00e1rty\u00e1k\"}]}]}<\/script>\n<!-- \/ Yoast SEO plugin. -->","yoast_head_json":{"title":"M\u00e9g k\u00e9t \u00e9vig \u00e9rv\u00e9nyesek az eg\u00e9szs\u00e9g\u00fcgyi k\u00e1rty\u00e1k - Cs\u00edkszeredai Megyei S\u00fcrg\u0151ss\u00e9gi K\u00f3rh\u00e1z","robots":{"index":"index","follow":"follow","max-snippet":"max-snippet:-1","max-image-preview":"max-image-preview:large","max-video-preview":"max-video-preview:-1"},"canonical":"https:\/\/spitalmciuc.ro\/meg-ket-evig-ervenyesek-az-egeszseguegyi-kartyak\/","og_locale":"hu_HU","og_type":"article","og_title":"M\u00e9g k\u00e9t \u00e9vig \u00e9rv\u00e9nyesek az eg\u00e9szs\u00e9g\u00fcgyi k\u00e1rty\u00e1k - Cs\u00edkszeredai Megyei S\u00fcrg\u0151ss\u00e9gi K\u00f3rh\u00e1z","og_description":"&nbsp; A korm\u00e1ny 2018-ban \u00f6tr\u0151l h\u00e9t \u00e9vre emelte a 2018. j\u00falius 31-ig ki\u00e1ll\u00edtott eg\u00e9szs\u00e9g\u00fcgyi k\u00e1rty\u00e1k \u00e9rv\u00e9nyess\u00e9g\u00e9t \u00e9s h\u00e9t \u00e9ves \u00e9rv\u00e9nyess\u00e9gi id\u0151t szabott meg az ezen d\u00e1tum ut\u00e1n ki\u00e1ll\u00edtott k\u00e1rty\u00e1kra vonatkoz\u00f3an is. Hargita megy\u00e9ben az eg\u00e9szs\u00e9g\u00fcgyi k\u00e1rty\u00e1k t\u00f6bbs\u00e9g\u00e9nek 2019. m\u00e1rcius v\u00e9g\u00e9n j\u00e1rna le az \u00e9rv\u00e9nyess\u00e9ge, de a korm\u00e1ny d\u00f6nt\u00e9se szerint ezen dokumentumok a rajtuk szerepl\u0151 d\u00e1tum&hellip;","og_url":"https:\/\/spitalmciuc.ro\/meg-ket-evig-ervenyesek-az-egeszseguegyi-kartyak\/","og_site_name":"Cs\u00edkszeredai Megyei S\u00fcrg\u0151ss\u00e9gi K\u00f3rh\u00e1z","article_modified_time":"2022-02-28T12:36:58+00:00","twitter_card":"summary_large_image","twitter_misc":{"Becs\u00fclt olvas\u00e1si id\u0151":"1 perc"},"schema":{"@context":"https:\/\/schema.org","@graph":[{"@type":"Organization","@id":"https:\/\/spitalmciuc.ro\/#organization","name":"Spitalul Jude\u0163ean de Urgen\u0163\u0103 Miercurea Ciuc","url":"https:\/\/spitalmciuc.ro\/","sameAs":[],"logo":{"@type":"ImageObject","@id":"https:\/\/spitalmciuc.ro\/#logo","inLanguage":"hu","url":"https:\/\/spitalmciuc.ro\/wp-content\/uploads\/2022\/02\/logo-spital-ro-60.jpg","contentUrl":"https:\/\/spitalmciuc.ro\/wp-content\/uploads\/2022\/02\/logo-spital-ro-60.jpg","width":198,"height":60,"caption":"Spitalul Jude\u0163ean de Urgen\u0163\u0103 Miercurea Ciuc"},"image":{"@id":"https:\/\/spitalmciuc.ro\/#logo"}},{"@type":"WebSite","@id":"https:\/\/spitalmciuc.ro\/#website","url":"https:\/\/spitalmciuc.ro\/","name":"Cs\u00edkszeredai Megyei S\u00fcrg\u0151ss\u00e9gi K\u00f3rh\u00e1z","description":"","publisher":{"@id":"https:\/\/spitalmciuc.ro\/#organization"},"potentialAction":[{"@type":"SearchAction","target":{"@type":"EntryPoint","urlTemplate":"https:\/\/spitalmciuc.ro\/?s={search_term_string}"},"query-input":"required name=search_term_string"}],"inLanguage":"hu"},{"@type":"WebPage","@id":"https:\/\/spitalmciuc.ro\/meg-ket-evig-ervenyesek-az-egeszseguegyi-kartyak\/#webpage","url":"https:\/\/spitalmciuc.ro\/meg-ket-evig-ervenyesek-az-egeszseguegyi-kartyak\/","name":"M\u00e9g k\u00e9t \u00e9vig \u00e9rv\u00e9nyesek az eg\u00e9szs\u00e9g\u00fcgyi k\u00e1rty\u00e1k - Cs\u00edkszeredai Megyei S\u00fcrg\u0151ss\u00e9gi K\u00f3rh\u00e1z","isPartOf":{"@id":"https:\/\/spitalmciuc.ro\/#website"},"datePublished":"2019-03-26T12:29:18+00:00","dateModified":"2022-02-28T12:36:58+00:00","breadcrumb":{"@id":"https:\/\/spitalmciuc.ro\/meg-ket-evig-ervenyesek-az-egeszseguegyi-kartyak\/#breadcrumb"},"inLanguage":"hu","potentialAction":[{"@type":"ReadAction","target":["https:\/\/spitalmciuc.ro\/meg-ket-evig-ervenyesek-az-egeszseguegyi-kartyak\/"]}]},{"@type":"BreadcrumbList","@id":"https:\/\/spitalmciuc.ro\/meg-ket-evig-ervenyesek-az-egeszseguegyi-kartyak\/#breadcrumb","itemListElement":[{"@type":"ListItem","position":1,"name":"Kezd\u0151lap","item":"https:\/\/spitalmciuc.ro\/hu\/"},{"@type":"ListItem","position":2,"name":"M\u00e9g k\u00e9t \u00e9vig \u00e9rv\u00e9nyesek az eg\u00e9szs\u00e9g\u00fcgyi k\u00e1rty\u00e1k"}]}]}},"_links":{"self":[{"href":"https:\/\/spitalmciuc.ro\/hu\/wp-json\/wp\/v2\/pages\/4219"}],"collection":[{"href":"https:\/\/spitalmciuc.ro\/hu\/wp-json\/wp\/v2\/pages"}],"about":[{"href":"https:\/\/spitalmciuc.ro\/hu\/wp-json\/wp\/v2\/types\/page"}],"author":[{"embeddable":true,"href":"https:\/\/spitalmciuc.ro\/hu\/wp-json\/wp\/v2\/users\/11"}],"replies":[{"embeddable":true,"href":"https:\/\/spitalmciuc.ro\/hu\/wp-json\/wp\/v2\/comments?post=4219"}],"version-history":[{"count":1,"href":"https:\/\/spitalmciuc.ro\/hu\/wp-json\/wp\/v2\/pages\/4219\/revisions"}],"predecessor-version":[{"id":6419,"href":"https:\/\/spitalmciuc.ro\/hu\/wp-json\/wp\/v2\/pages\/4219\/revisions\/6419"}],"wp:attachment":[{"href":"https:\/\/spitalmciuc.ro\/hu\/wp-json\/wp\/v2\/media?parent=4219"}],"curies":[{"name":"wp","href":"https:\/\/api.w.org\/{rel}","templated":true}]}}