{"id":3942,"date":"2017-11-17T06:15:15","date_gmt":"2017-11-17T06:15:15","guid":{"rendered":"https:\/\/spital.creative-solutions.ro\/index.php\/fizetesekbol-szarmazo-joevedelem-atlathatosaga\/"},"modified":"2026-02-09T16:38:24","modified_gmt":"2026-02-09T13:38:24","slug":"fizetesekbol-szarmazo-joevedelem-atlathatosaga","status":"publish","type":"page","link":"https:\/\/spitalmciuc.ro\/hu\/fizetesekbol-szarmazo-joevedelem-atlathatosaga\/","title":{"rendered":"P\u00e9nz\u00fcgyi kimutat\u00e1sok"},"content":{"rendered":"<p>[vc_row][vc_column][vc_tta_tour][vc_tta_section title=&#8221;2025&#8243; tab_id=&#8221;1754388167280-93ed128c-ca1a&#8221;][vc_column_text]<a href=\"https:\/\/spitalmciuc.ro\/wp-content\/uploads\/2026\/02\/Contracte-peste-5000-euro_2025.pdf\" target=\"_blank\" rel=\"noopener\">Szerz\u0151d\u00e9sek 5000 euro feletti \u00e9rt\u00e9kkel<\/a><\/p>\n<p><a href=\"https:\/\/spitalmciuc.ro\/wp-content\/uploads\/2026\/02\/CS-INVESTITII-2025-Lista-contracte-2.pdf\" target=\"_blank\" rel=\"noopener\">K\u00f6zbeszerz\u00e9sek \u00f6sszegz\u00e9se<\/a><\/p>\n<p>&nbsp;<\/p>\n<p><a href=\"https:\/\/spitalmciuc.ro\/wp-content\/uploads\/2025\/08\/Buget-2025.pdf\" target=\"_blank\" rel=\"noopener\"><strong>K\u00d6LTS\u00c9GVET\u00c9S 2025<\/strong><\/a><\/p>\n<p>&nbsp;<\/p>\n<p><a href=\"https:\/\/spitalmciuc.ro\/wp-content\/uploads\/2026\/01\/Situatia-platiilor-in-luna-decembrie-2025.pdf\" target=\"_blank\" rel=\"noopener\">Kifizet\u00e9sek helyzete decemberben<\/a><\/p>\n<p><a href=\"https:\/\/spitalmciuc.ro\/wp-content\/uploads\/2026\/01\/Situatia-platiilor-in-luna-noiembrie-2025.pdf\" target=\"_blank\" rel=\"noopener\">Kifizet\u00e9sek helyzete novemberben<\/a><\/p>\n<p><a href=\"https:\/\/spitalmciuc.ro\/wp-content\/uploads\/2025\/11\/Situatia-platiilor-in-luna-octombrie-2025.pdf\" target=\"_blank\" rel=\"noopener\">Kifizet\u00e9sek helyzete okt\u00f3berben<\/a><\/p>\n<p>&nbsp;<\/p>\n<p><strong>2025.12.31-i p\u00e9nz\u00fcgyi kimutat\u00e1sok<\/strong><\/p>\n<p>&nbsp;<\/p>\n<p><a href=\"https:\/\/spitalmciuc.ro\/wp-content\/uploads\/2025\/11\/Situatia-financiara-30-09-2025.pdf\" target=\"_blank\" rel=\"noopener\"><strong>2025.09.30-i p\u00e9nz\u00fcgyi kimutat\u00e1sok<\/strong><\/a><\/p>\n<p><a href=\"https:\/\/spitalmciuc.ro\/wp-content\/uploads\/2025\/10\/Transparenta-veniturilor-salariale-septembrie-2025.pdf\" target=\"_blank\" rel=\"noopener\">Fizet\u00e9sekb\u0151l sz\u00e1rmaz\u00f3 j\u00f6vedelem \u00e1tl\u00e1that\u00f3s\u00e1ga<\/a><\/p>\n<p>&nbsp;<\/p>\n<p><a href=\"https:\/\/spitalmciuc.ro\/wp-content\/uploads\/2025\/11\/Situatia-financiare-30.06.2025red.pdf\" target=\"_blank\" rel=\"noopener\"><strong>2025.06.30-i p\u00e9nz\u00fcgyi kimutat\u00e1sok<\/strong><\/a><\/p>\n<p>&nbsp;<\/p>\n<p><a href=\"https:\/\/spitalmciuc.ro\/wp-content\/uploads\/2025\/07\/Situatii-financiare-2025.03.31red.pdf\" target=\"_blank\" rel=\"noopener\"><strong>2025.03.31-i p\u00e9nz\u00fcgyi kimutat\u00e1sok<\/strong><\/a><\/p>\n<p><a href=\"https:\/\/spitalmciuc.ro\/wp-content\/uploads\/2025\/04\/Transp.pdf\" target=\"_blank\" rel=\"noopener\">Fizet\u00e9sekb\u0151l sz\u00e1rmaz\u00f3 j\u00f6vedelem \u00e1tl\u00e1that\u00f3s\u00e1ga<\/a><\/p>\n<p>&nbsp;<\/p>\n<p>K\u00f6lts\u00e9gvet\u00e9si v\u00e9grehajt\u00e1s[\/vc_column_text][\/vc_tta_section][vc_tta_section title=&#8221;2024&#8243; tab_id=&#8221;1754388167292-fb216632-13f8&#8243;][vc_column_text]<a href=\"https:\/\/spitalmciuc.ro\/wp-content\/uploads\/2025\/08\/Buget-2024.pdf\" target=\"_blank\" rel=\"noopener\"><strong>K\u00d6LTS\u00c9GVET\u00c9S 2024<\/strong><\/a><\/p>\n<p>&nbsp;<\/p>\n<p><a href=\"https:\/\/spitalmciuc.ro\/wp-content\/uploads\/2025\/07\/Situatii-financiare-2024.12.31red.pdf\" target=\"_blank\" rel=\"noopener\"><strong>2024.12.31<\/strong><\/a><strong><a href=\"https:\/\/spitalmciuc.ro\/wp-content\/uploads\/2025\/07\/Situatii-financiare-2024.09.30red.pdf\" target=\"_blank\" rel=\"noopener\">-i p\u00e9nz\u00fcgyi kimutat\u00e1sok<\/a><\/strong><\/p>\n<p>&nbsp;<\/p>\n<p><a href=\"https:\/\/spitalmciuc.ro\/wp-content\/uploads\/2025\/07\/Situatii-financiare-2024.09.30red.pdf\" target=\"_blank\" rel=\"noopener\"><strong>2024.09.30-i p\u00e9nz\u00fcgyi kimutat\u00e1sok<\/strong><\/a><\/p>\n<p><a href=\"https:\/\/spitalmciuc.ro\/wp-content\/uploads\/2024\/10\/Transparenta-veniturilor-salariale-septembrie-2024.pdf\" target=\"_blank\" rel=\"noopener\">Fizet\u00e9sekb\u0151l sz\u00e1rmaz\u00f3 j\u00f6vedelem \u00e1tl\u00e1that\u00f3s\u00e1ga<\/a><\/p>\n<p>&nbsp;<\/p>\n<p><a href=\"https:\/\/spitalmciuc.ro\/wp-content\/uploads\/2025\/07\/Situatii-financiare-2024.06.30red.pdf\" target=\"_blank\" rel=\"noopener\"><strong>2024.06.30-i p\u00e9nz\u00fcgyi kimutat\u00e1sok<\/strong><\/a><\/p>\n<p>&nbsp;<\/p>\n<p><a href=\"https:\/\/spitalmciuc.ro\/wp-content\/uploads\/2025\/08\/situatii-financiare-31.03.2024.pdf\" target=\"_blank\" rel=\"noopener\"><strong>2024.03.31-i p\u00e9nz\u00fcgyi kimutat\u00e1sok<\/strong><\/a><\/p>\n<p><a href=\"https:\/\/spitalmciuc.ro\/wp-content\/uploads\/2024\/05\/Transparenta-veniturilor-salariale-martie-2024.pdf\" target=\"_blank\" rel=\"noopener\">Fizet\u00e9sekb\u0151l sz\u00e1rmaz\u00f3 j\u00f6vedelem \u00e1tl\u00e1that\u00f3s\u00e1ga<\/a>[\/vc_column_text][\/vc_tta_section][vc_tta_section title=&#8221;2023&#8243; tab_id=&#8221;1754388169870-ad0e9e40-1fc2&#8243;][vc_column_text]<a href=\"https:\/\/spitalmciuc.ro\/wp-content\/uploads\/2025\/08\/Buget-2023.pdf\" target=\"_blank\" rel=\"noopener\"><strong>K\u00d6LTS\u00c9GVET\u00c9S 2023<\/strong><\/a><\/p>\n<p>&nbsp;<\/p>\n<p><a href=\"https:\/\/spitalmciuc.ro\/wp-content\/uploads\/2025\/08\/Situatii-financiare-31.12.2023.pdf\" target=\"_blank\" rel=\"noopener\"><strong>2023.12.31-i p\u00e9nz\u00fcgyi kimutat\u00e1sok<\/strong><\/a><\/p>\n<p>&nbsp;<\/p>\n<p><a href=\"https:\/\/spitalmciuc.ro\/wp-content\/uploads\/2025\/08\/Situatia-financiare-30.09.2023.pdf\" target=\"_blank\" rel=\"noopener\"><strong>2023.09.30-i p\u00e9nz\u00fcgyi kimutat\u00e1sok<\/strong><\/a><\/p>\n<p><a href=\"https:\/\/spitalmciuc.ro\/wp-content\/uploads\/2023\/10\/Transparenta-veniturilor-salariale-septembrie-2023.pdf\" target=\"_blank\" rel=\"noopener\">Fizet\u00e9sekb\u0151l sz\u00e1rmaz\u00f3 j\u00f6vedelem \u00e1tl\u00e1that\u00f3s\u00e1ga<\/a><\/p>\n<p>&nbsp;<\/p>\n<p><a href=\"https:\/\/spitalmciuc.ro\/wp-content\/uploads\/2025\/08\/Situatii-financiare-30.06.2023.pdf\" target=\"_blank\" rel=\"noopener\"><strong>2023.06.30-i p\u00e9nz\u00fcgyi kimutat\u00e1sok<\/strong><\/a><\/p>\n<p>&nbsp;<\/p>\n<p><a href=\"https:\/\/spitalmciuc.ro\/wp-content\/uploads\/2025\/07\/Situatii-financiare-2023.03.31red.pdf\" target=\"_blank\" rel=\"noopener\"><strong>2023.03.31-i p\u00e9nz\u00fcgyi kimutat\u00e1sok<\/strong><\/a><\/p>\n<p><a href=\"https:\/\/spitalmciuc.ro\/wp-content\/uploads\/2023\/05\/Transparenta-veniturilor-salariale-martie-2023.pdf\" target=\"_blank\" rel=\"noopener\">Fizet\u00e9sekb\u0151l sz\u00e1rmaz\u00f3 j\u00f6vedelem \u00e1tl\u00e1that\u00f3s\u00e1ga<\/a>[\/vc_column_text][\/vc_tta_section][vc_tta_section title=&#8221;2022&#8243; tab_id=&#8221;1754388170739-0d3622f6-2182&#8243;][vc_column_text]<a href=\"https:\/\/spitalmciuc.ro\/wp-content\/uploads\/2025\/08\/Buget-2022.pdf\" target=\"_blank\" rel=\"noopener\"><strong>K\u00d6LTS\u00c9GVET\u00c9S 2022<\/strong><\/a><\/p>\n<p>&nbsp;<\/p>\n<p><a href=\"https:\/\/spitalmciuc.ro\/wp-content\/uploads\/2025\/07\/Situatii-financiare-2022.12.31red.pdf\" target=\"_blank\" rel=\"noopener\"><strong>2022.12.31<\/strong><\/a><strong><a href=\"https:\/\/spitalmciuc.ro\/wp-content\/uploads\/2022\/11\/Situatii-financiare-30.09.22.pdf\" target=\"_blank\" rel=\"noopener\">-i p\u00e9nz\u00fcgyi kimutat\u00e1sok<\/a><\/strong><\/p>\n<p>&nbsp;<\/p>\n<p><a href=\"https:\/\/spitalmciuc.ro\/wp-content\/uploads\/2022\/11\/Situatii-financiare-30.09.22.pdf\" target=\"_blank\" rel=\"noopener\"><strong>2022.09.30-i p\u00e9nz\u00fcgyi kimutat\u00e1sok<\/strong><\/a><\/p>\n<p><a href=\"https:\/\/spitalmciuc.ro\/wp-content\/uploads\/2022\/11\/Transparenta-septembrie-2022.pdf\" target=\"_blank\" rel=\"noopener\">Fizet\u00e9sekb\u0151l sz\u00e1rmaz\u00f3 j\u00f6vedelem \u00e1tl\u00e1that\u00f3s\u00e1ga<\/a><\/p>\n<p>&nbsp;<\/p>\n<p><a href=\"https:\/\/spitalmciuc.ro\/wp-content\/uploads\/2025\/08\/Situatia-financiare-30062022red.pdf\" target=\"_blank\" rel=\"noopener\"><strong>2022.06.30-i p\u00e9nz\u00fcgyi kimutat\u00e1sok<\/strong><\/a><\/p>\n<p>&nbsp;<\/p>\n<p><a href=\"https:\/\/spitalmciuc.ro\/wp-content\/uploads\/2022\/11\/Situatii-financiare-31.03.22.pdf\" target=\"_blank\" rel=\"noopener\"><strong>2022.03.31-i p\u00e9nz\u00fcgyi kimutat\u00e1sok<\/strong><\/a><\/p>\n<p><a href=\"https:\/\/spitalmciuc.ro\/wp-content\/uploads\/2022\/05\/transparenta-martie2022.pdf\" target=\"_blank\" rel=\"noopener\">Fizet\u00e9sekb\u0151l sz\u00e1rmaz\u00f3 j\u00f6vedelem \u00e1tl\u00e1that\u00f3s\u00e1ga<\/a>[\/vc_column_text][\/vc_tta_section][vc_tta_section title=&#8221;2021&#8243; tab_id=&#8221;1754388171453-e74d759a-3d75&#8243;][vc_column_text]<a href=\"https:\/\/spitalmciuc.ro\/wp-content\/uploads\/2025\/08\/Buget-2021.pdf\" target=\"_blank\" rel=\"noopener\"><strong>K\u00d6LTS\u00c9GVET\u00c9S 2021<\/strong><\/a><\/p>\n<p>&nbsp;<\/p>\n<p><a href=\"https:\/\/spitalmciuc.ro\/wp-content\/uploads\/2025\/08\/situatii-financiarw-31-12-21.pdf\" target=\"_blank\" rel=\"noopener\"><strong>2021.12.31-i p\u00e9nz\u00fcgyi kimutat\u00e1sok<\/strong><\/a><\/p>\n<p>&nbsp;<\/p>\n<p><a href=\"https:\/\/spitalmciuc.ro\/wp-content\/uploads\/2022\/11\/situatii-financiare-30.09.21.pdf\" target=\"_blank\" rel=\"noopener\"><strong>2021.09.30-i p\u00e9nz\u00fcgyi kimutat\u00e1sok<\/strong><\/a><\/p>\n<p><a href=\"https:\/\/spitalmciuc.ro\/wp-content\/uploads\/2017\/11\/septembrie-2021.XLS\">Fizet\u00e9sekb\u0151l sz\u00e1rmaz\u00f3 j\u00f6vedelem \u00e1tl\u00e1that\u00f3s\u00e1ga<\/a><\/p>\n<p>&nbsp;<\/p>\n<p><a href=\"https:\/\/spitalmciuc.ro\/wp-content\/uploads\/2025\/08\/Situatii-financiare-30.06.21.pdf\" target=\"_blank\" rel=\"noopener\"><strong>2021.06.30-i p\u00e9nz\u00fcgyi kimutat\u00e1sok<\/strong><\/a><\/p>\n<p>&nbsp;<\/p>\n<p><a href=\"https:\/\/spitalmciuc.ro\/wp-content\/uploads\/2022\/11\/Situatii-financiare-31.03.21.pdf\" target=\"_blank\" rel=\"noopener\"><strong>2021.03.31-i p\u00e9nz\u00fcgyi kimutat\u00e1sok<\/strong><\/a><\/p>\n<p><a href=\"https:\/\/spitalmciuc.ro\/wp-content\/uploads\/2017\/11\/transparenta-martie.2021.XLS\">Fizet\u00e9sekb\u0151l sz\u00e1rmaz\u00f3 j\u00f6vedelem \u00e1tl\u00e1that\u00f3s\u00e1ga<\/a>[\/vc_column_text][\/vc_tta_section][vc_tta_section title=&#8221;2020&#8243; tab_id=&#8221;1754388177031-80bab474-979f&#8221;][vc_column_text]<a href=\"https:\/\/spitalmciuc.ro\/wp-content\/uploads\/2025\/08\/Buget-2020.pdf\" target=\"_blank\" rel=\"noopener\"><strong>K\u00d6LTS\u00c9GVET\u00c9S 2020<\/strong><\/a><\/p>\n<p>&nbsp;<\/p>\n<p><a href=\"https:\/\/spitalmciuc.ro\/wp-content\/uploads\/2025\/08\/Situatii-financiare-31-12-2020.pdf\" target=\"_blank\" rel=\"noopener\"><strong>2020.12.31-i p\u00e9nz\u00fcgyi kimutat\u00e1sok<\/strong><\/a><\/p>\n<p>&nbsp;<\/p>\n<p><a href=\"https:\/\/spitalmciuc.ro\/wp-content\/uploads\/2025\/08\/Situatii-financiare-30.09.2020.pdf\" target=\"_blank\" rel=\"noopener\"><strong>2020.09.30-i p\u00e9nz\u00fcgyi kimutat\u00e1sok<\/strong><\/a><\/p>\n<p><a href=\"https:\/\/spitalmciuc.ro\/wp-content\/uploads\/2017\/11\/transparenta-septembrie-2020.XLS\">Fizet\u00e9sekb\u0151l sz\u00e1rmaz\u00f3 j\u00f6vedelem \u00e1tl\u00e1that\u00f3s\u00e1ga<\/a><\/p>\n<p>&nbsp;<\/p>\n<p><a href=\"https:\/\/spitalmciuc.ro\/wp-content\/uploads\/2025\/08\/Situatii-financiare-30.06.2020.pdf\" target=\"_blank\" rel=\"noopener\"><strong>2020.06.30-i p\u00e9nz\u00fcgyi kimutat\u00e1sok<\/strong><\/a><\/p>\n<p>&nbsp;<\/p>\n<p><a href=\"https:\/\/spitalmciuc.ro\/wp-content\/uploads\/2025\/08\/Situatii-financiare-31.03.2020.pdf\" target=\"_blank\" rel=\"noopener\"><strong>2020.03.31-i p\u00e9nz\u00fcgyi kimutat\u00e1sok<\/strong><\/a><\/p>\n<p><a href=\"https:\/\/spitalmciuc.ro\/wp-content\/uploads\/2017\/11\/Transparenta-veniturilor-salariale-martie-2020.xlsx\">Fizet\u00e9sekb\u0151l sz\u00e1rmaz\u00f3 j\u00f6vedelem \u00e1tl\u00e1that\u00f3s\u00e1ga<\/a>[\/vc_column_text][\/vc_tta_section][vc_tta_section title=&#8221;2019&#8243; tab_id=&#8221;1754388178102-025060c5-e96c&#8221;][vc_column_text]<strong>2019.09.30-i p\u00e9nz\u00fcgyi kimutat\u00e1sok<\/strong><\/p>\n<p><a href=\"doc\/venit\/2019.09.30\/PAAP%202019%20v.4%20format%20normal.pdf\">\u00c9ves k\u00f6zbeszerz\u00e9si terv &#8211; 2019<\/a><\/p>\n<p><a href=\"https:\/\/spitalmciuc.ro\/wp-content\/uploads\/2017\/11\/transparenta-septembrie-2019.XLS\">Fizet\u00e9sekb\u0151l sz\u00e1rmaz\u00f3 j\u00f6vedelem \u00e1tl\u00e1that\u00f3s\u00e1ga<\/a><\/p>\n<p>&nbsp;<\/p>\n<p><strong>2019.06.30-i p\u00e9nz\u00fcgyi kimutat\u00e1sok<\/strong><\/p>\n<p><a href=\"https:\/\/spitalmciuc.ro\/wp-content\/uploads\/2017\/11\/Buget-de-venituri-si-cheltuieli2019.pdf\">K\u00f6lts\u00e9gvet\u00e9s<\/a><\/p>\n<p><a href=\"https:\/\/spitalmciuc.ro\/wp-content\/uploads\/2017\/11\/contul-de-executiei-venituri.pdf\">V\u00e9grehajt\u00e1si sz\u00e1mla &#8211; Bev\u00e9telek<\/a><\/p>\n<p><a href=\"https:\/\/spitalmciuc.ro\/wp-content\/uploads\/2017\/11\/contul-de-executiei-cheltuieli.pdf\">V\u00e9grehajt\u00e1si sz\u00e1mla &#8211; Kiad\u00e1sok<\/a><\/p>\n<p>&nbsp;<\/p>\n<p><strong>2019.03.31-i p\u00e9nz\u00fcgyi kimutat\u00e1sok<\/strong><\/p>\n<p><a href=\"https:\/\/spitalmciuc.ro\/wp-content\/uploads\/2017\/11\/transparentamartie2019.XLS\">Fizet\u00e9sekb\u0151l sz\u00e1rmaz\u00f3 j\u00f6vedelem \u00e1tl\u00e1that\u00f3s\u00e1ga<\/a><\/p>\n<p><a href=\"https:\/\/spitalmciuc.ro\/wp-content\/uploads\/2017\/11\/Contul-de-executie-venituri.pdf\">V\u00e9grehajt\u00e1si sz\u00e1mla &#8211; Bev\u00e9telek<\/a><\/p>\n<p><a href=\"https:\/\/spitalmciuc.ro\/wp-content\/uploads\/2017\/11\/Cont-de-executie-cheltuieli.pdf\">V\u00e9grehajt\u00e1si sz\u00e1mla &#8211; Kiad\u00e1sok<\/a>[\/vc_column_text][\/vc_tta_section][vc_tta_section title=&#8221;2018&#8243; tab_id=&#8221;1754388179281-afe8d0a0-ff67&#8243;][vc_column_text]<strong>2018.12.31-i p\u00e9nz\u00fcgyi kimutat\u00e1sok<\/strong><\/p>\n<p><a href=\"https:\/\/spitalmciuc.ro\/wp-content\/uploads\/2017\/11\/BVC-2018-spital-31.12.2018.xls\">K\u00f6lts\u00e9gvet\u00e9s<\/a><\/p>\n<p><a href=\"https:\/\/spitalmciuc.ro\/wp-content\/uploads\/2017\/11\/cont-de-executie-venituri-31.12.2018.xls\">V\u00e9grehajt\u00e1si sz\u00e1mla &#8211; Bev\u00e9telek<\/a><\/p>\n<p><a href=\"https:\/\/spitalmciuc.ro\/wp-content\/uploads\/2017\/11\/Cont-de-executie-cheltuieli-31.12.2018.xls\">V\u00e9grehajt\u00e1si sz\u00e1mla &#8211; Kiad\u00e1sok<\/a><\/p>\n<p>&nbsp;<\/p>\n<p><strong>2018.09.30-i p\u00e9nz\u00fcgyi kimutat\u00e1sok<\/strong><\/p>\n<p><a href=\"https:\/\/spitalmciuc.ro\/wp-content\/uploads\/2017\/11\/transparenta-sept.2018.XLS\">Fizet\u00e9sekb\u0151l sz\u00e1rmaz\u00f3 j\u00f6vedelem \u00e1tl\u00e1that\u00f3s\u00e1ga<\/a><\/p>\n<p>&nbsp;<\/p>\n<p><strong>2018.03.31-i p\u00e9nz\u00fcgyi kimutat\u00e1sok<\/strong><\/p>\n<p><a href=\"https:\/\/spitalmciuc.ro\/wp-content\/uploads\/2017\/11\/Transparenta-veniturilor-salariale-31.03.2018.XLS\">Fizet\u00e9sekb\u0151l sz\u00e1rmaz\u00f3 j\u00f6vedelem \u00e1tl\u00e1that\u00f3s\u00e1ga<\/a><\/p>\n<p><a href=\"doc\/venit\/2018.03.31\/Contul%20de%20rezultat%20patrimonial.pdf%5b1%5d\">Vagyoni helyzet<\/a><\/p>\n<p><a href=\"doc\/venit\/2018.03.31\/Contul%20de%20execu%c8%9biei-Venituri.pdf%5b1%5d\">V\u00e9grehajt\u00e1si sz\u00e1mla &#8211; Bev\u00e9telek<\/a><\/p>\n<p><a href=\"doc\/venit\/2018.03.31\/Contul%20de%20executie-Cheltuieli.pdf%5b1%5d\">V\u00e9grehajt\u00e1si sz\u00e1mla &#8211; Kiad\u00e1sok<\/a><\/p>\n<p><a href=\"doc\/venit\/2018.03.31\/Pl%c4%83%c8%9bi%20restante.pdf%5b2%5d\">H\u00e1tral\u00e9v\u0151 kifizet\u00e9sek<\/a>[\/vc_column_text][\/vc_tta_section][vc_tta_section title=&#8221;2017&#8243; tab_id=&#8221;1754388179905-6fdabdb3-f354&#8243;][vc_column_text]<strong>2017.09.30-i p\u00e9nz\u00fcgyi kimutat\u00e1sok<\/strong><\/p>\n<p><a href=\"https:\/\/spitalmciuc.ro\/wp-content\/uploads\/2017\/11\/Transparenta-veniturilor-salariale-30.09.2017.XLS\">Fizet\u00e9sekb\u0151l sz\u00e1rmaz\u00f3 j\u00f6vedelem \u00e1tl\u00e1that\u00f3s\u00e1ga<\/a><\/p>\n<p>[\/vc_column_text][\/vc_tta_section][\/vc_tta_tour][\/vc_column][\/vc_row]<\/p>\n","protected":false},"excerpt":{"rendered":"<p>[vc_row][vc_column][vc_tta_tour][vc_tta_section title=&#8221;2025&#8243; tab_id=&#8221;1754388167280-93ed128c-ca1a&#8221;][vc_column_text]Szerz\u0151d\u00e9sek 5000 euro feletti \u00e9rt\u00e9kkel K\u00f6zbeszerz\u00e9sek \u00f6sszegz\u00e9se &nbsp; K\u00d6LTS\u00c9GVET\u00c9S 2025 &nbsp; Kifizet\u00e9sek helyzete decemberben Kifizet\u00e9sek helyzete novemberben Kifizet\u00e9sek helyzete okt\u00f3berben &nbsp; 2025.12.31-i p\u00e9nz\u00fcgyi kimutat\u00e1sok &nbsp; 2025.09.30-i p\u00e9nz\u00fcgyi kimutat\u00e1sok Fizet\u00e9sekb\u0151l sz\u00e1rmaz\u00f3 j\u00f6vedelem \u00e1tl\u00e1that\u00f3s\u00e1ga &nbsp; 2025.06.30-i p\u00e9nz\u00fcgyi kimutat\u00e1sok &nbsp; 2025.03.31-i p\u00e9nz\u00fcgyi kimutat\u00e1sok Fizet\u00e9sekb\u0151l sz\u00e1rmaz\u00f3 j\u00f6vedelem \u00e1tl\u00e1that\u00f3s\u00e1ga &nbsp; K\u00f6lts\u00e9gvet\u00e9si v\u00e9grehajt\u00e1s[\/vc_column_text][\/vc_tta_section][vc_tta_section title=&#8221;2024&#8243; tab_id=&#8221;1754388167292-fb216632-13f8&#8243;][vc_column_text]K\u00d6LTS\u00c9GVET\u00c9S 2024 &nbsp; 2024.12.31-i p\u00e9nz\u00fcgyi&hellip;<\/p>\n","protected":false},"author":11,"featured_media":0,"parent":0,"menu_order":4,"comment_status":"closed","ping_status":"closed","template":"","meta":[],"yoast_head":"<!-- This site is optimized with the Yoast SEO plugin v18.3 - https:\/\/yoast.com\/wordpress\/plugins\/seo\/ -->\n<title>P\u00e9nz\u00fcgyi kimutat\u00e1sok - Cs\u00edkszeredai Megyei S\u00fcrg\u0151ss\u00e9gi K\u00f3rh\u00e1z<\/title>\n<meta name=\"robots\" content=\"index, follow, max-snippet:-1, max-image-preview:large, max-video-preview:-1\" \/>\n<link rel=\"canonical\" href=\"https:\/\/spitalmciuc.ro\/hu\/fizetesekbol-szarmazo-joevedelem-atlathatosaga\/\" \/>\n<meta property=\"og:locale\" content=\"hu_HU\" \/>\n<meta property=\"og:type\" content=\"article\" \/>\n<meta property=\"og:title\" content=\"P\u00e9nz\u00fcgyi kimutat\u00e1sok - Cs\u00edkszeredai Megyei S\u00fcrg\u0151ss\u00e9gi K\u00f3rh\u00e1z\" \/>\n<meta property=\"og:description\" content=\"[vc_row][vc_column][vc_tta_tour][vc_tta_section title=&#8221;2025&#8243; tab_id=&#8221;1754388167280-93ed128c-ca1a&#8221;][vc_column_text]Szerz\u0151d\u00e9sek 5000 euro feletti \u00e9rt\u00e9kkel K\u00f6zbeszerz\u00e9sek \u00f6sszegz\u00e9se &nbsp; K\u00d6LTS\u00c9GVET\u00c9S 2025 &nbsp; Kifizet\u00e9sek helyzete decemberben Kifizet\u00e9sek helyzete novemberben Kifizet\u00e9sek helyzete okt\u00f3berben &nbsp; 2025.12.31-i p\u00e9nz\u00fcgyi kimutat\u00e1sok &nbsp; 2025.09.30-i p\u00e9nz\u00fcgyi kimutat\u00e1sok Fizet\u00e9sekb\u0151l sz\u00e1rmaz\u00f3 j\u00f6vedelem \u00e1tl\u00e1that\u00f3s\u00e1ga &nbsp; 2025.06.30-i p\u00e9nz\u00fcgyi kimutat\u00e1sok &nbsp; 2025.03.31-i p\u00e9nz\u00fcgyi kimutat\u00e1sok Fizet\u00e9sekb\u0151l sz\u00e1rmaz\u00f3 j\u00f6vedelem \u00e1tl\u00e1that\u00f3s\u00e1ga &nbsp; K\u00f6lts\u00e9gvet\u00e9si v\u00e9grehajt\u00e1s[\/vc_column_text][\/vc_tta_section][vc_tta_section title=&#8221;2024&#8243; tab_id=&#8221;1754388167292-fb216632-13f8&#8243;][vc_column_text]K\u00d6LTS\u00c9GVET\u00c9S 2024 &nbsp; 2024.12.31-i p\u00e9nz\u00fcgyi&hellip;\" \/>\n<meta property=\"og:url\" content=\"https:\/\/spitalmciuc.ro\/hu\/fizetesekbol-szarmazo-joevedelem-atlathatosaga\/\" \/>\n<meta property=\"og:site_name\" content=\"Cs\u00edkszeredai Megyei S\u00fcrg\u0151ss\u00e9gi K\u00f3rh\u00e1z\" \/>\n<meta property=\"article:modified_time\" content=\"2026-02-09T13:38:24+00:00\" \/>\n<meta name=\"twitter:card\" content=\"summary_large_image\" \/>\n<meta name=\"twitter:label1\" content=\"Becs\u00fclt olvas\u00e1si id\u0151\" \/>\n\t<meta name=\"twitter:data1\" content=\"2 perc\" \/>\n<script type=\"application\/ld+json\" class=\"yoast-schema-graph\">{\"@context\":\"https:\/\/schema.org\",\"@graph\":[{\"@type\":\"Organization\",\"@id\":\"https:\/\/spitalmciuc.ro\/#organization\",\"name\":\"Spitalul Jude\u0163ean de Urgen\u0163\u0103 Miercurea Ciuc\",\"url\":\"https:\/\/spitalmciuc.ro\/\",\"sameAs\":[],\"logo\":{\"@type\":\"ImageObject\",\"@id\":\"https:\/\/spitalmciuc.ro\/#logo\",\"inLanguage\":\"hu\",\"url\":\"https:\/\/spitalmciuc.ro\/wp-content\/uploads\/2022\/02\/logo-spital-ro-60.jpg\",\"contentUrl\":\"https:\/\/spitalmciuc.ro\/wp-content\/uploads\/2022\/02\/logo-spital-ro-60.jpg\",\"width\":198,\"height\":60,\"caption\":\"Spitalul Jude\u0163ean de Urgen\u0163\u0103 Miercurea Ciuc\"},\"image\":{\"@id\":\"https:\/\/spitalmciuc.ro\/#logo\"}},{\"@type\":\"WebSite\",\"@id\":\"https:\/\/spitalmciuc.ro\/#website\",\"url\":\"https:\/\/spitalmciuc.ro\/\",\"name\":\"Cs\u00edkszeredai Megyei S\u00fcrg\u0151ss\u00e9gi K\u00f3rh\u00e1z\",\"description\":\"\",\"publisher\":{\"@id\":\"https:\/\/spitalmciuc.ro\/#organization\"},\"potentialAction\":[{\"@type\":\"SearchAction\",\"target\":{\"@type\":\"EntryPoint\",\"urlTemplate\":\"https:\/\/spitalmciuc.ro\/?s={search_term_string}\"},\"query-input\":\"required name=search_term_string\"}],\"inLanguage\":\"hu\"},{\"@type\":\"WebPage\",\"@id\":\"https:\/\/spitalmciuc.ro\/hu\/fizetesekbol-szarmazo-joevedelem-atlathatosaga\/#webpage\",\"url\":\"https:\/\/spitalmciuc.ro\/hu\/fizetesekbol-szarmazo-joevedelem-atlathatosaga\/\",\"name\":\"P\u00e9nz\u00fcgyi kimutat\u00e1sok - Cs\u00edkszeredai Megyei S\u00fcrg\u0151ss\u00e9gi K\u00f3rh\u00e1z\",\"isPartOf\":{\"@id\":\"https:\/\/spitalmciuc.ro\/#website\"},\"datePublished\":\"2017-11-17T06:15:15+00:00\",\"dateModified\":\"2026-02-09T13:38:24+00:00\",\"breadcrumb\":{\"@id\":\"https:\/\/spitalmciuc.ro\/hu\/fizetesekbol-szarmazo-joevedelem-atlathatosaga\/#breadcrumb\"},\"inLanguage\":\"hu\",\"potentialAction\":[{\"@type\":\"ReadAction\",\"target\":[\"https:\/\/spitalmciuc.ro\/hu\/fizetesekbol-szarmazo-joevedelem-atlathatosaga\/\"]}]},{\"@type\":\"BreadcrumbList\",\"@id\":\"https:\/\/spitalmciuc.ro\/hu\/fizetesekbol-szarmazo-joevedelem-atlathatosaga\/#breadcrumb\",\"itemListElement\":[{\"@type\":\"ListItem\",\"position\":1,\"name\":\"Kezd\u0151lap\",\"item\":\"https:\/\/spitalmciuc.ro\/hu\/\"},{\"@type\":\"ListItem\",\"position\":2,\"name\":\"P\u00e9nz\u00fcgyi kimutat\u00e1sok\"}]}]}<\/script>\n<!-- \/ Yoast SEO plugin. -->","yoast_head_json":{"title":"P\u00e9nz\u00fcgyi kimutat\u00e1sok - Cs\u00edkszeredai Megyei S\u00fcrg\u0151ss\u00e9gi K\u00f3rh\u00e1z","robots":{"index":"index","follow":"follow","max-snippet":"max-snippet:-1","max-image-preview":"max-image-preview:large","max-video-preview":"max-video-preview:-1"},"canonical":"https:\/\/spitalmciuc.ro\/hu\/fizetesekbol-szarmazo-joevedelem-atlathatosaga\/","og_locale":"hu_HU","og_type":"article","og_title":"P\u00e9nz\u00fcgyi kimutat\u00e1sok - Cs\u00edkszeredai Megyei S\u00fcrg\u0151ss\u00e9gi K\u00f3rh\u00e1z","og_description":"[vc_row][vc_column][vc_tta_tour][vc_tta_section title=&#8221;2025&#8243; tab_id=&#8221;1754388167280-93ed128c-ca1a&#8221;][vc_column_text]Szerz\u0151d\u00e9sek 5000 euro feletti \u00e9rt\u00e9kkel K\u00f6zbeszerz\u00e9sek \u00f6sszegz\u00e9se &nbsp; K\u00d6LTS\u00c9GVET\u00c9S 2025 &nbsp; Kifizet\u00e9sek helyzete decemberben Kifizet\u00e9sek helyzete novemberben Kifizet\u00e9sek helyzete okt\u00f3berben &nbsp; 2025.12.31-i p\u00e9nz\u00fcgyi kimutat\u00e1sok &nbsp; 2025.09.30-i p\u00e9nz\u00fcgyi kimutat\u00e1sok Fizet\u00e9sekb\u0151l sz\u00e1rmaz\u00f3 j\u00f6vedelem \u00e1tl\u00e1that\u00f3s\u00e1ga &nbsp; 2025.06.30-i p\u00e9nz\u00fcgyi kimutat\u00e1sok &nbsp; 2025.03.31-i p\u00e9nz\u00fcgyi kimutat\u00e1sok Fizet\u00e9sekb\u0151l sz\u00e1rmaz\u00f3 j\u00f6vedelem \u00e1tl\u00e1that\u00f3s\u00e1ga &nbsp; K\u00f6lts\u00e9gvet\u00e9si v\u00e9grehajt\u00e1s[\/vc_column_text][\/vc_tta_section][vc_tta_section title=&#8221;2024&#8243; tab_id=&#8221;1754388167292-fb216632-13f8&#8243;][vc_column_text]K\u00d6LTS\u00c9GVET\u00c9S 2024 &nbsp; 2024.12.31-i p\u00e9nz\u00fcgyi&hellip;","og_url":"https:\/\/spitalmciuc.ro\/hu\/fizetesekbol-szarmazo-joevedelem-atlathatosaga\/","og_site_name":"Cs\u00edkszeredai Megyei S\u00fcrg\u0151ss\u00e9gi K\u00f3rh\u00e1z","article_modified_time":"2026-02-09T13:38:24+00:00","twitter_card":"summary_large_image","twitter_misc":{"Becs\u00fclt olvas\u00e1si id\u0151":"2 perc"},"schema":{"@context":"https:\/\/schema.org","@graph":[{"@type":"Organization","@id":"https:\/\/spitalmciuc.ro\/#organization","name":"Spitalul Jude\u0163ean de Urgen\u0163\u0103 Miercurea Ciuc","url":"https:\/\/spitalmciuc.ro\/","sameAs":[],"logo":{"@type":"ImageObject","@id":"https:\/\/spitalmciuc.ro\/#logo","inLanguage":"hu","url":"https:\/\/spitalmciuc.ro\/wp-content\/uploads\/2022\/02\/logo-spital-ro-60.jpg","contentUrl":"https:\/\/spitalmciuc.ro\/wp-content\/uploads\/2022\/02\/logo-spital-ro-60.jpg","width":198,"height":60,"caption":"Spitalul Jude\u0163ean de Urgen\u0163\u0103 Miercurea Ciuc"},"image":{"@id":"https:\/\/spitalmciuc.ro\/#logo"}},{"@type":"WebSite","@id":"https:\/\/spitalmciuc.ro\/#website","url":"https:\/\/spitalmciuc.ro\/","name":"Cs\u00edkszeredai Megyei S\u00fcrg\u0151ss\u00e9gi K\u00f3rh\u00e1z","description":"","publisher":{"@id":"https:\/\/spitalmciuc.ro\/#organization"},"potentialAction":[{"@type":"SearchAction","target":{"@type":"EntryPoint","urlTemplate":"https:\/\/spitalmciuc.ro\/?s={search_term_string}"},"query-input":"required name=search_term_string"}],"inLanguage":"hu"},{"@type":"WebPage","@id":"https:\/\/spitalmciuc.ro\/hu\/fizetesekbol-szarmazo-joevedelem-atlathatosaga\/#webpage","url":"https:\/\/spitalmciuc.ro\/hu\/fizetesekbol-szarmazo-joevedelem-atlathatosaga\/","name":"P\u00e9nz\u00fcgyi kimutat\u00e1sok - Cs\u00edkszeredai Megyei S\u00fcrg\u0151ss\u00e9gi K\u00f3rh\u00e1z","isPartOf":{"@id":"https:\/\/spitalmciuc.ro\/#website"},"datePublished":"2017-11-17T06:15:15+00:00","dateModified":"2026-02-09T13:38:24+00:00","breadcrumb":{"@id":"https:\/\/spitalmciuc.ro\/hu\/fizetesekbol-szarmazo-joevedelem-atlathatosaga\/#breadcrumb"},"inLanguage":"hu","potentialAction":[{"@type":"ReadAction","target":["https:\/\/spitalmciuc.ro\/hu\/fizetesekbol-szarmazo-joevedelem-atlathatosaga\/"]}]},{"@type":"BreadcrumbList","@id":"https:\/\/spitalmciuc.ro\/hu\/fizetesekbol-szarmazo-joevedelem-atlathatosaga\/#breadcrumb","itemListElement":[{"@type":"ListItem","position":1,"name":"Kezd\u0151lap","item":"https:\/\/spitalmciuc.ro\/hu\/"},{"@type":"ListItem","position":2,"name":"P\u00e9nz\u00fcgyi kimutat\u00e1sok"}]}]}},"_links":{"self":[{"href":"https:\/\/spitalmciuc.ro\/hu\/wp-json\/wp\/v2\/pages\/3942"}],"collection":[{"href":"https:\/\/spitalmciuc.ro\/hu\/wp-json\/wp\/v2\/pages"}],"about":[{"href":"https:\/\/spitalmciuc.ro\/hu\/wp-json\/wp\/v2\/types\/page"}],"author":[{"embeddable":true,"href":"https:\/\/spitalmciuc.ro\/hu\/wp-json\/wp\/v2\/users\/11"}],"replies":[{"embeddable":true,"href":"https:\/\/spitalmciuc.ro\/hu\/wp-json\/wp\/v2\/comments?post=3942"}],"version-history":[{"count":29,"href":"https:\/\/spitalmciuc.ro\/hu\/wp-json\/wp\/v2\/pages\/3942\/revisions"}],"predecessor-version":[{"id":19106,"href":"https:\/\/spitalmciuc.ro\/hu\/wp-json\/wp\/v2\/pages\/3942\/revisions\/19106"}],"wp:attachment":[{"href":"https:\/\/spitalmciuc.ro\/hu\/wp-json\/wp\/v2\/media?parent=3942"}],"curies":[{"name":"wp","href":"https:\/\/api.w.org\/{rel}","templated":true}]}}