{"id":3888,"date":"2017-07-07T06:09:50","date_gmt":"2017-07-07T06:09:50","guid":{"rendered":"https:\/\/spital.creative-solutions.ro\/index.php\/vagyon-es-erdeknyilatkozatok-adminisztrativ-tanacs\/"},"modified":"2022-03-03T11:23:05","modified_gmt":"2022-03-03T11:23:05","slug":"vagyon-es-erdeknyilatkozatok-adminisztrativ-tanacs-2016-2017","status":"publish","type":"page","link":"https:\/\/spitalmciuc.ro\/hu\/vagyon-es-erdeknyilatkozatok\/vagyon-es-erdeknyilatkozatok-adminisztrativ-tanacs-2016-2017\/","title":{"rendered":"Vagyon- \u00e9s \u00e9rdeknyilatkozatok &#8211; 2016-2017"},"content":{"rendered":"<p>&nbsp;<\/p>\n<p>Vagyon &#8211; &gt;\u00e9s \u00e9rdeknyilatkozatok a 176\/2010. sz\u00e1m\u00fa T\u00f6rv\u00e9ny alapj\u00e1n:<\/p>\n<p>Adminisztrat\u00edv tan\u00e1cs:<\/p>\n<p>1. <a href=\"https:\/\/spitalmciuc.ro\/wp-content\/uploads\/2017\/07\/MembruAntalRenata.pdf\" target=\"_blank\" rel=\"noopener\">Antal Ren\u00e1ta<\/a><\/p>\n<p>2. <a href=\"https:\/\/spitalmciuc.ro\/wp-content\/uploads\/2017\/07\/MembruBiroKinga.pdf\" target=\"_blank\" rel=\"noopener\">B\u00edr\u00f3 Kinga<\/a><\/p>\n<p>3. <a href=\"https:\/\/spitalmciuc.ro\/wp-content\/uploads\/2017\/07\/MembruBokorMartin.pdf\" target=\"_blank\" rel=\"noopener\">Dr. Bokor Martin<\/a><\/p>\n<p>4. <a href=\"https:\/\/spitalmciuc.ro\/wp-content\/uploads\/2017\/07\/MembruLanyiSzabolcs.pdf\" target=\"_blank\" rel=\"noopener\">L\u00e1nyi Szabolcs<\/a><\/p>\n<p>5. <a href=\"https:\/\/spitalmciuc.ro\/wp-content\/uploads\/2017\/07\/MembruLazarCeciliaErzsebet.pdf\" target=\"_blank\" rel=\"noopener\">Dr. L\u00e1z\u00e1r Cecilia-Erzs\u00e9bet<\/a><\/p>\n<p>6. <a href=\"https:\/\/spitalmciuc.ro\/wp-content\/uploads\/2017\/07\/MembruMatheArpad.pdf\" target=\"_blank\" rel=\"noopener\">M\u00e1th\u00e9 \u00c1rp\u00e1d<\/a><\/p>\n<p>7. <a href=\"https:\/\/spitalmciuc.ro\/wp-content\/uploads\/2017\/07\/MembruRomfeldMariaMagdolna.pdf\" target=\"_blank\" rel=\"noopener\">Romfeld M\u00e1ria Magdolna<\/a><\/p>\n<p>8. <a href=\"https:\/\/spitalmciuc.ro\/wp-content\/uploads\/2017\/07\/MembruSzaboGyula.pdf\" target=\"_blank\" rel=\"noopener\">Szab\u00f3 Gyula<\/a><\/p>\n<p>9. <a href=\"https:\/\/spitalmciuc.ro\/wp-content\/uploads\/2017\/07\/MembruTarGyongyi.pdf\" target=\"_blank\" rel=\"noopener\">Dr. Tar Gy\u00f6ngyi<\/a><\/p>\n<p>10. <a href=\"https:\/\/spitalmciuc.ro\/wp-content\/uploads\/2017\/07\/MembruVagassyAlpar.pdf\" target=\"_blank\" rel=\"noopener\">V\u00e1g\u00e1ssy Alp\u00e1r<\/a><\/p>\n<p>11. <a href=\"https:\/\/spitalmciuc.ro\/wp-content\/uploads\/2017\/07\/MembruZondaErika.pdf\" target=\"_blank\" rel=\"noopener\">Zonda Erika<\/a><\/p>\n<p>&nbsp;<\/p>\n<p>Igazgat\u00f3tan\u00e1cs:<\/p>\n<p>1. <a href=\"https:\/\/spitalmciuc.ro\/wp-content\/uploads\/2017\/07\/ComitetDemeterFerenc.pdf\" target=\"_blank\" rel=\"noopener\">Dr. Demeter Ferenc &#8211; k\u00f3rh\u00e1zmenedzser<\/a><\/p>\n<p>2. <a href=\"https:\/\/spitalmciuc.ro\/wp-content\/uploads\/2017\/07\/ComitetKonradJudith.pdf\" target=\"_blank\" rel=\"noopener\">Dr. Konr\u00e1d Judith &#8211; orvosigazgat\u00f3<\/a><\/p>\n<p>3. <a href=\"https:\/\/spitalmciuc.ro\/wp-content\/uploads\/2017\/07\/ComitetFulopEniko.pdf\" target=\"_blank\" rel=\"noopener\">F\u00fcl\u00f6p Enik\u0151 &#8211; p\u00e9nz\u00fcgyi-sz\u00e1mviteli igazgat\u00f3<\/a><\/p>\n<p>4. <a href=\"https:\/\/spitalmciuc.ro\/wp-content\/uploads\/2017\/07\/ComitetViziMariaMelinda.pdf\" target=\"_blank\" rel=\"noopener\">Vizi M\u00e1ria Melinda &#8211; \u00e1pol\u00e1si igazgat\u00f3<\/a><\/p>\n<p>&nbsp;<\/p>\n<p>Oszt\u00e1lyvezet\u0151 orvosok:<\/p>\n<p>1. <a href=\"https:\/\/spitalmciuc.ro\/wp-content\/uploads\/2017\/07\/SefAlbertClaudiu.pdf\" target=\"_blank\" rel=\"noopener\">Dr. Albert Claudiu<\/a><\/p>\n<p>2. <a href=\"https:\/\/spitalmciuc.ro\/wp-content\/uploads\/2017\/07\/SefAmbrusIren.pdf\" target=\"_blank\" rel=\"noopener\">Dr. Ambrus Ir\u00e9n<\/a><\/p>\n<p>3. <a href=\"https:\/\/spitalmciuc.ro\/wp-content\/uploads\/2017\/07\/SefBodoPal.pdf\" target=\"_blank\" rel=\"noopener\">Dr. Bod\u00f3 P\u00e1l<\/a><\/p>\n<p>4. <a href=\"https:\/\/spitalmciuc.ro\/wp-content\/uploads\/2017\/07\/SefBurszanBarabasAndrei.pdf\" target=\"_blank\" rel=\"noopener\">Dr. Bursz\u00e1n-Barab\u00e1s Andrei<\/a><\/p>\n<p>5. <a href=\"https:\/\/spitalmciuc.ro\/wp-content\/uploads\/2017\/07\/SefDuplenschiMariaMagdolna.pdf\" target=\"_blank\" rel=\"noopener\">Dr. Duplenschi M\u00e1ria Magdolna<\/a><\/p>\n<p>6. <a href=\"https:\/\/spitalmciuc.ro\/wp-content\/uploads\/2017\/07\/SefFodorIstvan.pdf\" target=\"_blank\" rel=\"noopener\">Dr. Fodor Istv\u00e1n<\/a><\/p>\n<p>7. <a href=\"https:\/\/spitalmciuc.ro\/wp-content\/uploads\/2017\/07\/SefFustosAnnamaria.pdf\" target=\"_blank\" rel=\"noopener\">Dr. F\u00fcst\u00f6s Annam\u00e1ria<\/a><\/p>\n<p>8. <a href=\"https:\/\/spitalmciuc.ro\/wp-content\/uploads\/2017\/07\/SefGalacziZsuzsanna.pdf\" target=\"_blank\" rel=\"noopener\">Dr. Galaczi Zsuzsanna<\/a><\/p>\n<p>9. <a href=\"https:\/\/spitalmciuc.ro\/wp-content\/uploads\/2017\/07\/SefHolloGergely.pdf\" target=\"_blank\" rel=\"noopener\">Dr. Holl\u00f3 Gergely<\/a><\/p>\n<p>10. <a href=\"https:\/\/spitalmciuc.ro\/wp-content\/uploads\/2017\/07\/SefHolloTundeMaria.pdf\" target=\"_blank\" rel=\"noopener\">Dr. Holl\u00f3 T\u00fcnde M\u00e1ria<\/a><\/p>\n<p>11. <a href=\"https:\/\/spitalmciuc.ro\/wp-content\/uploads\/2017\/07\/SefInczeEmese.pdf\" target=\"_blank\" rel=\"noopener\">Dr. Incze Emese<\/a><\/p>\n<p>12. <a href=\"https:\/\/spitalmciuc.ro\/wp-content\/uploads\/2017\/07\/SefIurcsukOlga.pdf\" target=\"_blank\" rel=\"noopener\">Dr. Iurcsuk Olga<\/a><\/p>\n<p>13. <a href=\"https:\/\/spitalmciuc.ro\/wp-content\/uploads\/2017\/07\/SefKacsoJolan.pdf\" target=\"_blank\" rel=\"noopener\">Dr. Kacs\u00f3 Jol\u00e1n<\/a><\/p>\n<p>14. <a href=\"https:\/\/spitalmciuc.ro\/wp-content\/uploads\/2017\/07\/SefKovatsAnaEdith.pdf\" target=\"_blank\" rel=\"noopener\">Dr. Kov\u00e1ts Ana Edith<\/a><\/p>\n<p>15. <a href=\"https:\/\/spitalmciuc.ro\/wp-content\/uploads\/2017\/07\/SefKurkoCsilla.pdf\" target=\"_blank\" rel=\"noopener\">Dr. Kurk\u00f3 Csilla<\/a><\/p>\n<p>16. <a href=\"https:\/\/spitalmciuc.ro\/wp-content\/uploads\/2017\/07\/SefLaszloEmeric.pdf\" target=\"_blank\" rel=\"noopener\">Dr. L\u00e1szl\u00f3 Emeric<\/a><\/p>\n<p>17. <a href=\"https:\/\/spitalmciuc.ro\/wp-content\/uploads\/2017\/07\/SefLaszloZsuzsanna.pdf\" target=\"_blank\" rel=\"noopener\">Dr. L\u00e1szl\u00f3 Zsuzs\u00e1nna<\/a><\/p>\n<p>18. <a href=\"https:\/\/spitalmciuc.ro\/wp-content\/uploads\/2017\/07\/SefSingeorzanSergiu.pdf\" target=\"_blank\" rel=\"noopener\">Dr. S\u00eengeorzan Sergiu<\/a><\/p>\n<p>19. <a href=\"https:\/\/spitalmciuc.ro\/wp-content\/uploads\/2017\/07\/SefSinkoJanos.pdf\" target=\"_blank\" rel=\"noopener\">Dr. Sink\u00f3 J\u00e1nos<\/a><\/p>\n<p>20. <a href=\"https:\/\/spitalmciuc.ro\/wp-content\/uploads\/2017\/07\/SefSzantoAndras.pdf\" target=\"_blank\" rel=\"noopener\">Dr. Sz\u00e1nt\u00f3 Andr\u00e1s<\/a><\/p>\n<p>21. <a href=\"https:\/\/spitalmciuc.ro\/wp-content\/uploads\/2017\/07\/SefSzilagyiErzsebet.pdf\" target=\"_blank\" rel=\"noopener\">Dr. Szil\u00e1gyi Erzs\u00e9bet<\/a><\/p>\n<p>22. <a href=\"https:\/\/spitalmciuc.ro\/wp-content\/uploads\/2017\/07\/SefVargancsikMargareta.pdf\" target=\"_blank\" rel=\"noopener\">Dr. Vargancsik Margareta<\/a><\/p>\n<p>23. <a href=\"https:\/\/spitalmciuc.ro\/wp-content\/uploads\/2017\/07\/SefVargaPeter.pdf\" target=\"_blank\" rel=\"noopener\">Dr. Varga P\u00e9ter<\/a><\/p>\n<p>24. <a href=\"https:\/\/spitalmciuc.ro\/wp-content\/uploads\/2017\/07\/SefVeresSarolta.pdf\" target=\"_blank\" rel=\"noopener\">Veres Sarolta<\/a><\/p>\n<p>25. <a href=\"https:\/\/spitalmciuc.ro\/wp-content\/uploads\/2017\/07\/SefVeressReka.pdf\" target=\"_blank\" rel=\"noopener\">Dr. Veress R\u00e9ka<\/a><\/p>\n<p>26. <a href=\"https:\/\/spitalmciuc.ro\/wp-content\/uploads\/2017\/07\/SefVitosAttila.pdf\" target=\"_blank\" rel=\"noopener\">Dr. Vitos Attila<\/a><\/p>\n<p>&nbsp;<\/p>\n<p>Volt oszt\u00e1lyvezet\u0151 orvosok:<\/p>\n<p>1. <a href=\"https:\/\/spitalmciuc.ro\/wp-content\/uploads\/2017\/07\/FostsefBorsaStefan.pdf\" target=\"_blank\" rel=\"noopener\">Dr. Borsa \u0218tefan<\/a><\/p>\n<p>2. <a href=\"https:\/\/spitalmciuc.ro\/wp-content\/uploads\/2017\/07\/FostsefHompothGyorgy.pdf\" target=\"_blank\" rel=\"noopener\">Dr. Hompoth Gy\u00f6rgy<\/a><\/p>\n<p>3. <a href=\"https:\/\/spitalmciuc.ro\/wp-content\/uploads\/2017\/07\/FostsefKraftZsoltBela.pdf\" target=\"_blank\" rel=\"noopener\">Dr. Kraft Zsolt B\u00e9la<\/a><\/p>\n<p>4. <a href=\"https:\/\/spitalmciuc.ro\/wp-content\/uploads\/2017\/07\/FostsefMarosiMariaTerezia.pdf\" target=\"_blank\" rel=\"noopener\">Dr. Marosi M\u00e1ria Ter\u00e9zia<\/a><\/p>\n<p>5. <a href=\"https:\/\/spitalmciuc.ro\/wp-content\/uploads\/2017\/07\/FostsefPirosGheorgheAdam.pdf\" target=\"_blank\" rel=\"noopener\">Dr. Piros Gheorghe \u00c1d\u00e1m<\/a><\/p>\n<p>6. <a href=\"https:\/\/spitalmciuc.ro\/wp-content\/uploads\/2017\/07\/FostsefSingeorzanDorin.pdf\" target=\"_blank\" rel=\"noopener\">Dr. S\u00eengeorzan Dorin<\/a><\/p>\n<p>&nbsp;<\/p>\n<p><strong>\u0170rlap:<\/strong><\/p>\n<p><a href=\"https:\/\/spitalmciuc.ro\/wp-content\/uploads\/2017\/07\/FormularDeclaratieAvereInterese.doc\" target=\"_blank\" rel=\"noopener\">Vagyon- \u00e9s \u00e9rdeknyilatkozat \u0171rlap<\/a><\/p>\n","protected":false},"excerpt":{"rendered":"<p>&nbsp; Vagyon &#8211; &gt;\u00e9s \u00e9rdeknyilatkozatok a 176\/2010. sz\u00e1m\u00fa T\u00f6rv\u00e9ny alapj\u00e1n: Adminisztrat\u00edv tan\u00e1cs: 1. Antal Ren\u00e1ta 2. B\u00edr\u00f3 Kinga 3. Dr. Bokor Martin 4. L\u00e1nyi Szabolcs 5. Dr. L\u00e1z\u00e1r Cecilia-Erzs\u00e9bet 6. M\u00e1th\u00e9 \u00c1rp\u00e1d 7. Romfeld M\u00e1ria Magdolna 8. Szab\u00f3 Gyula 9. Dr. Tar Gy\u00f6ngyi 10. V\u00e1g\u00e1ssy Alp\u00e1r 11. Zonda Erika &nbsp; Igazgat\u00f3tan\u00e1cs: 1. Dr. Demeter Ferenc&hellip;<\/p>\n","protected":false},"author":11,"featured_media":0,"parent":6784,"menu_order":29,"comment_status":"closed","ping_status":"closed","template":"","meta":[],"yoast_head":"<!-- This site is optimized with the Yoast SEO plugin v18.3 - https:\/\/yoast.com\/wordpress\/plugins\/seo\/ -->\n<title>Vagyon- \u00e9s \u00e9rdeknyilatkozatok - 2016-2017 - Cs\u00edkszeredai Megyei S\u00fcrg\u0151ss\u00e9gi K\u00f3rh\u00e1z<\/title>\n<meta name=\"robots\" content=\"index, follow, max-snippet:-1, max-image-preview:large, max-video-preview:-1\" \/>\n<link rel=\"canonical\" href=\"https:\/\/spitalmciuc.ro\/vagyon-es-erdeknyilatkozatok\/vagyon-es-erdeknyilatkozatok-adminisztrativ-tanacs-2016-2017\/\" \/>\n<meta property=\"og:locale\" content=\"hu_HU\" \/>\n<meta property=\"og:type\" content=\"article\" \/>\n<meta property=\"og:title\" content=\"Vagyon- \u00e9s \u00e9rdeknyilatkozatok - 2016-2017 - Cs\u00edkszeredai Megyei S\u00fcrg\u0151ss\u00e9gi K\u00f3rh\u00e1z\" \/>\n<meta property=\"og:description\" content=\"&nbsp; Vagyon &#8211; &gt;\u00e9s \u00e9rdeknyilatkozatok a 176\/2010. sz\u00e1m\u00fa T\u00f6rv\u00e9ny alapj\u00e1n: Adminisztrat\u00edv tan\u00e1cs: 1. Antal Ren\u00e1ta 2. B\u00edr\u00f3 Kinga 3. Dr. Bokor Martin 4. L\u00e1nyi Szabolcs 5. Dr. L\u00e1z\u00e1r Cecilia-Erzs\u00e9bet 6. M\u00e1th\u00e9 \u00c1rp\u00e1d 7. Romfeld M\u00e1ria Magdolna 8. Szab\u00f3 Gyula 9. Dr. Tar Gy\u00f6ngyi 10. V\u00e1g\u00e1ssy Alp\u00e1r 11. Zonda Erika &nbsp; Igazgat\u00f3tan\u00e1cs: 1. Dr. Demeter Ferenc&hellip;\" \/>\n<meta property=\"og:url\" content=\"https:\/\/spitalmciuc.ro\/vagyon-es-erdeknyilatkozatok\/vagyon-es-erdeknyilatkozatok-adminisztrativ-tanacs-2016-2017\/\" \/>\n<meta property=\"og:site_name\" content=\"Cs\u00edkszeredai Megyei S\u00fcrg\u0151ss\u00e9gi K\u00f3rh\u00e1z\" \/>\n<meta property=\"article:modified_time\" content=\"2022-03-03T11:23:05+00:00\" \/>\n<meta name=\"twitter:card\" content=\"summary_large_image\" \/>\n<meta name=\"twitter:label1\" content=\"Becs\u00fclt olvas\u00e1si id\u0151\" \/>\n\t<meta name=\"twitter:data1\" content=\"2 perc\" \/>\n<script type=\"application\/ld+json\" class=\"yoast-schema-graph\">{\"@context\":\"https:\/\/schema.org\",\"@graph\":[{\"@type\":\"Organization\",\"@id\":\"https:\/\/spitalmciuc.ro\/#organization\",\"name\":\"Spitalul Jude\u0163ean de Urgen\u0163\u0103 Miercurea Ciuc\",\"url\":\"https:\/\/spitalmciuc.ro\/\",\"sameAs\":[],\"logo\":{\"@type\":\"ImageObject\",\"@id\":\"https:\/\/spitalmciuc.ro\/#logo\",\"inLanguage\":\"hu\",\"url\":\"https:\/\/spitalmciuc.ro\/wp-content\/uploads\/2022\/02\/logo-spital-ro-60.jpg\",\"contentUrl\":\"https:\/\/spitalmciuc.ro\/wp-content\/uploads\/2022\/02\/logo-spital-ro-60.jpg\",\"width\":198,\"height\":60,\"caption\":\"Spitalul Jude\u0163ean de Urgen\u0163\u0103 Miercurea Ciuc\"},\"image\":{\"@id\":\"https:\/\/spitalmciuc.ro\/#logo\"}},{\"@type\":\"WebSite\",\"@id\":\"https:\/\/spitalmciuc.ro\/#website\",\"url\":\"https:\/\/spitalmciuc.ro\/\",\"name\":\"Cs\u00edkszeredai Megyei S\u00fcrg\u0151ss\u00e9gi K\u00f3rh\u00e1z\",\"description\":\"\",\"publisher\":{\"@id\":\"https:\/\/spitalmciuc.ro\/#organization\"},\"potentialAction\":[{\"@type\":\"SearchAction\",\"target\":{\"@type\":\"EntryPoint\",\"urlTemplate\":\"https:\/\/spitalmciuc.ro\/?s={search_term_string}\"},\"query-input\":\"required name=search_term_string\"}],\"inLanguage\":\"hu\"},{\"@type\":\"WebPage\",\"@id\":\"https:\/\/spitalmciuc.ro\/vagyon-es-erdeknyilatkozatok\/vagyon-es-erdeknyilatkozatok-adminisztrativ-tanacs-2016-2017\/#webpage\",\"url\":\"https:\/\/spitalmciuc.ro\/vagyon-es-erdeknyilatkozatok\/vagyon-es-erdeknyilatkozatok-adminisztrativ-tanacs-2016-2017\/\",\"name\":\"Vagyon- \u00e9s \u00e9rdeknyilatkozatok - 2016-2017 - Cs\u00edkszeredai Megyei S\u00fcrg\u0151ss\u00e9gi K\u00f3rh\u00e1z\",\"isPartOf\":{\"@id\":\"https:\/\/spitalmciuc.ro\/#website\"},\"datePublished\":\"2017-07-07T06:09:50+00:00\",\"dateModified\":\"2022-03-03T11:23:05+00:00\",\"breadcrumb\":{\"@id\":\"https:\/\/spitalmciuc.ro\/vagyon-es-erdeknyilatkozatok\/vagyon-es-erdeknyilatkozatok-adminisztrativ-tanacs-2016-2017\/#breadcrumb\"},\"inLanguage\":\"hu\",\"potentialAction\":[{\"@type\":\"ReadAction\",\"target\":[\"https:\/\/spitalmciuc.ro\/vagyon-es-erdeknyilatkozatok\/vagyon-es-erdeknyilatkozatok-adminisztrativ-tanacs-2016-2017\/\"]}]},{\"@type\":\"BreadcrumbList\",\"@id\":\"https:\/\/spitalmciuc.ro\/vagyon-es-erdeknyilatkozatok\/vagyon-es-erdeknyilatkozatok-adminisztrativ-tanacs-2016-2017\/#breadcrumb\",\"itemListElement\":[{\"@type\":\"ListItem\",\"position\":1,\"name\":\"Kezd\u0151lap\",\"item\":\"https:\/\/spitalmciuc.ro\/hu\/\"},{\"@type\":\"ListItem\",\"position\":2,\"name\":\"Vagyon \u00e9s \u00e9rdeknyilatkozatok\",\"item\":\"https:\/\/spitalmciuc.ro\/vagyon-es-erdeknyilatkozatok\/\"},{\"@type\":\"ListItem\",\"position\":3,\"name\":\"Vagyon- \u00e9s \u00e9rdeknyilatkozatok &#8211; 2016-2017\"}]}]}<\/script>\n<!-- \/ Yoast SEO plugin. -->","yoast_head_json":{"title":"Vagyon- \u00e9s \u00e9rdeknyilatkozatok - 2016-2017 - Cs\u00edkszeredai Megyei S\u00fcrg\u0151ss\u00e9gi K\u00f3rh\u00e1z","robots":{"index":"index","follow":"follow","max-snippet":"max-snippet:-1","max-image-preview":"max-image-preview:large","max-video-preview":"max-video-preview:-1"},"canonical":"https:\/\/spitalmciuc.ro\/vagyon-es-erdeknyilatkozatok\/vagyon-es-erdeknyilatkozatok-adminisztrativ-tanacs-2016-2017\/","og_locale":"hu_HU","og_type":"article","og_title":"Vagyon- \u00e9s \u00e9rdeknyilatkozatok - 2016-2017 - Cs\u00edkszeredai Megyei S\u00fcrg\u0151ss\u00e9gi K\u00f3rh\u00e1z","og_description":"&nbsp; Vagyon &#8211; &gt;\u00e9s \u00e9rdeknyilatkozatok a 176\/2010. sz\u00e1m\u00fa T\u00f6rv\u00e9ny alapj\u00e1n: Adminisztrat\u00edv tan\u00e1cs: 1. Antal Ren\u00e1ta 2. B\u00edr\u00f3 Kinga 3. Dr. Bokor Martin 4. L\u00e1nyi Szabolcs 5. Dr. L\u00e1z\u00e1r Cecilia-Erzs\u00e9bet 6. M\u00e1th\u00e9 \u00c1rp\u00e1d 7. Romfeld M\u00e1ria Magdolna 8. Szab\u00f3 Gyula 9. Dr. Tar Gy\u00f6ngyi 10. V\u00e1g\u00e1ssy Alp\u00e1r 11. Zonda Erika &nbsp; Igazgat\u00f3tan\u00e1cs: 1. Dr. Demeter Ferenc&hellip;","og_url":"https:\/\/spitalmciuc.ro\/vagyon-es-erdeknyilatkozatok\/vagyon-es-erdeknyilatkozatok-adminisztrativ-tanacs-2016-2017\/","og_site_name":"Cs\u00edkszeredai Megyei S\u00fcrg\u0151ss\u00e9gi K\u00f3rh\u00e1z","article_modified_time":"2022-03-03T11:23:05+00:00","twitter_card":"summary_large_image","twitter_misc":{"Becs\u00fclt olvas\u00e1si id\u0151":"2 perc"},"schema":{"@context":"https:\/\/schema.org","@graph":[{"@type":"Organization","@id":"https:\/\/spitalmciuc.ro\/#organization","name":"Spitalul Jude\u0163ean de Urgen\u0163\u0103 Miercurea Ciuc","url":"https:\/\/spitalmciuc.ro\/","sameAs":[],"logo":{"@type":"ImageObject","@id":"https:\/\/spitalmciuc.ro\/#logo","inLanguage":"hu","url":"https:\/\/spitalmciuc.ro\/wp-content\/uploads\/2022\/02\/logo-spital-ro-60.jpg","contentUrl":"https:\/\/spitalmciuc.ro\/wp-content\/uploads\/2022\/02\/logo-spital-ro-60.jpg","width":198,"height":60,"caption":"Spitalul Jude\u0163ean de Urgen\u0163\u0103 Miercurea Ciuc"},"image":{"@id":"https:\/\/spitalmciuc.ro\/#logo"}},{"@type":"WebSite","@id":"https:\/\/spitalmciuc.ro\/#website","url":"https:\/\/spitalmciuc.ro\/","name":"Cs\u00edkszeredai Megyei S\u00fcrg\u0151ss\u00e9gi K\u00f3rh\u00e1z","description":"","publisher":{"@id":"https:\/\/spitalmciuc.ro\/#organization"},"potentialAction":[{"@type":"SearchAction","target":{"@type":"EntryPoint","urlTemplate":"https:\/\/spitalmciuc.ro\/?s={search_term_string}"},"query-input":"required name=search_term_string"}],"inLanguage":"hu"},{"@type":"WebPage","@id":"https:\/\/spitalmciuc.ro\/vagyon-es-erdeknyilatkozatok\/vagyon-es-erdeknyilatkozatok-adminisztrativ-tanacs-2016-2017\/#webpage","url":"https:\/\/spitalmciuc.ro\/vagyon-es-erdeknyilatkozatok\/vagyon-es-erdeknyilatkozatok-adminisztrativ-tanacs-2016-2017\/","name":"Vagyon- \u00e9s \u00e9rdeknyilatkozatok - 2016-2017 - Cs\u00edkszeredai Megyei S\u00fcrg\u0151ss\u00e9gi K\u00f3rh\u00e1z","isPartOf":{"@id":"https:\/\/spitalmciuc.ro\/#website"},"datePublished":"2017-07-07T06:09:50+00:00","dateModified":"2022-03-03T11:23:05+00:00","breadcrumb":{"@id":"https:\/\/spitalmciuc.ro\/vagyon-es-erdeknyilatkozatok\/vagyon-es-erdeknyilatkozatok-adminisztrativ-tanacs-2016-2017\/#breadcrumb"},"inLanguage":"hu","potentialAction":[{"@type":"ReadAction","target":["https:\/\/spitalmciuc.ro\/vagyon-es-erdeknyilatkozatok\/vagyon-es-erdeknyilatkozatok-adminisztrativ-tanacs-2016-2017\/"]}]},{"@type":"BreadcrumbList","@id":"https:\/\/spitalmciuc.ro\/vagyon-es-erdeknyilatkozatok\/vagyon-es-erdeknyilatkozatok-adminisztrativ-tanacs-2016-2017\/#breadcrumb","itemListElement":[{"@type":"ListItem","position":1,"name":"Kezd\u0151lap","item":"https:\/\/spitalmciuc.ro\/hu\/"},{"@type":"ListItem","position":2,"name":"Vagyon \u00e9s \u00e9rdeknyilatkozatok","item":"https:\/\/spitalmciuc.ro\/vagyon-es-erdeknyilatkozatok\/"},{"@type":"ListItem","position":3,"name":"Vagyon- \u00e9s \u00e9rdeknyilatkozatok &#8211; 2016-2017"}]}]}},"_links":{"self":[{"href":"https:\/\/spitalmciuc.ro\/hu\/wp-json\/wp\/v2\/pages\/3888"}],"collection":[{"href":"https:\/\/spitalmciuc.ro\/hu\/wp-json\/wp\/v2\/pages"}],"about":[{"href":"https:\/\/spitalmciuc.ro\/hu\/wp-json\/wp\/v2\/types\/page"}],"author":[{"embeddable":true,"href":"https:\/\/spitalmciuc.ro\/hu\/wp-json\/wp\/v2\/users\/11"}],"replies":[{"embeddable":true,"href":"https:\/\/spitalmciuc.ro\/hu\/wp-json\/wp\/v2\/comments?post=3888"}],"version-history":[{"count":4,"href":"https:\/\/spitalmciuc.ro\/hu\/wp-json\/wp\/v2\/pages\/3888\/revisions"}],"predecessor-version":[{"id":7405,"href":"https:\/\/spitalmciuc.ro\/hu\/wp-json\/wp\/v2\/pages\/3888\/revisions\/7405"}],"up":[{"embeddable":true,"href":"https:\/\/spitalmciuc.ro\/hu\/wp-json\/wp\/v2\/pages\/6784"}],"wp:attachment":[{"href":"https:\/\/spitalmciuc.ro\/hu\/wp-json\/wp\/v2\/media?parent=3888"}],"curies":[{"name":"wp","href":"https:\/\/api.w.org\/{rel}","templated":true}]}}