{"id":3726,"date":"2017-03-20T08:24:23","date_gmt":"2017-03-20T08:24:23","guid":{"rendered":"https:\/\/spital.creative-solutions.ro\/index.php\/pszichologiai-tanacsadas\/"},"modified":"2022-03-14T11:28:09","modified_gmt":"2022-03-14T11:28:09","slug":"pszichologiai-tanacsadas","status":"publish","type":"page","link":"https:\/\/spitalmciuc.ro\/hu\/pszichologiai-tanacsadas\/","title":{"rendered":"Pszichol\u00f3giai tan\u00e1csad\u00e1s"},"content":{"rendered":"<p style=\"text-align: center;\">A Cs\u00edkszeredai Megyei S\u00fcrg\u0151ss\u00e9gi K\u00f3rh\u00e1z sz\u00e1mos oszt\u00e1ly\u00e1n dolgoznak pszichol\u00f3gusok, szolg\u00e1ltat\u00e1saik pedig ig\u00e9ny eset\u00e9n a k\u00f3rh\u00e1z t\u00f6bbi oszt\u00e1ly\u00e1n is k\u00e9rhet\u0151k. Amennyiben a k\u00f3rh\u00e1zi beutal\u00e1s alatt ig\u00e9nybe szeretn\u00e9k venni a pszichol\u00f3gusok seg\u00edts\u00e9g\u00e9t, jelezz\u00e9k ezt az \u00e1pol\u00f3 szem\u00e9lyzet sz\u00e1m\u00e1ra.<\/p>\n","protected":false},"excerpt":{"rendered":"<p>A Cs\u00edkszeredai Megyei S\u00fcrg\u0151ss\u00e9gi K\u00f3rh\u00e1z sz\u00e1mos oszt\u00e1ly\u00e1n dolgoznak pszichol\u00f3gusok, szolg\u00e1ltat\u00e1saik pedig ig\u00e9ny eset\u00e9n a k\u00f3rh\u00e1z t\u00f6bbi oszt\u00e1ly\u00e1n is k\u00e9rhet\u0151k. Amennyiben a k\u00f3rh\u00e1zi beutal\u00e1s alatt ig\u00e9nybe szeretn\u00e9k venni a pszichol\u00f3gusok seg\u00edts\u00e9g\u00e9t, jelezz\u00e9k ezt az \u00e1pol\u00f3 szem\u00e9lyzet sz\u00e1m\u00e1ra.<\/p>\n","protected":false},"author":11,"featured_media":0,"parent":0,"menu_order":35,"comment_status":"closed","ping_status":"closed","template":"","meta":[],"yoast_head":"<!-- This site is optimized with the Yoast SEO plugin v18.3 - https:\/\/yoast.com\/wordpress\/plugins\/seo\/ -->\n<title>Pszichol\u00f3giai tan\u00e1csad\u00e1s - Cs\u00edkszeredai Megyei S\u00fcrg\u0151ss\u00e9gi K\u00f3rh\u00e1z<\/title>\n<meta name=\"robots\" content=\"index, follow, max-snippet:-1, max-image-preview:large, max-video-preview:-1\" \/>\n<link rel=\"canonical\" href=\"https:\/\/spitalmciuc.ro\/pszichologiai-tanacsadas\/\" \/>\n<meta property=\"og:locale\" content=\"hu_HU\" \/>\n<meta property=\"og:type\" content=\"article\" \/>\n<meta property=\"og:title\" content=\"Pszichol\u00f3giai tan\u00e1csad\u00e1s - Cs\u00edkszeredai Megyei S\u00fcrg\u0151ss\u00e9gi K\u00f3rh\u00e1z\" \/>\n<meta property=\"og:description\" content=\"A Cs\u00edkszeredai Megyei S\u00fcrg\u0151ss\u00e9gi K\u00f3rh\u00e1z sz\u00e1mos oszt\u00e1ly\u00e1n dolgoznak pszichol\u00f3gusok, szolg\u00e1ltat\u00e1saik pedig ig\u00e9ny eset\u00e9n a k\u00f3rh\u00e1z t\u00f6bbi oszt\u00e1ly\u00e1n is k\u00e9rhet\u0151k. Amennyiben a k\u00f3rh\u00e1zi beutal\u00e1s alatt ig\u00e9nybe szeretn\u00e9k venni a pszichol\u00f3gusok seg\u00edts\u00e9g\u00e9t, jelezz\u00e9k ezt az \u00e1pol\u00f3 szem\u00e9lyzet sz\u00e1m\u00e1ra.\" \/>\n<meta property=\"og:url\" content=\"https:\/\/spitalmciuc.ro\/pszichologiai-tanacsadas\/\" \/>\n<meta property=\"og:site_name\" content=\"Cs\u00edkszeredai Megyei S\u00fcrg\u0151ss\u00e9gi K\u00f3rh\u00e1z\" \/>\n<meta property=\"article:modified_time\" content=\"2022-03-14T11:28:09+00:00\" \/>\n<meta name=\"twitter:card\" content=\"summary_large_image\" \/>\n<meta name=\"twitter:label1\" content=\"Becs\u00fclt olvas\u00e1si id\u0151\" \/>\n\t<meta name=\"twitter:data1\" content=\"1 perc\" \/>\n<script type=\"application\/ld+json\" class=\"yoast-schema-graph\">{\"@context\":\"https:\/\/schema.org\",\"@graph\":[{\"@type\":\"Organization\",\"@id\":\"https:\/\/spitalmciuc.ro\/#organization\",\"name\":\"Spitalul Jude\u0163ean de Urgen\u0163\u0103 Miercurea Ciuc\",\"url\":\"https:\/\/spitalmciuc.ro\/\",\"sameAs\":[],\"logo\":{\"@type\":\"ImageObject\",\"@id\":\"https:\/\/spitalmciuc.ro\/#logo\",\"inLanguage\":\"hu\",\"url\":\"https:\/\/spitalmciuc.ro\/wp-content\/uploads\/2022\/02\/logo-spital-ro-60.jpg\",\"contentUrl\":\"https:\/\/spitalmciuc.ro\/wp-content\/uploads\/2022\/02\/logo-spital-ro-60.jpg\",\"width\":198,\"height\":60,\"caption\":\"Spitalul Jude\u0163ean de Urgen\u0163\u0103 Miercurea Ciuc\"},\"image\":{\"@id\":\"https:\/\/spitalmciuc.ro\/#logo\"}},{\"@type\":\"WebSite\",\"@id\":\"https:\/\/spitalmciuc.ro\/#website\",\"url\":\"https:\/\/spitalmciuc.ro\/\",\"name\":\"Cs\u00edkszeredai Megyei S\u00fcrg\u0151ss\u00e9gi K\u00f3rh\u00e1z\",\"description\":\"\",\"publisher\":{\"@id\":\"https:\/\/spitalmciuc.ro\/#organization\"},\"potentialAction\":[{\"@type\":\"SearchAction\",\"target\":{\"@type\":\"EntryPoint\",\"urlTemplate\":\"https:\/\/spitalmciuc.ro\/?s={search_term_string}\"},\"query-input\":\"required name=search_term_string\"}],\"inLanguage\":\"hu\"},{\"@type\":\"WebPage\",\"@id\":\"https:\/\/spitalmciuc.ro\/pszichologiai-tanacsadas\/#webpage\",\"url\":\"https:\/\/spitalmciuc.ro\/pszichologiai-tanacsadas\/\",\"name\":\"Pszichol\u00f3giai tan\u00e1csad\u00e1s - Cs\u00edkszeredai Megyei S\u00fcrg\u0151ss\u00e9gi K\u00f3rh\u00e1z\",\"isPartOf\":{\"@id\":\"https:\/\/spitalmciuc.ro\/#website\"},\"datePublished\":\"2017-03-20T08:24:23+00:00\",\"dateModified\":\"2022-03-14T11:28:09+00:00\",\"breadcrumb\":{\"@id\":\"https:\/\/spitalmciuc.ro\/pszichologiai-tanacsadas\/#breadcrumb\"},\"inLanguage\":\"hu\",\"potentialAction\":[{\"@type\":\"ReadAction\",\"target\":[\"https:\/\/spitalmciuc.ro\/pszichologiai-tanacsadas\/\"]}]},{\"@type\":\"BreadcrumbList\",\"@id\":\"https:\/\/spitalmciuc.ro\/pszichologiai-tanacsadas\/#breadcrumb\",\"itemListElement\":[{\"@type\":\"ListItem\",\"position\":1,\"name\":\"Kezd\u0151lap\",\"item\":\"https:\/\/spitalmciuc.ro\/hu\/\"},{\"@type\":\"ListItem\",\"position\":2,\"name\":\"Pszichol\u00f3giai tan\u00e1csad\u00e1s\"}]}]}<\/script>\n<!-- \/ Yoast SEO plugin. -->","yoast_head_json":{"title":"Pszichol\u00f3giai tan\u00e1csad\u00e1s - Cs\u00edkszeredai Megyei S\u00fcrg\u0151ss\u00e9gi K\u00f3rh\u00e1z","robots":{"index":"index","follow":"follow","max-snippet":"max-snippet:-1","max-image-preview":"max-image-preview:large","max-video-preview":"max-video-preview:-1"},"canonical":"https:\/\/spitalmciuc.ro\/pszichologiai-tanacsadas\/","og_locale":"hu_HU","og_type":"article","og_title":"Pszichol\u00f3giai tan\u00e1csad\u00e1s - Cs\u00edkszeredai Megyei S\u00fcrg\u0151ss\u00e9gi K\u00f3rh\u00e1z","og_description":"A Cs\u00edkszeredai Megyei S\u00fcrg\u0151ss\u00e9gi K\u00f3rh\u00e1z sz\u00e1mos oszt\u00e1ly\u00e1n dolgoznak pszichol\u00f3gusok, szolg\u00e1ltat\u00e1saik pedig ig\u00e9ny eset\u00e9n a k\u00f3rh\u00e1z t\u00f6bbi oszt\u00e1ly\u00e1n is k\u00e9rhet\u0151k. Amennyiben a k\u00f3rh\u00e1zi beutal\u00e1s alatt ig\u00e9nybe szeretn\u00e9k venni a pszichol\u00f3gusok seg\u00edts\u00e9g\u00e9t, jelezz\u00e9k ezt az \u00e1pol\u00f3 szem\u00e9lyzet sz\u00e1m\u00e1ra.","og_url":"https:\/\/spitalmciuc.ro\/pszichologiai-tanacsadas\/","og_site_name":"Cs\u00edkszeredai Megyei S\u00fcrg\u0151ss\u00e9gi K\u00f3rh\u00e1z","article_modified_time":"2022-03-14T11:28:09+00:00","twitter_card":"summary_large_image","twitter_misc":{"Becs\u00fclt olvas\u00e1si id\u0151":"1 perc"},"schema":{"@context":"https:\/\/schema.org","@graph":[{"@type":"Organization","@id":"https:\/\/spitalmciuc.ro\/#organization","name":"Spitalul Jude\u0163ean de Urgen\u0163\u0103 Miercurea Ciuc","url":"https:\/\/spitalmciuc.ro\/","sameAs":[],"logo":{"@type":"ImageObject","@id":"https:\/\/spitalmciuc.ro\/#logo","inLanguage":"hu","url":"https:\/\/spitalmciuc.ro\/wp-content\/uploads\/2022\/02\/logo-spital-ro-60.jpg","contentUrl":"https:\/\/spitalmciuc.ro\/wp-content\/uploads\/2022\/02\/logo-spital-ro-60.jpg","width":198,"height":60,"caption":"Spitalul Jude\u0163ean de Urgen\u0163\u0103 Miercurea Ciuc"},"image":{"@id":"https:\/\/spitalmciuc.ro\/#logo"}},{"@type":"WebSite","@id":"https:\/\/spitalmciuc.ro\/#website","url":"https:\/\/spitalmciuc.ro\/","name":"Cs\u00edkszeredai Megyei S\u00fcrg\u0151ss\u00e9gi K\u00f3rh\u00e1z","description":"","publisher":{"@id":"https:\/\/spitalmciuc.ro\/#organization"},"potentialAction":[{"@type":"SearchAction","target":{"@type":"EntryPoint","urlTemplate":"https:\/\/spitalmciuc.ro\/?s={search_term_string}"},"query-input":"required name=search_term_string"}],"inLanguage":"hu"},{"@type":"WebPage","@id":"https:\/\/spitalmciuc.ro\/pszichologiai-tanacsadas\/#webpage","url":"https:\/\/spitalmciuc.ro\/pszichologiai-tanacsadas\/","name":"Pszichol\u00f3giai tan\u00e1csad\u00e1s - Cs\u00edkszeredai Megyei S\u00fcrg\u0151ss\u00e9gi K\u00f3rh\u00e1z","isPartOf":{"@id":"https:\/\/spitalmciuc.ro\/#website"},"datePublished":"2017-03-20T08:24:23+00:00","dateModified":"2022-03-14T11:28:09+00:00","breadcrumb":{"@id":"https:\/\/spitalmciuc.ro\/pszichologiai-tanacsadas\/#breadcrumb"},"inLanguage":"hu","potentialAction":[{"@type":"ReadAction","target":["https:\/\/spitalmciuc.ro\/pszichologiai-tanacsadas\/"]}]},{"@type":"BreadcrumbList","@id":"https:\/\/spitalmciuc.ro\/pszichologiai-tanacsadas\/#breadcrumb","itemListElement":[{"@type":"ListItem","position":1,"name":"Kezd\u0151lap","item":"https:\/\/spitalmciuc.ro\/hu\/"},{"@type":"ListItem","position":2,"name":"Pszichol\u00f3giai tan\u00e1csad\u00e1s"}]}]}},"_links":{"self":[{"href":"https:\/\/spitalmciuc.ro\/hu\/wp-json\/wp\/v2\/pages\/3726"}],"collection":[{"href":"https:\/\/spitalmciuc.ro\/hu\/wp-json\/wp\/v2\/pages"}],"about":[{"href":"https:\/\/spitalmciuc.ro\/hu\/wp-json\/wp\/v2\/types\/page"}],"author":[{"embeddable":true,"href":"https:\/\/spitalmciuc.ro\/hu\/wp-json\/wp\/v2\/users\/11"}],"replies":[{"embeddable":true,"href":"https:\/\/spitalmciuc.ro\/hu\/wp-json\/wp\/v2\/comments?post=3726"}],"version-history":[{"count":3,"href":"https:\/\/spitalmciuc.ro\/hu\/wp-json\/wp\/v2\/pages\/3726\/revisions"}],"predecessor-version":[{"id":7639,"href":"https:\/\/spitalmciuc.ro\/hu\/wp-json\/wp\/v2\/pages\/3726\/revisions\/7639"}],"wp:attachment":[{"href":"https:\/\/spitalmciuc.ro\/hu\/wp-json\/wp\/v2\/media?parent=3726"}],"curies":[{"name":"wp","href":"https:\/\/api.w.org\/{rel}","templated":true}]}}