{"id":3691,"date":"2017-03-17T11:34:56","date_gmt":"2017-03-17T11:34:56","guid":{"rendered":"https:\/\/spital.creative-solutions.ro\/index.php\/latogatasi-ido\/"},"modified":"2026-03-18T10:59:39","modified_gmt":"2026-03-18T07:59:39","slug":"latogatasiprogram","status":"publish","type":"page","link":"https:\/\/spitalmciuc.ro\/hu\/latogatasiprogram\/","title":{"rendered":"L\u00e1togat\u00e1si program"},"content":{"rendered":"<div class=\"xdj266r x11i5rnm xat24cr x1mh8g0r x1vvkbs x126k92a\">\n<div dir=\"auto\">\n<p>&nbsp;<\/p>\n<p style=\"text-align: center;\"><strong>BETEGL\u00c1TOGAT\u00c1SI SZAB\u00c1LYZAT<\/strong><\/p>\n<p style=\"text-align: center;\"><strong>Cs\u00edkszeredai Megyei S\u00fcrg\u0151ss\u00e9gi K\u00f3rh\u00e1z<\/strong><\/p>\n<p>Ezen szab\u00e1lyzat c\u00e9lja a betegbiztons\u00e1g szavatol\u00e1sa, a fert\u0151z\u00e9sek megel\u0151z\u00e9s\u00e9re vonatkoz\u00f3 int\u00e9zked\u00e9sek betart\u00e1sa, valamint a kezel\u00e9shez, gy\u00f3gyul\u00e1shoz \u00e9s pihen\u00e9shez megfelel\u0151 \u00a0k\u00f6rnyezet fenntart\u00e1sa minden k\u00f3rh\u00e1zban fekv\u0151 beteg sz\u00e1m\u00e1ra.<\/p>\n<p>&nbsp;<\/p>\n<p><strong>1. Betegl\u00e1togat\u00e1si id\u0151<\/strong><br \/>\nA l\u00e1togat\u00e1s a k\u00f6vetkez\u0151 napokon \u00e9s id\u0151pontokban enged\u00e9lyezett:<br \/>\n<strong>H\u00e9tf\u0151 \u2013 P\u00e9ntek:<\/strong> 15:00 \u2013 17:00<br \/>\n<strong>Szombat \u2013 Vas\u00e1rnap:<\/strong> 10:00 \u2013 12:00 \u00e9s 15:00 \u2013 17:00<br \/>\n<strong>Egy p\u00e1ciensn\u00e9l egyszerre csak egy l\u00e1togat\u00f3 lehet, maximum 15 percig.<\/strong><br \/>\nAz intenz\u00edv ter\u00e1pi\u00e1s oszt\u00e1lyon (ATI), seb\u00e9szeten, fert\u0151z\u0151 betegs\u00e9gek, t\u00fcd\u0151gy\u00f3gy\u00e1szat \u00e9s gyermekgy\u00f3gy\u00e1szat oszt\u00e1lyokon a l\u00e1togat\u00e1s csak a kezel\u0151orvos vagy az \u00fcgyeletes szem\u00e9lyzet enged\u00e9ly\u00e9vel lehets\u00e9ges.<\/p>\n<p>&nbsp;<\/p>\n<p><strong>2. L\u00e1togat\u00f3k bel\u00e9p\u00e9se<\/strong><br \/>\nEgy beteget <strong>egyszerre legfeljebb egy szem\u00e9ly l\u00e1togathat.<\/strong><br \/>\n<strong>14 \u00e9v alatti gyermekek nem l\u00e9phetnek be az oszt\u00e1lyokra<\/strong>, kiv\u00e9ve k\u00fcl\u00f6nleges esetekben \u00e9s csak az oszt\u00e1lyvezet\u0151 orvos enged\u00e9ly\u00e9vel.<br \/>\nA l\u00e1togat\u00f3knak <strong>k\u00f6teless\u00e9g\u00fck betartani az eg\u00e9szs\u00e9g\u00fcgyi szem\u00e9lyzet utas\u00edt\u00e1sait, \u00e9s viselni az el\u0151\u00edrt v\u00e9d\u0151felszerel\u00e9st<\/strong> (k\u00f6peny, maszk, cip\u0151v\u00e9d\u0151) viselni.<\/p>\n<p>&nbsp;<\/p>\n<p><strong>3. Magatart\u00e1si szab\u00e1lyok a l\u00e1togat\u00e1s alatt<\/strong><br \/>\n<strong>Nem l\u00e9phetnek be<\/strong> a l\u00e1togat\u00f3k, ha ittas \u00e1llapotban vannak vagy fert\u0151z\u0151 betegs\u00e9g t\u00fcneteit mutatj\u00e1k.<br \/>\n<strong>Tilos \u00e9lelmiszert vagy italt fogyasztani<\/strong> a k\u00f3rtermekben, illetve \u00e9telt bevinni az eg\u00e9szs\u00e9g\u00fcgyi szem\u00e9lyzet enged\u00e9lye n\u00e9lk\u00fcl.<br \/>\n<strong>A betegek \u00e9s az eg\u00e9szs\u00e9g\u00fcgyi szem\u00e9lyzet f\u00e9nyk\u00e9pez\u00e9se, vide\u00f3z\u00e1sa tilos<\/strong> beleegyez\u00e9s n\u00e9lk\u00fcl.<br \/>\nAj\u00e1nlott ker\u00fclni a <strong>friss v\u00e1gott vir\u00e1gok<\/strong> bevitel\u00e9t, k\u00fcl\u00f6n\u00f6sen a fokozott kock\u00e1zat\u00fa oszt\u00e1lyokon (pl. ATI, onkol\u00f3gia, \u00fajsz\u00fcl\u00f6ttgy\u00f3gy\u00e1szat).<br \/>\nK\u00e9rj\u00fck a l\u00e1togat\u00f3kat, hogy ne zajongjanak \u00e9s ne zavarj\u00e1k sem az orvosi tev\u00e9kenys\u00e9get, sem a betegek pihen\u00e9s\u00e9t.<\/p>\n<p>&nbsp;<\/p>\n<p><strong>4. Egy\u00e9b rendelkez\u00e9sek<\/strong><br \/>\n<strong>J\u00e1rv\u00e1ny\u00fcgyi riaszt\u00e1s, a fert\u0151z\u00e9sek sz\u00e1m\u00e1nak n\u00f6veked\u00e9se vagy egy\u00e9b k\u00fcl\u00f6nleges helyzetek eset\u00e9n<\/strong> a k\u00f3rh\u00e1z vezet\u0151s\u00e9ge fenntartja a jogot a l\u00e1togat\u00e1sok ideiglenes korl\u00e1toz\u00e1s\u00e1ra.<br \/>\nA szab\u00e1lyzat be nem tart\u00e1sa a <strong>l\u00e1togat\u00e1si jog megvon\u00e1s\u00e1hoz<\/strong> vezethet.<br \/>\nA szab\u00e1lyzat betart\u00e1s\u00e9rt az oszt\u00e1lyvezet\u0151 f\u0151asszisztens, illetve a m\u0171szakvezet\u0151 f\u0151asszisztens felel. Sz\u00fcks\u00e9g eset\u00e9n a portaszolg\u00e1lat\/biztons\u00e1gi szolg\u00e1lat ny\u00fajt seg\u00edts\u00e9get.<br \/>\nA l\u00e1togat\u00e1si \u00f3r\u00e1k ut\u00e1n a oszt\u00e1lyon takar\u00edt\u00e1st kell v\u00e9gezni.<\/p>\n<\/div>\n<\/div>\n","protected":false},"excerpt":{"rendered":"<p>&nbsp; BETEGL\u00c1TOGAT\u00c1SI SZAB\u00c1LYZAT Cs\u00edkszeredai Megyei S\u00fcrg\u0151ss\u00e9gi K\u00f3rh\u00e1z Ezen szab\u00e1lyzat c\u00e9lja a betegbiztons\u00e1g szavatol\u00e1sa, a fert\u0151z\u00e9sek megel\u0151z\u00e9s\u00e9re vonatkoz\u00f3 int\u00e9zked\u00e9sek betart\u00e1sa, valamint a kezel\u00e9shez, gy\u00f3gyul\u00e1shoz \u00e9s pihen\u00e9shez megfelel\u0151 \u00a0k\u00f6rnyezet fenntart\u00e1sa minden k\u00f3rh\u00e1zban fekv\u0151 beteg sz\u00e1m\u00e1ra. &nbsp; 1. Betegl\u00e1togat\u00e1si id\u0151 A l\u00e1togat\u00e1s a k\u00f6vetkez\u0151 napokon \u00e9s id\u0151pontokban enged\u00e9lyezett: H\u00e9tf\u0151 \u2013 P\u00e9ntek: 15:00 \u2013 17:00 Szombat \u2013 Vas\u00e1rnap: 10:00&hellip;<\/p>\n","protected":false},"author":11,"featured_media":0,"parent":0,"menu_order":40,"comment_status":"closed","ping_status":"closed","template":"","meta":[],"yoast_head":"<!-- This site is optimized with the Yoast SEO plugin v18.3 - https:\/\/yoast.com\/wordpress\/plugins\/seo\/ -->\n<title>L\u00e1togat\u00e1si program - Cs\u00edkszeredai Megyei S\u00fcrg\u0151ss\u00e9gi K\u00f3rh\u00e1z<\/title>\n<meta name=\"robots\" content=\"index, follow, max-snippet:-1, max-image-preview:large, max-video-preview:-1\" \/>\n<link rel=\"canonical\" href=\"https:\/\/spitalmciuc.ro\/hu\/latogatasiprogram\/\" \/>\n<meta property=\"og:locale\" content=\"hu_HU\" \/>\n<meta property=\"og:type\" content=\"article\" \/>\n<meta property=\"og:title\" content=\"L\u00e1togat\u00e1si program - Cs\u00edkszeredai Megyei S\u00fcrg\u0151ss\u00e9gi K\u00f3rh\u00e1z\" \/>\n<meta property=\"og:description\" content=\"&nbsp; BETEGL\u00c1TOGAT\u00c1SI SZAB\u00c1LYZAT Cs\u00edkszeredai Megyei S\u00fcrg\u0151ss\u00e9gi K\u00f3rh\u00e1z Ezen szab\u00e1lyzat c\u00e9lja a betegbiztons\u00e1g szavatol\u00e1sa, a fert\u0151z\u00e9sek megel\u0151z\u00e9s\u00e9re vonatkoz\u00f3 int\u00e9zked\u00e9sek betart\u00e1sa, valamint a kezel\u00e9shez, gy\u00f3gyul\u00e1shoz \u00e9s pihen\u00e9shez megfelel\u0151 \u00a0k\u00f6rnyezet fenntart\u00e1sa minden k\u00f3rh\u00e1zban fekv\u0151 beteg sz\u00e1m\u00e1ra. &nbsp; 1. Betegl\u00e1togat\u00e1si id\u0151 A l\u00e1togat\u00e1s a k\u00f6vetkez\u0151 napokon \u00e9s id\u0151pontokban enged\u00e9lyezett: H\u00e9tf\u0151 \u2013 P\u00e9ntek: 15:00 \u2013 17:00 Szombat \u2013 Vas\u00e1rnap: 10:00&hellip;\" \/>\n<meta property=\"og:url\" content=\"https:\/\/spitalmciuc.ro\/hu\/latogatasiprogram\/\" \/>\n<meta property=\"og:site_name\" content=\"Cs\u00edkszeredai Megyei S\u00fcrg\u0151ss\u00e9gi K\u00f3rh\u00e1z\" \/>\n<meta property=\"article:modified_time\" content=\"2026-03-18T07:59:39+00:00\" \/>\n<meta name=\"twitter:card\" content=\"summary_large_image\" \/>\n<meta name=\"twitter:label1\" content=\"Becs\u00fclt olvas\u00e1si id\u0151\" \/>\n\t<meta name=\"twitter:data1\" content=\"2 perc\" \/>\n<script type=\"application\/ld+json\" class=\"yoast-schema-graph\">{\"@context\":\"https:\/\/schema.org\",\"@graph\":[{\"@type\":\"Organization\",\"@id\":\"https:\/\/spitalmciuc.ro\/#organization\",\"name\":\"Spitalul Jude\u0163ean de Urgen\u0163\u0103 Miercurea Ciuc\",\"url\":\"https:\/\/spitalmciuc.ro\/\",\"sameAs\":[],\"logo\":{\"@type\":\"ImageObject\",\"@id\":\"https:\/\/spitalmciuc.ro\/#logo\",\"inLanguage\":\"hu\",\"url\":\"https:\/\/spitalmciuc.ro\/wp-content\/uploads\/2022\/02\/logo-spital-ro-60.jpg\",\"contentUrl\":\"https:\/\/spitalmciuc.ro\/wp-content\/uploads\/2022\/02\/logo-spital-ro-60.jpg\",\"width\":198,\"height\":60,\"caption\":\"Spitalul Jude\u0163ean de Urgen\u0163\u0103 Miercurea Ciuc\"},\"image\":{\"@id\":\"https:\/\/spitalmciuc.ro\/#logo\"}},{\"@type\":\"WebSite\",\"@id\":\"https:\/\/spitalmciuc.ro\/#website\",\"url\":\"https:\/\/spitalmciuc.ro\/\",\"name\":\"Cs\u00edkszeredai Megyei S\u00fcrg\u0151ss\u00e9gi K\u00f3rh\u00e1z\",\"description\":\"\",\"publisher\":{\"@id\":\"https:\/\/spitalmciuc.ro\/#organization\"},\"potentialAction\":[{\"@type\":\"SearchAction\",\"target\":{\"@type\":\"EntryPoint\",\"urlTemplate\":\"https:\/\/spitalmciuc.ro\/?s={search_term_string}\"},\"query-input\":\"required name=search_term_string\"}],\"inLanguage\":\"hu\"},{\"@type\":\"WebPage\",\"@id\":\"https:\/\/spitalmciuc.ro\/hu\/latogatasiprogram\/#webpage\",\"url\":\"https:\/\/spitalmciuc.ro\/hu\/latogatasiprogram\/\",\"name\":\"L\u00e1togat\u00e1si program - Cs\u00edkszeredai Megyei S\u00fcrg\u0151ss\u00e9gi K\u00f3rh\u00e1z\",\"isPartOf\":{\"@id\":\"https:\/\/spitalmciuc.ro\/#website\"},\"datePublished\":\"2017-03-17T11:34:56+00:00\",\"dateModified\":\"2026-03-18T07:59:39+00:00\",\"breadcrumb\":{\"@id\":\"https:\/\/spitalmciuc.ro\/hu\/latogatasiprogram\/#breadcrumb\"},\"inLanguage\":\"hu\",\"potentialAction\":[{\"@type\":\"ReadAction\",\"target\":[\"https:\/\/spitalmciuc.ro\/hu\/latogatasiprogram\/\"]}]},{\"@type\":\"BreadcrumbList\",\"@id\":\"https:\/\/spitalmciuc.ro\/hu\/latogatasiprogram\/#breadcrumb\",\"itemListElement\":[{\"@type\":\"ListItem\",\"position\":1,\"name\":\"Kezd\u0151lap\",\"item\":\"https:\/\/spitalmciuc.ro\/hu\/\"},{\"@type\":\"ListItem\",\"position\":2,\"name\":\"L\u00e1togat\u00e1si program\"}]}]}<\/script>\n<!-- \/ Yoast SEO plugin. -->","yoast_head_json":{"title":"L\u00e1togat\u00e1si program - Cs\u00edkszeredai Megyei S\u00fcrg\u0151ss\u00e9gi K\u00f3rh\u00e1z","robots":{"index":"index","follow":"follow","max-snippet":"max-snippet:-1","max-image-preview":"max-image-preview:large","max-video-preview":"max-video-preview:-1"},"canonical":"https:\/\/spitalmciuc.ro\/hu\/latogatasiprogram\/","og_locale":"hu_HU","og_type":"article","og_title":"L\u00e1togat\u00e1si program - Cs\u00edkszeredai Megyei S\u00fcrg\u0151ss\u00e9gi K\u00f3rh\u00e1z","og_description":"&nbsp; BETEGL\u00c1TOGAT\u00c1SI SZAB\u00c1LYZAT Cs\u00edkszeredai Megyei S\u00fcrg\u0151ss\u00e9gi K\u00f3rh\u00e1z Ezen szab\u00e1lyzat c\u00e9lja a betegbiztons\u00e1g szavatol\u00e1sa, a fert\u0151z\u00e9sek megel\u0151z\u00e9s\u00e9re vonatkoz\u00f3 int\u00e9zked\u00e9sek betart\u00e1sa, valamint a kezel\u00e9shez, gy\u00f3gyul\u00e1shoz \u00e9s pihen\u00e9shez megfelel\u0151 \u00a0k\u00f6rnyezet fenntart\u00e1sa minden k\u00f3rh\u00e1zban fekv\u0151 beteg sz\u00e1m\u00e1ra. &nbsp; 1. Betegl\u00e1togat\u00e1si id\u0151 A l\u00e1togat\u00e1s a k\u00f6vetkez\u0151 napokon \u00e9s id\u0151pontokban enged\u00e9lyezett: H\u00e9tf\u0151 \u2013 P\u00e9ntek: 15:00 \u2013 17:00 Szombat \u2013 Vas\u00e1rnap: 10:00&hellip;","og_url":"https:\/\/spitalmciuc.ro\/hu\/latogatasiprogram\/","og_site_name":"Cs\u00edkszeredai Megyei S\u00fcrg\u0151ss\u00e9gi K\u00f3rh\u00e1z","article_modified_time":"2026-03-18T07:59:39+00:00","twitter_card":"summary_large_image","twitter_misc":{"Becs\u00fclt olvas\u00e1si id\u0151":"2 perc"},"schema":{"@context":"https:\/\/schema.org","@graph":[{"@type":"Organization","@id":"https:\/\/spitalmciuc.ro\/#organization","name":"Spitalul Jude\u0163ean de Urgen\u0163\u0103 Miercurea Ciuc","url":"https:\/\/spitalmciuc.ro\/","sameAs":[],"logo":{"@type":"ImageObject","@id":"https:\/\/spitalmciuc.ro\/#logo","inLanguage":"hu","url":"https:\/\/spitalmciuc.ro\/wp-content\/uploads\/2022\/02\/logo-spital-ro-60.jpg","contentUrl":"https:\/\/spitalmciuc.ro\/wp-content\/uploads\/2022\/02\/logo-spital-ro-60.jpg","width":198,"height":60,"caption":"Spitalul Jude\u0163ean de Urgen\u0163\u0103 Miercurea Ciuc"},"image":{"@id":"https:\/\/spitalmciuc.ro\/#logo"}},{"@type":"WebSite","@id":"https:\/\/spitalmciuc.ro\/#website","url":"https:\/\/spitalmciuc.ro\/","name":"Cs\u00edkszeredai Megyei S\u00fcrg\u0151ss\u00e9gi K\u00f3rh\u00e1z","description":"","publisher":{"@id":"https:\/\/spitalmciuc.ro\/#organization"},"potentialAction":[{"@type":"SearchAction","target":{"@type":"EntryPoint","urlTemplate":"https:\/\/spitalmciuc.ro\/?s={search_term_string}"},"query-input":"required name=search_term_string"}],"inLanguage":"hu"},{"@type":"WebPage","@id":"https:\/\/spitalmciuc.ro\/hu\/latogatasiprogram\/#webpage","url":"https:\/\/spitalmciuc.ro\/hu\/latogatasiprogram\/","name":"L\u00e1togat\u00e1si program - Cs\u00edkszeredai Megyei S\u00fcrg\u0151ss\u00e9gi K\u00f3rh\u00e1z","isPartOf":{"@id":"https:\/\/spitalmciuc.ro\/#website"},"datePublished":"2017-03-17T11:34:56+00:00","dateModified":"2026-03-18T07:59:39+00:00","breadcrumb":{"@id":"https:\/\/spitalmciuc.ro\/hu\/latogatasiprogram\/#breadcrumb"},"inLanguage":"hu","potentialAction":[{"@type":"ReadAction","target":["https:\/\/spitalmciuc.ro\/hu\/latogatasiprogram\/"]}]},{"@type":"BreadcrumbList","@id":"https:\/\/spitalmciuc.ro\/hu\/latogatasiprogram\/#breadcrumb","itemListElement":[{"@type":"ListItem","position":1,"name":"Kezd\u0151lap","item":"https:\/\/spitalmciuc.ro\/hu\/"},{"@type":"ListItem","position":2,"name":"L\u00e1togat\u00e1si program"}]}]}},"_links":{"self":[{"href":"https:\/\/spitalmciuc.ro\/hu\/wp-json\/wp\/v2\/pages\/3691"}],"collection":[{"href":"https:\/\/spitalmciuc.ro\/hu\/wp-json\/wp\/v2\/pages"}],"about":[{"href":"https:\/\/spitalmciuc.ro\/hu\/wp-json\/wp\/v2\/types\/page"}],"author":[{"embeddable":true,"href":"https:\/\/spitalmciuc.ro\/hu\/wp-json\/wp\/v2\/users\/11"}],"replies":[{"embeddable":true,"href":"https:\/\/spitalmciuc.ro\/hu\/wp-json\/wp\/v2\/comments?post=3691"}],"version-history":[{"count":31,"href":"https:\/\/spitalmciuc.ro\/hu\/wp-json\/wp\/v2\/pages\/3691\/revisions"}],"predecessor-version":[{"id":19372,"href":"https:\/\/spitalmciuc.ro\/hu\/wp-json\/wp\/v2\/pages\/3691\/revisions\/19372"}],"wp:attachment":[{"href":"https:\/\/spitalmciuc.ro\/hu\/wp-json\/wp\/v2\/media?parent=3691"}],"curies":[{"name":"wp","href":"https:\/\/api.w.org\/{rel}","templated":true}]}}