{"id":3532,"date":"2016-09-29T11:58:33","date_gmt":"2016-09-29T11:58:33","guid":{"rendered":"https:\/\/spital.creative-solutions.ro\/index.php\/telefonszamok\/"},"modified":"2026-03-18T14:14:37","modified_gmt":"2026-03-18T11:14:37","slug":"telefonszamok","status":"publish","type":"page","link":"https:\/\/spitalmciuc.ro\/hu\/telefonszamok\/","title":{"rendered":"Telefonk\u00f6nyv"},"content":{"rendered":"<p><strong>A Cs\u00edkszeredai Megyei S\u00fcrg\u0151ss\u00e9gi K\u00f3rh\u00e1z telefonsz\u00e1mai:<\/strong><\/p>\n<p>&nbsp;<\/p>\n<p>&nbsp;<\/p>\n<table width=\"959\">\n<tbody>\n<tr>\n<td rowspan=\"3\" width=\"500\"><strong>El\u0151jegyz\u00e9st ig\u00e9nyelni j\u00e1r\u00f3beteg rendel\u0151kbe, inform\u00e1ci\u00f3<\/strong><strong>\u00a0\u2192<\/strong><\/td>\n<td width=\"459\">\n<p style=\"text-align: center;\"><strong><a href=\"tel:0742214951\">\u25ba 0742214951<\/a><\/strong><\/p>\n<\/td>\n<\/tr>\n<tr>\n<td width=\"459\">\n<p style=\"text-align: center;\"><strong><a href=\"tel:0758250759\">\u25ba 0758250759<\/a><\/strong><\/p>\n<\/td>\n<\/tr>\n<tr>\n<td width=\"459\">\n<p style=\"text-align: center;\"><strong><a href=\"tel:0758250745\">\u25ba 0758250745<\/a><\/strong><\/p>\n<\/td>\n<\/tr>\n<tr>\n<td style=\"background-color: #d8252b;\"><\/td>\n<td style=\"background-color: #d8252b;\"><\/td>\n<\/tr>\n<tr>\n<td width=\"500\">\u00c1ltal\u00e1nos seb\u00e9szeti oszt\u00e1ly<\/td>\n<td width=\"459\">\n<p style=\"text-align: center;\"><a href=\"tel:0758250735\">0758250735<\/a><\/p>\n<\/td>\n<\/tr>\n<tr>\n<td width=\"500\">Aneszteziol\u00f3giai \u00e9s Intenz\u00edv Ter\u00e1pi\u00e1s Oszt\u00e1ly<\/td>\n<td width=\"459\">\n<p style=\"text-align: center;\"><a href=\"tel:0753258925\">0753258925<\/a><\/p>\n<\/td>\n<\/tr>\n<tr>\n<td width=\"500\">Belgy\u00f3gy\u00e1szati oszt\u00e1ly<\/td>\n<td width=\"459\">\n<p style=\"text-align: center;\"><a href=\"tel:0753258923\">0753258923<\/a><\/p>\n<\/td>\n<\/tr>\n<tr>\n<td width=\"500\">B\u0151r- \u00e9s Nemigy\u00f3gy\u00e1szati oszt\u00e1ly<\/td>\n<td width=\"459\">\n<p style=\"text-align: center;\"><a href=\"tel:0758250744\">0758250744<\/a><\/p>\n<\/td>\n<\/tr>\n<tr>\n<td width=\"464\">Csal\u00e1dtervez\u0151i oszt\u00e1ly (07.00-08.00 illetve 13.00-15.00 \u00f3r\u00e1k k\u00f6z\u00f6tt)<\/td>\n<td width=\"465\">\n<p style=\"text-align: center;\"><a href=\"tel:0758117664\">0758117664<\/a><\/p>\n<\/td>\n<\/tr>\n<tr>\n<td width=\"500\">Elmegy\u00f3gy\u00e1szati oszt\u00e1ly<\/td>\n<td width=\"459\">\n<p style=\"text-align: center;\"><a href=\"tel:0758250746\">0758250746<\/a><\/p>\n<\/td>\n<\/tr>\n<tr>\n<td width=\"500\">Fert\u0151z\u0151 oszt\u00e1ly<\/td>\n<td width=\"459\">\n<p style=\"text-align: center;\"><a href=\"tel:0758250748\">0758250748<\/a><\/p>\n<\/td>\n<\/tr>\n<tr>\n<td width=\"500\">F\u00fcl-orr-g\u00e9g\u00e9szeti oszt\u00e1ly<\/td>\n<td width=\"459\">\n<p style=\"text-align: center;\"><a href=\"tel:0758250751\">0758250751<\/a><\/p>\n<\/td>\n<\/tr>\n<tr>\n<td width=\"500\">Gasztroenterol\u00f3giai oszt\u00e1ly<\/td>\n<td width=\"459\">\n<p style=\"text-align: center;\"><a href=\"tel:0753258922\">0753258922<\/a><\/p>\n<\/td>\n<\/tr>\n<tr>\n<td width=\"500\">Gyermekgy\u00f3gy\u00e1szati oszt\u00e1ly<\/td>\n<td width=\"459\">\n<p style=\"text-align: center;\"><a href=\"tel:0753258934\">0753258934<\/a><\/p>\n<\/td>\n<\/tr>\n<tr>\n<td width=\"500\">Ideggy\u00f3gy\u00e1szati oszt\u00e1ly<\/td>\n<td width=\"459\">\n<p style=\"text-align: center;\"><a href=\"tel:0732500796\">0732500796<\/a><\/p>\n<\/td>\n<\/tr>\n<tr>\n<td width=\"500\">Kardiol\u00f3giai oszt\u00e1ly<\/td>\n<td width=\"459\">\n<p style=\"text-align: center;\"><a href=\"tel:0753258924\">0753258924<\/a><\/p>\n<\/td>\n<\/tr>\n<tr>\n<td width=\"500\">Korai fejleszt\u0151 \u00e9s rehabilit\u00e1ci\u00f3s k\u00f6zpont Cs\u00edkszentm\u00e1rton<\/td>\n<td width=\"459\">\n<p style=\"text-align: center;\"><a href=\"tel:0266332100\">0266332100<\/a><\/p>\n<\/td>\n<\/tr>\n<tr>\n<td rowspan=\"2\" width=\"500\">Megyei T\u00f6rv\u00e9nysz\u00e9ki Orvostan<\/td>\n<td width=\"459\">\n<p style=\"text-align: center;\"><a href=\"tel:0266311020\">0266311020<\/a><\/p>\n<\/td>\n<\/tr>\n<tr>\n<td width=\"459\">\n<p style=\"text-align: center;\"><a href=\"tel:0732500747\">0732500747<\/a><\/p>\n<\/td>\n<\/tr>\n<tr>\n<td width=\"500\">N\u0151gy\u00f3gy\u00e1szati Oszt\u00e1ly<\/td>\n<td width=\"459\">\n<p style=\"text-align: center;\"><a href=\"tel:0721280658\">0753258927<\/a><\/p>\n<\/td>\n<\/tr>\n<tr>\n<td width=\"500\">Onkol\u00f3gia Oszt\u00e1ly<\/td>\n<td width=\"459\">\n<p style=\"text-align: center;\"><a href=\"tel:0721280658\">0721280658<\/a><\/p>\n<\/td>\n<\/tr>\n<tr>\n<td width=\"500\">Ortop\u00e9dia &#8211; Traumatol\u00f3gia oszt\u00e1ly<\/td>\n<td width=\"459\">\n<p style=\"text-align: center;\"><a href=\"tel:0753258937\">0753258937<\/a><\/p>\n<\/td>\n<\/tr>\n<tr>\n<td width=\"500\">Orvosi k\u00e9palkot\u00f3 \u00e9s r\u00f6ntgen laborat\u00f3rium &#8211; Oszt\u00e1ly<\/td>\n<td width=\"459\">\n<p style=\"text-align: center;\"><a href=\"tel:0753258931\">0753258931<\/a><\/p>\n<\/td>\n<\/tr>\n<tr>\n<td width=\"500\">Orvosi k\u00e9palkot\u00f3 \u00e9s r\u00f6ntgen laborat\u00f3rium &#8211; CT<\/td>\n<td width=\"459\">\n<p style=\"text-align: center;\"><a href=\"tel:0737700020\">0737700020<\/a><\/p>\n<\/td>\n<\/tr>\n<tr>\n<td width=\"500\">Orvosi k\u00e9palkot\u00f3 \u00e9s r\u00f6ntgen laborat\u00f3rium &#8211; Ultrahang<\/td>\n<td width=\"459\">\n<p style=\"text-align: center;\"><a href=\"tel:0751213575\">0751213575<\/a><\/p>\n<\/td>\n<\/tr>\n<tr>\n<td width=\"500\">Orvosi k\u00e9palkot\u00f3 \u00e9s r\u00f6ntgen laborat\u00f3rium &#8211; M\u00e1gneses rezonancia<\/td>\n<td width=\"459\">\n<p style=\"text-align: center;\"><a href=\"tel:0758117661\">0758117661<\/a><\/p>\n<\/td>\n<\/tr>\n<tr>\n<td width=\"500\">Orvosi k\u00e9palkot\u00f3 \u00e9s r\u00f6ntgen laborat\u00f3rium &#8211; j\u00e1r\u00f3beteg szakrendel\u0151<\/td>\n<td width=\"459\">\n<p style=\"text-align: center;\"><a href=\"tel:0758250738\">0758250738<\/a><\/p>\n<\/td>\n<\/tr>\n<tr>\n<td width=\"500\">Orvosi laborat\u00f3rium<\/td>\n<td width=\"459\">\n<p style=\"text-align: center;\"><a href=\"tel:0758117665\">0758117665<\/a><\/p>\n<\/td>\n<\/tr>\n<tr>\n<td width=\"500\">Patol\u00f3gia, k\u00f3rsz\u00f6vettan, k\u00f3rbonctan<\/td>\n<td width=\"459\">\n<p style=\"text-align: center;\"><a href=\"tel:0753258942\">0753258942<\/a><\/p>\n<\/td>\n<\/tr>\n<tr>\n<td width=\"500\">Rehabilit\u00e1ci\u00f3, fizioter\u00e1pia \u00e9s balneol\u00f3gia oszt\u00e1ly<\/td>\n<td width=\"459\">\n<p style=\"text-align: center;\"><a href=\"tel:0758250760\">0758250760<\/a><\/p>\n<\/td>\n<\/tr>\n<tr>\n<td width=\"500\">S\u00fcrg\u0151ss\u00e9gi betegell\u00e1t\u00f3 egys\u00e9g<\/td>\n<td width=\"459\">\n<p style=\"text-align: center;\"><a href=\"tel:0753258940\">0753258940<\/a><\/p>\n<\/td>\n<\/tr>\n<tr>\n<td width=\"500\">Szem\u00e9szeti oszt\u00e1ly<\/td>\n<td width=\"459\">\n<p style=\"text-align: center;\"><a href=\"tel:0266372196\">0266372196<\/a><\/p>\n<\/td>\n<\/tr>\n<tr>\n<td width=\"500\">Szentegyh\u00e1zi Eg\u00e9szs\u00e9g\u00fcgyi K\u00f6zpont<\/td>\n<td width=\"459\">\n<p style=\"text-align: center;\"><a href=\"tel:0751213572\">0751213572<\/a><\/p>\n<\/td>\n<\/tr>\n<tr>\n<td width=\"500\">Sz\u00fcl\u00e9szet &#8211; N\u0151gy\u00f3gy\u00e1szat oszt\u00e1ly<\/td>\n<td width=\"459\">\n<p style=\"text-align: center;\"><a href=\"tel:0753258929\">0753258929<\/a><\/p>\n<\/td>\n<\/tr>\n<tr>\n<td width=\"500\">T\u00fcd\u0151gy\u00f3gy\u00e1szati oszt\u00e1ly<\/td>\n<td width=\"459\">\n<p style=\"text-align: center;\"><a href=\"tel:0758250749\">0758250749<\/a><\/p>\n<\/td>\n<\/tr>\n<tr>\n<td width=\"500\">\u00dajsz\u00fcl\u00f6ttgy\u00f3gy\u00e1szati oszt\u00e1ly<\/td>\n<td width=\"459\">\n<p style=\"text-align: center;\"><a href=\"tel:0732500586\">0732500586<\/a><\/p>\n<\/td>\n<\/tr>\n<tr>\n<td width=\"500\">Urol\u00f3giai oszt\u00e1ly<\/td>\n<td width=\"459\">\n<p style=\"text-align: center;\"><a href=\"tel:0753258926\">0753258926<\/a><\/p>\n<\/td>\n<\/tr>\n<tr>\n<td rowspan=\"2\" width=\"500\">Beszerz\u00e9s<\/td>\n<td width=\"459\">\n<p style=\"text-align: center;\"><a href=\"tel:0732500778\">0732500778<\/a><\/p>\n<\/td>\n<\/tr>\n<tr>\n<td width=\"459\">\n<p style=\"text-align: center;\"><a href=\"tel:0732500776\">0732500776<\/a><\/p>\n<\/td>\n<\/tr>\n<tr>\n<td rowspan=\"3\" width=\"500\">K\u00f6zbeszerz\u00e9s<\/td>\n<td width=\"459\">\n<p style=\"text-align: center;\"><a href=\"tel:0732500775\">0732500775<\/a><\/p>\n<\/td>\n<\/tr>\n<tr>\n<td width=\"459\">\n<p style=\"text-align: center;\"><a href=\"tel:0758117667\">0758117667<\/a><\/p>\n<\/td>\n<\/tr>\n<tr>\n<td width=\"459\">\n<p style=\"text-align: center;\"><a href=\"tel:0758250737\">0758250737<\/a><\/p>\n<\/td>\n<\/tr>\n<tr>\n<td width=\"500\">K\u00f6nyvel\u0151s\u00e9g<\/td>\n<td width=\"459\">\n<p style=\"text-align: center;\"><a href=\"tel:0732500782\">0732500782<\/a><\/p>\n<\/td>\n<\/tr>\n<tr>\n<td width=\"500\">Hum\u00e1n er\u0151forr\u00e1s<\/td>\n<td width=\"459\">\n<p style=\"text-align: center;\"><a href=\"tel:0732500584\">0732500584<\/a><\/p>\n<\/td>\n<\/tr>\n<tr>\n<td rowspan=\"2\" width=\"500\">Titk\u00e1rs\u00e1g<\/td>\n<td width=\"459\">\n<p style=\"text-align: center;\"><a href=\"tel:0721280656\">0721280656<\/a><\/p>\n<\/td>\n<\/tr>\n<tr>\n<td width=\"459\">\n<p style=\"text-align: center;\"><a href=\"tel:0758250743\">0758250743<\/a><\/p>\n<\/td>\n<\/tr>\n<\/tbody>\n<\/table>\n<div style=\"display: none;\"><\/div>\n","protected":false},"excerpt":{"rendered":"<p>A Cs\u00edkszeredai Megyei S\u00fcrg\u0151ss\u00e9gi K\u00f3rh\u00e1z telefonsz\u00e1mai: &nbsp; &nbsp; El\u0151jegyz\u00e9st ig\u00e9nyelni j\u00e1r\u00f3beteg rendel\u0151kbe, inform\u00e1ci\u00f3\u00a0\u2192 \u25ba 0742214951 \u25ba 0758250759 \u25ba 0758250745 \u00c1ltal\u00e1nos seb\u00e9szeti oszt\u00e1ly 0758250735 Aneszteziol\u00f3giai \u00e9s Intenz\u00edv Ter\u00e1pi\u00e1s Oszt\u00e1ly 0753258925 Belgy\u00f3gy\u00e1szati oszt\u00e1ly 0753258923 B\u0151r- \u00e9s Nemigy\u00f3gy\u00e1szati oszt\u00e1ly 0758250744 Csal\u00e1dtervez\u0151i oszt\u00e1ly (07.00-08.00 illetve 13.00-15.00 \u00f3r\u00e1k k\u00f6z\u00f6tt) 0758117664 Elmegy\u00f3gy\u00e1szati oszt\u00e1ly 0758250746 Fert\u0151z\u0151 oszt\u00e1ly 0758250748 F\u00fcl-orr-g\u00e9g\u00e9szeti oszt\u00e1ly 0758250751 Gasztroenterol\u00f3giai&hellip;<\/p>\n","protected":false},"author":11,"featured_media":0,"parent":0,"menu_order":54,"comment_status":"closed","ping_status":"closed","template":"","meta":[],"yoast_head":"<!-- This site is optimized with the Yoast SEO plugin v18.3 - https:\/\/yoast.com\/wordpress\/plugins\/seo\/ -->\n<title>Telefonk\u00f6nyv - Cs\u00edkszeredai Megyei S\u00fcrg\u0151ss\u00e9gi K\u00f3rh\u00e1z<\/title>\n<meta name=\"robots\" content=\"index, follow, max-snippet:-1, max-image-preview:large, max-video-preview:-1\" \/>\n<link rel=\"canonical\" href=\"https:\/\/spitalmciuc.ro\/hu\/telefonszamok\/\" \/>\n<meta property=\"og:locale\" content=\"hu_HU\" \/>\n<meta property=\"og:type\" content=\"article\" \/>\n<meta property=\"og:title\" content=\"Telefonk\u00f6nyv - Cs\u00edkszeredai Megyei S\u00fcrg\u0151ss\u00e9gi K\u00f3rh\u00e1z\" \/>\n<meta property=\"og:description\" content=\"A Cs\u00edkszeredai Megyei S\u00fcrg\u0151ss\u00e9gi K\u00f3rh\u00e1z telefonsz\u00e1mai: &nbsp; &nbsp; El\u0151jegyz\u00e9st ig\u00e9nyelni j\u00e1r\u00f3beteg rendel\u0151kbe, inform\u00e1ci\u00f3\u00a0\u2192 \u25ba 0742214951 \u25ba 0758250759 \u25ba 0758250745 \u00c1ltal\u00e1nos seb\u00e9szeti oszt\u00e1ly 0758250735 Aneszteziol\u00f3giai \u00e9s Intenz\u00edv Ter\u00e1pi\u00e1s Oszt\u00e1ly 0753258925 Belgy\u00f3gy\u00e1szati oszt\u00e1ly 0753258923 B\u0151r- \u00e9s Nemigy\u00f3gy\u00e1szati oszt\u00e1ly 0758250744 Csal\u00e1dtervez\u0151i oszt\u00e1ly (07.00-08.00 illetve 13.00-15.00 \u00f3r\u00e1k k\u00f6z\u00f6tt) 0758117664 Elmegy\u00f3gy\u00e1szati oszt\u00e1ly 0758250746 Fert\u0151z\u0151 oszt\u00e1ly 0758250748 F\u00fcl-orr-g\u00e9g\u00e9szeti oszt\u00e1ly 0758250751 Gasztroenterol\u00f3giai&hellip;\" \/>\n<meta property=\"og:url\" content=\"https:\/\/spitalmciuc.ro\/hu\/telefonszamok\/\" \/>\n<meta property=\"og:site_name\" content=\"Cs\u00edkszeredai Megyei S\u00fcrg\u0151ss\u00e9gi K\u00f3rh\u00e1z\" \/>\n<meta property=\"article:modified_time\" content=\"2026-03-18T11:14:37+00:00\" \/>\n<meta name=\"twitter:card\" content=\"summary_large_image\" \/>\n<meta name=\"twitter:label1\" content=\"Becs\u00fclt olvas\u00e1si id\u0151\" \/>\n\t<meta name=\"twitter:data1\" content=\"1 perc\" \/>\n<script type=\"application\/ld+json\" class=\"yoast-schema-graph\">{\"@context\":\"https:\/\/schema.org\",\"@graph\":[{\"@type\":\"Organization\",\"@id\":\"https:\/\/spitalmciuc.ro\/#organization\",\"name\":\"Spitalul Jude\u0163ean de Urgen\u0163\u0103 Miercurea Ciuc\",\"url\":\"https:\/\/spitalmciuc.ro\/\",\"sameAs\":[],\"logo\":{\"@type\":\"ImageObject\",\"@id\":\"https:\/\/spitalmciuc.ro\/#logo\",\"inLanguage\":\"hu\",\"url\":\"https:\/\/spitalmciuc.ro\/wp-content\/uploads\/2022\/02\/logo-spital-ro-60.jpg\",\"contentUrl\":\"https:\/\/spitalmciuc.ro\/wp-content\/uploads\/2022\/02\/logo-spital-ro-60.jpg\",\"width\":198,\"height\":60,\"caption\":\"Spitalul Jude\u0163ean de Urgen\u0163\u0103 Miercurea Ciuc\"},\"image\":{\"@id\":\"https:\/\/spitalmciuc.ro\/#logo\"}},{\"@type\":\"WebSite\",\"@id\":\"https:\/\/spitalmciuc.ro\/#website\",\"url\":\"https:\/\/spitalmciuc.ro\/\",\"name\":\"Cs\u00edkszeredai Megyei S\u00fcrg\u0151ss\u00e9gi K\u00f3rh\u00e1z\",\"description\":\"\",\"publisher\":{\"@id\":\"https:\/\/spitalmciuc.ro\/#organization\"},\"potentialAction\":[{\"@type\":\"SearchAction\",\"target\":{\"@type\":\"EntryPoint\",\"urlTemplate\":\"https:\/\/spitalmciuc.ro\/?s={search_term_string}\"},\"query-input\":\"required name=search_term_string\"}],\"inLanguage\":\"hu\"},{\"@type\":\"WebPage\",\"@id\":\"https:\/\/spitalmciuc.ro\/hu\/telefonszamok\/#webpage\",\"url\":\"https:\/\/spitalmciuc.ro\/hu\/telefonszamok\/\",\"name\":\"Telefonk\u00f6nyv - Cs\u00edkszeredai Megyei S\u00fcrg\u0151ss\u00e9gi K\u00f3rh\u00e1z\",\"isPartOf\":{\"@id\":\"https:\/\/spitalmciuc.ro\/#website\"},\"datePublished\":\"2016-09-29T11:58:33+00:00\",\"dateModified\":\"2026-03-18T11:14:37+00:00\",\"breadcrumb\":{\"@id\":\"https:\/\/spitalmciuc.ro\/hu\/telefonszamok\/#breadcrumb\"},\"inLanguage\":\"hu\",\"potentialAction\":[{\"@type\":\"ReadAction\",\"target\":[\"https:\/\/spitalmciuc.ro\/hu\/telefonszamok\/\"]}]},{\"@type\":\"BreadcrumbList\",\"@id\":\"https:\/\/spitalmciuc.ro\/hu\/telefonszamok\/#breadcrumb\",\"itemListElement\":[{\"@type\":\"ListItem\",\"position\":1,\"name\":\"Kezd\u0151lap\",\"item\":\"https:\/\/spitalmciuc.ro\/hu\/\"},{\"@type\":\"ListItem\",\"position\":2,\"name\":\"Telefonk\u00f6nyv\"}]}]}<\/script>\n<!-- \/ Yoast SEO plugin. -->","yoast_head_json":{"title":"Telefonk\u00f6nyv - Cs\u00edkszeredai Megyei S\u00fcrg\u0151ss\u00e9gi K\u00f3rh\u00e1z","robots":{"index":"index","follow":"follow","max-snippet":"max-snippet:-1","max-image-preview":"max-image-preview:large","max-video-preview":"max-video-preview:-1"},"canonical":"https:\/\/spitalmciuc.ro\/hu\/telefonszamok\/","og_locale":"hu_HU","og_type":"article","og_title":"Telefonk\u00f6nyv - Cs\u00edkszeredai Megyei S\u00fcrg\u0151ss\u00e9gi K\u00f3rh\u00e1z","og_description":"A Cs\u00edkszeredai Megyei S\u00fcrg\u0151ss\u00e9gi K\u00f3rh\u00e1z telefonsz\u00e1mai: &nbsp; &nbsp; El\u0151jegyz\u00e9st ig\u00e9nyelni j\u00e1r\u00f3beteg rendel\u0151kbe, inform\u00e1ci\u00f3\u00a0\u2192 \u25ba 0742214951 \u25ba 0758250759 \u25ba 0758250745 \u00c1ltal\u00e1nos seb\u00e9szeti oszt\u00e1ly 0758250735 Aneszteziol\u00f3giai \u00e9s Intenz\u00edv Ter\u00e1pi\u00e1s Oszt\u00e1ly 0753258925 Belgy\u00f3gy\u00e1szati oszt\u00e1ly 0753258923 B\u0151r- \u00e9s Nemigy\u00f3gy\u00e1szati oszt\u00e1ly 0758250744 Csal\u00e1dtervez\u0151i oszt\u00e1ly (07.00-08.00 illetve 13.00-15.00 \u00f3r\u00e1k k\u00f6z\u00f6tt) 0758117664 Elmegy\u00f3gy\u00e1szati oszt\u00e1ly 0758250746 Fert\u0151z\u0151 oszt\u00e1ly 0758250748 F\u00fcl-orr-g\u00e9g\u00e9szeti oszt\u00e1ly 0758250751 Gasztroenterol\u00f3giai&hellip;","og_url":"https:\/\/spitalmciuc.ro\/hu\/telefonszamok\/","og_site_name":"Cs\u00edkszeredai Megyei S\u00fcrg\u0151ss\u00e9gi K\u00f3rh\u00e1z","article_modified_time":"2026-03-18T11:14:37+00:00","twitter_card":"summary_large_image","twitter_misc":{"Becs\u00fclt olvas\u00e1si id\u0151":"1 perc"},"schema":{"@context":"https:\/\/schema.org","@graph":[{"@type":"Organization","@id":"https:\/\/spitalmciuc.ro\/#organization","name":"Spitalul Jude\u0163ean de Urgen\u0163\u0103 Miercurea Ciuc","url":"https:\/\/spitalmciuc.ro\/","sameAs":[],"logo":{"@type":"ImageObject","@id":"https:\/\/spitalmciuc.ro\/#logo","inLanguage":"hu","url":"https:\/\/spitalmciuc.ro\/wp-content\/uploads\/2022\/02\/logo-spital-ro-60.jpg","contentUrl":"https:\/\/spitalmciuc.ro\/wp-content\/uploads\/2022\/02\/logo-spital-ro-60.jpg","width":198,"height":60,"caption":"Spitalul Jude\u0163ean de Urgen\u0163\u0103 Miercurea Ciuc"},"image":{"@id":"https:\/\/spitalmciuc.ro\/#logo"}},{"@type":"WebSite","@id":"https:\/\/spitalmciuc.ro\/#website","url":"https:\/\/spitalmciuc.ro\/","name":"Cs\u00edkszeredai Megyei S\u00fcrg\u0151ss\u00e9gi K\u00f3rh\u00e1z","description":"","publisher":{"@id":"https:\/\/spitalmciuc.ro\/#organization"},"potentialAction":[{"@type":"SearchAction","target":{"@type":"EntryPoint","urlTemplate":"https:\/\/spitalmciuc.ro\/?s={search_term_string}"},"query-input":"required name=search_term_string"}],"inLanguage":"hu"},{"@type":"WebPage","@id":"https:\/\/spitalmciuc.ro\/hu\/telefonszamok\/#webpage","url":"https:\/\/spitalmciuc.ro\/hu\/telefonszamok\/","name":"Telefonk\u00f6nyv - Cs\u00edkszeredai Megyei S\u00fcrg\u0151ss\u00e9gi K\u00f3rh\u00e1z","isPartOf":{"@id":"https:\/\/spitalmciuc.ro\/#website"},"datePublished":"2016-09-29T11:58:33+00:00","dateModified":"2026-03-18T11:14:37+00:00","breadcrumb":{"@id":"https:\/\/spitalmciuc.ro\/hu\/telefonszamok\/#breadcrumb"},"inLanguage":"hu","potentialAction":[{"@type":"ReadAction","target":["https:\/\/spitalmciuc.ro\/hu\/telefonszamok\/"]}]},{"@type":"BreadcrumbList","@id":"https:\/\/spitalmciuc.ro\/hu\/telefonszamok\/#breadcrumb","itemListElement":[{"@type":"ListItem","position":1,"name":"Kezd\u0151lap","item":"https:\/\/spitalmciuc.ro\/hu\/"},{"@type":"ListItem","position":2,"name":"Telefonk\u00f6nyv"}]}]}},"_links":{"self":[{"href":"https:\/\/spitalmciuc.ro\/hu\/wp-json\/wp\/v2\/pages\/3532"}],"collection":[{"href":"https:\/\/spitalmciuc.ro\/hu\/wp-json\/wp\/v2\/pages"}],"about":[{"href":"https:\/\/spitalmciuc.ro\/hu\/wp-json\/wp\/v2\/types\/page"}],"author":[{"embeddable":true,"href":"https:\/\/spitalmciuc.ro\/hu\/wp-json\/wp\/v2\/users\/11"}],"replies":[{"embeddable":true,"href":"https:\/\/spitalmciuc.ro\/hu\/wp-json\/wp\/v2\/comments?post=3532"}],"version-history":[{"count":28,"href":"https:\/\/spitalmciuc.ro\/hu\/wp-json\/wp\/v2\/pages\/3532\/revisions"}],"predecessor-version":[{"id":19376,"href":"https:\/\/spitalmciuc.ro\/hu\/wp-json\/wp\/v2\/pages\/3532\/revisions\/19376"}],"wp:attachment":[{"href":"https:\/\/spitalmciuc.ro\/hu\/wp-json\/wp\/v2\/media?parent=3532"}],"curies":[{"name":"wp","href":"https:\/\/api.w.org\/{rel}","templated":true}]}}