{"id":3529,"date":"2016-09-27T16:33:29","date_gmt":"2016-09-27T16:33:29","guid":{"rendered":"https:\/\/spital.creative-solutions.ro\/index.php\/prezentare\/"},"modified":"2026-04-21T13:35:11","modified_gmt":"2026-04-21T10:35:11","slug":"bemutatkozunk","status":"publish","type":"page","link":"https:\/\/spitalmciuc.ro\/hu\/bemutatkozunk\/","title":{"rendered":"Bemutatkozunk"},"content":{"rendered":"<p>A Cs\u00edkszeredai Megyei S\u00fcrg\u0151ss\u00e9gi K\u00f3rh\u00e1z s\u00fcrg\u0151ss\u00e9gi jelleg\u0171, bennfekv\u0151 \u00e9s j\u00e1r\u00f3betegrendel\u0151 r\u00e9szlegekkel m\u0171k\u00f6d\u0151 eg\u00e9szs\u00e9g\u00fcgyi egys\u00e9g. Fenntart\u00f3ja Hargita Megye Tan\u00e1csa, m\u0171k\u00f6d\u00e9s\u00fcnket a 95\/2006-os sz\u00e1m\u00fa t\u00f6rv\u00e9ny alapozza meg.<\/p>\n<p>K\u00f3rh\u00e1zunk II-es keteg\u00f3ri\u00e1j\u00fa k\u00f3rh\u00e1z: az eg\u00e9szs\u00e9g\u00fcgyi miniszter rendelete szerint 2024. j\u00fanius 12-i d\u00e1tummal kezd\u0151d\u0151en magas kompetenci\u00e1j\u00fa eg\u00e9szs\u00e9g\u00fcgyi int\u00e9zm\u00e9ny.<br \/>\nSz\u00e9lesk\u00f6r\u0171 eg\u00e9szs\u00e9g\u00fcgyi szolg\u00e1ltat\u00e1sokkal \u00e1llunk Cs\u00edkszereda \u00e9s Hargita megye, tov\u00e1bb\u00e1 a szomsz\u00e9dos megy\u00e9k lakosainak rendelkez\u00e9s\u00e9re.<\/p>\n<p>A tev\u00e9kenys\u00e9g \u00f6t k\u00fcl\u00f6n\u00e1ll\u00f3 \u00e9p\u00fcletben zajlik: a f\u0151\u00e9p\u00fcletben kapott helyet oszt\u00e1lyaink t\u00f6bbs\u00e9ge, tov\u00e1bb\u00e1 Cs\u00edksomly\u00f3n \u00e9s Cs\u00edkszereda k\u00f6zpontj\u00e1ban m\u0171k\u00f6dnek oszt\u00e1lyaink. K\u00f3rh\u00e1zunk S\u00fcrg\u0151ss\u00e9gi Betegell\u00e1t\u00f3 Egys\u00e9ggel rendelkezik, ahol \u00e9vente t\u00f6bb mint 25.000 beteget l\u00e1tnak el. Int\u00e9zm\u00e9ny\u00fcnk r\u00e9sze a Szentegyh\u00e1zi Eg\u00e9szs\u00e9g\u00fcgyi K\u00f6zpont is.<\/p>\n<p>K\u00f3rh\u00e1zunkban az ut\u00f3bbi \u00e9vekben folyamatosan emelkedett az orvosok sz\u00e1ma, \u00faj szak\u00e1gak jelentek meg. Az orvosok mellett szakk\u00e9pzett eg\u00e9szs\u00e9g\u00fcgyi szem\u00e9lyzet l\u00e1tja el a betegeket. Az int\u00e9zm\u00e9ny m\u0171k\u00f6d\u00e9s\u00e9t tov\u00e1bbi kiseg\u00edt\u0151 szem\u00e9lyzet, m\u0171szaki, gazdas\u00e1gi \u00e9s adminisztrat\u00edv szem\u00e9lyzet biztos\u00edtja. A k\u00f3rh\u00e1zat az igazgat\u00f3tan\u00e1cs vezeti, amelynek a k\u00f3rh\u00e1z menedzsere, az orvosigazgat\u00f3, a p\u00e9nz\u00fcgyi-sz\u00e1mviteli igazgat\u00f3 \u00e9s az \u00e1pol\u00e1si igazgat\u00f3 a tagjai.<\/p>\n<p>Felszerelts\u00e9g\u00fcnk folyamatosan javul \u00e9s \u00e1lland\u00f3 er\u0151fesz\u00edt\u00e9seket tesz\u00fcnk annak \u00e9rdek\u00e9ben, hogy a rendel\u0151kben, az oszt\u00e1lyokon, tov\u00e1bb\u00e1 a m\u0171t\u0151blokkban modern eszk\u00f6z\u00f6k seg\u00edts\u00e9k a gy\u00f3gy\u00edt\u00e1st.<br \/>\nK\u00fcldet\u00e9s\u00fcnknek tekintj\u00fck Min\u0151s\u00e9g mindenekfelett jelmondatunk megval\u00f3s\u00edt\u00e1s\u00e1t, min\u0151s\u00e9gi, betegk\u00f6zpont\u00fa orvosl\u00e1s \u00e9s eg\u00e9szs\u00e9g\u00fcgyi ell\u00e1t\u00e1s biztos\u00edt\u00e1s\u00e1t.<\/p>\n<p>&nbsp;<\/p>\n<p><a href=\"https:\/\/spitalmciuc.ro\/wp-content\/uploads\/2024\/02\/Structura-SJUMC.pdf\" target=\"_blank\" rel=\"noopener\">A Cs\u00edkszeredai Megyei S\u00fcrg\u0151ss\u00e9gi K\u00f3rh\u00e1z szervezeti fel\u00e9p\u00edt\u00e9se<\/a><\/p>\n<p><a href=\"https:\/\/spitalmciuc.ro\/wp-content\/uploads\/2025\/03\/SKMBT_C36025030613390-1.pdf\" target=\"_blank\" rel=\"noopener\">A Cs\u00edkszeredai Megyei S\u00fcrg\u0151ss\u00e9gi K\u00f3rh\u00e1z szervezeti diagramja<\/a><\/p>\n<p><a href=\"\/wp-content\/uploads\/2016\/09\/Ordin-clasificare-spital.pdf\" target=\"_blank\" rel=\"noopener\">A Cs\u00edkszeredai Megyei S\u00fcrg\u0151ss\u00e9gi K\u00f3rh\u00e1z besorol\u00e1sa<\/a><\/p>\n<p><a href=\"https:\/\/spitalmciuc.ro\/wp-content\/uploads\/2025\/03\/Hot-25-ROF-Spital.pdf\" target=\"_blank\" rel=\"noopener\">A Cs\u00edkszeredai Megyei S\u00fcrg\u0151ss\u00e9gi K\u00f3rh\u00e1z szervezeti \u00e9s m\u0171k\u00f6d\u00e9si szab\u00e1lyzata<\/a><\/p>\n<p><a href=\"https:\/\/spitalmciuc.ro\/wp-content\/uploads\/2022\/03\/CCM2020_2022-1.pdf\" target=\"_blank\" rel=\"noopener\">Kollekt\u00edv munkaszerz\u0151d\u00e9s<\/a><\/p>\n<p><a href=\"https:\/\/spitalmciuc.ro\/wp-content\/uploads\/2026\/04\/ActAd.-nr1-la-ContrColMun-2023-2025-.pdf\" target=\"_blank\" rel=\"noopener\">Kollekt\u00edv munkaszerz\u0151d\u00e9s (Mell\u00e9klet)<\/a><\/p>\n<p><a href=\"https:\/\/spitalmciuc.ro\/wp-content\/uploads\/2025\/09\/ROI2023-Plan-alb-09.2025-compressed.pdf\" target=\"_blank\" rel=\"noopener\">Bels\u0151 rendszab\u00e1lyzat (Mell\u00e9klet)<\/a><\/p>\n<p><a href=\"https:\/\/spitalmciuc.ro\/wp-content\/uploads\/2022\/05\/Acord-de-Colaborare-transfer-interclinic-Spit.Cl_.Jud_.Tg_.Mures_.pdf\" target=\"_blank\" rel=\"noopener\">Egy\u00fcttm\u0171k\u00f6d\u00e9si meg\u00e1llapod\u00e1s int\u00e9zm\u00e9nyk\u00f6zi betegsz\u00e1ll\u00edt\u00e1sr\u00f3l a Marosv\u00e1s\u00e1rhelyi Megyei Klinikai K\u00f3rh\u00e1zzal<\/a><\/p>\n<p><a href=\"https:\/\/spitalmciuc.ro\/wp-content\/uploads\/2022\/07\/RegulamentAcordareVoucher-14072022115649.pdf\" target=\"_blank\" rel=\"noopener\">Vak\u00e1ci\u00f3s jegyek &#8211; szab\u00e1lyzat 2022-2026<\/a><br \/>\n<a style=\"display: none;\" href=\"https:\/\/spitalmciuc.ro\/wp-content\/uploads\/2022\/09\/COD-ETIC-SPITAL-M.CIUC_.pdf\" target=\"_blank\" rel=\"noopener\">Etikai k\u00f3dex<\/a><br \/>\n<a href=\"https:\/\/spitalmciuc.ro\/wp-content\/uploads\/2022\/11\/CodEticConduita-23112022131024.pdf\" target=\"_blank\" rel=\"noopener\">Etikai k\u00f3dex<\/a><\/p>\n<p><a href=\"https:\/\/spitalmciuc.ro\/wp-content\/uploads\/2025\/03\/Certificat_Systema_SJU_-MCIUC.pdf\" target=\"_blank\" rel=\"noopener\">Systema tan\u00fas\u00edtv\u00e1ny &#8211; Cs\u00edkszeredai Megyei S\u00fcrg\u0151ss\u00e9gi K\u00f3rh\u00e1z<\/a><\/p>\n","protected":false},"excerpt":{"rendered":"<p>A Cs\u00edkszeredai Megyei S\u00fcrg\u0151ss\u00e9gi K\u00f3rh\u00e1z s\u00fcrg\u0151ss\u00e9gi jelleg\u0171, bennfekv\u0151 \u00e9s j\u00e1r\u00f3betegrendel\u0151 r\u00e9szlegekkel m\u0171k\u00f6d\u0151 eg\u00e9szs\u00e9g\u00fcgyi egys\u00e9g. Fenntart\u00f3ja Hargita Megye Tan\u00e1csa, m\u0171k\u00f6d\u00e9s\u00fcnket a 95\/2006-os sz\u00e1m\u00fa t\u00f6rv\u00e9ny alapozza meg. K\u00f3rh\u00e1zunk II-es keteg\u00f3ri\u00e1j\u00fa k\u00f3rh\u00e1z: az eg\u00e9szs\u00e9g\u00fcgyi miniszter rendelete szerint 2024. j\u00fanius 12-i d\u00e1tummal kezd\u0151d\u0151en magas kompetenci\u00e1j\u00fa eg\u00e9szs\u00e9g\u00fcgyi int\u00e9zm\u00e9ny. Sz\u00e9lesk\u00f6r\u0171 eg\u00e9szs\u00e9g\u00fcgyi szolg\u00e1ltat\u00e1sokkal \u00e1llunk Cs\u00edkszereda \u00e9s Hargita megye, tov\u00e1bb\u00e1 a szomsz\u00e9dos megy\u00e9k&hellip;<\/p>\n","protected":false},"author":11,"featured_media":0,"parent":0,"menu_order":53,"comment_status":"closed","ping_status":"closed","template":"","meta":[],"yoast_head":"<!-- This site is optimized with the Yoast SEO plugin v18.3 - https:\/\/yoast.com\/wordpress\/plugins\/seo\/ -->\n<title>Bemutatkozunk - Cs\u00edkszeredai Megyei S\u00fcrg\u0151ss\u00e9gi K\u00f3rh\u00e1z<\/title>\n<meta name=\"robots\" content=\"index, follow, max-snippet:-1, max-image-preview:large, max-video-preview:-1\" \/>\n<link rel=\"canonical\" href=\"https:\/\/spitalmciuc.ro\/hu\/bemutatkozunk\/\" \/>\n<meta property=\"og:locale\" content=\"hu_HU\" \/>\n<meta property=\"og:type\" content=\"article\" \/>\n<meta property=\"og:title\" content=\"Bemutatkozunk - Cs\u00edkszeredai Megyei S\u00fcrg\u0151ss\u00e9gi K\u00f3rh\u00e1z\" \/>\n<meta property=\"og:description\" content=\"A Cs\u00edkszeredai Megyei S\u00fcrg\u0151ss\u00e9gi K\u00f3rh\u00e1z s\u00fcrg\u0151ss\u00e9gi jelleg\u0171, bennfekv\u0151 \u00e9s j\u00e1r\u00f3betegrendel\u0151 r\u00e9szlegekkel m\u0171k\u00f6d\u0151 eg\u00e9szs\u00e9g\u00fcgyi egys\u00e9g. Fenntart\u00f3ja Hargita Megye Tan\u00e1csa, m\u0171k\u00f6d\u00e9s\u00fcnket a 95\/2006-os sz\u00e1m\u00fa t\u00f6rv\u00e9ny alapozza meg. K\u00f3rh\u00e1zunk II-es keteg\u00f3ri\u00e1j\u00fa k\u00f3rh\u00e1z: az eg\u00e9szs\u00e9g\u00fcgyi miniszter rendelete szerint 2024. j\u00fanius 12-i d\u00e1tummal kezd\u0151d\u0151en magas kompetenci\u00e1j\u00fa eg\u00e9szs\u00e9g\u00fcgyi int\u00e9zm\u00e9ny. Sz\u00e9lesk\u00f6r\u0171 eg\u00e9szs\u00e9g\u00fcgyi szolg\u00e1ltat\u00e1sokkal \u00e1llunk Cs\u00edkszereda \u00e9s Hargita megye, tov\u00e1bb\u00e1 a szomsz\u00e9dos megy\u00e9k&hellip;\" \/>\n<meta property=\"og:url\" content=\"https:\/\/spitalmciuc.ro\/hu\/bemutatkozunk\/\" \/>\n<meta property=\"og:site_name\" content=\"Cs\u00edkszeredai Megyei S\u00fcrg\u0151ss\u00e9gi K\u00f3rh\u00e1z\" \/>\n<meta property=\"article:modified_time\" content=\"2026-04-21T10:35:11+00:00\" \/>\n<meta name=\"twitter:card\" content=\"summary_large_image\" \/>\n<meta name=\"twitter:label1\" content=\"Becs\u00fclt olvas\u00e1si id\u0151\" \/>\n\t<meta name=\"twitter:data1\" content=\"2 perc\" \/>\n<script type=\"application\/ld+json\" class=\"yoast-schema-graph\">{\"@context\":\"https:\/\/schema.org\",\"@graph\":[{\"@type\":\"Organization\",\"@id\":\"https:\/\/spitalmciuc.ro\/#organization\",\"name\":\"Spitalul Jude\u0163ean de Urgen\u0163\u0103 Miercurea Ciuc\",\"url\":\"https:\/\/spitalmciuc.ro\/\",\"sameAs\":[],\"logo\":{\"@type\":\"ImageObject\",\"@id\":\"https:\/\/spitalmciuc.ro\/#logo\",\"inLanguage\":\"hu\",\"url\":\"https:\/\/spitalmciuc.ro\/wp-content\/uploads\/2022\/02\/logo-spital-ro-60.jpg\",\"contentUrl\":\"https:\/\/spitalmciuc.ro\/wp-content\/uploads\/2022\/02\/logo-spital-ro-60.jpg\",\"width\":198,\"height\":60,\"caption\":\"Spitalul Jude\u0163ean de Urgen\u0163\u0103 Miercurea Ciuc\"},\"image\":{\"@id\":\"https:\/\/spitalmciuc.ro\/#logo\"}},{\"@type\":\"WebSite\",\"@id\":\"https:\/\/spitalmciuc.ro\/#website\",\"url\":\"https:\/\/spitalmciuc.ro\/\",\"name\":\"Cs\u00edkszeredai Megyei S\u00fcrg\u0151ss\u00e9gi K\u00f3rh\u00e1z\",\"description\":\"\",\"publisher\":{\"@id\":\"https:\/\/spitalmciuc.ro\/#organization\"},\"potentialAction\":[{\"@type\":\"SearchAction\",\"target\":{\"@type\":\"EntryPoint\",\"urlTemplate\":\"https:\/\/spitalmciuc.ro\/?s={search_term_string}\"},\"query-input\":\"required name=search_term_string\"}],\"inLanguage\":\"hu\"},{\"@type\":\"WebPage\",\"@id\":\"https:\/\/spitalmciuc.ro\/hu\/bemutatkozunk\/#webpage\",\"url\":\"https:\/\/spitalmciuc.ro\/hu\/bemutatkozunk\/\",\"name\":\"Bemutatkozunk - Cs\u00edkszeredai Megyei S\u00fcrg\u0151ss\u00e9gi K\u00f3rh\u00e1z\",\"isPartOf\":{\"@id\":\"https:\/\/spitalmciuc.ro\/#website\"},\"datePublished\":\"2016-09-27T16:33:29+00:00\",\"dateModified\":\"2026-04-21T10:35:11+00:00\",\"breadcrumb\":{\"@id\":\"https:\/\/spitalmciuc.ro\/hu\/bemutatkozunk\/#breadcrumb\"},\"inLanguage\":\"hu\",\"potentialAction\":[{\"@type\":\"ReadAction\",\"target\":[\"https:\/\/spitalmciuc.ro\/hu\/bemutatkozunk\/\"]}]},{\"@type\":\"BreadcrumbList\",\"@id\":\"https:\/\/spitalmciuc.ro\/hu\/bemutatkozunk\/#breadcrumb\",\"itemListElement\":[{\"@type\":\"ListItem\",\"position\":1,\"name\":\"Kezd\u0151lap\",\"item\":\"https:\/\/spitalmciuc.ro\/hu\/\"},{\"@type\":\"ListItem\",\"position\":2,\"name\":\"Bemutatkozunk\"}]}]}<\/script>\n<!-- \/ Yoast SEO plugin. -->","yoast_head_json":{"title":"Bemutatkozunk - Cs\u00edkszeredai Megyei S\u00fcrg\u0151ss\u00e9gi K\u00f3rh\u00e1z","robots":{"index":"index","follow":"follow","max-snippet":"max-snippet:-1","max-image-preview":"max-image-preview:large","max-video-preview":"max-video-preview:-1"},"canonical":"https:\/\/spitalmciuc.ro\/hu\/bemutatkozunk\/","og_locale":"hu_HU","og_type":"article","og_title":"Bemutatkozunk - Cs\u00edkszeredai Megyei S\u00fcrg\u0151ss\u00e9gi K\u00f3rh\u00e1z","og_description":"A Cs\u00edkszeredai Megyei S\u00fcrg\u0151ss\u00e9gi K\u00f3rh\u00e1z s\u00fcrg\u0151ss\u00e9gi jelleg\u0171, bennfekv\u0151 \u00e9s j\u00e1r\u00f3betegrendel\u0151 r\u00e9szlegekkel m\u0171k\u00f6d\u0151 eg\u00e9szs\u00e9g\u00fcgyi egys\u00e9g. Fenntart\u00f3ja Hargita Megye Tan\u00e1csa, m\u0171k\u00f6d\u00e9s\u00fcnket a 95\/2006-os sz\u00e1m\u00fa t\u00f6rv\u00e9ny alapozza meg. K\u00f3rh\u00e1zunk II-es keteg\u00f3ri\u00e1j\u00fa k\u00f3rh\u00e1z: az eg\u00e9szs\u00e9g\u00fcgyi miniszter rendelete szerint 2024. j\u00fanius 12-i d\u00e1tummal kezd\u0151d\u0151en magas kompetenci\u00e1j\u00fa eg\u00e9szs\u00e9g\u00fcgyi int\u00e9zm\u00e9ny. Sz\u00e9lesk\u00f6r\u0171 eg\u00e9szs\u00e9g\u00fcgyi szolg\u00e1ltat\u00e1sokkal \u00e1llunk Cs\u00edkszereda \u00e9s Hargita megye, tov\u00e1bb\u00e1 a szomsz\u00e9dos megy\u00e9k&hellip;","og_url":"https:\/\/spitalmciuc.ro\/hu\/bemutatkozunk\/","og_site_name":"Cs\u00edkszeredai Megyei S\u00fcrg\u0151ss\u00e9gi K\u00f3rh\u00e1z","article_modified_time":"2026-04-21T10:35:11+00:00","twitter_card":"summary_large_image","twitter_misc":{"Becs\u00fclt olvas\u00e1si id\u0151":"2 perc"},"schema":{"@context":"https:\/\/schema.org","@graph":[{"@type":"Organization","@id":"https:\/\/spitalmciuc.ro\/#organization","name":"Spitalul Jude\u0163ean de Urgen\u0163\u0103 Miercurea Ciuc","url":"https:\/\/spitalmciuc.ro\/","sameAs":[],"logo":{"@type":"ImageObject","@id":"https:\/\/spitalmciuc.ro\/#logo","inLanguage":"hu","url":"https:\/\/spitalmciuc.ro\/wp-content\/uploads\/2022\/02\/logo-spital-ro-60.jpg","contentUrl":"https:\/\/spitalmciuc.ro\/wp-content\/uploads\/2022\/02\/logo-spital-ro-60.jpg","width":198,"height":60,"caption":"Spitalul Jude\u0163ean de Urgen\u0163\u0103 Miercurea Ciuc"},"image":{"@id":"https:\/\/spitalmciuc.ro\/#logo"}},{"@type":"WebSite","@id":"https:\/\/spitalmciuc.ro\/#website","url":"https:\/\/spitalmciuc.ro\/","name":"Cs\u00edkszeredai Megyei S\u00fcrg\u0151ss\u00e9gi K\u00f3rh\u00e1z","description":"","publisher":{"@id":"https:\/\/spitalmciuc.ro\/#organization"},"potentialAction":[{"@type":"SearchAction","target":{"@type":"EntryPoint","urlTemplate":"https:\/\/spitalmciuc.ro\/?s={search_term_string}"},"query-input":"required name=search_term_string"}],"inLanguage":"hu"},{"@type":"WebPage","@id":"https:\/\/spitalmciuc.ro\/hu\/bemutatkozunk\/#webpage","url":"https:\/\/spitalmciuc.ro\/hu\/bemutatkozunk\/","name":"Bemutatkozunk - Cs\u00edkszeredai Megyei S\u00fcrg\u0151ss\u00e9gi K\u00f3rh\u00e1z","isPartOf":{"@id":"https:\/\/spitalmciuc.ro\/#website"},"datePublished":"2016-09-27T16:33:29+00:00","dateModified":"2026-04-21T10:35:11+00:00","breadcrumb":{"@id":"https:\/\/spitalmciuc.ro\/hu\/bemutatkozunk\/#breadcrumb"},"inLanguage":"hu","potentialAction":[{"@type":"ReadAction","target":["https:\/\/spitalmciuc.ro\/hu\/bemutatkozunk\/"]}]},{"@type":"BreadcrumbList","@id":"https:\/\/spitalmciuc.ro\/hu\/bemutatkozunk\/#breadcrumb","itemListElement":[{"@type":"ListItem","position":1,"name":"Kezd\u0151lap","item":"https:\/\/spitalmciuc.ro\/hu\/"},{"@type":"ListItem","position":2,"name":"Bemutatkozunk"}]}]}},"_links":{"self":[{"href":"https:\/\/spitalmciuc.ro\/hu\/wp-json\/wp\/v2\/pages\/3529"}],"collection":[{"href":"https:\/\/spitalmciuc.ro\/hu\/wp-json\/wp\/v2\/pages"}],"about":[{"href":"https:\/\/spitalmciuc.ro\/hu\/wp-json\/wp\/v2\/types\/page"}],"author":[{"embeddable":true,"href":"https:\/\/spitalmciuc.ro\/hu\/wp-json\/wp\/v2\/users\/11"}],"replies":[{"embeddable":true,"href":"https:\/\/spitalmciuc.ro\/hu\/wp-json\/wp\/v2\/comments?post=3529"}],"version-history":[{"count":37,"href":"https:\/\/spitalmciuc.ro\/hu\/wp-json\/wp\/v2\/pages\/3529\/revisions"}],"predecessor-version":[{"id":19628,"href":"https:\/\/spitalmciuc.ro\/hu\/wp-json\/wp\/v2\/pages\/3529\/revisions\/19628"}],"wp:attachment":[{"href":"https:\/\/spitalmciuc.ro\/hu\/wp-json\/wp\/v2\/media?parent=3529"}],"curies":[{"name":"wp","href":"https:\/\/api.w.org\/{rel}","templated":true}]}}