{"id":3496,"date":"2016-09-27T13:27:48","date_gmt":"2016-09-27T13:27:48","guid":{"rendered":"https:\/\/spital.creative-solutions.ro\/index.php\/vagyon-es-erdeknyilatkozatok\/"},"modified":"2022-03-03T11:20:58","modified_gmt":"2022-03-03T11:20:58","slug":"vagyon-es-erdeknyilatkozatok-2015-2016","status":"publish","type":"page","link":"https:\/\/spitalmciuc.ro\/hu\/vagyon-es-erdeknyilatkozatok\/vagyon-es-erdeknyilatkozatok-2015-2016\/","title":{"rendered":"Vagyon- \u00e9s \u00e9rdeknyilatkozatok &#8211; 2015-2016"},"content":{"rendered":"<p>&nbsp;<\/p>\n<p>Vagyon<span lang=\"EN-US\">&#8211; <\/span>\u00e9s \u00e9rdeknyilatkozatok a 176\/2010. sz\u00e1m\u00fa T\u00f6rv\u00e9ny alapj\u00e1n:<\/p>\n<p>1. <a href=\"https:\/\/spitalmciuc.ro\/wp-content\/uploads\/2016\/09\/fulop-enci-001.pdf\" target=\"_blank\" rel=\"noopener noreferrer\">F\u00fcl\u00f6p Enik\u0151<\/a><\/p>\n<p>2. <a href=\"https:\/\/spitalmciuc.ro\/wp-content\/uploads\/2016\/09\/ambrus-elod.pdf\" target=\"_blank\" rel=\"noopener noreferrer\">Ambrus El\u0151d<\/a><\/p>\n<p>3. <a title=\"Vizi\" href=\"https:\/\/spitalmciuc.ro\/wp-content\/uploads\/2016\/09\/vizi-marika.pdf\" target=\"_blank\" rel=\"noopener noreferrer\">V\u00edzi M\u00e1ria-Melinda<\/a><\/p>\n<p>4. <a href=\"https:\/\/spitalmciuc.ro\/wp-content\/uploads\/2016\/09\/dr-incze.pdf\" target=\"_blank\" rel=\"noopener noreferrer\">Dr. Incze Emese<\/a><\/p>\n<p>5. <a href=\"https:\/\/spitalmciuc.ro\/wp-content\/uploads\/2016\/09\/dr-sinko.pdf\" target=\"_blank\" rel=\"noopener noreferrer\">Dr. Sink\u00f3 J\u00e1nos<\/a><\/p>\n<p>6. <a href=\"https:\/\/spitalmciuc.ro\/wp-content\/uploads\/2016\/09\/dr-borsa.pdf\" target=\"_blank\" rel=\"noopener noreferrer\">Dr. Borsa \u0218tefan<\/a><\/p>\n<p>7. <a href=\"https:\/\/spitalmciuc.ro\/wp-content\/uploads\/2016\/09\/dr-szilagyi.pdf\" target=\"_blank\" rel=\"noopener noreferrer\">Dr. Szil\u00e1gyi Erzs\u00e9bet<\/a><\/p>\n<p>8. <a href=\"https:\/\/spitalmciuc.ro\/wp-content\/uploads\/2016\/09\/dr-bodo.pdf\" target=\"_blank\" rel=\"noopener noreferrer\">Dr. Bod\u00f3 P\u00e1l<\/a><\/p>\n<p>9. <a href=\"https:\/\/spitalmciuc.ro\/wp-content\/uploads\/2016\/09\/dr-piros.pdf\" target=\"_blank\" rel=\"noopener noreferrer\">Dr. Piros Gheorghe<\/a><\/p>\n<p>10. <a href=\"https:\/\/spitalmciuc.ro\/wp-content\/uploads\/2016\/09\/dr-singeorzan-s.pdf\" target=\"_blank\" rel=\"noopener noreferrer\">Dr. S\u00eengeorzan Sergiu<\/a><\/p>\n<p>11. <a href=\"https:\/\/spitalmciuc.ro\/wp-content\/uploads\/2016\/09\/dr-kraft.pdf\" target=\"_blank\" rel=\"noopener noreferrer\">Dr. Kraft Zsolt B\u00e9la<\/a><\/p>\n<p>12. <a href=\"https:\/\/spitalmciuc.ro\/wp-content\/uploads\/2016\/09\/dr-ambrus-jo.pdf\" target=\"_blank\" rel=\"noopener noreferrer\">Dr. Ambrus Ir\u00e9n<\/a><\/p>\n<p>13. <a href=\"https:\/\/spitalmciuc.ro\/wp-content\/uploads\/2016\/09\/dr-duplenschi.pdf\" target=\"_blank\" rel=\"noopener noreferrer\">Dr. Duplenschi M\u00e1ria-Magdolna<\/a><\/p>\n<p>14. <a href=\"https:\/\/spitalmciuc.ro\/wp-content\/uploads\/2016\/09\/dr-laszlo.pdf\" target=\"_blank\" rel=\"noopener noreferrer\">Dr. L\u00e1szl\u00f3 Emeric<\/a><\/p>\n<p>15. <a href=\"https:\/\/spitalmciuc.ro\/wp-content\/uploads\/2016\/09\/veres-sarolta.pdf\" target=\"_blank\" rel=\"noopener noreferrer\">Veress Sarolta<\/a><\/p>\n<p>16. <a href=\"https:\/\/spitalmciuc.ro\/wp-content\/uploads\/2016\/09\/dr-burszan.pdf\" target=\"_blank\" rel=\"noopener noreferrer\">Dr. Bursz\u00e1n-Barab\u00e1s Andrei<\/a><\/p>\n<p>17. <a href=\"https:\/\/spitalmciuc.ro\/wp-content\/uploads\/2016\/09\/dr-hompoth.pdf\" target=\"_blank\" rel=\"noopener noreferrer\">Dr. Hompoth Gy\u00f6rgy<\/a><\/p>\n<p>18. <a href=\"https:\/\/spitalmciuc.ro\/wp-content\/uploads\/2016\/09\/dr-vitos.pdf\" target=\"_blank\" rel=\"noopener noreferrer\">Dr. Vitos Attila<\/a><\/p>\n<p>19. <a href=\"https:\/\/spitalmciuc.ro\/wp-content\/uploads\/2016\/09\/dr.kurko_.pdf\" target=\"_blank\" rel=\"noopener noreferrer\">Dr. Kurk\u00f3 Csilla<\/a><\/p>\n<p>20. <a href=\"https:\/\/spitalmciuc.ro\/wp-content\/uploads\/2016\/09\/dr-vargancsik.pdf\" target=\"_blank\" rel=\"noopener noreferrer\">Dr. Vargancsik Margareta<\/a><\/p>\n<p>21. <a href=\"https:\/\/spitalmciuc.ro\/wp-content\/uploads\/2016\/09\/dr-jurcsuk.pdf\" target=\"_blank\" rel=\"noopener noreferrer\">Dr. Iurcsuk Olga<\/a><\/p>\n<p>22. <a href=\"https:\/\/spitalmciuc.ro\/wp-content\/uploads\/2016\/09\/szabo-gyula.pdf\" target=\"_blank\" rel=\"noopener noreferrer\">Szab\u00f3 Gyula<\/a><\/p>\n<p>23. <a href=\"https:\/\/spitalmciuc.ro\/wp-content\/uploads\/2016\/09\/vagassy.pdf\" target=\"_blank\" rel=\"noopener noreferrer\">V\u00e1g\u00e1ssy Alp\u00e1r<\/a><\/p>\n<p>24. <a href=\"https:\/\/spitalmciuc.ro\/wp-content\/uploads\/2016\/09\/zonda_erika.pdf\" target=\"_blank\" rel=\"noopener noreferrer\">Zonda Erika<\/a><\/p>\n<p>25. <a href=\"https:\/\/spitalmciuc.ro\/wp-content\/uploads\/2016\/09\/dr-tar.pdf\" target=\"_blank\" rel=\"noopener noreferrer\">Dr. Tar Gy\u00f6ngyi<\/a><\/p>\n<p>26. Dr. Holl\u00f3 Gergely<\/p>\n<p>27. <a href=\"https:\/\/spitalmciuc.ro\/wp-content\/uploads\/2016\/09\/dr.-sing-dorin.pdf\" target=\"_blank\" rel=\"noopener noreferrer\">Dr. S\u00eengeorzan Dorin<\/a><\/p>\n<p>28. <a href=\"https:\/\/spitalmciuc.ro\/wp-content\/uploads\/2016\/09\/drmarosimariaterezia.pdf\" target=\"_blank\" rel=\"noopener noreferrer\">Dr. Marosi M\u00e1ria-Ter\u00e9zia<\/a><\/p>\n<p>29. <a href=\"https:\/\/spitalmciuc.ro\/wp-content\/uploads\/2016\/09\/dr-kovats-ana-edith.pdf\" target=\"_blank\" rel=\"noopener noreferrer\">Dr. Kov\u00e1ts Ana-Edith<\/a><\/p>\n<p>30. <a href=\"https:\/\/spitalmciuc.ro\/wp-content\/uploads\/2016\/09\/dr-veress-reka.pdf\" target=\"_blank\" rel=\"noopener noreferrer\">Dr. Veress R\u00e9ka<\/a><\/p>\n<p>31. <a href=\"https:\/\/spitalmciuc.ro\/wp-content\/uploads\/2016\/09\/fodor.pdf\" target=\"_blank\" rel=\"noopener noreferrer\">Dr. Fodor Istv\u00e1n<\/a><\/p>\n<p>32. <a href=\"https:\/\/spitalmciuc.ro\/wp-content\/uploads\/2016\/09\/dr-varga-peter.pdf\" target=\"_blank\" rel=\"noopener noreferrer\">Dr. Varga P\u00e9ter<\/a><\/p>\n<p>&nbsp;<\/p>\n<p><strong>\u0170rlapok:<\/strong><\/p>\n<p><a href=\"https:\/\/spitalmciuc.ro\/wp-content\/uploads\/2016\/09\/516_99_Formular_Declaratie_de_avere.doc\" target=\"_blank\" rel=\"noopener noreferrer\">Vagyonnyilatkozat \u00fcrlap<\/a><\/p>\n<p><a href=\"https:\/\/spitalmciuc.ro\/wp-content\/uploads\/2016\/09\/517_99_Formular_Declaratie_de_interese.doc\" target=\"_blank\" rel=\"noopener noreferrer\">\u00c9rdek-\u00f6sszef\u00e9rhetetlens\u00e9gi nyilatkozat \u00fcrlap<\/a><\/p>\n<p><strong>\u00datmutat\u00f3k:<\/strong><\/p>\n<p><a href=\"https:\/\/spitalmciuc.ro\/wp-content\/uploads\/2016\/09\/518_99_Instructiuni_de_completare_Declaratie_de_avere.pdf\" target=\"_blank\" rel=\"noopener noreferrer\">Vagyonnyilatkozat \u00fatmutat\u00f3<\/a><\/p>\n<p><a href=\"https:\/\/spitalmciuc.ro\/wp-content\/uploads\/2016\/09\/519_99_Instructiuni_de_completare__Declaratie_de_interese.pdf\" target=\"_blank\" rel=\"noopener noreferrer\">\u00c9rdek-\u00f6sszef\u00e9rhetetlens\u00e9gi nyilatkozat \u00fatmutat\u00f3<\/a><\/p>\n","protected":false},"excerpt":{"rendered":"<p>&nbsp; Vagyon&#8211; \u00e9s \u00e9rdeknyilatkozatok a 176\/2010. sz\u00e1m\u00fa T\u00f6rv\u00e9ny alapj\u00e1n: 1. F\u00fcl\u00f6p Enik\u0151 2. Ambrus El\u0151d 3. V\u00edzi M\u00e1ria-Melinda 4. Dr. Incze Emese 5. Dr. Sink\u00f3 J\u00e1nos 6. Dr. Borsa \u0218tefan 7. Dr. Szil\u00e1gyi Erzs\u00e9bet 8. Dr. Bod\u00f3 P\u00e1l 9. Dr. Piros Gheorghe 10. Dr. S\u00eengeorzan Sergiu 11. Dr. Kraft Zsolt B\u00e9la 12. Dr. Ambrus Ir\u00e9n&hellip;<\/p>\n","protected":false},"author":11,"featured_media":0,"parent":6784,"menu_order":49,"comment_status":"closed","ping_status":"closed","template":"","meta":[],"yoast_head":"<!-- This site is optimized with the Yoast SEO plugin v18.3 - https:\/\/yoast.com\/wordpress\/plugins\/seo\/ -->\n<title>Vagyon- \u00e9s \u00e9rdeknyilatkozatok - 2015-2016 - Cs\u00edkszeredai Megyei S\u00fcrg\u0151ss\u00e9gi K\u00f3rh\u00e1z<\/title>\n<meta name=\"robots\" content=\"index, follow, max-snippet:-1, max-image-preview:large, max-video-preview:-1\" \/>\n<link rel=\"canonical\" href=\"https:\/\/spitalmciuc.ro\/vagyon-es-erdeknyilatkozatok\/vagyon-es-erdeknyilatkozatok-2015-2016\/\" \/>\n<meta property=\"og:locale\" content=\"hu_HU\" \/>\n<meta property=\"og:type\" content=\"article\" \/>\n<meta property=\"og:title\" content=\"Vagyon- \u00e9s \u00e9rdeknyilatkozatok - 2015-2016 - Cs\u00edkszeredai Megyei S\u00fcrg\u0151ss\u00e9gi K\u00f3rh\u00e1z\" \/>\n<meta property=\"og:description\" content=\"&nbsp; Vagyon&#8211; \u00e9s \u00e9rdeknyilatkozatok a 176\/2010. sz\u00e1m\u00fa T\u00f6rv\u00e9ny alapj\u00e1n: 1. F\u00fcl\u00f6p Enik\u0151 2. Ambrus El\u0151d 3. V\u00edzi M\u00e1ria-Melinda 4. Dr. Incze Emese 5. Dr. Sink\u00f3 J\u00e1nos 6. Dr. Borsa \u0218tefan 7. Dr. Szil\u00e1gyi Erzs\u00e9bet 8. Dr. Bod\u00f3 P\u00e1l 9. Dr. Piros Gheorghe 10. Dr. S\u00eengeorzan Sergiu 11. Dr. Kraft Zsolt B\u00e9la 12. Dr. Ambrus Ir\u00e9n&hellip;\" \/>\n<meta property=\"og:url\" content=\"https:\/\/spitalmciuc.ro\/vagyon-es-erdeknyilatkozatok\/vagyon-es-erdeknyilatkozatok-2015-2016\/\" \/>\n<meta property=\"og:site_name\" content=\"Cs\u00edkszeredai Megyei S\u00fcrg\u0151ss\u00e9gi K\u00f3rh\u00e1z\" \/>\n<meta property=\"article:modified_time\" content=\"2022-03-03T11:20:58+00:00\" \/>\n<meta name=\"twitter:card\" content=\"summary_large_image\" \/>\n<meta name=\"twitter:label1\" content=\"Becs\u00fclt olvas\u00e1si id\u0151\" \/>\n\t<meta name=\"twitter:data1\" content=\"1 perc\" \/>\n<script type=\"application\/ld+json\" class=\"yoast-schema-graph\">{\"@context\":\"https:\/\/schema.org\",\"@graph\":[{\"@type\":\"Organization\",\"@id\":\"https:\/\/spitalmciuc.ro\/#organization\",\"name\":\"Spitalul Jude\u0163ean de Urgen\u0163\u0103 Miercurea Ciuc\",\"url\":\"https:\/\/spitalmciuc.ro\/\",\"sameAs\":[],\"logo\":{\"@type\":\"ImageObject\",\"@id\":\"https:\/\/spitalmciuc.ro\/#logo\",\"inLanguage\":\"hu\",\"url\":\"https:\/\/spitalmciuc.ro\/wp-content\/uploads\/2022\/02\/logo-spital-ro-60.jpg\",\"contentUrl\":\"https:\/\/spitalmciuc.ro\/wp-content\/uploads\/2022\/02\/logo-spital-ro-60.jpg\",\"width\":198,\"height\":60,\"caption\":\"Spitalul Jude\u0163ean de Urgen\u0163\u0103 Miercurea Ciuc\"},\"image\":{\"@id\":\"https:\/\/spitalmciuc.ro\/#logo\"}},{\"@type\":\"WebSite\",\"@id\":\"https:\/\/spitalmciuc.ro\/#website\",\"url\":\"https:\/\/spitalmciuc.ro\/\",\"name\":\"Cs\u00edkszeredai Megyei S\u00fcrg\u0151ss\u00e9gi K\u00f3rh\u00e1z\",\"description\":\"\",\"publisher\":{\"@id\":\"https:\/\/spitalmciuc.ro\/#organization\"},\"potentialAction\":[{\"@type\":\"SearchAction\",\"target\":{\"@type\":\"EntryPoint\",\"urlTemplate\":\"https:\/\/spitalmciuc.ro\/?s={search_term_string}\"},\"query-input\":\"required name=search_term_string\"}],\"inLanguage\":\"hu\"},{\"@type\":\"WebPage\",\"@id\":\"https:\/\/spitalmciuc.ro\/vagyon-es-erdeknyilatkozatok\/vagyon-es-erdeknyilatkozatok-2015-2016\/#webpage\",\"url\":\"https:\/\/spitalmciuc.ro\/vagyon-es-erdeknyilatkozatok\/vagyon-es-erdeknyilatkozatok-2015-2016\/\",\"name\":\"Vagyon- \u00e9s \u00e9rdeknyilatkozatok - 2015-2016 - Cs\u00edkszeredai Megyei S\u00fcrg\u0151ss\u00e9gi K\u00f3rh\u00e1z\",\"isPartOf\":{\"@id\":\"https:\/\/spitalmciuc.ro\/#website\"},\"datePublished\":\"2016-09-27T13:27:48+00:00\",\"dateModified\":\"2022-03-03T11:20:58+00:00\",\"breadcrumb\":{\"@id\":\"https:\/\/spitalmciuc.ro\/vagyon-es-erdeknyilatkozatok\/vagyon-es-erdeknyilatkozatok-2015-2016\/#breadcrumb\"},\"inLanguage\":\"hu\",\"potentialAction\":[{\"@type\":\"ReadAction\",\"target\":[\"https:\/\/spitalmciuc.ro\/vagyon-es-erdeknyilatkozatok\/vagyon-es-erdeknyilatkozatok-2015-2016\/\"]}]},{\"@type\":\"BreadcrumbList\",\"@id\":\"https:\/\/spitalmciuc.ro\/vagyon-es-erdeknyilatkozatok\/vagyon-es-erdeknyilatkozatok-2015-2016\/#breadcrumb\",\"itemListElement\":[{\"@type\":\"ListItem\",\"position\":1,\"name\":\"Kezd\u0151lap\",\"item\":\"https:\/\/spitalmciuc.ro\/hu\/\"},{\"@type\":\"ListItem\",\"position\":2,\"name\":\"Vagyon \u00e9s \u00e9rdeknyilatkozatok\",\"item\":\"https:\/\/spitalmciuc.ro\/vagyon-es-erdeknyilatkozatok\/\"},{\"@type\":\"ListItem\",\"position\":3,\"name\":\"Vagyon- \u00e9s \u00e9rdeknyilatkozatok &#8211; 2015-2016\"}]}]}<\/script>\n<!-- \/ Yoast SEO plugin. -->","yoast_head_json":{"title":"Vagyon- \u00e9s \u00e9rdeknyilatkozatok - 2015-2016 - Cs\u00edkszeredai Megyei S\u00fcrg\u0151ss\u00e9gi K\u00f3rh\u00e1z","robots":{"index":"index","follow":"follow","max-snippet":"max-snippet:-1","max-image-preview":"max-image-preview:large","max-video-preview":"max-video-preview:-1"},"canonical":"https:\/\/spitalmciuc.ro\/vagyon-es-erdeknyilatkozatok\/vagyon-es-erdeknyilatkozatok-2015-2016\/","og_locale":"hu_HU","og_type":"article","og_title":"Vagyon- \u00e9s \u00e9rdeknyilatkozatok - 2015-2016 - Cs\u00edkszeredai Megyei S\u00fcrg\u0151ss\u00e9gi K\u00f3rh\u00e1z","og_description":"&nbsp; Vagyon&#8211; \u00e9s \u00e9rdeknyilatkozatok a 176\/2010. sz\u00e1m\u00fa T\u00f6rv\u00e9ny alapj\u00e1n: 1. F\u00fcl\u00f6p Enik\u0151 2. Ambrus El\u0151d 3. V\u00edzi M\u00e1ria-Melinda 4. Dr. Incze Emese 5. Dr. Sink\u00f3 J\u00e1nos 6. Dr. Borsa \u0218tefan 7. Dr. Szil\u00e1gyi Erzs\u00e9bet 8. Dr. Bod\u00f3 P\u00e1l 9. Dr. Piros Gheorghe 10. Dr. S\u00eengeorzan Sergiu 11. Dr. Kraft Zsolt B\u00e9la 12. Dr. Ambrus Ir\u00e9n&hellip;","og_url":"https:\/\/spitalmciuc.ro\/vagyon-es-erdeknyilatkozatok\/vagyon-es-erdeknyilatkozatok-2015-2016\/","og_site_name":"Cs\u00edkszeredai Megyei S\u00fcrg\u0151ss\u00e9gi K\u00f3rh\u00e1z","article_modified_time":"2022-03-03T11:20:58+00:00","twitter_card":"summary_large_image","twitter_misc":{"Becs\u00fclt olvas\u00e1si id\u0151":"1 perc"},"schema":{"@context":"https:\/\/schema.org","@graph":[{"@type":"Organization","@id":"https:\/\/spitalmciuc.ro\/#organization","name":"Spitalul Jude\u0163ean de Urgen\u0163\u0103 Miercurea Ciuc","url":"https:\/\/spitalmciuc.ro\/","sameAs":[],"logo":{"@type":"ImageObject","@id":"https:\/\/spitalmciuc.ro\/#logo","inLanguage":"hu","url":"https:\/\/spitalmciuc.ro\/wp-content\/uploads\/2022\/02\/logo-spital-ro-60.jpg","contentUrl":"https:\/\/spitalmciuc.ro\/wp-content\/uploads\/2022\/02\/logo-spital-ro-60.jpg","width":198,"height":60,"caption":"Spitalul Jude\u0163ean de Urgen\u0163\u0103 Miercurea Ciuc"},"image":{"@id":"https:\/\/spitalmciuc.ro\/#logo"}},{"@type":"WebSite","@id":"https:\/\/spitalmciuc.ro\/#website","url":"https:\/\/spitalmciuc.ro\/","name":"Cs\u00edkszeredai Megyei S\u00fcrg\u0151ss\u00e9gi K\u00f3rh\u00e1z","description":"","publisher":{"@id":"https:\/\/spitalmciuc.ro\/#organization"},"potentialAction":[{"@type":"SearchAction","target":{"@type":"EntryPoint","urlTemplate":"https:\/\/spitalmciuc.ro\/?s={search_term_string}"},"query-input":"required name=search_term_string"}],"inLanguage":"hu"},{"@type":"WebPage","@id":"https:\/\/spitalmciuc.ro\/vagyon-es-erdeknyilatkozatok\/vagyon-es-erdeknyilatkozatok-2015-2016\/#webpage","url":"https:\/\/spitalmciuc.ro\/vagyon-es-erdeknyilatkozatok\/vagyon-es-erdeknyilatkozatok-2015-2016\/","name":"Vagyon- \u00e9s \u00e9rdeknyilatkozatok - 2015-2016 - Cs\u00edkszeredai Megyei S\u00fcrg\u0151ss\u00e9gi K\u00f3rh\u00e1z","isPartOf":{"@id":"https:\/\/spitalmciuc.ro\/#website"},"datePublished":"2016-09-27T13:27:48+00:00","dateModified":"2022-03-03T11:20:58+00:00","breadcrumb":{"@id":"https:\/\/spitalmciuc.ro\/vagyon-es-erdeknyilatkozatok\/vagyon-es-erdeknyilatkozatok-2015-2016\/#breadcrumb"},"inLanguage":"hu","potentialAction":[{"@type":"ReadAction","target":["https:\/\/spitalmciuc.ro\/vagyon-es-erdeknyilatkozatok\/vagyon-es-erdeknyilatkozatok-2015-2016\/"]}]},{"@type":"BreadcrumbList","@id":"https:\/\/spitalmciuc.ro\/vagyon-es-erdeknyilatkozatok\/vagyon-es-erdeknyilatkozatok-2015-2016\/#breadcrumb","itemListElement":[{"@type":"ListItem","position":1,"name":"Kezd\u0151lap","item":"https:\/\/spitalmciuc.ro\/hu\/"},{"@type":"ListItem","position":2,"name":"Vagyon \u00e9s \u00e9rdeknyilatkozatok","item":"https:\/\/spitalmciuc.ro\/vagyon-es-erdeknyilatkozatok\/"},{"@type":"ListItem","position":3,"name":"Vagyon- \u00e9s \u00e9rdeknyilatkozatok &#8211; 2015-2016"}]}]}},"_links":{"self":[{"href":"https:\/\/spitalmciuc.ro\/hu\/wp-json\/wp\/v2\/pages\/3496"}],"collection":[{"href":"https:\/\/spitalmciuc.ro\/hu\/wp-json\/wp\/v2\/pages"}],"about":[{"href":"https:\/\/spitalmciuc.ro\/hu\/wp-json\/wp\/v2\/types\/page"}],"author":[{"embeddable":true,"href":"https:\/\/spitalmciuc.ro\/hu\/wp-json\/wp\/v2\/users\/11"}],"replies":[{"embeddable":true,"href":"https:\/\/spitalmciuc.ro\/hu\/wp-json\/wp\/v2\/comments?post=3496"}],"version-history":[{"count":3,"href":"https:\/\/spitalmciuc.ro\/hu\/wp-json\/wp\/v2\/pages\/3496\/revisions"}],"predecessor-version":[{"id":7403,"href":"https:\/\/spitalmciuc.ro\/hu\/wp-json\/wp\/v2\/pages\/3496\/revisions\/7403"}],"up":[{"embeddable":true,"href":"https:\/\/spitalmciuc.ro\/hu\/wp-json\/wp\/v2\/pages\/6784"}],"wp:attachment":[{"href":"https:\/\/spitalmciuc.ro\/hu\/wp-json\/wp\/v2\/media?parent=3496"}],"curies":[{"name":"wp","href":"https:\/\/api.w.org\/{rel}","templated":true}]}}