{"id":3388,"date":"2016-09-27T12:22:50","date_gmt":"2016-09-27T12:22:50","guid":{"rendered":"https:\/\/spital.creative-solutions.ro\/index.php\/elerhetoseg\/"},"modified":"2025-10-17T10:59:28","modified_gmt":"2025-10-17T07:59:28","slug":"elerhetoseg","status":"publish","type":"page","link":"https:\/\/spitalmciuc.ro\/hu\/elerhetoseg\/","title":{"rendered":"El\u00e9rhet\u0151s\u00e9g"},"content":{"rendered":"<p>[vc_row][vc_column][vc_column_text]<\/p>\n<p style=\"text-align: center;\">Cs\u00edkszeredai Megyei\u00a0S\u00fcrg\u0151ss\u00e9gi\u00a0K\u00f3rh\u00e1z<\/p>\n<p style=\"text-align: center;\">Cs\u00edkszereda, Dr. D\u00e9nes L\u00e1szl\u00f3 utca 2. sz\u00e1m<\/p>\n<p style=\"text-align: center;\">Tel: <a href=\"tel:+40266324193\">+40266-324-193<\/a><\/p>\n<p style=\"text-align: center;\">E-mail:\u00a0<a href=\"mailto:secretariat@spitalmciuc.ro\">secretariat@spitalmciuc.ro<\/a><\/p>\n<p style=\"text-align: center;\">Weboldal: <a href=\"https:\/\/spitalmciuc.ro\" target=\"_blank\" rel=\"noopener\">https:\/\/spitalmciuc.ro<\/a>\/<\/p>\n<p style=\"text-align: center;\">Facebook:<a href=\"https:\/\/www.facebook.com\/spitalmciuc\" target=\"_blank\" rel=\"noopener\"> https:\/\/www.facebook.com\/spitalmciuc<\/a><\/p>\n<p>&nbsp;<\/p>\n<p style=\"text-align: center;\">A titk\u00e1rs\u00e1g munkaprogramja:<\/p>\n<p style=\"text-align: center;\">h\u00e9tf\u0151-p\u00e9ntek 8:00-16:00<\/p>\n<p>[\/vc_column_text][\/vc_column][\/vc_row][vc_row][vc_column width=&#8221;1\/2&#8243;][vc_column_text]Gyalogos \u00fatvonal:<\/p>\n<p><iframe loading=\"lazy\" style=\"border: 0;\" src=\"https:\/\/www.google.com\/maps\/embed?pb=!1m20!1m8!1m3!1d11015.142060759836!2d25.8025255!3d46.3538011!3m2!1i1024!2i768!4f13.1!4m9!3e2!4m3!3m2!1d46.3597046!2d25.7940196!4m3!3m2!1d46.3486401!2d25.807643!5e0!3m2!1sen!2sro!4v1474963958951\" width=\"600\" height=\"450\" frameborder=\"0\" allowfullscreen=\"allowfullscreen\"><\/iframe>[\/vc_column_text][\/vc_column][vc_column width=&#8221;1\/2&#8243;][vc_column_text]Aut\u00f3s \u00fatvonal:<\/p>\n<p><iframe loading=\"lazy\" style=\"border: 0;\" src=\"https:\/\/www.google.com\/maps\/embed?pb=!1m24!1m12!1m3!1d11014.849409663158!2d25.798128586378215!3d46.35525303282986!2m3!1f0!2f0!3f0!3m2!1i1024!2i768!4f13.1!4m9!3e0!4m3!3m2!1d46.3597046!2d25.7940196!4m3!3m2!1d46.3486401!2d25.807643!5e0!3m2!1sen!2sro!4v1474964065062\" width=\"600\" height=\"450\" frameborder=\"0\" allowfullscreen=\"allowfullscreen\"><\/iframe><br \/>\n[\/vc_column_text][\/vc_column][\/vc_row][vc_row][vc_column][vc_separator color=&#8221;juicy_pink&#8221;][vc_column_text]<\/p>\n<p style=\"text-align: center;\">Cs\u00edkszeredai Megyei S\u00fcrg\u0151ss\u00e9gi K\u00f3rh\u00e1z Vezet\u0151s\u00e9ge<\/p>\n<p style=\"text-align: center;\">Cs\u00edkszereda, Kossuth Lajos utca 4. sz\u00e1m<\/p>\n<p style=\"text-align: center;\">Tel: <a href=\"tel:+40266324193\">+40266-324-193<\/a><\/p>\n<p style=\"text-align: center;\">E-mail:\u00a0<a href=\"mailto:secretariat@spitalmciuc.ro\">secretariat@spitalmciuc.ro<\/a><\/p>\n<p>[\/vc_column_text][\/vc_column][\/vc_row][vc_row][vc_column width=&#8221;1\/2&#8243;][vc_column_text]Gyalogos \u00fatvonal:<\/p>\n<p><iframe loading=\"lazy\" style=\"border: 0;\" src=\"https:\/\/www.google.com\/maps\/embed?pb=!1m28!1m12!1m3!1d2753.412181921598!2d25.79677367687912!3d46.36120962110283!2m3!1f0!2f0!3f0!3m2!1i1024!2i768!4f13.1!4m13!3e2!4m5!1s0x474b2a1a00a91aab%3A0xf97b796362709bb8!2sGara%20Miercurea%20Ciuc%2C%20Strada%20Bra%C8%99ovului%2C%20Miercurea%20Ciuc!3m2!1d46.359642199999996!2d25.7938518!4m5!1s0x474b2a0de25448a5%3A0x79a12c0dd3da4f3a!2sStrada%20Kossuth%20Lajos%204%2C%20Miercurea%20Ciuc%20530003!3m2!1d46.3628363!2d25.8053599!5e0!3m2!1sen!2sro!4v1699610578203!5m2!1sen!2sro\" width=\"600\" height=\"450\" allowfullscreen=\"allowfullscreen\"><\/iframe>[\/vc_column_text][\/vc_column][vc_column width=&#8221;1\/2&#8243;][vc_column_text]Aut\u00f3s \u00fatvonal:<\/p>\n<p><iframe loading=\"lazy\" style=\"border: 0;\" src=\"https:\/\/www.google.com\/maps\/embed?pb=!1m28!1m12!1m3!1d2753.410690213783!2d25.797485576879062!3d46.361239221102856!2m3!1f0!2f0!3f0!3m2!1i1024!2i768!4f13.1!4m13!3e0!4m5!1s0x474b2a1a00a91aab%3A0xf97b796362709bb8!2sGara%20Miercurea%20Ciuc%2C%20Strada%20Bra%C8%99ovului%2C%20Miercurea%20Ciuc!3m2!1d46.359642199999996!2d25.7938518!4m5!1s0x474b2a0de25448a5%3A0x79a12c0dd3da4f3a!2sStrada%20Kossuth%20Lajos%204%2C%20Miercurea%20Ciuc%20530003!3m2!1d46.3628363!2d25.8053599!5e0!3m2!1sen!2sro!4v1699610636659!5m2!1sen!2sro\" width=\"600\" height=\"450\" allowfullscreen=\"allowfullscreen\"><\/iframe>[\/vc_column_text][\/vc_column][\/vc_row]<\/p>\n","protected":false},"excerpt":{"rendered":"<p>[vc_row][vc_column][vc_column_text] Cs\u00edkszeredai Megyei\u00a0S\u00fcrg\u0151ss\u00e9gi\u00a0K\u00f3rh\u00e1z Cs\u00edkszereda, Dr. D\u00e9nes L\u00e1szl\u00f3 utca 2. sz\u00e1m Tel: +40266-324-193 E-mail:\u00a0secretariat@spitalmciuc.ro Weboldal: https:\/\/spitalmciuc.ro\/ Facebook: https:\/\/www.facebook.com\/spitalmciuc &nbsp; A titk\u00e1rs\u00e1g munkaprogramja: h\u00e9tf\u0151-p\u00e9ntek 8:00-16:00 [\/vc_column_text][\/vc_column][\/vc_row][vc_row][vc_column width=&#8221;1\/2&#8243;][vc_column_text]Gyalogos \u00fatvonal: [\/vc_column_text][\/vc_column][vc_column width=&#8221;1\/2&#8243;][vc_column_text]Aut\u00f3s \u00fatvonal: [\/vc_column_text][\/vc_column][\/vc_row][vc_row][vc_column][vc_separator color=&#8221;juicy_pink&#8221;][vc_column_text] Cs\u00edkszeredai Megyei S\u00fcrg\u0151ss\u00e9gi K\u00f3rh\u00e1z Vezet\u0151s\u00e9ge Cs\u00edkszereda, Kossuth Lajos utca 4. sz\u00e1m Tel: +40266-324-193 E-mail:\u00a0secretariat@spitalmciuc.ro [\/vc_column_text][\/vc_column][\/vc_row][vc_row][vc_column width=&#8221;1\/2&#8243;][vc_column_text]Gyalogos \u00fatvonal: [\/vc_column_text][\/vc_column][vc_column width=&#8221;1\/2&#8243;][vc_column_text]Aut\u00f3s \u00fatvonal: [\/vc_column_text][\/vc_column][\/vc_row]<\/p>\n","protected":false},"author":11,"featured_media":0,"parent":0,"menu_order":48,"comment_status":"closed","ping_status":"closed","template":"","meta":[],"yoast_head":"<!-- This site is optimized with the Yoast SEO plugin v18.3 - https:\/\/yoast.com\/wordpress\/plugins\/seo\/ -->\n<title>El\u00e9rhet\u0151s\u00e9g - Cs\u00edkszeredai Megyei S\u00fcrg\u0151ss\u00e9gi K\u00f3rh\u00e1z<\/title>\n<meta name=\"robots\" content=\"index, follow, max-snippet:-1, max-image-preview:large, max-video-preview:-1\" \/>\n<link rel=\"canonical\" href=\"https:\/\/spitalmciuc.ro\/hu\/elerhetoseg\/\" \/>\n<meta property=\"og:locale\" content=\"hu_HU\" \/>\n<meta property=\"og:type\" content=\"article\" \/>\n<meta property=\"og:title\" content=\"El\u00e9rhet\u0151s\u00e9g - Cs\u00edkszeredai Megyei S\u00fcrg\u0151ss\u00e9gi K\u00f3rh\u00e1z\" \/>\n<meta property=\"og:description\" content=\"[vc_row][vc_column][vc_column_text] Cs\u00edkszeredai Megyei\u00a0S\u00fcrg\u0151ss\u00e9gi\u00a0K\u00f3rh\u00e1z Cs\u00edkszereda, Dr. D\u00e9nes L\u00e1szl\u00f3 utca 2. sz\u00e1m Tel: +40266-324-193 E-mail:\u00a0secretariat@spitalmciuc.ro Weboldal: https:\/\/spitalmciuc.ro\/ Facebook: https:\/\/www.facebook.com\/spitalmciuc &nbsp; A titk\u00e1rs\u00e1g munkaprogramja: h\u00e9tf\u0151-p\u00e9ntek 8:00-16:00 [\/vc_column_text][\/vc_column][\/vc_row][vc_row][vc_column width=&#8221;1\/2&#8243;][vc_column_text]Gyalogos \u00fatvonal: [\/vc_column_text][\/vc_column][vc_column width=&#8221;1\/2&#8243;][vc_column_text]Aut\u00f3s \u00fatvonal: [\/vc_column_text][\/vc_column][\/vc_row][vc_row][vc_column][vc_separator color=&#8221;juicy_pink&#8221;][vc_column_text] Cs\u00edkszeredai Megyei S\u00fcrg\u0151ss\u00e9gi K\u00f3rh\u00e1z Vezet\u0151s\u00e9ge Cs\u00edkszereda, Kossuth Lajos utca 4. sz\u00e1m Tel: +40266-324-193 E-mail:\u00a0secretariat@spitalmciuc.ro [\/vc_column_text][\/vc_column][\/vc_row][vc_row][vc_column width=&#8221;1\/2&#8243;][vc_column_text]Gyalogos \u00fatvonal: [\/vc_column_text][\/vc_column][vc_column width=&#8221;1\/2&#8243;][vc_column_text]Aut\u00f3s \u00fatvonal: [\/vc_column_text][\/vc_column][\/vc_row]\" \/>\n<meta property=\"og:url\" content=\"https:\/\/spitalmciuc.ro\/hu\/elerhetoseg\/\" \/>\n<meta property=\"og:site_name\" content=\"Cs\u00edkszeredai Megyei S\u00fcrg\u0151ss\u00e9gi K\u00f3rh\u00e1z\" \/>\n<meta property=\"article:modified_time\" content=\"2025-10-17T07:59:28+00:00\" \/>\n<meta name=\"twitter:card\" content=\"summary_large_image\" \/>\n<meta name=\"twitter:label1\" content=\"Becs\u00fclt olvas\u00e1si id\u0151\" \/>\n\t<meta name=\"twitter:data1\" content=\"1 perc\" \/>\n<script type=\"application\/ld+json\" class=\"yoast-schema-graph\">{\"@context\":\"https:\/\/schema.org\",\"@graph\":[{\"@type\":\"Organization\",\"@id\":\"https:\/\/spitalmciuc.ro\/#organization\",\"name\":\"Spitalul Jude\u0163ean de Urgen\u0163\u0103 Miercurea Ciuc\",\"url\":\"https:\/\/spitalmciuc.ro\/\",\"sameAs\":[],\"logo\":{\"@type\":\"ImageObject\",\"@id\":\"https:\/\/spitalmciuc.ro\/#logo\",\"inLanguage\":\"hu\",\"url\":\"https:\/\/spitalmciuc.ro\/wp-content\/uploads\/2022\/02\/logo-spital-ro-60.jpg\",\"contentUrl\":\"https:\/\/spitalmciuc.ro\/wp-content\/uploads\/2022\/02\/logo-spital-ro-60.jpg\",\"width\":198,\"height\":60,\"caption\":\"Spitalul Jude\u0163ean de Urgen\u0163\u0103 Miercurea Ciuc\"},\"image\":{\"@id\":\"https:\/\/spitalmciuc.ro\/#logo\"}},{\"@type\":\"WebSite\",\"@id\":\"https:\/\/spitalmciuc.ro\/#website\",\"url\":\"https:\/\/spitalmciuc.ro\/\",\"name\":\"Cs\u00edkszeredai Megyei S\u00fcrg\u0151ss\u00e9gi K\u00f3rh\u00e1z\",\"description\":\"\",\"publisher\":{\"@id\":\"https:\/\/spitalmciuc.ro\/#organization\"},\"potentialAction\":[{\"@type\":\"SearchAction\",\"target\":{\"@type\":\"EntryPoint\",\"urlTemplate\":\"https:\/\/spitalmciuc.ro\/?s={search_term_string}\"},\"query-input\":\"required name=search_term_string\"}],\"inLanguage\":\"hu\"},{\"@type\":\"WebPage\",\"@id\":\"https:\/\/spitalmciuc.ro\/hu\/elerhetoseg\/#webpage\",\"url\":\"https:\/\/spitalmciuc.ro\/hu\/elerhetoseg\/\",\"name\":\"El\u00e9rhet\u0151s\u00e9g - Cs\u00edkszeredai Megyei S\u00fcrg\u0151ss\u00e9gi K\u00f3rh\u00e1z\",\"isPartOf\":{\"@id\":\"https:\/\/spitalmciuc.ro\/#website\"},\"datePublished\":\"2016-09-27T12:22:50+00:00\",\"dateModified\":\"2025-10-17T07:59:28+00:00\",\"breadcrumb\":{\"@id\":\"https:\/\/spitalmciuc.ro\/hu\/elerhetoseg\/#breadcrumb\"},\"inLanguage\":\"hu\",\"potentialAction\":[{\"@type\":\"ReadAction\",\"target\":[\"https:\/\/spitalmciuc.ro\/hu\/elerhetoseg\/\"]}]},{\"@type\":\"BreadcrumbList\",\"@id\":\"https:\/\/spitalmciuc.ro\/hu\/elerhetoseg\/#breadcrumb\",\"itemListElement\":[{\"@type\":\"ListItem\",\"position\":1,\"name\":\"Kezd\u0151lap\",\"item\":\"https:\/\/spitalmciuc.ro\/hu\/\"},{\"@type\":\"ListItem\",\"position\":2,\"name\":\"El\u00e9rhet\u0151s\u00e9g\"}]}]}<\/script>\n<!-- \/ Yoast SEO plugin. -->","yoast_head_json":{"title":"El\u00e9rhet\u0151s\u00e9g - Cs\u00edkszeredai Megyei S\u00fcrg\u0151ss\u00e9gi K\u00f3rh\u00e1z","robots":{"index":"index","follow":"follow","max-snippet":"max-snippet:-1","max-image-preview":"max-image-preview:large","max-video-preview":"max-video-preview:-1"},"canonical":"https:\/\/spitalmciuc.ro\/hu\/elerhetoseg\/","og_locale":"hu_HU","og_type":"article","og_title":"El\u00e9rhet\u0151s\u00e9g - Cs\u00edkszeredai Megyei S\u00fcrg\u0151ss\u00e9gi K\u00f3rh\u00e1z","og_description":"[vc_row][vc_column][vc_column_text] Cs\u00edkszeredai Megyei\u00a0S\u00fcrg\u0151ss\u00e9gi\u00a0K\u00f3rh\u00e1z Cs\u00edkszereda, Dr. D\u00e9nes L\u00e1szl\u00f3 utca 2. sz\u00e1m Tel: +40266-324-193 E-mail:\u00a0secretariat@spitalmciuc.ro Weboldal: https:\/\/spitalmciuc.ro\/ Facebook: https:\/\/www.facebook.com\/spitalmciuc &nbsp; A titk\u00e1rs\u00e1g munkaprogramja: h\u00e9tf\u0151-p\u00e9ntek 8:00-16:00 [\/vc_column_text][\/vc_column][\/vc_row][vc_row][vc_column width=&#8221;1\/2&#8243;][vc_column_text]Gyalogos \u00fatvonal: [\/vc_column_text][\/vc_column][vc_column width=&#8221;1\/2&#8243;][vc_column_text]Aut\u00f3s \u00fatvonal: [\/vc_column_text][\/vc_column][\/vc_row][vc_row][vc_column][vc_separator color=&#8221;juicy_pink&#8221;][vc_column_text] Cs\u00edkszeredai Megyei S\u00fcrg\u0151ss\u00e9gi K\u00f3rh\u00e1z Vezet\u0151s\u00e9ge Cs\u00edkszereda, Kossuth Lajos utca 4. sz\u00e1m Tel: +40266-324-193 E-mail:\u00a0secretariat@spitalmciuc.ro [\/vc_column_text][\/vc_column][\/vc_row][vc_row][vc_column width=&#8221;1\/2&#8243;][vc_column_text]Gyalogos \u00fatvonal: [\/vc_column_text][\/vc_column][vc_column width=&#8221;1\/2&#8243;][vc_column_text]Aut\u00f3s \u00fatvonal: [\/vc_column_text][\/vc_column][\/vc_row]","og_url":"https:\/\/spitalmciuc.ro\/hu\/elerhetoseg\/","og_site_name":"Cs\u00edkszeredai Megyei S\u00fcrg\u0151ss\u00e9gi K\u00f3rh\u00e1z","article_modified_time":"2025-10-17T07:59:28+00:00","twitter_card":"summary_large_image","twitter_misc":{"Becs\u00fclt olvas\u00e1si id\u0151":"1 perc"},"schema":{"@context":"https:\/\/schema.org","@graph":[{"@type":"Organization","@id":"https:\/\/spitalmciuc.ro\/#organization","name":"Spitalul Jude\u0163ean de Urgen\u0163\u0103 Miercurea Ciuc","url":"https:\/\/spitalmciuc.ro\/","sameAs":[],"logo":{"@type":"ImageObject","@id":"https:\/\/spitalmciuc.ro\/#logo","inLanguage":"hu","url":"https:\/\/spitalmciuc.ro\/wp-content\/uploads\/2022\/02\/logo-spital-ro-60.jpg","contentUrl":"https:\/\/spitalmciuc.ro\/wp-content\/uploads\/2022\/02\/logo-spital-ro-60.jpg","width":198,"height":60,"caption":"Spitalul Jude\u0163ean de Urgen\u0163\u0103 Miercurea Ciuc"},"image":{"@id":"https:\/\/spitalmciuc.ro\/#logo"}},{"@type":"WebSite","@id":"https:\/\/spitalmciuc.ro\/#website","url":"https:\/\/spitalmciuc.ro\/","name":"Cs\u00edkszeredai Megyei S\u00fcrg\u0151ss\u00e9gi K\u00f3rh\u00e1z","description":"","publisher":{"@id":"https:\/\/spitalmciuc.ro\/#organization"},"potentialAction":[{"@type":"SearchAction","target":{"@type":"EntryPoint","urlTemplate":"https:\/\/spitalmciuc.ro\/?s={search_term_string}"},"query-input":"required name=search_term_string"}],"inLanguage":"hu"},{"@type":"WebPage","@id":"https:\/\/spitalmciuc.ro\/hu\/elerhetoseg\/#webpage","url":"https:\/\/spitalmciuc.ro\/hu\/elerhetoseg\/","name":"El\u00e9rhet\u0151s\u00e9g - Cs\u00edkszeredai Megyei S\u00fcrg\u0151ss\u00e9gi K\u00f3rh\u00e1z","isPartOf":{"@id":"https:\/\/spitalmciuc.ro\/#website"},"datePublished":"2016-09-27T12:22:50+00:00","dateModified":"2025-10-17T07:59:28+00:00","breadcrumb":{"@id":"https:\/\/spitalmciuc.ro\/hu\/elerhetoseg\/#breadcrumb"},"inLanguage":"hu","potentialAction":[{"@type":"ReadAction","target":["https:\/\/spitalmciuc.ro\/hu\/elerhetoseg\/"]}]},{"@type":"BreadcrumbList","@id":"https:\/\/spitalmciuc.ro\/hu\/elerhetoseg\/#breadcrumb","itemListElement":[{"@type":"ListItem","position":1,"name":"Kezd\u0151lap","item":"https:\/\/spitalmciuc.ro\/hu\/"},{"@type":"ListItem","position":2,"name":"El\u00e9rhet\u0151s\u00e9g"}]}]}},"_links":{"self":[{"href":"https:\/\/spitalmciuc.ro\/hu\/wp-json\/wp\/v2\/pages\/3388"}],"collection":[{"href":"https:\/\/spitalmciuc.ro\/hu\/wp-json\/wp\/v2\/pages"}],"about":[{"href":"https:\/\/spitalmciuc.ro\/hu\/wp-json\/wp\/v2\/types\/page"}],"author":[{"embeddable":true,"href":"https:\/\/spitalmciuc.ro\/hu\/wp-json\/wp\/v2\/users\/11"}],"replies":[{"embeddable":true,"href":"https:\/\/spitalmciuc.ro\/hu\/wp-json\/wp\/v2\/comments?post=3388"}],"version-history":[{"count":13,"href":"https:\/\/spitalmciuc.ro\/hu\/wp-json\/wp\/v2\/pages\/3388\/revisions"}],"predecessor-version":[{"id":18113,"href":"https:\/\/spitalmciuc.ro\/hu\/wp-json\/wp\/v2\/pages\/3388\/revisions\/18113"}],"wp:attachment":[{"href":"https:\/\/spitalmciuc.ro\/hu\/wp-json\/wp\/v2\/media?parent=3388"}],"curies":[{"name":"wp","href":"https:\/\/api.w.org\/{rel}","templated":true}]}}