{"id":3385,"date":"2016-09-26T15:34:00","date_gmt":"2016-09-26T15:34:00","guid":{"rendered":"https:\/\/spital.creative-solutions.ro\/index.php\/a-csikszeredai-korhaz-roevid-toertenete\/"},"modified":"2022-04-11T12:35:20","modified_gmt":"2022-04-11T12:35:20","slug":"a-csikszeredai-korhaz-roevid-toertenete","status":"publish","type":"page","link":"https:\/\/spitalmciuc.ro\/hu\/a-csikszeredai-korhaz-roevid-toertenete\/","title":{"rendered":"A k\u00f3rh\u00e1z r\u00f6vid t\u00f6rt\u00e9nete"},"content":{"rendered":"<p>[vc_row][vc_column][vc_column_text]<\/p>\n<p style=\"text-align: center;\">Az els\u0151 cs\u00edkszeredai k\u00f3rh\u00e1zat, azaz a \u201efak\u00f3rh\u00e1zat\u201d, 1851-ben kezdt\u00e9k el \u00e9p\u00edteni, majd az \u00e9p\u00fcletet 1899-ben bontott\u00e1k le \u00e9s adt\u00e1k el.<\/p>\n<p style=\"text-align: center;\">A m\u00e1sodik cs\u00edkszeredai k\u00f3rh\u00e1zat 1888-ban kezdt\u00e9k el \u00e9p\u00edteni \u00e9s 1890 november\u00e9ben adt\u00e1k \u00e1t minden k\u00fcl\u00f6n\u00f6sebb \u00fcnnepl\u00e9s n\u00e9lk\u00fcl. Az \u00e9p\u00fclet, vagyis az \u00fagynevezett \u201er\u00e9gi k\u00f3rh\u00e1z\u201d \u00e9p\u00fclete a Mik\u00f3-v\u00e1r mellett tal\u00e1lhat\u00f3, napjainkban a szem\u00e9szeti, b\u0151rgy\u00f3gy\u00e1szati \u00e9s elmegy\u00f3gy\u00e1szati oszt\u00e1lyoknak ad otthont. Ez a k\u00f3rh\u00e1z 70 \u00e1gyas volt \u00e9s \u00e9p\u00edt\u00e9s\u00e9nek idej\u00e9n korszer\u0171nek sz\u00e1m\u00edtott.<\/p>\n<p style=\"text-align: center;\">1938-ban j\u00f6tt l\u00e9tre az els\u0151 sz\u00fcl\u0151otthon, mely nyolc sz\u00fcl\u0151 n\u0151 \u00e9s 25 csecsem\u0151 sz\u00e1m\u00e1ra biztos\u00edtott helyet. 1942-ben a sz\u00fcl\u0151otthon elk\u00f6lt\u00f6z\u00f6tt a mostani f\u00fcl-orr-g\u00e9g\u00e9szeti \u00e9s fizioter\u00e1pia r\u00e9szlegek \u00e9p\u00fclet\u00e9be.<\/p>\n<p style=\"text-align: center;\">A Cs\u00edkszeredai Megyei S\u00fcrg\u0151ss\u00e9gi K\u00f3rh\u00e1z f\u0151\u00e9p\u00fclet\u00e9nek tervei 1970 v\u00e9g\u00e9re k\u00e9sz\u00fcltek el, az \u00e9p\u00edt\u00e9st 40.700 ember k\u00f6zmunk\u00e1ja seg\u00edtette, 30.000 k\u00f6bm\u00e9ter szikl\u00e1t \u00e9s k\u00f6ves talajt mozgattak meg, az \u00e9p\u00fcletet 1971-ben m\u00e1r \u00e1t lehetett adni \u00e9s a k\u00f3rh\u00e1z megkezdte m\u0171k\u00f6d\u00e9s\u00e9t.<\/p>\n<p>[\/vc_column_text][\/vc_column][\/vc_row][vc_row][vc_column width=&#8221;1\/2&#8243;][vc_single_image image=&#8221;7585&#8243; img_size=&#8221;large&#8221; alignment=&#8221;center&#8221;][\/vc_column][vc_column width=&#8221;1\/2&#8243;][vc_single_image image=&#8221;7587&#8243; img_size=&#8221;large&#8221; alignment=&#8221;center&#8221;][\/vc_column][\/vc_row][vc_row][vc_column][vc_single_image image=&#8221;8204&#8243; img_size=&#8221;large&#8221; alignment=&#8221;center&#8221;][\/vc_column][\/vc_row]<\/p>\n","protected":false},"excerpt":{"rendered":"<p>[vc_row][vc_column][vc_column_text] Az els\u0151 cs\u00edkszeredai k\u00f3rh\u00e1zat, azaz a \u201efak\u00f3rh\u00e1zat\u201d, 1851-ben kezdt\u00e9k el \u00e9p\u00edteni, majd az \u00e9p\u00fcletet 1899-ben bontott\u00e1k le \u00e9s adt\u00e1k el. A m\u00e1sodik cs\u00edkszeredai k\u00f3rh\u00e1zat 1888-ban kezdt\u00e9k el \u00e9p\u00edteni \u00e9s 1890 november\u00e9ben adt\u00e1k \u00e1t minden k\u00fcl\u00f6n\u00f6sebb \u00fcnnepl\u00e9s n\u00e9lk\u00fcl. Az \u00e9p\u00fclet, vagyis az \u00fagynevezett \u201er\u00e9gi k\u00f3rh\u00e1z\u201d \u00e9p\u00fclete a Mik\u00f3-v\u00e1r mellett tal\u00e1lhat\u00f3, napjainkban a szem\u00e9szeti, b\u0151rgy\u00f3gy\u00e1szati \u00e9s&hellip;<\/p>\n","protected":false},"author":11,"featured_media":3382,"parent":0,"menu_order":47,"comment_status":"closed","ping_status":"closed","template":"","meta":[],"yoast_head":"<!-- This site is optimized with the Yoast SEO plugin v18.3 - https:\/\/yoast.com\/wordpress\/plugins\/seo\/ -->\n<title>A k\u00f3rh\u00e1z r\u00f6vid t\u00f6rt\u00e9nete - Cs\u00edkszeredai Megyei S\u00fcrg\u0151ss\u00e9gi K\u00f3rh\u00e1z<\/title>\n<meta name=\"robots\" content=\"index, follow, max-snippet:-1, max-image-preview:large, max-video-preview:-1\" \/>\n<link rel=\"canonical\" href=\"https:\/\/spitalmciuc.ro\/a-csikszeredai-korhaz-roevid-toertenete\/\" \/>\n<meta property=\"og:locale\" content=\"hu_HU\" \/>\n<meta property=\"og:type\" content=\"article\" \/>\n<meta property=\"og:title\" content=\"A k\u00f3rh\u00e1z r\u00f6vid t\u00f6rt\u00e9nete - Cs\u00edkszeredai Megyei S\u00fcrg\u0151ss\u00e9gi K\u00f3rh\u00e1z\" \/>\n<meta property=\"og:description\" content=\"[vc_row][vc_column][vc_column_text] Az els\u0151 cs\u00edkszeredai k\u00f3rh\u00e1zat, azaz a \u201efak\u00f3rh\u00e1zat\u201d, 1851-ben kezdt\u00e9k el \u00e9p\u00edteni, majd az \u00e9p\u00fcletet 1899-ben bontott\u00e1k le \u00e9s adt\u00e1k el. A m\u00e1sodik cs\u00edkszeredai k\u00f3rh\u00e1zat 1888-ban kezdt\u00e9k el \u00e9p\u00edteni \u00e9s 1890 november\u00e9ben adt\u00e1k \u00e1t minden k\u00fcl\u00f6n\u00f6sebb \u00fcnnepl\u00e9s n\u00e9lk\u00fcl. Az \u00e9p\u00fclet, vagyis az \u00fagynevezett \u201er\u00e9gi k\u00f3rh\u00e1z\u201d \u00e9p\u00fclete a Mik\u00f3-v\u00e1r mellett tal\u00e1lhat\u00f3, napjainkban a szem\u00e9szeti, b\u0151rgy\u00f3gy\u00e1szati \u00e9s&hellip;\" \/>\n<meta property=\"og:url\" content=\"https:\/\/spitalmciuc.ro\/a-csikszeredai-korhaz-roevid-toertenete\/\" \/>\n<meta property=\"og:site_name\" content=\"Cs\u00edkszeredai Megyei S\u00fcrg\u0151ss\u00e9gi K\u00f3rh\u00e1z\" \/>\n<meta property=\"article:modified_time\" content=\"2022-04-11T12:35:20+00:00\" \/>\n<meta property=\"og:image\" content=\"https:\/\/spitalmciuc.ro\/wp-content\/uploads\/2016\/09\/spitOld.JPG\" \/>\n\t<meta property=\"og:image:width\" content=\"1024\" \/>\n\t<meta property=\"og:image:height\" content=\"678\" \/>\n\t<meta property=\"og:image:type\" content=\"image\/jpeg\" \/>\n<meta name=\"twitter:card\" content=\"summary_large_image\" \/>\n<meta name=\"twitter:label1\" content=\"Becs\u00fclt olvas\u00e1si id\u0151\" \/>\n\t<meta name=\"twitter:data1\" content=\"1 perc\" \/>\n<script type=\"application\/ld+json\" class=\"yoast-schema-graph\">{\"@context\":\"https:\/\/schema.org\",\"@graph\":[{\"@type\":\"Organization\",\"@id\":\"https:\/\/spitalmciuc.ro\/#organization\",\"name\":\"Spitalul Jude\u0163ean de Urgen\u0163\u0103 Miercurea Ciuc\",\"url\":\"https:\/\/spitalmciuc.ro\/\",\"sameAs\":[],\"logo\":{\"@type\":\"ImageObject\",\"@id\":\"https:\/\/spitalmciuc.ro\/#logo\",\"inLanguage\":\"hu\",\"url\":\"https:\/\/spitalmciuc.ro\/wp-content\/uploads\/2022\/02\/logo-spital-ro-60.jpg\",\"contentUrl\":\"https:\/\/spitalmciuc.ro\/wp-content\/uploads\/2022\/02\/logo-spital-ro-60.jpg\",\"width\":198,\"height\":60,\"caption\":\"Spitalul Jude\u0163ean de Urgen\u0163\u0103 Miercurea Ciuc\"},\"image\":{\"@id\":\"https:\/\/spitalmciuc.ro\/#logo\"}},{\"@type\":\"WebSite\",\"@id\":\"https:\/\/spitalmciuc.ro\/#website\",\"url\":\"https:\/\/spitalmciuc.ro\/\",\"name\":\"Cs\u00edkszeredai Megyei S\u00fcrg\u0151ss\u00e9gi K\u00f3rh\u00e1z\",\"description\":\"\",\"publisher\":{\"@id\":\"https:\/\/spitalmciuc.ro\/#organization\"},\"potentialAction\":[{\"@type\":\"SearchAction\",\"target\":{\"@type\":\"EntryPoint\",\"urlTemplate\":\"https:\/\/spitalmciuc.ro\/?s={search_term_string}\"},\"query-input\":\"required name=search_term_string\"}],\"inLanguage\":\"hu\"},{\"@type\":\"ImageObject\",\"@id\":\"https:\/\/spitalmciuc.ro\/a-csikszeredai-korhaz-roevid-toertenete\/#primaryimage\",\"inLanguage\":\"hu\",\"url\":\"https:\/\/spitalmciuc.ro\/wp-content\/uploads\/2016\/09\/spitOld.JPG\",\"contentUrl\":\"https:\/\/spitalmciuc.ro\/wp-content\/uploads\/2016\/09\/spitOld.JPG\",\"width\":1024,\"height\":678},{\"@type\":\"WebPage\",\"@id\":\"https:\/\/spitalmciuc.ro\/a-csikszeredai-korhaz-roevid-toertenete\/#webpage\",\"url\":\"https:\/\/spitalmciuc.ro\/a-csikszeredai-korhaz-roevid-toertenete\/\",\"name\":\"A k\u00f3rh\u00e1z r\u00f6vid t\u00f6rt\u00e9nete - Cs\u00edkszeredai Megyei S\u00fcrg\u0151ss\u00e9gi K\u00f3rh\u00e1z\",\"isPartOf\":{\"@id\":\"https:\/\/spitalmciuc.ro\/#website\"},\"primaryImageOfPage\":{\"@id\":\"https:\/\/spitalmciuc.ro\/a-csikszeredai-korhaz-roevid-toertenete\/#primaryimage\"},\"datePublished\":\"2016-09-26T15:34:00+00:00\",\"dateModified\":\"2022-04-11T12:35:20+00:00\",\"breadcrumb\":{\"@id\":\"https:\/\/spitalmciuc.ro\/a-csikszeredai-korhaz-roevid-toertenete\/#breadcrumb\"},\"inLanguage\":\"hu\",\"potentialAction\":[{\"@type\":\"ReadAction\",\"target\":[\"https:\/\/spitalmciuc.ro\/a-csikszeredai-korhaz-roevid-toertenete\/\"]}]},{\"@type\":\"BreadcrumbList\",\"@id\":\"https:\/\/spitalmciuc.ro\/a-csikszeredai-korhaz-roevid-toertenete\/#breadcrumb\",\"itemListElement\":[{\"@type\":\"ListItem\",\"position\":1,\"name\":\"Kezd\u0151lap\",\"item\":\"https:\/\/spitalmciuc.ro\/hu\/\"},{\"@type\":\"ListItem\",\"position\":2,\"name\":\"A k\u00f3rh\u00e1z r\u00f6vid t\u00f6rt\u00e9nete\"}]}]}<\/script>\n<!-- \/ Yoast SEO plugin. -->","yoast_head_json":{"title":"A k\u00f3rh\u00e1z r\u00f6vid t\u00f6rt\u00e9nete - Cs\u00edkszeredai Megyei S\u00fcrg\u0151ss\u00e9gi K\u00f3rh\u00e1z","robots":{"index":"index","follow":"follow","max-snippet":"max-snippet:-1","max-image-preview":"max-image-preview:large","max-video-preview":"max-video-preview:-1"},"canonical":"https:\/\/spitalmciuc.ro\/a-csikszeredai-korhaz-roevid-toertenete\/","og_locale":"hu_HU","og_type":"article","og_title":"A k\u00f3rh\u00e1z r\u00f6vid t\u00f6rt\u00e9nete - Cs\u00edkszeredai Megyei S\u00fcrg\u0151ss\u00e9gi K\u00f3rh\u00e1z","og_description":"[vc_row][vc_column][vc_column_text] Az els\u0151 cs\u00edkszeredai k\u00f3rh\u00e1zat, azaz a \u201efak\u00f3rh\u00e1zat\u201d, 1851-ben kezdt\u00e9k el \u00e9p\u00edteni, majd az \u00e9p\u00fcletet 1899-ben bontott\u00e1k le \u00e9s adt\u00e1k el. A m\u00e1sodik cs\u00edkszeredai k\u00f3rh\u00e1zat 1888-ban kezdt\u00e9k el \u00e9p\u00edteni \u00e9s 1890 november\u00e9ben adt\u00e1k \u00e1t minden k\u00fcl\u00f6n\u00f6sebb \u00fcnnepl\u00e9s n\u00e9lk\u00fcl. Az \u00e9p\u00fclet, vagyis az \u00fagynevezett \u201er\u00e9gi k\u00f3rh\u00e1z\u201d \u00e9p\u00fclete a Mik\u00f3-v\u00e1r mellett tal\u00e1lhat\u00f3, napjainkban a szem\u00e9szeti, b\u0151rgy\u00f3gy\u00e1szati \u00e9s&hellip;","og_url":"https:\/\/spitalmciuc.ro\/a-csikszeredai-korhaz-roevid-toertenete\/","og_site_name":"Cs\u00edkszeredai Megyei S\u00fcrg\u0151ss\u00e9gi K\u00f3rh\u00e1z","article_modified_time":"2022-04-11T12:35:20+00:00","og_image":[{"width":1024,"height":678,"url":"https:\/\/spitalmciuc.ro\/wp-content\/uploads\/2016\/09\/spitOld.JPG","type":"image\/jpeg"}],"twitter_card":"summary_large_image","twitter_misc":{"Becs\u00fclt olvas\u00e1si id\u0151":"1 perc"},"schema":{"@context":"https:\/\/schema.org","@graph":[{"@type":"Organization","@id":"https:\/\/spitalmciuc.ro\/#organization","name":"Spitalul Jude\u0163ean de Urgen\u0163\u0103 Miercurea Ciuc","url":"https:\/\/spitalmciuc.ro\/","sameAs":[],"logo":{"@type":"ImageObject","@id":"https:\/\/spitalmciuc.ro\/#logo","inLanguage":"hu","url":"https:\/\/spitalmciuc.ro\/wp-content\/uploads\/2022\/02\/logo-spital-ro-60.jpg","contentUrl":"https:\/\/spitalmciuc.ro\/wp-content\/uploads\/2022\/02\/logo-spital-ro-60.jpg","width":198,"height":60,"caption":"Spitalul Jude\u0163ean de Urgen\u0163\u0103 Miercurea Ciuc"},"image":{"@id":"https:\/\/spitalmciuc.ro\/#logo"}},{"@type":"WebSite","@id":"https:\/\/spitalmciuc.ro\/#website","url":"https:\/\/spitalmciuc.ro\/","name":"Cs\u00edkszeredai Megyei S\u00fcrg\u0151ss\u00e9gi K\u00f3rh\u00e1z","description":"","publisher":{"@id":"https:\/\/spitalmciuc.ro\/#organization"},"potentialAction":[{"@type":"SearchAction","target":{"@type":"EntryPoint","urlTemplate":"https:\/\/spitalmciuc.ro\/?s={search_term_string}"},"query-input":"required name=search_term_string"}],"inLanguage":"hu"},{"@type":"ImageObject","@id":"https:\/\/spitalmciuc.ro\/a-csikszeredai-korhaz-roevid-toertenete\/#primaryimage","inLanguage":"hu","url":"https:\/\/spitalmciuc.ro\/wp-content\/uploads\/2016\/09\/spitOld.JPG","contentUrl":"https:\/\/spitalmciuc.ro\/wp-content\/uploads\/2016\/09\/spitOld.JPG","width":1024,"height":678},{"@type":"WebPage","@id":"https:\/\/spitalmciuc.ro\/a-csikszeredai-korhaz-roevid-toertenete\/#webpage","url":"https:\/\/spitalmciuc.ro\/a-csikszeredai-korhaz-roevid-toertenete\/","name":"A k\u00f3rh\u00e1z r\u00f6vid t\u00f6rt\u00e9nete - Cs\u00edkszeredai Megyei S\u00fcrg\u0151ss\u00e9gi K\u00f3rh\u00e1z","isPartOf":{"@id":"https:\/\/spitalmciuc.ro\/#website"},"primaryImageOfPage":{"@id":"https:\/\/spitalmciuc.ro\/a-csikszeredai-korhaz-roevid-toertenete\/#primaryimage"},"datePublished":"2016-09-26T15:34:00+00:00","dateModified":"2022-04-11T12:35:20+00:00","breadcrumb":{"@id":"https:\/\/spitalmciuc.ro\/a-csikszeredai-korhaz-roevid-toertenete\/#breadcrumb"},"inLanguage":"hu","potentialAction":[{"@type":"ReadAction","target":["https:\/\/spitalmciuc.ro\/a-csikszeredai-korhaz-roevid-toertenete\/"]}]},{"@type":"BreadcrumbList","@id":"https:\/\/spitalmciuc.ro\/a-csikszeredai-korhaz-roevid-toertenete\/#breadcrumb","itemListElement":[{"@type":"ListItem","position":1,"name":"Kezd\u0151lap","item":"https:\/\/spitalmciuc.ro\/hu\/"},{"@type":"ListItem","position":2,"name":"A k\u00f3rh\u00e1z r\u00f6vid t\u00f6rt\u00e9nete"}]}]}},"_links":{"self":[{"href":"https:\/\/spitalmciuc.ro\/hu\/wp-json\/wp\/v2\/pages\/3385"}],"collection":[{"href":"https:\/\/spitalmciuc.ro\/hu\/wp-json\/wp\/v2\/pages"}],"about":[{"href":"https:\/\/spitalmciuc.ro\/hu\/wp-json\/wp\/v2\/types\/page"}],"author":[{"embeddable":true,"href":"https:\/\/spitalmciuc.ro\/hu\/wp-json\/wp\/v2\/users\/11"}],"replies":[{"embeddable":true,"href":"https:\/\/spitalmciuc.ro\/hu\/wp-json\/wp\/v2\/comments?post=3385"}],"version-history":[{"count":5,"href":"https:\/\/spitalmciuc.ro\/hu\/wp-json\/wp\/v2\/pages\/3385\/revisions"}],"predecessor-version":[{"id":8206,"href":"https:\/\/spitalmciuc.ro\/hu\/wp-json\/wp\/v2\/pages\/3385\/revisions\/8206"}],"wp:featuredmedia":[{"embeddable":true,"href":"https:\/\/spitalmciuc.ro\/hu\/wp-json\/wp\/v2\/media\/3382"}],"wp:attachment":[{"href":"https:\/\/spitalmciuc.ro\/hu\/wp-json\/wp\/v2\/media?parent=3385"}],"curies":[{"name":"wp","href":"https:\/\/api.w.org\/{rel}","templated":true}]}}