{"id":3376,"date":"2016-04-05T18:42:02","date_gmt":"2016-04-05T18:42:02","guid":{"rendered":"https:\/\/spital.creative-solutions.ro\/index.php\/telefonos-elojegyzes\/"},"modified":"2026-03-18T14:14:08","modified_gmt":"2026-03-18T11:14:08","slug":"telefonos-elojegyzes","status":"publish","type":"page","link":"https:\/\/spitalmciuc.ro\/hu\/telefonos-elojegyzes\/","title":{"rendered":"Telefonos el\u0151jegyz\u00e9s"},"content":{"rendered":"<p><span style=\"color: #222222; font-family: Verdana, Geneva, sans-serif; font-size: 12px; line-height: 18px;\">Telefonos el\u0151jegyz\u00e9s\u00e9rt, k\u00e9rj\u00fck, h\u00edvja munkanapokon 8 &#8211; 15 \u00f3ra k\u00f6z\u00f6tt az al\u00e1bbi telefonsz\u00e1mokat:<\/span><\/p>\n<p>&nbsp;<\/p>\n<p>&nbsp;<\/p>\n<p>&nbsp;<\/p>\n<p>&nbsp;<\/p>\n<table width=\"959\">\n<tbody>\n<tr>\n<td rowspan=\"3\" width=\"500\"><strong>El\u0151jegyz\u00e9st ig\u00e9nyelni j\u00e1r\u00f3beteg rendel\u0151kbe<\/strong><\/td>\n<td width=\"459\">\n<p style=\"text-align: center;\"><strong><a href=\"tel:0742214951\">0742214951<\/a><\/strong><\/p>\n<\/td>\n<\/tr>\n<tr>\n<td width=\"459\">\n<p style=\"text-align: center;\"><strong><a href=\"tel:0758250759\">0758250759<\/a><\/strong><\/p>\n<\/td>\n<\/tr>\n<tr>\n<td width=\"459\">\n<p style=\"text-align: center;\"><strong><a href=\"tel:0758250745\">0758250745<\/a><\/strong><\/p>\n<\/td>\n<\/tr>\n<tr>\n<td width=\"374\"><\/td>\n<td width=\"285\">\n<p style=\"text-align: center;\">\n<\/td>\n<\/tr>\n<tr>\n<td width=\"374\"><\/td>\n<td width=\"285\">\n<p style=\"text-align: center;\">\n<\/td>\n<\/tr>\n<tr>\n<td width=\"374\">Allergol\u00f3giai j\u00e1r\u00f3betegrendel\u0151<\/td>\n<td width=\"285\">\n<p style=\"text-align: center;\"><a href=\"tel:0758117659\">0758 117 659<\/a><\/p>\n<\/td>\n<\/tr>\n<tr>\n<td width=\"374\">B\u0151rgy\u00f3gy\u00e1szati j\u00e1r\u00f3betegrendel\u0151<\/td>\n<td width=\"285\">\n<p style=\"text-align: center;\"><a href=\"tel:0721280655\">0721 280 655<\/a><\/p>\n<\/td>\n<\/tr>\n<tr>\n<td width=\"374\">T\u00fcd\u0151gy\u00f3gy\u00e1szati j\u00e1r\u00f3betegrendel\u0151<\/td>\n<td width=\"285\">\n<p style=\"text-align: center;\"><a href=\"tel:0266313036\">0266 313 036<\/a><\/p>\n<\/td>\n<\/tr>\n<tr>\n<td width=\"374\">Rehabilit\u00e1ci\u00f3, Fizioter\u00e1pia \u00e9s Balneol\u00f3gia oszt\u00e1ly<\/td>\n<td width=\"285\">\n<p style=\"text-align: center;\"><a href=\"tel:0758250760\">0758 250 760<\/a><\/p>\n<\/td>\n<\/tr>\n<tr>\n<td width=\"374\">F\u00fcl-Orr-G\u00e9g\u00e9szeti oszt\u00e1ly<\/td>\n<td width=\"285\">\n<p style=\"text-align: center;\"><a href=\"tel:0266371182\">0266 371 182<\/a><\/p>\n<\/td>\n<\/tr>\n<tr>\n<td width=\"374\">Onkol\u00f3gia j\u00e1r\u00f3betegszakrendel\u0151 (naponta 10:00-11:00 \u00f3ra k\u00f6z\u00f6tt)<\/td>\n<td width=\"285\">\n<p style=\"text-align: center;\"><a href=\"tel:0746119565\">0746 119 565<\/a><\/p>\n<\/td>\n<\/tr>\n<tr>\n<td width=\"374\">Szentegyh\u00e1zi Eg\u00e9szs\u00e9g\u00fcgyi K\u00f6zpont<\/td>\n<td width=\"285\">\n<p style=\"text-align: center;\"><a href=\"tel:0751213572\">0751 213 572<\/a> <a href=\"tel:0758250733\">0758 250 733<\/a><\/p>\n<\/td>\n<\/tr>\n<tr>\n<td width=\"374\">Gyermek Lelkieg\u00e9szs\u00e9g K\u00f6zpont<\/td>\n<td width=\"285\">\n<p style=\"text-align: center;\"><a href=\"tel:0732500794\">0732 500 794<\/a> <a href=\"tel:0758250731\">0758 250 731<\/a><\/p>\n<\/td>\n<\/tr>\n<tr>\n<td width=\"374\">Lelkieg\u00e9szs\u00e9g K\u00f6zpont<\/td>\n<td width=\"285\">\n<p style=\"text-align: center;\"><a href=\"tel:0755213067\">0755 213 067<\/a> <a href=\"tel:0756577414\">0756 577 414<\/a><\/p>\n<\/td>\n<\/tr>\n<tr>\n<td width=\"500\">Orvosi k\u00e9palkot\u00f3 \u00e9s r\u00f6ntgen laborat\u00f3rium &#8211; CT<\/td>\n<td width=\"459\">\n<p style=\"text-align: center;\"><a href=\"tel:0737700020\">0737 700 020<\/a><\/p>\n<\/td>\n<\/tr>\n<tr>\n<td width=\"500\">Orvosi k\u00e9palkot\u00f3 \u00e9s r\u00f6ntgen laborat\u00f3rium &#8211; Ultrahang<\/td>\n<td width=\"459\">\n<p style=\"text-align: center;\"><a href=\"tel:0751213575\">0751 213 575<\/a><\/p>\n<\/td>\n<\/tr>\n<tr>\n<td width=\"500\">Orvosi k\u00e9palkot\u00f3 \u00e9s r\u00f6ntgen laborat\u00f3rium &#8211; M\u00e1gneses rezonancia<\/td>\n<td width=\"459\">\n<p style=\"text-align: center;\"><a href=\"tel:0758117661\">0758 117 661<\/a><\/p>\n<\/td>\n<\/tr>\n<tr>\n<td width=\"500\">Orvosi k\u00e9palkot\u00f3 \u00e9s r\u00f6ntgen laborat\u00f3rium &#8211; j\u00e1r\u00f3beteg szakrendel\u0151<\/td>\n<td width=\"459\">\n<p style=\"text-align: center;\"><a href=\"tel:0758250738\">0758 250 738<\/a><\/p>\n<\/td>\n<\/tr>\n<tr>\n<td width=\"464\">Csal\u00e1dtervez\u0151i oszt\u00e1ly (07.00-08.00 illetve 13.00-15.00 \u00f3r\u00e1k k\u00f6z\u00f6tt)<\/td>\n<td width=\"465\">\n<p style=\"text-align: center;\"><a href=\"tel:0758117664\">0758117664<\/a><\/p>\n<\/td>\n<\/tr>\n<\/tbody>\n<\/table>\n","protected":false},"excerpt":{"rendered":"<p>Telefonos el\u0151jegyz\u00e9s\u00e9rt, k\u00e9rj\u00fck, h\u00edvja munkanapokon 8 &#8211; 15 \u00f3ra k\u00f6z\u00f6tt az al\u00e1bbi telefonsz\u00e1mokat: &nbsp; &nbsp; &nbsp; &nbsp; El\u0151jegyz\u00e9st ig\u00e9nyelni j\u00e1r\u00f3beteg rendel\u0151kbe 0742214951 0758250759 0758250745 Allergol\u00f3giai j\u00e1r\u00f3betegrendel\u0151 0758 117 659 B\u0151rgy\u00f3gy\u00e1szati j\u00e1r\u00f3betegrendel\u0151 0721 280 655 T\u00fcd\u0151gy\u00f3gy\u00e1szati j\u00e1r\u00f3betegrendel\u0151 0266 313 036 Rehabilit\u00e1ci\u00f3, Fizioter\u00e1pia \u00e9s Balneol\u00f3gia oszt\u00e1ly 0758 250 760 F\u00fcl-Orr-G\u00e9g\u00e9szeti oszt\u00e1ly 0266 371 182 Onkol\u00f3gia j\u00e1r\u00f3betegszakrendel\u0151 (naponta&hellip;<\/p>\n","protected":false},"author":11,"featured_media":0,"parent":0,"menu_order":45,"comment_status":"closed","ping_status":"closed","template":"","meta":[],"yoast_head":"<!-- This site is optimized with the Yoast SEO plugin v18.3 - https:\/\/yoast.com\/wordpress\/plugins\/seo\/ -->\n<title>Telefonos el\u0151jegyz\u00e9s - Cs\u00edkszeredai Megyei S\u00fcrg\u0151ss\u00e9gi K\u00f3rh\u00e1z<\/title>\n<meta name=\"robots\" content=\"index, follow, max-snippet:-1, max-image-preview:large, max-video-preview:-1\" \/>\n<link rel=\"canonical\" href=\"https:\/\/spitalmciuc.ro\/hu\/telefonos-elojegyzes\/\" \/>\n<meta property=\"og:locale\" content=\"hu_HU\" \/>\n<meta property=\"og:type\" content=\"article\" \/>\n<meta property=\"og:title\" content=\"Telefonos el\u0151jegyz\u00e9s - Cs\u00edkszeredai Megyei S\u00fcrg\u0151ss\u00e9gi K\u00f3rh\u00e1z\" \/>\n<meta property=\"og:description\" content=\"Telefonos el\u0151jegyz\u00e9s\u00e9rt, k\u00e9rj\u00fck, h\u00edvja munkanapokon 8 &#8211; 15 \u00f3ra k\u00f6z\u00f6tt az al\u00e1bbi telefonsz\u00e1mokat: &nbsp; &nbsp; &nbsp; &nbsp; El\u0151jegyz\u00e9st ig\u00e9nyelni j\u00e1r\u00f3beteg rendel\u0151kbe 0742214951 0758250759 0758250745 Allergol\u00f3giai j\u00e1r\u00f3betegrendel\u0151 0758 117 659 B\u0151rgy\u00f3gy\u00e1szati j\u00e1r\u00f3betegrendel\u0151 0721 280 655 T\u00fcd\u0151gy\u00f3gy\u00e1szati j\u00e1r\u00f3betegrendel\u0151 0266 313 036 Rehabilit\u00e1ci\u00f3, Fizioter\u00e1pia \u00e9s Balneol\u00f3gia oszt\u00e1ly 0758 250 760 F\u00fcl-Orr-G\u00e9g\u00e9szeti oszt\u00e1ly 0266 371 182 Onkol\u00f3gia j\u00e1r\u00f3betegszakrendel\u0151 (naponta&hellip;\" \/>\n<meta property=\"og:url\" content=\"https:\/\/spitalmciuc.ro\/hu\/telefonos-elojegyzes\/\" \/>\n<meta property=\"og:site_name\" content=\"Cs\u00edkszeredai Megyei S\u00fcrg\u0151ss\u00e9gi K\u00f3rh\u00e1z\" \/>\n<meta property=\"article:modified_time\" content=\"2026-03-18T11:14:08+00:00\" \/>\n<meta name=\"twitter:card\" content=\"summary_large_image\" \/>\n<meta name=\"twitter:label1\" content=\"Becs\u00fclt olvas\u00e1si id\u0151\" \/>\n\t<meta name=\"twitter:data1\" content=\"1 perc\" \/>\n<script type=\"application\/ld+json\" class=\"yoast-schema-graph\">{\"@context\":\"https:\/\/schema.org\",\"@graph\":[{\"@type\":\"Organization\",\"@id\":\"https:\/\/spitalmciuc.ro\/#organization\",\"name\":\"Spitalul Jude\u0163ean de Urgen\u0163\u0103 Miercurea Ciuc\",\"url\":\"https:\/\/spitalmciuc.ro\/\",\"sameAs\":[],\"logo\":{\"@type\":\"ImageObject\",\"@id\":\"https:\/\/spitalmciuc.ro\/#logo\",\"inLanguage\":\"hu\",\"url\":\"https:\/\/spitalmciuc.ro\/wp-content\/uploads\/2022\/02\/logo-spital-ro-60.jpg\",\"contentUrl\":\"https:\/\/spitalmciuc.ro\/wp-content\/uploads\/2022\/02\/logo-spital-ro-60.jpg\",\"width\":198,\"height\":60,\"caption\":\"Spitalul Jude\u0163ean de Urgen\u0163\u0103 Miercurea Ciuc\"},\"image\":{\"@id\":\"https:\/\/spitalmciuc.ro\/#logo\"}},{\"@type\":\"WebSite\",\"@id\":\"https:\/\/spitalmciuc.ro\/#website\",\"url\":\"https:\/\/spitalmciuc.ro\/\",\"name\":\"Cs\u00edkszeredai Megyei S\u00fcrg\u0151ss\u00e9gi K\u00f3rh\u00e1z\",\"description\":\"\",\"publisher\":{\"@id\":\"https:\/\/spitalmciuc.ro\/#organization\"},\"potentialAction\":[{\"@type\":\"SearchAction\",\"target\":{\"@type\":\"EntryPoint\",\"urlTemplate\":\"https:\/\/spitalmciuc.ro\/?s={search_term_string}\"},\"query-input\":\"required name=search_term_string\"}],\"inLanguage\":\"hu\"},{\"@type\":\"WebPage\",\"@id\":\"https:\/\/spitalmciuc.ro\/hu\/telefonos-elojegyzes\/#webpage\",\"url\":\"https:\/\/spitalmciuc.ro\/hu\/telefonos-elojegyzes\/\",\"name\":\"Telefonos el\u0151jegyz\u00e9s - Cs\u00edkszeredai Megyei S\u00fcrg\u0151ss\u00e9gi K\u00f3rh\u00e1z\",\"isPartOf\":{\"@id\":\"https:\/\/spitalmciuc.ro\/#website\"},\"datePublished\":\"2016-04-05T18:42:02+00:00\",\"dateModified\":\"2026-03-18T11:14:08+00:00\",\"breadcrumb\":{\"@id\":\"https:\/\/spitalmciuc.ro\/hu\/telefonos-elojegyzes\/#breadcrumb\"},\"inLanguage\":\"hu\",\"potentialAction\":[{\"@type\":\"ReadAction\",\"target\":[\"https:\/\/spitalmciuc.ro\/hu\/telefonos-elojegyzes\/\"]}]},{\"@type\":\"BreadcrumbList\",\"@id\":\"https:\/\/spitalmciuc.ro\/hu\/telefonos-elojegyzes\/#breadcrumb\",\"itemListElement\":[{\"@type\":\"ListItem\",\"position\":1,\"name\":\"Kezd\u0151lap\",\"item\":\"https:\/\/spitalmciuc.ro\/hu\/\"},{\"@type\":\"ListItem\",\"position\":2,\"name\":\"Telefonos el\u0151jegyz\u00e9s\"}]}]}<\/script>\n<!-- \/ Yoast SEO plugin. -->","yoast_head_json":{"title":"Telefonos el\u0151jegyz\u00e9s - Cs\u00edkszeredai Megyei S\u00fcrg\u0151ss\u00e9gi K\u00f3rh\u00e1z","robots":{"index":"index","follow":"follow","max-snippet":"max-snippet:-1","max-image-preview":"max-image-preview:large","max-video-preview":"max-video-preview:-1"},"canonical":"https:\/\/spitalmciuc.ro\/hu\/telefonos-elojegyzes\/","og_locale":"hu_HU","og_type":"article","og_title":"Telefonos el\u0151jegyz\u00e9s - Cs\u00edkszeredai Megyei S\u00fcrg\u0151ss\u00e9gi K\u00f3rh\u00e1z","og_description":"Telefonos el\u0151jegyz\u00e9s\u00e9rt, k\u00e9rj\u00fck, h\u00edvja munkanapokon 8 &#8211; 15 \u00f3ra k\u00f6z\u00f6tt az al\u00e1bbi telefonsz\u00e1mokat: &nbsp; &nbsp; &nbsp; &nbsp; El\u0151jegyz\u00e9st ig\u00e9nyelni j\u00e1r\u00f3beteg rendel\u0151kbe 0742214951 0758250759 0758250745 Allergol\u00f3giai j\u00e1r\u00f3betegrendel\u0151 0758 117 659 B\u0151rgy\u00f3gy\u00e1szati j\u00e1r\u00f3betegrendel\u0151 0721 280 655 T\u00fcd\u0151gy\u00f3gy\u00e1szati j\u00e1r\u00f3betegrendel\u0151 0266 313 036 Rehabilit\u00e1ci\u00f3, Fizioter\u00e1pia \u00e9s Balneol\u00f3gia oszt\u00e1ly 0758 250 760 F\u00fcl-Orr-G\u00e9g\u00e9szeti oszt\u00e1ly 0266 371 182 Onkol\u00f3gia j\u00e1r\u00f3betegszakrendel\u0151 (naponta&hellip;","og_url":"https:\/\/spitalmciuc.ro\/hu\/telefonos-elojegyzes\/","og_site_name":"Cs\u00edkszeredai Megyei S\u00fcrg\u0151ss\u00e9gi K\u00f3rh\u00e1z","article_modified_time":"2026-03-18T11:14:08+00:00","twitter_card":"summary_large_image","twitter_misc":{"Becs\u00fclt olvas\u00e1si id\u0151":"1 perc"},"schema":{"@context":"https:\/\/schema.org","@graph":[{"@type":"Organization","@id":"https:\/\/spitalmciuc.ro\/#organization","name":"Spitalul Jude\u0163ean de Urgen\u0163\u0103 Miercurea Ciuc","url":"https:\/\/spitalmciuc.ro\/","sameAs":[],"logo":{"@type":"ImageObject","@id":"https:\/\/spitalmciuc.ro\/#logo","inLanguage":"hu","url":"https:\/\/spitalmciuc.ro\/wp-content\/uploads\/2022\/02\/logo-spital-ro-60.jpg","contentUrl":"https:\/\/spitalmciuc.ro\/wp-content\/uploads\/2022\/02\/logo-spital-ro-60.jpg","width":198,"height":60,"caption":"Spitalul Jude\u0163ean de Urgen\u0163\u0103 Miercurea Ciuc"},"image":{"@id":"https:\/\/spitalmciuc.ro\/#logo"}},{"@type":"WebSite","@id":"https:\/\/spitalmciuc.ro\/#website","url":"https:\/\/spitalmciuc.ro\/","name":"Cs\u00edkszeredai Megyei S\u00fcrg\u0151ss\u00e9gi K\u00f3rh\u00e1z","description":"","publisher":{"@id":"https:\/\/spitalmciuc.ro\/#organization"},"potentialAction":[{"@type":"SearchAction","target":{"@type":"EntryPoint","urlTemplate":"https:\/\/spitalmciuc.ro\/?s={search_term_string}"},"query-input":"required name=search_term_string"}],"inLanguage":"hu"},{"@type":"WebPage","@id":"https:\/\/spitalmciuc.ro\/hu\/telefonos-elojegyzes\/#webpage","url":"https:\/\/spitalmciuc.ro\/hu\/telefonos-elojegyzes\/","name":"Telefonos el\u0151jegyz\u00e9s - Cs\u00edkszeredai Megyei S\u00fcrg\u0151ss\u00e9gi K\u00f3rh\u00e1z","isPartOf":{"@id":"https:\/\/spitalmciuc.ro\/#website"},"datePublished":"2016-04-05T18:42:02+00:00","dateModified":"2026-03-18T11:14:08+00:00","breadcrumb":{"@id":"https:\/\/spitalmciuc.ro\/hu\/telefonos-elojegyzes\/#breadcrumb"},"inLanguage":"hu","potentialAction":[{"@type":"ReadAction","target":["https:\/\/spitalmciuc.ro\/hu\/telefonos-elojegyzes\/"]}]},{"@type":"BreadcrumbList","@id":"https:\/\/spitalmciuc.ro\/hu\/telefonos-elojegyzes\/#breadcrumb","itemListElement":[{"@type":"ListItem","position":1,"name":"Kezd\u0151lap","item":"https:\/\/spitalmciuc.ro\/hu\/"},{"@type":"ListItem","position":2,"name":"Telefonos el\u0151jegyz\u00e9s"}]}]}},"_links":{"self":[{"href":"https:\/\/spitalmciuc.ro\/hu\/wp-json\/wp\/v2\/pages\/3376"}],"collection":[{"href":"https:\/\/spitalmciuc.ro\/hu\/wp-json\/wp\/v2\/pages"}],"about":[{"href":"https:\/\/spitalmciuc.ro\/hu\/wp-json\/wp\/v2\/types\/page"}],"author":[{"embeddable":true,"href":"https:\/\/spitalmciuc.ro\/hu\/wp-json\/wp\/v2\/users\/11"}],"replies":[{"embeddable":true,"href":"https:\/\/spitalmciuc.ro\/hu\/wp-json\/wp\/v2\/comments?post=3376"}],"version-history":[{"count":29,"href":"https:\/\/spitalmciuc.ro\/hu\/wp-json\/wp\/v2\/pages\/3376\/revisions"}],"predecessor-version":[{"id":19374,"href":"https:\/\/spitalmciuc.ro\/hu\/wp-json\/wp\/v2\/pages\/3376\/revisions\/19374"}],"wp:attachment":[{"href":"https:\/\/spitalmciuc.ro\/hu\/wp-json\/wp\/v2\/media?parent=3376"}],"curies":[{"name":"wp","href":"https:\/\/api.w.org\/{rel}","templated":true}]}}