{"id":19417,"date":"2026-03-24T10:39:01","date_gmt":"2026-03-24T07:39:01","guid":{"rendered":"https:\/\/spitalmciuc.ro\/?page_id=19417"},"modified":"2026-04-09T19:27:43","modified_gmt":"2026-04-09T16:27:43","slug":"projektek","status":"publish","type":"page","link":"https:\/\/spitalmciuc.ro\/hu\/projektek\/","title":{"rendered":"Projektek"},"content":{"rendered":"<p>[vc_row][vc_column][vc_tta_accordion active_section=&#8221;99999999999999999999999&#8243; collapsible_all=&#8221;true&#8221;][vc_tta_section title=&#8221;327225 \u2013 Beruh\u00e1z\u00e1sok a mikrobiol\u00f3giai laborat\u00f3rium infrastrukt\u00far\u00e1j\u00e1ba \u2013 POS&#8221; tab_id=&#8221;1774938442692-4ebb9e14-d37c&#8221;][vc_column_text]<a href=\"https:\/\/spitalmciuc.ro\/wp-content\/uploads\/2026\/03\/Comunicat-de-presa-lansare_Microbiologie_Hu_16.04.2025.pdf\" class=\"pdfemb-viewer\" style=\"\" data-width=\"max\" data-height=\"max\"  data-toolbar=\"bottom\" data-toolbar-fixed=\"off\">Comunicat-de-presa-lansare_Microbiologie_Hu_16.04.2025<br\/><\/a>[\/vc_column_text][\/vc_tta_section][vc_tta_section title=&#8221;327256 \u2013 Beruh\u00e1z\u00e1sok a patol\u00f3giai (k\u00f3rbonctani) laborat\u00f3rium infrastrukt\u00far\u00e1j\u00e1ba \u2013 POS&#8221; tab_id=&#8221;1774938442704-1b5a7311-e1c5&#8243;]<span id=\"creative-link-wrap-1286\" class=\"ult_main_cl ult-adjust-bottom-margin  \" >\n\t \t\t\t<span class=\"ult_cl_link_11  ult_crlink\" >\n\t\t\t\t\t<a  data-ultimate-target='#creative-link-wrap-1286 .ult_colorlink'  data-responsive-json-new='{\"font-size\":\"desktop:15px;\",\"line-height\":\"desktop:20px;\"}'  href=\"https:\/\/drive.google.com\/drive\/folders\/1PJNQbGu2tGw8Wlkd1CSjerV_mtdBNfOp?usp=drive_link\" title=\"Fot\u00f3 portf\u00f3li\u00f3\" target=\"_blank\" rel=\"nofollow noopener\"  class=\"ult_colorlink ult-responsive \" style=\"float:left;font-weight:bold; \"  data-textcolor=\"#1e73be\" data-texthover=\"#dd3333\"data-style=\"Style_11\">\n\t\t\t\t\t\t<span class=\"ult_link_top ult_btn11_link_top \" style=\"background:#ffffff;color:#dd3333;;\">Fot\u00f3 portf\u00f3li\u00f3<\/span>\n\t\t\t\t\t\t<span data-hover=\"Fot\u00f3 portf\u00f3li\u00f3\" style=\"color:#1e73be;;background:#ffffff;;\" class=\"ult_btn10_span   \">Fot\u00f3 portf\u00f3li\u00f3<\/span>\n\t\t\t\t\t\t\n\t\t\t\t\t<\/a>\n\t\t\t\t<\/span>\n\t\t\t<\/span>[vc_column_text]<a href=\"https:\/\/spitalmciuc.ro\/wp-content\/uploads\/2026\/03\/19.02.2026_-Comunicat-de-Presa_Hu.pdf\" class=\"pdfemb-viewer\" style=\"\" data-width=\"max\" data-height=\"max\"  data-toolbar=\"bottom\" data-toolbar-fixed=\"off\">19.02.2026_-Comunicat-de-Presa_Hu<br\/><\/a>[\/vc_column_text][vc_column_text]<a href=\"https:\/\/spitalmciuc.ro\/wp-content\/uploads\/2026\/03\/Comunicat-de-presa-lansare_Microbiologie_Hu_16.04.2025.pdf\" class=\"pdfemb-viewer\" style=\"\" data-width=\"max\" data-height=\"max\"  data-toolbar=\"bottom\" data-toolbar-fixed=\"off\">Comunicat-de-presa-lansare_Microbiologie_Hu_16.04.2025<br\/><\/a>[\/vc_column_text][vc_column_text]<a href=\"https:\/\/spitalmciuc.ro\/wp-content\/uploads\/2026\/03\/Comunicat-de-presa-lansare_AnatPat_Hu_16.01.2025.pdf\" class=\"pdfemb-viewer\" style=\"\" data-width=\"max\" data-height=\"max\"  data-toolbar=\"bottom\" data-toolbar-fixed=\"off\">Comunicat-de-presa-lansare_AnatPat_Hu_16.01.2025<br\/><\/a>[\/vc_column_text][\/vc_tta_section][vc_tta_section title=&#8221;327258 \u2013 Beruh\u00e1z\u00e1sok az onkol\u00f3giai oszt\u00e1ly infrastrukt\u00far\u00e1j\u00e1ba \u2013 POS&#8221; tab_id=&#8221;1774938522602-b8a78e12-820d&#8221;]<span id=\"creative-link-wrap-9630\" class=\"ult_main_cl ult-adjust-bottom-margin  \" >\n\t \t\t\t<span class=\"ult_cl_link_11  ult_crlink\" >\n\t\t\t\t\t<a  data-ultimate-target='#creative-link-wrap-9630 .ult_colorlink'  data-responsive-json-new='{\"font-size\":\"desktop:15px;\",\"line-height\":\"desktop:20px;\"}'  href=\"https:\/\/drive.google.com\/drive\/folders\/1A03P5GoCpa6U-jnKYnT2c3JMS99FtSgt?usp=sharing\" title=\"Fot\u00f3 portf\u00f3li\u00f3\" target=\"_blank\" rel=\"nofollow noopener\"  class=\"ult_colorlink ult-responsive \" style=\"float:left;font-weight:bold; \"  data-textcolor=\"#1e73be\" data-texthover=\"#dd3333\"data-style=\"Style_11\">\n\t\t\t\t\t\t<span class=\"ult_link_top ult_btn11_link_top \" style=\"background:#ffffff;color:#dd3333;;\">Fot\u00f3 portf\u00f3li\u00f3<\/span>\n\t\t\t\t\t\t<span data-hover=\"Fot\u00f3 portf\u00f3li\u00f3\" style=\"color:#1e73be;;background:#ffffff;;\" class=\"ult_btn10_span   \">Fot\u00f3 portf\u00f3li\u00f3<\/span>\n\t\t\t\t\t\t\n\t\t\t\t\t<\/a>\n\t\t\t\t<\/span>\n\t\t\t<\/span>[vc_column_text]<a href=\"https:\/\/spitalmciuc.ro\/wp-content\/uploads\/2026\/04\/ComunicatPresa_DaVinci_Hu_09.04.2026.pdf\" class=\"pdfemb-viewer\" style=\"\" data-width=\"max\" data-height=\"max\"  data-toolbar=\"bottom\" data-toolbar-fixed=\"off\">ComunicatPresa_DaVinci_Hu_09.04.2026<br\/><\/a>[\/vc_column_text][vc_column_text]<a href=\"https:\/\/spitalmciuc.ro\/wp-content\/uploads\/2026\/04\/Comunicat-de-presa-lansare_Oncologie_Hu_.pdf\" class=\"pdfemb-viewer\" style=\"\" data-width=\"max\" data-height=\"max\"  data-toolbar=\"bottom\" data-toolbar-fixed=\"off\">Comunicat-de-presa-lansare_Oncologie_Hu_<br\/><\/a>[\/vc_column_text][\/vc_tta_section][vc_tta_section title=&#8221;339047 \u2013 Rehabilit\u00e1ci\u00f3s k\u00f6zpont fejleszt\u00e9se Cs\u00edkszentm\u00e1rtonban \u2013 POS&#8221; tab_id=&#8221;1774938524114-60463571-6f7a&#8221;][vc_column_text]<a href=\"https:\/\/spitalmciuc.ro\/wp-content\/uploads\/2026\/04\/Placa-permanenta_03.11.2025.pdf\" class=\"pdfemb-viewer\" style=\"\" data-width=\"max\" data-height=\"max\"  data-toolbar=\"bottom\" data-toolbar-fixed=\"off\">Placa-permanenta_03.11.2025<br\/><\/a>[\/vc_column_text][vc_column_text]<a href=\"https:\/\/spitalmciuc.ro\/wp-content\/uploads\/2026\/04\/CCDKTY_U.pdf\" class=\"pdfemb-viewer\" style=\"\" data-width=\"max\" data-height=\"max\"  data-toolbar=\"bottom\" data-toolbar-fixed=\"off\">CCDKTY_U<br\/><\/a>[\/vc_column_text][\/vc_tta_section][vc_tta_section title=&#8221;342250 \u2013 Palliat\u00edv k\u00f6zpont \u00e9p\u00edt\u00e9se Szentegyh\u00e1z\u00e1n \u2013 POS&#8221; tab_id=&#8221;1774938524789-a76c0495-8981&#8243;][vc_single_image image=&#8221;19511&#8243; img_size=&#8221;medium&#8221; onclick=&#8221;img_link_large&#8221; img_link_target=&#8221;_blank&#8221;][vc_column_text]<a href=\"https:\/\/spitalmciuc.ro\/wp-content\/uploads\/2026\/04\/Comunicat-de-presa-lansare_Paliatie_Hu.pdf\" class=\"pdfemb-viewer\" style=\"\" data-width=\"max\" data-height=\"max\"  data-toolbar=\"bottom\" data-toolbar-fixed=\"off\">Comunicat-de-presa-lansare_Paliatie_Hu<br\/><\/a>[\/vc_column_text][\/vc_tta_section][vc_tta_section title=&#8221;343159 \u2013 HEPTEST \u2013 Kr\u00f3nikus m\u00e1jbetegs\u00e9gek \u2013 POS&#8221; tab_id=&#8221;1774938525464-490cd020-2b84&#8243;][vc_column_text]<a href=\"https:\/\/spitalmciuc.ro\/wp-content\/uploads\/2026\/04\/HepTest_ComunicatPresa_Lansare_Hu_02.04.2026-1.pdf\" class=\"pdfemb-viewer\" style=\"\" data-width=\"max\" data-height=\"max\"  data-toolbar=\"bottom\" data-toolbar-fixed=\"off\">HepTest_ComunicatPresa_Lansare_Hu_02.04.2026-1<br\/><\/a>[\/vc_column_text][\/vc_tta_section][\/vc_tta_accordion][\/vc_column][\/vc_row]<\/p>\n","protected":false},"excerpt":{"rendered":"<p>[vc_row][vc_column][vc_tta_accordion active_section=&#8221;99999999999999999999999&#8243; collapsible_all=&#8221;true&#8221;][vc_tta_section title=&#8221;327225 \u2013 Beruh\u00e1z\u00e1sok a mikrobiol\u00f3giai laborat\u00f3rium infrastrukt\u00far\u00e1j\u00e1ba \u2013 POS&#8221; tab_id=&#8221;1774938442692-4ebb9e14-d37c&#8221;][vc_column_text][\/vc_column_text][\/vc_tta_section][vc_tta_section title=&#8221;327256 \u2013 Beruh\u00e1z\u00e1sok a patol\u00f3giai (k\u00f3rbonctani) laborat\u00f3rium infrastrukt\u00far\u00e1j\u00e1ba \u2013 POS&#8221; tab_id=&#8221;1774938442704-1b5a7311-e1c5&#8243;][vc_column_text][\/vc_column_text][vc_column_text][\/vc_column_text][vc_column_text][\/vc_column_text][\/vc_tta_section][vc_tta_section title=&#8221;327258 \u2013 Beruh\u00e1z\u00e1sok az onkol\u00f3giai oszt\u00e1ly infrastrukt\u00far\u00e1j\u00e1ba \u2013 POS&#8221; tab_id=&#8221;1774938522602-b8a78e12-820d&#8221;][vc_column_text][\/vc_column_text][vc_column_text][\/vc_column_text][\/vc_tta_section][vc_tta_section title=&#8221;339047 \u2013 Rehabilit\u00e1ci\u00f3s k\u00f6zpont fejleszt\u00e9se Cs\u00edkszentm\u00e1rtonban \u2013 POS&#8221; tab_id=&#8221;1774938524114-60463571-6f7a&#8221;][vc_column_text][\/vc_column_text][vc_column_text][\/vc_column_text][\/vc_tta_section][vc_tta_section title=&#8221;342250 \u2013 Palliat\u00edv k\u00f6zpont \u00e9p\u00edt\u00e9se Szentegyh\u00e1z\u00e1n \u2013 POS&#8221; tab_id=&#8221;1774938524789-a76c0495-8981&#8243;][vc_single_image image=&#8221;19511&#8243; img_size=&#8221;medium&#8221; onclick=&#8221;img_link_large&#8221;&hellip;<\/p>\n","protected":false},"author":11,"featured_media":0,"parent":0,"menu_order":0,"comment_status":"closed","ping_status":"closed","template":"","meta":[],"yoast_head":"<!-- This site is optimized with the Yoast SEO plugin v18.3 - https:\/\/yoast.com\/wordpress\/plugins\/seo\/ -->\n<title>Projektek - Cs\u00edkszeredai Megyei S\u00fcrg\u0151ss\u00e9gi K\u00f3rh\u00e1z<\/title>\n<meta name=\"robots\" content=\"index, follow, max-snippet:-1, max-image-preview:large, max-video-preview:-1\" \/>\n<link rel=\"canonical\" href=\"https:\/\/spitalmciuc.ro\/hu\/projektek\/\" \/>\n<meta property=\"og:locale\" content=\"hu_HU\" \/>\n<meta property=\"og:type\" content=\"article\" \/>\n<meta property=\"og:title\" content=\"Projektek - Cs\u00edkszeredai Megyei S\u00fcrg\u0151ss\u00e9gi K\u00f3rh\u00e1z\" \/>\n<meta property=\"og:description\" content=\"[vc_row][vc_column][vc_tta_accordion active_section=&#8221;99999999999999999999999&#8243; collapsible_all=&#8221;true&#8221;][vc_tta_section title=&#8221;327225 \u2013 Beruh\u00e1z\u00e1sok a mikrobiol\u00f3giai laborat\u00f3rium infrastrukt\u00far\u00e1j\u00e1ba \u2013 POS&#8221; tab_id=&#8221;1774938442692-4ebb9e14-d37c&#8221;][vc_column_text][\/vc_column_text][\/vc_tta_section][vc_tta_section title=&#8221;327256 \u2013 Beruh\u00e1z\u00e1sok a patol\u00f3giai (k\u00f3rbonctani) laborat\u00f3rium infrastrukt\u00far\u00e1j\u00e1ba \u2013 POS&#8221; tab_id=&#8221;1774938442704-1b5a7311-e1c5&#8243;][vc_column_text][\/vc_column_text][vc_column_text][\/vc_column_text][vc_column_text][\/vc_column_text][\/vc_tta_section][vc_tta_section title=&#8221;327258 \u2013 Beruh\u00e1z\u00e1sok az onkol\u00f3giai oszt\u00e1ly infrastrukt\u00far\u00e1j\u00e1ba \u2013 POS&#8221; tab_id=&#8221;1774938522602-b8a78e12-820d&#8221;][vc_column_text][\/vc_column_text][vc_column_text][\/vc_column_text][\/vc_tta_section][vc_tta_section title=&#8221;339047 \u2013 Rehabilit\u00e1ci\u00f3s k\u00f6zpont fejleszt\u00e9se Cs\u00edkszentm\u00e1rtonban \u2013 POS&#8221; tab_id=&#8221;1774938524114-60463571-6f7a&#8221;][vc_column_text][\/vc_column_text][vc_column_text][\/vc_column_text][\/vc_tta_section][vc_tta_section title=&#8221;342250 \u2013 Palliat\u00edv k\u00f6zpont \u00e9p\u00edt\u00e9se Szentegyh\u00e1z\u00e1n \u2013 POS&#8221; tab_id=&#8221;1774938524789-a76c0495-8981&#8243;][vc_single_image image=&#8221;19511&#8243; img_size=&#8221;medium&#8221; onclick=&#8221;img_link_large&#8221;&hellip;\" \/>\n<meta property=\"og:url\" content=\"https:\/\/spitalmciuc.ro\/hu\/projektek\/\" \/>\n<meta property=\"og:site_name\" content=\"Cs\u00edkszeredai Megyei S\u00fcrg\u0151ss\u00e9gi K\u00f3rh\u00e1z\" \/>\n<meta property=\"article:modified_time\" content=\"2026-04-09T16:27:43+00:00\" \/>\n<meta name=\"twitter:card\" content=\"summary_large_image\" \/>\n<meta name=\"twitter:label1\" content=\"Becs\u00fclt olvas\u00e1si id\u0151\" \/>\n\t<meta name=\"twitter:data1\" content=\"1 perc\" \/>\n<script type=\"application\/ld+json\" class=\"yoast-schema-graph\">{\"@context\":\"https:\/\/schema.org\",\"@graph\":[{\"@type\":\"Organization\",\"@id\":\"https:\/\/spitalmciuc.ro\/#organization\",\"name\":\"Spitalul Jude\u0163ean de Urgen\u0163\u0103 Miercurea Ciuc\",\"url\":\"https:\/\/spitalmciuc.ro\/\",\"sameAs\":[],\"logo\":{\"@type\":\"ImageObject\",\"@id\":\"https:\/\/spitalmciuc.ro\/#logo\",\"inLanguage\":\"hu\",\"url\":\"https:\/\/spitalmciuc.ro\/wp-content\/uploads\/2022\/02\/logo-spital-ro-60.jpg\",\"contentUrl\":\"https:\/\/spitalmciuc.ro\/wp-content\/uploads\/2022\/02\/logo-spital-ro-60.jpg\",\"width\":198,\"height\":60,\"caption\":\"Spitalul Jude\u0163ean de Urgen\u0163\u0103 Miercurea Ciuc\"},\"image\":{\"@id\":\"https:\/\/spitalmciuc.ro\/#logo\"}},{\"@type\":\"WebSite\",\"@id\":\"https:\/\/spitalmciuc.ro\/#website\",\"url\":\"https:\/\/spitalmciuc.ro\/\",\"name\":\"Cs\u00edkszeredai Megyei S\u00fcrg\u0151ss\u00e9gi K\u00f3rh\u00e1z\",\"description\":\"\",\"publisher\":{\"@id\":\"https:\/\/spitalmciuc.ro\/#organization\"},\"potentialAction\":[{\"@type\":\"SearchAction\",\"target\":{\"@type\":\"EntryPoint\",\"urlTemplate\":\"https:\/\/spitalmciuc.ro\/?s={search_term_string}\"},\"query-input\":\"required name=search_term_string\"}],\"inLanguage\":\"hu\"},{\"@type\":\"WebPage\",\"@id\":\"https:\/\/spitalmciuc.ro\/hu\/projektek\/#webpage\",\"url\":\"https:\/\/spitalmciuc.ro\/hu\/projektek\/\",\"name\":\"Projektek - Cs\u00edkszeredai Megyei S\u00fcrg\u0151ss\u00e9gi K\u00f3rh\u00e1z\",\"isPartOf\":{\"@id\":\"https:\/\/spitalmciuc.ro\/#website\"},\"datePublished\":\"2026-03-24T07:39:01+00:00\",\"dateModified\":\"2026-04-09T16:27:43+00:00\",\"breadcrumb\":{\"@id\":\"https:\/\/spitalmciuc.ro\/hu\/projektek\/#breadcrumb\"},\"inLanguage\":\"hu\",\"potentialAction\":[{\"@type\":\"ReadAction\",\"target\":[\"https:\/\/spitalmciuc.ro\/hu\/projektek\/\"]}]},{\"@type\":\"BreadcrumbList\",\"@id\":\"https:\/\/spitalmciuc.ro\/hu\/projektek\/#breadcrumb\",\"itemListElement\":[{\"@type\":\"ListItem\",\"position\":1,\"name\":\"Kezd\u0151lap\",\"item\":\"https:\/\/spitalmciuc.ro\/hu\/\"},{\"@type\":\"ListItem\",\"position\":2,\"name\":\"Projektek\"}]}]}<\/script>\n<!-- \/ Yoast SEO plugin. -->","yoast_head_json":{"title":"Projektek - Cs\u00edkszeredai Megyei S\u00fcrg\u0151ss\u00e9gi K\u00f3rh\u00e1z","robots":{"index":"index","follow":"follow","max-snippet":"max-snippet:-1","max-image-preview":"max-image-preview:large","max-video-preview":"max-video-preview:-1"},"canonical":"https:\/\/spitalmciuc.ro\/hu\/projektek\/","og_locale":"hu_HU","og_type":"article","og_title":"Projektek - Cs\u00edkszeredai Megyei S\u00fcrg\u0151ss\u00e9gi K\u00f3rh\u00e1z","og_description":"[vc_row][vc_column][vc_tta_accordion active_section=&#8221;99999999999999999999999&#8243; collapsible_all=&#8221;true&#8221;][vc_tta_section title=&#8221;327225 \u2013 Beruh\u00e1z\u00e1sok a mikrobiol\u00f3giai laborat\u00f3rium infrastrukt\u00far\u00e1j\u00e1ba \u2013 POS&#8221; tab_id=&#8221;1774938442692-4ebb9e14-d37c&#8221;][vc_column_text][\/vc_column_text][\/vc_tta_section][vc_tta_section title=&#8221;327256 \u2013 Beruh\u00e1z\u00e1sok a patol\u00f3giai (k\u00f3rbonctani) laborat\u00f3rium infrastrukt\u00far\u00e1j\u00e1ba \u2013 POS&#8221; tab_id=&#8221;1774938442704-1b5a7311-e1c5&#8243;][vc_column_text][\/vc_column_text][vc_column_text][\/vc_column_text][vc_column_text][\/vc_column_text][\/vc_tta_section][vc_tta_section title=&#8221;327258 \u2013 Beruh\u00e1z\u00e1sok az onkol\u00f3giai oszt\u00e1ly infrastrukt\u00far\u00e1j\u00e1ba \u2013 POS&#8221; tab_id=&#8221;1774938522602-b8a78e12-820d&#8221;][vc_column_text][\/vc_column_text][vc_column_text][\/vc_column_text][\/vc_tta_section][vc_tta_section title=&#8221;339047 \u2013 Rehabilit\u00e1ci\u00f3s k\u00f6zpont fejleszt\u00e9se Cs\u00edkszentm\u00e1rtonban \u2013 POS&#8221; tab_id=&#8221;1774938524114-60463571-6f7a&#8221;][vc_column_text][\/vc_column_text][vc_column_text][\/vc_column_text][\/vc_tta_section][vc_tta_section title=&#8221;342250 \u2013 Palliat\u00edv k\u00f6zpont \u00e9p\u00edt\u00e9se Szentegyh\u00e1z\u00e1n \u2013 POS&#8221; tab_id=&#8221;1774938524789-a76c0495-8981&#8243;][vc_single_image image=&#8221;19511&#8243; img_size=&#8221;medium&#8221; onclick=&#8221;img_link_large&#8221;&hellip;","og_url":"https:\/\/spitalmciuc.ro\/hu\/projektek\/","og_site_name":"Cs\u00edkszeredai Megyei S\u00fcrg\u0151ss\u00e9gi K\u00f3rh\u00e1z","article_modified_time":"2026-04-09T16:27:43+00:00","twitter_card":"summary_large_image","twitter_misc":{"Becs\u00fclt olvas\u00e1si id\u0151":"1 perc"},"schema":{"@context":"https:\/\/schema.org","@graph":[{"@type":"Organization","@id":"https:\/\/spitalmciuc.ro\/#organization","name":"Spitalul Jude\u0163ean de Urgen\u0163\u0103 Miercurea Ciuc","url":"https:\/\/spitalmciuc.ro\/","sameAs":[],"logo":{"@type":"ImageObject","@id":"https:\/\/spitalmciuc.ro\/#logo","inLanguage":"hu","url":"https:\/\/spitalmciuc.ro\/wp-content\/uploads\/2022\/02\/logo-spital-ro-60.jpg","contentUrl":"https:\/\/spitalmciuc.ro\/wp-content\/uploads\/2022\/02\/logo-spital-ro-60.jpg","width":198,"height":60,"caption":"Spitalul Jude\u0163ean de Urgen\u0163\u0103 Miercurea Ciuc"},"image":{"@id":"https:\/\/spitalmciuc.ro\/#logo"}},{"@type":"WebSite","@id":"https:\/\/spitalmciuc.ro\/#website","url":"https:\/\/spitalmciuc.ro\/","name":"Cs\u00edkszeredai Megyei S\u00fcrg\u0151ss\u00e9gi K\u00f3rh\u00e1z","description":"","publisher":{"@id":"https:\/\/spitalmciuc.ro\/#organization"},"potentialAction":[{"@type":"SearchAction","target":{"@type":"EntryPoint","urlTemplate":"https:\/\/spitalmciuc.ro\/?s={search_term_string}"},"query-input":"required name=search_term_string"}],"inLanguage":"hu"},{"@type":"WebPage","@id":"https:\/\/spitalmciuc.ro\/hu\/projektek\/#webpage","url":"https:\/\/spitalmciuc.ro\/hu\/projektek\/","name":"Projektek - Cs\u00edkszeredai Megyei S\u00fcrg\u0151ss\u00e9gi K\u00f3rh\u00e1z","isPartOf":{"@id":"https:\/\/spitalmciuc.ro\/#website"},"datePublished":"2026-03-24T07:39:01+00:00","dateModified":"2026-04-09T16:27:43+00:00","breadcrumb":{"@id":"https:\/\/spitalmciuc.ro\/hu\/projektek\/#breadcrumb"},"inLanguage":"hu","potentialAction":[{"@type":"ReadAction","target":["https:\/\/spitalmciuc.ro\/hu\/projektek\/"]}]},{"@type":"BreadcrumbList","@id":"https:\/\/spitalmciuc.ro\/hu\/projektek\/#breadcrumb","itemListElement":[{"@type":"ListItem","position":1,"name":"Kezd\u0151lap","item":"https:\/\/spitalmciuc.ro\/hu\/"},{"@type":"ListItem","position":2,"name":"Projektek"}]}]}},"_links":{"self":[{"href":"https:\/\/spitalmciuc.ro\/hu\/wp-json\/wp\/v2\/pages\/19417"}],"collection":[{"href":"https:\/\/spitalmciuc.ro\/hu\/wp-json\/wp\/v2\/pages"}],"about":[{"href":"https:\/\/spitalmciuc.ro\/hu\/wp-json\/wp\/v2\/types\/page"}],"author":[{"embeddable":true,"href":"https:\/\/spitalmciuc.ro\/hu\/wp-json\/wp\/v2\/users\/11"}],"replies":[{"embeddable":true,"href":"https:\/\/spitalmciuc.ro\/hu\/wp-json\/wp\/v2\/comments?post=19417"}],"version-history":[{"count":20,"href":"https:\/\/spitalmciuc.ro\/hu\/wp-json\/wp\/v2\/pages\/19417\/revisions"}],"predecessor-version":[{"id":19577,"href":"https:\/\/spitalmciuc.ro\/hu\/wp-json\/wp\/v2\/pages\/19417\/revisions\/19577"}],"wp:attachment":[{"href":"https:\/\/spitalmciuc.ro\/hu\/wp-json\/wp\/v2\/media?parent=19417"}],"curies":[{"name":"wp","href":"https:\/\/api.w.org\/{rel}","templated":true}]}}