{"id":18994,"date":"2026-01-30T10:39:42","date_gmt":"2026-01-30T07:39:42","guid":{"rendered":"https:\/\/spitalmciuc.ro\/?page_id=18994"},"modified":"2026-01-30T15:50:25","modified_gmt":"2026-01-30T12:50:25","slug":"2025-2","status":"publish","type":"page","link":"https:\/\/spitalmciuc.ro\/hu\/2025-2\/","title":{"rendered":"2025"},"content":{"rendered":"<p>[vc_row][vc_column][vc_tta_accordion c_icon=&#8221;chevron&#8221; active_section=&#8221;99999999999999999999&#8243; collapsible_all=&#8221;true&#8221;][vc_tta_section title=&#8221;\u00c1gyhaszn\u00e1lati adatok 2025. \u00e9ves&#8221; tab_id=&#8221;1769772628035-7ca65721-344d&#8221;][vc_column_text]<a href=\"https:\/\/spitalmciuc.ro\/wp-content\/uploads\/2026\/01\/A-DATE-DE-UTILIZARE-A-PATURILOR-anul-2025.pdf\" class=\"pdfemb-viewer\" style=\"\" data-width=\"max\" data-height=\"max\"  data-toolbar=\"bottom\" data-toolbar-fixed=\"off\">A-DATE-DE-UTILIZARE-A-PATURILOR-anul-2025<br\/><\/a>[\/vc_column_text][\/vc_tta_section][vc_tta_section title=&#8221;Szolg\u00e1ltat\u00e1shaszn\u00e1lati adatok 2025. \u00e9ves&#8221; tab_id=&#8221;1769772628050-4bde9191-42a0&#8243;][vc_column_text]<a href=\"https:\/\/spitalmciuc.ro\/wp-content\/uploads\/2026\/01\/B-DATE-DE-UTILIZARE-A-SERVICIILOR-anul-2025.pdf\" class=\"pdfemb-viewer\" style=\"\" data-width=\"max\" data-height=\"max\"  data-toolbar=\"bottom\" data-toolbar-fixed=\"off\">B-DATE-DE-UTILIZARE-A-SERVICIILOR-anul-2025<br\/><\/a>[\/vc_column_text][\/vc_tta_section][vc_tta_section title=&#8221;Radiol\u00f3giai k\u00e9palkot\u00f3 szolg\u00e1ltat\u00e1sok ig\u00e9nybev\u00e9tel\u00e9re vonatkoz\u00f3 adatok, 2025. \u00e9ves&#8221; tab_id=&#8221;1769772646982-bb7eeccd-a1b0&#8243;][vc_column_text]<a href=\"https:\/\/spitalmciuc.ro\/wp-content\/uploads\/2026\/01\/C-DATE-DE-UTILIZARE-A-SERVICIILOR-DE-RADIOLOGIE_IMAGISTICA-anul-2025.pdf\" class=\"pdfemb-viewer\" style=\"\" data-width=\"max\" data-height=\"max\"  data-toolbar=\"bottom\" data-toolbar-fixed=\"off\">C-DATE-DE-UTILIZARE-A-SERVICIILOR-DE-RADIOLOGIE_IMAGISTICA-anul-2025<br\/><\/a>[\/vc_column_text][\/vc_tta_section][vc_tta_section title=&#8221;IMin\u0151s\u00e9gi mutat\u00f3k 2025. \u00e9ves&#8221; tab_id=&#8221;1769772648269-b8b70a04-448e&#8221;][vc_column_text]<a href=\"https:\/\/spitalmciuc.ro\/wp-content\/uploads\/2026\/01\/D-INDICATORI-DE-CALITATE-anul-2025.pdf\" class=\"pdfemb-viewer\" style=\"\" data-width=\"max\" data-height=\"max\"  data-toolbar=\"bottom\" data-toolbar-fixed=\"off\">D-INDICATORI-DE-CALITATE-anul-2025<br\/><\/a>[\/vc_column_text][\/vc_tta_section][vc_tta_section title=&#8221;P\u00e9nz\u00fcgyi inform\u00e1ci\u00f3k 2025. \u00e9ves&#8221; tab_id=&#8221;1769772649364-8369a940-5595&#8243;][vc_column_text]<a href=\"https:\/\/spitalmciuc.ro\/wp-content\/uploads\/2026\/01\/E-date-financiare-2025.pdf\" class=\"pdfemb-viewer\" style=\"\" data-width=\"max\" data-height=\"max\"  data-toolbar=\"bottom\" data-toolbar-fixed=\"off\">E-date-financiare-2025<br\/><\/a>[\/vc_column_text][\/vc_tta_section][\/vc_tta_accordion][vc_separator color=&#8221;juicy_pink&#8221;][vc_tta_accordion c_icon=&#8221;chevron&#8221; active_section=&#8221;99999999999999999999&#8243; collapsible_all=&#8221;true&#8221;][vc_tta_section title=&#8221;\u00c1gyhaszn\u00e1lati adatok 2025. IV-ik negyed\u00e9v&#8221; tab_id=&#8221;1769777307010-afddfb8d-bc62&#8243;][vc_column_text]<a href=\"https:\/\/spitalmciuc.ro\/wp-content\/uploads\/2026\/01\/A-DATE-DE-UTILIZARE-A-PATURILOR-trim-IV-2025A.pdf\" class=\"pdfemb-viewer\" style=\"\" data-width=\"max\" data-height=\"max\"  data-toolbar=\"bottom\" data-toolbar-fixed=\"off\">A-DATE-DE-UTILIZARE-A-PATURILOR-trim-IV-2025A<br\/><\/a>[\/vc_column_text][\/vc_tta_section][vc_tta_section title=&#8221;Szolg\u00e1ltat\u00e1shaszn\u00e1lati adatok 2025. IV-ik negyed\u00e9v&#8221; tab_id=&#8221;1769777307029-c71888f5-87e9&#8243;][vc_column_text]<a href=\"https:\/\/spitalmciuc.ro\/wp-content\/uploads\/2026\/01\/B-DATE-DE-UTILIZARE-A-SERVICIILOR-trim-4-2025.pdf\" class=\"pdfemb-viewer\" style=\"\" data-width=\"max\" data-height=\"max\"  data-toolbar=\"bottom\" data-toolbar-fixed=\"off\">B-DATE-DE-UTILIZARE-A-SERVICIILOR-trim-4-2025<br\/><\/a>[\/vc_column_text][\/vc_tta_section][vc_tta_section title=&#8221;Radiol\u00f3giai k\u00e9palkot\u00f3 szolg\u00e1ltat\u00e1sok ig\u00e9nybev\u00e9tel\u00e9re vonatkoz\u00f3 adatok, 2025. IV-ik negyed\u00e9v&#8221; tab_id=&#8221;1769777307049-a9e91bbc-2406&#8243;][vc_column_text]<a href=\"https:\/\/spitalmciuc.ro\/wp-content\/uploads\/2026\/01\/C-DATE-DE-UTILIZARE-A-SERVICIILOR-DE-RADIOLOGIE_IMAGISTICA-trim-4-2025.pdf\" class=\"pdfemb-viewer\" style=\"\" data-width=\"max\" data-height=\"max\"  data-toolbar=\"bottom\" data-toolbar-fixed=\"off\">C-DATE-DE-UTILIZARE-A-SERVICIILOR-DE-RADIOLOGIE_IMAGISTICA-trim-4-2025<br\/><\/a>[\/vc_column_text][\/vc_tta_section][vc_tta_section title=&#8221;IMin\u0151s\u00e9gi mutat\u00f3k 2025. IV-ik negyed\u00e9v&#8221; tab_id=&#8221;1769777307068-3625f6dc-a540&#8243;][vc_column_text]<a href=\"https:\/\/spitalmciuc.ro\/wp-content\/uploads\/2026\/01\/D-INDICATORI-DE-CALITATE-trim-4-2025.pdf\" class=\"pdfemb-viewer\" style=\"\" data-width=\"max\" data-height=\"max\"  data-toolbar=\"bottom\" data-toolbar-fixed=\"off\">D-INDICATORI-DE-CALITATE-trim-4-2025<br\/><\/a>[\/vc_column_text][\/vc_tta_section][vc_tta_section title=&#8221;P\u00e9nz\u00fcgyi inform\u00e1ci\u00f3k 2025. IV-ik negyed\u00e9v&#8221; tab_id=&#8221;1769777307084-7fb77b4e-ebd3&#8243;][vc_column_text]<a href=\"https:\/\/spitalmciuc.ro\/wp-content\/uploads\/2026\/01\/E-date-financiare-Trim.-IV.-2025-1.pdf\" class=\"pdfemb-viewer\" style=\"\" data-width=\"max\" data-height=\"max\"  data-toolbar=\"bottom\" data-toolbar-fixed=\"off\">E-date-financiare-Trim.-IV.-2025-1<br\/><\/a>[\/vc_column_text][\/vc_tta_section][\/vc_tta_accordion][vc_separator color=&#8221;juicy_pink&#8221;][vc_tta_accordion c_icon=&#8221;chevron&#8221; active_section=&#8221;99999999999999999999&#8243; collapsible_all=&#8221;true&#8221;][vc_tta_section title=&#8221;\u00c1gyhaszn\u00e1lati adatok 2025. III-ik negyed\u00e9v&#8221; tab_id=&#8221;1769775916843-84dc3b83-dce1&#8243;][vc_column_text]<a href=\"https:\/\/spitalmciuc.ro\/wp-content\/uploads\/2025\/10\/A-Date-de-utilizare-a-paturilor-trim-III-2025.pdf\" class=\"pdfemb-viewer\" style=\"\" data-width=\"max\" data-height=\"max\"  data-toolbar=\"bottom\" data-toolbar-fixed=\"off\">A-Date-de-utilizare-a-paturilor-trim-III-2025<br\/><\/a>[\/vc_column_text][\/vc_tta_section][vc_tta_section title=&#8221;Szolg\u00e1ltat\u00e1shaszn\u00e1lati adatok 2025. III-ik negyed\u00e9v&#8221; tab_id=&#8221;1769775916857-fe1e0dc2-d4d6&#8243;][vc_column_text]<a href=\"https:\/\/spitalmciuc.ro\/wp-content\/uploads\/2025\/10\/B-Date-de-utilizare-a-serviciilor-trim-III.pdf\" class=\"pdfemb-viewer\" style=\"\" data-width=\"max\" data-height=\"max\"  data-toolbar=\"bottom\" data-toolbar-fixed=\"off\">B-Date-de-utilizare-a-serviciilor-trim-III<br\/><\/a>[\/vc_column_text][\/vc_tta_section][vc_tta_section title=&#8221;Radiol\u00f3giai k\u00e9palkot\u00f3 szolg\u00e1ltat\u00e1sok ig\u00e9nybev\u00e9tel\u00e9re vonatkoz\u00f3 adatok, 2025. III-ik negyed\u00e9v&#8221; tab_id=&#8221;1769775916870-9b4d4de2-7534&#8243;][vc_column_text]<a href=\"https:\/\/spitalmciuc.ro\/wp-content\/uploads\/2025\/10\/C.-DATE-DE-UTILIZARE-A-SERVICIILOR-DE-RADIOLOGIE_IMAGISTICA-trim-III.pdf\" class=\"pdfemb-viewer\" style=\"\" data-width=\"max\" data-height=\"max\"  data-toolbar=\"bottom\" data-toolbar-fixed=\"off\">C.-DATE-DE-UTILIZARE-A-SERVICIILOR-DE-RADIOLOGIE_IMAGISTICA-trim-III<br\/><\/a>[\/vc_column_text][\/vc_tta_section][vc_tta_section title=&#8221;IMin\u0151s\u00e9gi mutat\u00f3k 2025. III-ik negyed\u00e9v&#8221; tab_id=&#8221;1769775916885-b518ac1c-e636&#8243;][vc_column_text]<a href=\"https:\/\/spitalmciuc.ro\/wp-content\/uploads\/2025\/10\/D.-INDICATORI-DE-CALITATE-trim-III.pdf\" class=\"pdfemb-viewer\" style=\"\" data-width=\"max\" data-height=\"max\"  data-toolbar=\"bottom\" data-toolbar-fixed=\"off\">D.-INDICATORI-DE-CALITATE-trim-III<br\/><\/a>[\/vc_column_text][\/vc_tta_section][vc_tta_section title=&#8221;P\u00e9nz\u00fcgyi inform\u00e1ci\u00f3k 2025. III-ik negyed\u00e9v&#8221; tab_id=&#8221;1769775916902-e5018229-460f&#8221;][vc_column_text]<a href=\"https:\/\/spitalmciuc.ro\/wp-content\/uploads\/2025\/10\/E-date-financiare.pdf\" class=\"pdfemb-viewer\" style=\"\" data-width=\"max\" data-height=\"max\"  data-toolbar=\"bottom\" data-toolbar-fixed=\"off\">E-date-financiare<br\/><\/a>[\/vc_column_text][\/vc_tta_section][\/vc_tta_accordion][\/vc_column][\/vc_row][vc_row][vc_column][\/vc_column][\/vc_row]<\/p>\n","protected":false},"excerpt":{"rendered":"<p>[vc_row][vc_column][vc_tta_accordion c_icon=&#8221;chevron&#8221; active_section=&#8221;99999999999999999999&#8243; collapsible_all=&#8221;true&#8221;][vc_tta_section title=&#8221;\u00c1gyhaszn\u00e1lati adatok 2025. \u00e9ves&#8221; tab_id=&#8221;1769772628035-7ca65721-344d&#8221;][vc_column_text][\/vc_column_text][\/vc_tta_section][vc_tta_section title=&#8221;Szolg\u00e1ltat\u00e1shaszn\u00e1lati adatok 2025. \u00e9ves&#8221; tab_id=&#8221;1769772628050-4bde9191-42a0&#8243;][vc_column_text][\/vc_column_text][\/vc_tta_section][vc_tta_section title=&#8221;Radiol\u00f3giai k\u00e9palkot\u00f3 szolg\u00e1ltat\u00e1sok ig\u00e9nybev\u00e9tel\u00e9re vonatkoz\u00f3 adatok, 2025. \u00e9ves&#8221; tab_id=&#8221;1769772646982-bb7eeccd-a1b0&#8243;][vc_column_text][\/vc_column_text][\/vc_tta_section][vc_tta_section title=&#8221;IMin\u0151s\u00e9gi mutat\u00f3k 2025. \u00e9ves&#8221; tab_id=&#8221;1769772648269-b8b70a04-448e&#8221;][vc_column_text][\/vc_column_text][\/vc_tta_section][vc_tta_section title=&#8221;P\u00e9nz\u00fcgyi inform\u00e1ci\u00f3k 2025. \u00e9ves&#8221; tab_id=&#8221;1769772649364-8369a940-5595&#8243;][vc_column_text][\/vc_column_text][\/vc_tta_section][\/vc_tta_accordion][vc_separator color=&#8221;juicy_pink&#8221;][vc_tta_accordion c_icon=&#8221;chevron&#8221; active_section=&#8221;99999999999999999999&#8243; collapsible_all=&#8221;true&#8221;][vc_tta_section title=&#8221;\u00c1gyhaszn\u00e1lati adatok 2025. IV-ik negyed\u00e9v&#8221; tab_id=&#8221;1769777307010-afddfb8d-bc62&#8243;][vc_column_text][\/vc_column_text][\/vc_tta_section][vc_tta_section title=&#8221;Szolg\u00e1ltat\u00e1shaszn\u00e1lati adatok 2025. IV-ik negyed\u00e9v&#8221; tab_id=&#8221;1769777307029-c71888f5-87e9&#8243;][vc_column_text][\/vc_column_text][\/vc_tta_section][vc_tta_section title=&#8221;Radiol\u00f3giai k\u00e9palkot\u00f3 szolg\u00e1ltat\u00e1sok ig\u00e9nybev\u00e9tel\u00e9re vonatkoz\u00f3 adatok,&hellip;<\/p>\n","protected":false},"author":11,"featured_media":0,"parent":0,"menu_order":0,"comment_status":"closed","ping_status":"closed","template":"","meta":[],"yoast_head":"<!-- This site is optimized with the Yoast SEO plugin v18.3 - https:\/\/yoast.com\/wordpress\/plugins\/seo\/ -->\n<title>2025 - Cs\u00edkszeredai Megyei S\u00fcrg\u0151ss\u00e9gi K\u00f3rh\u00e1z<\/title>\n<meta name=\"robots\" content=\"index, follow, max-snippet:-1, max-image-preview:large, max-video-preview:-1\" \/>\n<link rel=\"canonical\" href=\"https:\/\/spitalmciuc.ro\/hu\/2025-2\/\" \/>\n<meta property=\"og:locale\" content=\"hu_HU\" \/>\n<meta property=\"og:type\" content=\"article\" \/>\n<meta property=\"og:title\" content=\"2025 - Cs\u00edkszeredai Megyei S\u00fcrg\u0151ss\u00e9gi K\u00f3rh\u00e1z\" \/>\n<meta property=\"og:description\" content=\"[vc_row][vc_column][vc_tta_accordion c_icon=&#8221;chevron&#8221; active_section=&#8221;99999999999999999999&#8243; collapsible_all=&#8221;true&#8221;][vc_tta_section title=&#8221;\u00c1gyhaszn\u00e1lati adatok 2025. \u00e9ves&#8221; tab_id=&#8221;1769772628035-7ca65721-344d&#8221;][vc_column_text][\/vc_column_text][\/vc_tta_section][vc_tta_section title=&#8221;Szolg\u00e1ltat\u00e1shaszn\u00e1lati adatok 2025. \u00e9ves&#8221; tab_id=&#8221;1769772628050-4bde9191-42a0&#8243;][vc_column_text][\/vc_column_text][\/vc_tta_section][vc_tta_section title=&#8221;Radiol\u00f3giai k\u00e9palkot\u00f3 szolg\u00e1ltat\u00e1sok ig\u00e9nybev\u00e9tel\u00e9re vonatkoz\u00f3 adatok, 2025. \u00e9ves&#8221; tab_id=&#8221;1769772646982-bb7eeccd-a1b0&#8243;][vc_column_text][\/vc_column_text][\/vc_tta_section][vc_tta_section title=&#8221;IMin\u0151s\u00e9gi mutat\u00f3k 2025. \u00e9ves&#8221; tab_id=&#8221;1769772648269-b8b70a04-448e&#8221;][vc_column_text][\/vc_column_text][\/vc_tta_section][vc_tta_section title=&#8221;P\u00e9nz\u00fcgyi inform\u00e1ci\u00f3k 2025. \u00e9ves&#8221; tab_id=&#8221;1769772649364-8369a940-5595&#8243;][vc_column_text][\/vc_column_text][\/vc_tta_section][\/vc_tta_accordion][vc_separator color=&#8221;juicy_pink&#8221;][vc_tta_accordion c_icon=&#8221;chevron&#8221; active_section=&#8221;99999999999999999999&#8243; collapsible_all=&#8221;true&#8221;][vc_tta_section title=&#8221;\u00c1gyhaszn\u00e1lati adatok 2025. IV-ik negyed\u00e9v&#8221; tab_id=&#8221;1769777307010-afddfb8d-bc62&#8243;][vc_column_text][\/vc_column_text][\/vc_tta_section][vc_tta_section title=&#8221;Szolg\u00e1ltat\u00e1shaszn\u00e1lati adatok 2025. IV-ik negyed\u00e9v&#8221; tab_id=&#8221;1769777307029-c71888f5-87e9&#8243;][vc_column_text][\/vc_column_text][\/vc_tta_section][vc_tta_section title=&#8221;Radiol\u00f3giai k\u00e9palkot\u00f3 szolg\u00e1ltat\u00e1sok ig\u00e9nybev\u00e9tel\u00e9re vonatkoz\u00f3 adatok,&hellip;\" \/>\n<meta property=\"og:url\" content=\"https:\/\/spitalmciuc.ro\/hu\/2025-2\/\" \/>\n<meta property=\"og:site_name\" content=\"Cs\u00edkszeredai Megyei S\u00fcrg\u0151ss\u00e9gi K\u00f3rh\u00e1z\" \/>\n<meta property=\"article:modified_time\" content=\"2026-01-30T12:50:25+00:00\" \/>\n<meta name=\"twitter:card\" content=\"summary_large_image\" \/>\n<meta name=\"twitter:label1\" content=\"Becs\u00fclt olvas\u00e1si id\u0151\" \/>\n\t<meta name=\"twitter:data1\" content=\"1 perc\" \/>\n<script type=\"application\/ld+json\" class=\"yoast-schema-graph\">{\"@context\":\"https:\/\/schema.org\",\"@graph\":[{\"@type\":\"Organization\",\"@id\":\"https:\/\/spitalmciuc.ro\/#organization\",\"name\":\"Spitalul Jude\u0163ean de Urgen\u0163\u0103 Miercurea Ciuc\",\"url\":\"https:\/\/spitalmciuc.ro\/\",\"sameAs\":[],\"logo\":{\"@type\":\"ImageObject\",\"@id\":\"https:\/\/spitalmciuc.ro\/#logo\",\"inLanguage\":\"hu\",\"url\":\"https:\/\/spitalmciuc.ro\/wp-content\/uploads\/2022\/02\/logo-spital-ro-60.jpg\",\"contentUrl\":\"https:\/\/spitalmciuc.ro\/wp-content\/uploads\/2022\/02\/logo-spital-ro-60.jpg\",\"width\":198,\"height\":60,\"caption\":\"Spitalul Jude\u0163ean de Urgen\u0163\u0103 Miercurea Ciuc\"},\"image\":{\"@id\":\"https:\/\/spitalmciuc.ro\/#logo\"}},{\"@type\":\"WebSite\",\"@id\":\"https:\/\/spitalmciuc.ro\/#website\",\"url\":\"https:\/\/spitalmciuc.ro\/\",\"name\":\"Cs\u00edkszeredai Megyei S\u00fcrg\u0151ss\u00e9gi K\u00f3rh\u00e1z\",\"description\":\"\",\"publisher\":{\"@id\":\"https:\/\/spitalmciuc.ro\/#organization\"},\"potentialAction\":[{\"@type\":\"SearchAction\",\"target\":{\"@type\":\"EntryPoint\",\"urlTemplate\":\"https:\/\/spitalmciuc.ro\/?s={search_term_string}\"},\"query-input\":\"required name=search_term_string\"}],\"inLanguage\":\"hu\"},{\"@type\":\"WebPage\",\"@id\":\"https:\/\/spitalmciuc.ro\/hu\/2025-2\/#webpage\",\"url\":\"https:\/\/spitalmciuc.ro\/hu\/2025-2\/\",\"name\":\"2025 - Cs\u00edkszeredai Megyei S\u00fcrg\u0151ss\u00e9gi K\u00f3rh\u00e1z\",\"isPartOf\":{\"@id\":\"https:\/\/spitalmciuc.ro\/#website\"},\"datePublished\":\"2026-01-30T07:39:42+00:00\",\"dateModified\":\"2026-01-30T12:50:25+00:00\",\"breadcrumb\":{\"@id\":\"https:\/\/spitalmciuc.ro\/hu\/2025-2\/#breadcrumb\"},\"inLanguage\":\"hu\",\"potentialAction\":[{\"@type\":\"ReadAction\",\"target\":[\"https:\/\/spitalmciuc.ro\/hu\/2025-2\/\"]}]},{\"@type\":\"BreadcrumbList\",\"@id\":\"https:\/\/spitalmciuc.ro\/hu\/2025-2\/#breadcrumb\",\"itemListElement\":[{\"@type\":\"ListItem\",\"position\":1,\"name\":\"Kezd\u0151lap\",\"item\":\"https:\/\/spitalmciuc.ro\/hu\/\"},{\"@type\":\"ListItem\",\"position\":2,\"name\":\"2025\"}]}]}<\/script>\n<!-- \/ Yoast SEO plugin. -->","yoast_head_json":{"title":"2025 - Cs\u00edkszeredai Megyei S\u00fcrg\u0151ss\u00e9gi K\u00f3rh\u00e1z","robots":{"index":"index","follow":"follow","max-snippet":"max-snippet:-1","max-image-preview":"max-image-preview:large","max-video-preview":"max-video-preview:-1"},"canonical":"https:\/\/spitalmciuc.ro\/hu\/2025-2\/","og_locale":"hu_HU","og_type":"article","og_title":"2025 - Cs\u00edkszeredai Megyei S\u00fcrg\u0151ss\u00e9gi K\u00f3rh\u00e1z","og_description":"[vc_row][vc_column][vc_tta_accordion c_icon=&#8221;chevron&#8221; active_section=&#8221;99999999999999999999&#8243; collapsible_all=&#8221;true&#8221;][vc_tta_section title=&#8221;\u00c1gyhaszn\u00e1lati adatok 2025. \u00e9ves&#8221; tab_id=&#8221;1769772628035-7ca65721-344d&#8221;][vc_column_text][\/vc_column_text][\/vc_tta_section][vc_tta_section title=&#8221;Szolg\u00e1ltat\u00e1shaszn\u00e1lati adatok 2025. \u00e9ves&#8221; tab_id=&#8221;1769772628050-4bde9191-42a0&#8243;][vc_column_text][\/vc_column_text][\/vc_tta_section][vc_tta_section title=&#8221;Radiol\u00f3giai k\u00e9palkot\u00f3 szolg\u00e1ltat\u00e1sok ig\u00e9nybev\u00e9tel\u00e9re vonatkoz\u00f3 adatok, 2025. \u00e9ves&#8221; tab_id=&#8221;1769772646982-bb7eeccd-a1b0&#8243;][vc_column_text][\/vc_column_text][\/vc_tta_section][vc_tta_section title=&#8221;IMin\u0151s\u00e9gi mutat\u00f3k 2025. \u00e9ves&#8221; tab_id=&#8221;1769772648269-b8b70a04-448e&#8221;][vc_column_text][\/vc_column_text][\/vc_tta_section][vc_tta_section title=&#8221;P\u00e9nz\u00fcgyi inform\u00e1ci\u00f3k 2025. \u00e9ves&#8221; tab_id=&#8221;1769772649364-8369a940-5595&#8243;][vc_column_text][\/vc_column_text][\/vc_tta_section][\/vc_tta_accordion][vc_separator color=&#8221;juicy_pink&#8221;][vc_tta_accordion c_icon=&#8221;chevron&#8221; active_section=&#8221;99999999999999999999&#8243; collapsible_all=&#8221;true&#8221;][vc_tta_section title=&#8221;\u00c1gyhaszn\u00e1lati adatok 2025. IV-ik negyed\u00e9v&#8221; tab_id=&#8221;1769777307010-afddfb8d-bc62&#8243;][vc_column_text][\/vc_column_text][\/vc_tta_section][vc_tta_section title=&#8221;Szolg\u00e1ltat\u00e1shaszn\u00e1lati adatok 2025. IV-ik negyed\u00e9v&#8221; tab_id=&#8221;1769777307029-c71888f5-87e9&#8243;][vc_column_text][\/vc_column_text][\/vc_tta_section][vc_tta_section title=&#8221;Radiol\u00f3giai k\u00e9palkot\u00f3 szolg\u00e1ltat\u00e1sok ig\u00e9nybev\u00e9tel\u00e9re vonatkoz\u00f3 adatok,&hellip;","og_url":"https:\/\/spitalmciuc.ro\/hu\/2025-2\/","og_site_name":"Cs\u00edkszeredai Megyei S\u00fcrg\u0151ss\u00e9gi K\u00f3rh\u00e1z","article_modified_time":"2026-01-30T12:50:25+00:00","twitter_card":"summary_large_image","twitter_misc":{"Becs\u00fclt olvas\u00e1si id\u0151":"1 perc"},"schema":{"@context":"https:\/\/schema.org","@graph":[{"@type":"Organization","@id":"https:\/\/spitalmciuc.ro\/#organization","name":"Spitalul Jude\u0163ean de Urgen\u0163\u0103 Miercurea Ciuc","url":"https:\/\/spitalmciuc.ro\/","sameAs":[],"logo":{"@type":"ImageObject","@id":"https:\/\/spitalmciuc.ro\/#logo","inLanguage":"hu","url":"https:\/\/spitalmciuc.ro\/wp-content\/uploads\/2022\/02\/logo-spital-ro-60.jpg","contentUrl":"https:\/\/spitalmciuc.ro\/wp-content\/uploads\/2022\/02\/logo-spital-ro-60.jpg","width":198,"height":60,"caption":"Spitalul Jude\u0163ean de Urgen\u0163\u0103 Miercurea Ciuc"},"image":{"@id":"https:\/\/spitalmciuc.ro\/#logo"}},{"@type":"WebSite","@id":"https:\/\/spitalmciuc.ro\/#website","url":"https:\/\/spitalmciuc.ro\/","name":"Cs\u00edkszeredai Megyei S\u00fcrg\u0151ss\u00e9gi K\u00f3rh\u00e1z","description":"","publisher":{"@id":"https:\/\/spitalmciuc.ro\/#organization"},"potentialAction":[{"@type":"SearchAction","target":{"@type":"EntryPoint","urlTemplate":"https:\/\/spitalmciuc.ro\/?s={search_term_string}"},"query-input":"required name=search_term_string"}],"inLanguage":"hu"},{"@type":"WebPage","@id":"https:\/\/spitalmciuc.ro\/hu\/2025-2\/#webpage","url":"https:\/\/spitalmciuc.ro\/hu\/2025-2\/","name":"2025 - Cs\u00edkszeredai Megyei S\u00fcrg\u0151ss\u00e9gi K\u00f3rh\u00e1z","isPartOf":{"@id":"https:\/\/spitalmciuc.ro\/#website"},"datePublished":"2026-01-30T07:39:42+00:00","dateModified":"2026-01-30T12:50:25+00:00","breadcrumb":{"@id":"https:\/\/spitalmciuc.ro\/hu\/2025-2\/#breadcrumb"},"inLanguage":"hu","potentialAction":[{"@type":"ReadAction","target":["https:\/\/spitalmciuc.ro\/hu\/2025-2\/"]}]},{"@type":"BreadcrumbList","@id":"https:\/\/spitalmciuc.ro\/hu\/2025-2\/#breadcrumb","itemListElement":[{"@type":"ListItem","position":1,"name":"Kezd\u0151lap","item":"https:\/\/spitalmciuc.ro\/hu\/"},{"@type":"ListItem","position":2,"name":"2025"}]}]}},"_links":{"self":[{"href":"https:\/\/spitalmciuc.ro\/hu\/wp-json\/wp\/v2\/pages\/18994"}],"collection":[{"href":"https:\/\/spitalmciuc.ro\/hu\/wp-json\/wp\/v2\/pages"}],"about":[{"href":"https:\/\/spitalmciuc.ro\/hu\/wp-json\/wp\/v2\/types\/page"}],"author":[{"embeddable":true,"href":"https:\/\/spitalmciuc.ro\/hu\/wp-json\/wp\/v2\/users\/11"}],"replies":[{"embeddable":true,"href":"https:\/\/spitalmciuc.ro\/hu\/wp-json\/wp\/v2\/comments?post=18994"}],"version-history":[{"count":7,"href":"https:\/\/spitalmciuc.ro\/hu\/wp-json\/wp\/v2\/pages\/18994\/revisions"}],"predecessor-version":[{"id":19041,"href":"https:\/\/spitalmciuc.ro\/hu\/wp-json\/wp\/v2\/pages\/18994\/revisions\/19041"}],"wp:attachment":[{"href":"https:\/\/spitalmciuc.ro\/hu\/wp-json\/wp\/v2\/media?parent=18994"}],"curies":[{"name":"wp","href":"https:\/\/api.w.org\/{rel}","templated":true}]}}