{"id":18399,"date":"2025-11-07T11:46:26","date_gmt":"2025-11-07T08:46:26","guid":{"rendered":"https:\/\/spitalmciuc.ro\/?page_id=18399"},"modified":"2025-11-07T11:46:26","modified_gmt":"2025-11-07T08:46:26","slug":"a-kozerdeku-informaciok-tajekoztato-hirlevele","status":"publish","type":"page","link":"https:\/\/spitalmciuc.ro\/hu\/a-kozerdeku-informaciok-tajekoztato-hirlevele\/","title":{"rendered":"A k\u00f6z\u00e9rdek\u0171 inform\u00e1ci\u00f3k t\u00e1j\u00e9koztat\u00f3 h\u00edrlevele"},"content":{"rendered":"<p><iframe loading=\"lazy\" \n  src=\"https:\/\/spitalmciuc.ro\/wp-content\/uploads\/2025\/11\/BuletinInformativ_07.11.2025..pdf#view=FitH\" \n  width=\"100%\" \n  height=\"1400px\" \n  style=\"border:none;\"><br \/>\n<\/iframe><\/p>\n","protected":false},"excerpt":{"rendered":"","protected":false},"author":11,"featured_media":0,"parent":0,"menu_order":0,"comment_status":"closed","ping_status":"closed","template":"","meta":[],"yoast_head":"<!-- This site is optimized with the Yoast SEO plugin v18.3 - https:\/\/yoast.com\/wordpress\/plugins\/seo\/ -->\n<title>A k\u00f6z\u00e9rdek\u0171 inform\u00e1ci\u00f3k t\u00e1j\u00e9koztat\u00f3 h\u00edrlevele - Cs\u00edkszeredai Megyei S\u00fcrg\u0151ss\u00e9gi K\u00f3rh\u00e1z<\/title>\n<meta name=\"robots\" content=\"index, follow, max-snippet:-1, max-image-preview:large, max-video-preview:-1\" \/>\n<link rel=\"canonical\" href=\"https:\/\/spitalmciuc.ro\/hu\/a-kozerdeku-informaciok-tajekoztato-hirlevele\/\" \/>\n<meta property=\"og:locale\" content=\"hu_HU\" \/>\n<meta property=\"og:type\" content=\"article\" \/>\n<meta property=\"og:title\" content=\"A k\u00f6z\u00e9rdek\u0171 inform\u00e1ci\u00f3k t\u00e1j\u00e9koztat\u00f3 h\u00edrlevele - Cs\u00edkszeredai Megyei S\u00fcrg\u0151ss\u00e9gi K\u00f3rh\u00e1z\" \/>\n<meta property=\"og:url\" content=\"https:\/\/spitalmciuc.ro\/hu\/a-kozerdeku-informaciok-tajekoztato-hirlevele\/\" \/>\n<meta property=\"og:site_name\" content=\"Cs\u00edkszeredai Megyei S\u00fcrg\u0151ss\u00e9gi K\u00f3rh\u00e1z\" \/>\n<meta name=\"twitter:card\" content=\"summary_large_image\" \/>\n<script type=\"application\/ld+json\" class=\"yoast-schema-graph\">{\"@context\":\"https:\/\/schema.org\",\"@graph\":[{\"@type\":\"Organization\",\"@id\":\"https:\/\/spitalmciuc.ro\/#organization\",\"name\":\"Spitalul Jude\u0163ean de Urgen\u0163\u0103 Miercurea Ciuc\",\"url\":\"https:\/\/spitalmciuc.ro\/\",\"sameAs\":[],\"logo\":{\"@type\":\"ImageObject\",\"@id\":\"https:\/\/spitalmciuc.ro\/#logo\",\"inLanguage\":\"hu\",\"url\":\"https:\/\/spitalmciuc.ro\/wp-content\/uploads\/2022\/02\/logo-spital-ro-60.jpg\",\"contentUrl\":\"https:\/\/spitalmciuc.ro\/wp-content\/uploads\/2022\/02\/logo-spital-ro-60.jpg\",\"width\":198,\"height\":60,\"caption\":\"Spitalul Jude\u0163ean de Urgen\u0163\u0103 Miercurea Ciuc\"},\"image\":{\"@id\":\"https:\/\/spitalmciuc.ro\/#logo\"}},{\"@type\":\"WebSite\",\"@id\":\"https:\/\/spitalmciuc.ro\/#website\",\"url\":\"https:\/\/spitalmciuc.ro\/\",\"name\":\"Cs\u00edkszeredai Megyei S\u00fcrg\u0151ss\u00e9gi K\u00f3rh\u00e1z\",\"description\":\"\",\"publisher\":{\"@id\":\"https:\/\/spitalmciuc.ro\/#organization\"},\"potentialAction\":[{\"@type\":\"SearchAction\",\"target\":{\"@type\":\"EntryPoint\",\"urlTemplate\":\"https:\/\/spitalmciuc.ro\/?s={search_term_string}\"},\"query-input\":\"required name=search_term_string\"}],\"inLanguage\":\"hu\"},{\"@type\":\"WebPage\",\"@id\":\"https:\/\/spitalmciuc.ro\/hu\/a-kozerdeku-informaciok-tajekoztato-hirlevele\/#webpage\",\"url\":\"https:\/\/spitalmciuc.ro\/hu\/a-kozerdeku-informaciok-tajekoztato-hirlevele\/\",\"name\":\"A k\u00f6z\u00e9rdek\u0171 inform\u00e1ci\u00f3k t\u00e1j\u00e9koztat\u00f3 h\u00edrlevele - Cs\u00edkszeredai Megyei S\u00fcrg\u0151ss\u00e9gi K\u00f3rh\u00e1z\",\"isPartOf\":{\"@id\":\"https:\/\/spitalmciuc.ro\/#website\"},\"datePublished\":\"2025-11-07T08:46:26+00:00\",\"dateModified\":\"2025-11-07T08:46:26+00:00\",\"breadcrumb\":{\"@id\":\"https:\/\/spitalmciuc.ro\/hu\/a-kozerdeku-informaciok-tajekoztato-hirlevele\/#breadcrumb\"},\"inLanguage\":\"hu\",\"potentialAction\":[{\"@type\":\"ReadAction\",\"target\":[\"https:\/\/spitalmciuc.ro\/hu\/a-kozerdeku-informaciok-tajekoztato-hirlevele\/\"]}]},{\"@type\":\"BreadcrumbList\",\"@id\":\"https:\/\/spitalmciuc.ro\/hu\/a-kozerdeku-informaciok-tajekoztato-hirlevele\/#breadcrumb\",\"itemListElement\":[{\"@type\":\"ListItem\",\"position\":1,\"name\":\"Kezd\u0151lap\",\"item\":\"https:\/\/spitalmciuc.ro\/hu\/\"},{\"@type\":\"ListItem\",\"position\":2,\"name\":\"A k\u00f6z\u00e9rdek\u0171 inform\u00e1ci\u00f3k t\u00e1j\u00e9koztat\u00f3 h\u00edrlevele\"}]}]}<\/script>\n<!-- \/ Yoast SEO plugin. -->","yoast_head_json":{"title":"A k\u00f6z\u00e9rdek\u0171 inform\u00e1ci\u00f3k t\u00e1j\u00e9koztat\u00f3 h\u00edrlevele - Cs\u00edkszeredai Megyei S\u00fcrg\u0151ss\u00e9gi K\u00f3rh\u00e1z","robots":{"index":"index","follow":"follow","max-snippet":"max-snippet:-1","max-image-preview":"max-image-preview:large","max-video-preview":"max-video-preview:-1"},"canonical":"https:\/\/spitalmciuc.ro\/hu\/a-kozerdeku-informaciok-tajekoztato-hirlevele\/","og_locale":"hu_HU","og_type":"article","og_title":"A k\u00f6z\u00e9rdek\u0171 inform\u00e1ci\u00f3k t\u00e1j\u00e9koztat\u00f3 h\u00edrlevele - Cs\u00edkszeredai Megyei S\u00fcrg\u0151ss\u00e9gi K\u00f3rh\u00e1z","og_url":"https:\/\/spitalmciuc.ro\/hu\/a-kozerdeku-informaciok-tajekoztato-hirlevele\/","og_site_name":"Cs\u00edkszeredai Megyei S\u00fcrg\u0151ss\u00e9gi K\u00f3rh\u00e1z","twitter_card":"summary_large_image","schema":{"@context":"https:\/\/schema.org","@graph":[{"@type":"Organization","@id":"https:\/\/spitalmciuc.ro\/#organization","name":"Spitalul Jude\u0163ean de Urgen\u0163\u0103 Miercurea Ciuc","url":"https:\/\/spitalmciuc.ro\/","sameAs":[],"logo":{"@type":"ImageObject","@id":"https:\/\/spitalmciuc.ro\/#logo","inLanguage":"hu","url":"https:\/\/spitalmciuc.ro\/wp-content\/uploads\/2022\/02\/logo-spital-ro-60.jpg","contentUrl":"https:\/\/spitalmciuc.ro\/wp-content\/uploads\/2022\/02\/logo-spital-ro-60.jpg","width":198,"height":60,"caption":"Spitalul Jude\u0163ean de Urgen\u0163\u0103 Miercurea Ciuc"},"image":{"@id":"https:\/\/spitalmciuc.ro\/#logo"}},{"@type":"WebSite","@id":"https:\/\/spitalmciuc.ro\/#website","url":"https:\/\/spitalmciuc.ro\/","name":"Cs\u00edkszeredai Megyei S\u00fcrg\u0151ss\u00e9gi K\u00f3rh\u00e1z","description":"","publisher":{"@id":"https:\/\/spitalmciuc.ro\/#organization"},"potentialAction":[{"@type":"SearchAction","target":{"@type":"EntryPoint","urlTemplate":"https:\/\/spitalmciuc.ro\/?s={search_term_string}"},"query-input":"required name=search_term_string"}],"inLanguage":"hu"},{"@type":"WebPage","@id":"https:\/\/spitalmciuc.ro\/hu\/a-kozerdeku-informaciok-tajekoztato-hirlevele\/#webpage","url":"https:\/\/spitalmciuc.ro\/hu\/a-kozerdeku-informaciok-tajekoztato-hirlevele\/","name":"A k\u00f6z\u00e9rdek\u0171 inform\u00e1ci\u00f3k t\u00e1j\u00e9koztat\u00f3 h\u00edrlevele - Cs\u00edkszeredai Megyei S\u00fcrg\u0151ss\u00e9gi K\u00f3rh\u00e1z","isPartOf":{"@id":"https:\/\/spitalmciuc.ro\/#website"},"datePublished":"2025-11-07T08:46:26+00:00","dateModified":"2025-11-07T08:46:26+00:00","breadcrumb":{"@id":"https:\/\/spitalmciuc.ro\/hu\/a-kozerdeku-informaciok-tajekoztato-hirlevele\/#breadcrumb"},"inLanguage":"hu","potentialAction":[{"@type":"ReadAction","target":["https:\/\/spitalmciuc.ro\/hu\/a-kozerdeku-informaciok-tajekoztato-hirlevele\/"]}]},{"@type":"BreadcrumbList","@id":"https:\/\/spitalmciuc.ro\/hu\/a-kozerdeku-informaciok-tajekoztato-hirlevele\/#breadcrumb","itemListElement":[{"@type":"ListItem","position":1,"name":"Kezd\u0151lap","item":"https:\/\/spitalmciuc.ro\/hu\/"},{"@type":"ListItem","position":2,"name":"A k\u00f6z\u00e9rdek\u0171 inform\u00e1ci\u00f3k t\u00e1j\u00e9koztat\u00f3 h\u00edrlevele"}]}]}},"_links":{"self":[{"href":"https:\/\/spitalmciuc.ro\/hu\/wp-json\/wp\/v2\/pages\/18399"}],"collection":[{"href":"https:\/\/spitalmciuc.ro\/hu\/wp-json\/wp\/v2\/pages"}],"about":[{"href":"https:\/\/spitalmciuc.ro\/hu\/wp-json\/wp\/v2\/types\/page"}],"author":[{"embeddable":true,"href":"https:\/\/spitalmciuc.ro\/hu\/wp-json\/wp\/v2\/users\/11"}],"replies":[{"embeddable":true,"href":"https:\/\/spitalmciuc.ro\/hu\/wp-json\/wp\/v2\/comments?post=18399"}],"version-history":[{"count":1,"href":"https:\/\/spitalmciuc.ro\/hu\/wp-json\/wp\/v2\/pages\/18399\/revisions"}],"predecessor-version":[{"id":18400,"href":"https:\/\/spitalmciuc.ro\/hu\/wp-json\/wp\/v2\/pages\/18399\/revisions\/18400"}],"wp:attachment":[{"href":"https:\/\/spitalmciuc.ro\/hu\/wp-json\/wp\/v2\/media?parent=18399"}],"curies":[{"name":"wp","href":"https:\/\/api.w.org\/{rel}","templated":true}]}}