{"id":17876,"date":"2025-09-19T13:09:30","date_gmt":"2025-09-19T10:09:30","guid":{"rendered":"https:\/\/spitalmciuc.ro\/?page_id=17876"},"modified":"2025-09-23T15:37:58","modified_gmt":"2025-09-23T12:37:58","slug":"kozerdeku-adatok-iranti-kerelem","status":"publish","type":"page","link":"https:\/\/spitalmciuc.ro\/hu\/kozerdeku-adatok-iranti-kerelem\/","title":{"rendered":"K\u00f6z\u00e9rdek\u0171 adatok ir\u00e1nti k\u00e9relem"},"content":{"rendered":"<p>[vc_row][vc_column][vc_tta_tabs][vc_tta_section title=&#8221;K\u00e9relem&#8221; tab_id=&#8221;1758629358929-83654dcb-3a12&#8243;][vc_column_text]<a href=\"https:\/\/spitalmciuc.ro\/wp-content\/uploads\/2025\/09\/MODEL-SOLICITARE.pdf\" class=\"pdfemb-viewer\" style=\"width: 595px; height: 842px; \" data-width=\"595\" data-height=\"842\"  data-toolbar=\"bottom\" data-toolbar-fixed=\"off\">MODEL-SOLICITARE<br\/><\/a><\/p>\n<p>&#8212;&#8211;<\/p>\n<p><a href=\"https:\/\/spitalmciuc.ro\/wp-content\/uploads\/2025\/09\/MODEL-SOLICITARE.pdf\" target=\"_blank\" rel=\"noopener\">Let\u00f6lt\u00e9s<\/a>[\/vc_column_text][\/vc_tta_section][vc_tta_section title=&#8221;Panaszok&#8221; tab_id=&#8221;1758629358942-291749d7-61b7&#8243;][vc_column_text]<a href=\"https:\/\/spitalmciuc.ro\/wp-content\/uploads\/2025\/09\/Modalitatea-de-contestare-a-deciziei-si-formulare-pentru-reclamatii-administrative-refuz-la-solicitare-si-lipsa-comunicarii-unui-raspuns-in-termenul-legal.pdf\" class=\"pdfemb-viewer\" style=\"width: 595px; height: 842px; \" data-width=\"595\" data-height=\"842\"  data-toolbar=\"bottom\" data-toolbar-fixed=\"off\">Modalitatea-de-contestare-a-deciziei-si-formulare-pentru-reclamatii-administrative-refuz-la-solicitare-si-lipsa-comunicarii-unui-raspuns-in-termenul-legal<br\/><\/a><\/p>\n<p>&#8212;&#8211;<\/p>\n<p><a href=\"https:\/\/spitalmciuc.ro\/wp-content\/uploads\/2025\/09\/Modalitatea-de-contestare-a-deciziei-si-formulare-pentru-reclamatii-administrative-refuz-la-solicitare-si-lipsa-comunicarii-unui-raspuns-in-termenul-legal.pdf\" target=\"_blank\" rel=\"noopener\">Let\u00f6lt\u00e9s<\/a>[\/vc_column_text][\/vc_tta_section][\/vc_tta_tabs][\/vc_column][\/vc_row]<\/p>\n","protected":false},"excerpt":{"rendered":"<p>[vc_row][vc_column][vc_tta_tabs][vc_tta_section title=&#8221;K\u00e9relem&#8221; tab_id=&#8221;1758629358929-83654dcb-3a12&#8243;][vc_column_text] &#8212;&#8211; Let\u00f6lt\u00e9s[\/vc_column_text][\/vc_tta_section][vc_tta_section title=&#8221;Panaszok&#8221; tab_id=&#8221;1758629358942-291749d7-61b7&#8243;][vc_column_text] &#8212;&#8211; Let\u00f6lt\u00e9s[\/vc_column_text][\/vc_tta_section][\/vc_tta_tabs][\/vc_column][\/vc_row]<\/p>\n","protected":false},"author":11,"featured_media":0,"parent":0,"menu_order":0,"comment_status":"closed","ping_status":"closed","template":"","meta":[],"yoast_head":"<!-- This site is optimized with the Yoast SEO plugin v18.3 - https:\/\/yoast.com\/wordpress\/plugins\/seo\/ -->\n<title>K\u00f6z\u00e9rdek\u0171 adatok ir\u00e1nti k\u00e9relem - Cs\u00edkszeredai Megyei S\u00fcrg\u0151ss\u00e9gi K\u00f3rh\u00e1z<\/title>\n<meta name=\"robots\" content=\"index, follow, max-snippet:-1, max-image-preview:large, max-video-preview:-1\" \/>\n<link rel=\"canonical\" href=\"https:\/\/spitalmciuc.ro\/hu\/kozerdeku-adatok-iranti-kerelem\/\" \/>\n<meta property=\"og:locale\" content=\"hu_HU\" \/>\n<meta property=\"og:type\" content=\"article\" \/>\n<meta property=\"og:title\" content=\"K\u00f6z\u00e9rdek\u0171 adatok ir\u00e1nti k\u00e9relem - Cs\u00edkszeredai Megyei S\u00fcrg\u0151ss\u00e9gi K\u00f3rh\u00e1z\" \/>\n<meta property=\"og:description\" content=\"[vc_row][vc_column][vc_tta_tabs][vc_tta_section title=&#8221;K\u00e9relem&#8221; tab_id=&#8221;1758629358929-83654dcb-3a12&#8243;][vc_column_text] &#8212;&#8211; Let\u00f6lt\u00e9s[\/vc_column_text][\/vc_tta_section][vc_tta_section title=&#8221;Panaszok&#8221; tab_id=&#8221;1758629358942-291749d7-61b7&#8243;][vc_column_text] &#8212;&#8211; Let\u00f6lt\u00e9s[\/vc_column_text][\/vc_tta_section][\/vc_tta_tabs][\/vc_column][\/vc_row]\" \/>\n<meta property=\"og:url\" content=\"https:\/\/spitalmciuc.ro\/hu\/kozerdeku-adatok-iranti-kerelem\/\" \/>\n<meta property=\"og:site_name\" content=\"Cs\u00edkszeredai Megyei S\u00fcrg\u0151ss\u00e9gi K\u00f3rh\u00e1z\" \/>\n<meta property=\"article:modified_time\" content=\"2025-09-23T12:37:58+00:00\" \/>\n<meta name=\"twitter:card\" content=\"summary_large_image\" \/>\n<meta name=\"twitter:label1\" content=\"Becs\u00fclt olvas\u00e1si id\u0151\" \/>\n\t<meta name=\"twitter:data1\" content=\"1 perc\" \/>\n<script type=\"application\/ld+json\" class=\"yoast-schema-graph\">{\"@context\":\"https:\/\/schema.org\",\"@graph\":[{\"@type\":\"Organization\",\"@id\":\"https:\/\/spitalmciuc.ro\/#organization\",\"name\":\"Spitalul Jude\u0163ean de Urgen\u0163\u0103 Miercurea Ciuc\",\"url\":\"https:\/\/spitalmciuc.ro\/\",\"sameAs\":[],\"logo\":{\"@type\":\"ImageObject\",\"@id\":\"https:\/\/spitalmciuc.ro\/#logo\",\"inLanguage\":\"hu\",\"url\":\"https:\/\/spitalmciuc.ro\/wp-content\/uploads\/2022\/02\/logo-spital-ro-60.jpg\",\"contentUrl\":\"https:\/\/spitalmciuc.ro\/wp-content\/uploads\/2022\/02\/logo-spital-ro-60.jpg\",\"width\":198,\"height\":60,\"caption\":\"Spitalul Jude\u0163ean de Urgen\u0163\u0103 Miercurea Ciuc\"},\"image\":{\"@id\":\"https:\/\/spitalmciuc.ro\/#logo\"}},{\"@type\":\"WebSite\",\"@id\":\"https:\/\/spitalmciuc.ro\/#website\",\"url\":\"https:\/\/spitalmciuc.ro\/\",\"name\":\"Cs\u00edkszeredai Megyei S\u00fcrg\u0151ss\u00e9gi K\u00f3rh\u00e1z\",\"description\":\"\",\"publisher\":{\"@id\":\"https:\/\/spitalmciuc.ro\/#organization\"},\"potentialAction\":[{\"@type\":\"SearchAction\",\"target\":{\"@type\":\"EntryPoint\",\"urlTemplate\":\"https:\/\/spitalmciuc.ro\/?s={search_term_string}\"},\"query-input\":\"required name=search_term_string\"}],\"inLanguage\":\"hu\"},{\"@type\":\"WebPage\",\"@id\":\"https:\/\/spitalmciuc.ro\/hu\/kozerdeku-adatok-iranti-kerelem\/#webpage\",\"url\":\"https:\/\/spitalmciuc.ro\/hu\/kozerdeku-adatok-iranti-kerelem\/\",\"name\":\"K\u00f6z\u00e9rdek\u0171 adatok ir\u00e1nti k\u00e9relem - Cs\u00edkszeredai Megyei S\u00fcrg\u0151ss\u00e9gi K\u00f3rh\u00e1z\",\"isPartOf\":{\"@id\":\"https:\/\/spitalmciuc.ro\/#website\"},\"datePublished\":\"2025-09-19T10:09:30+00:00\",\"dateModified\":\"2025-09-23T12:37:58+00:00\",\"breadcrumb\":{\"@id\":\"https:\/\/spitalmciuc.ro\/hu\/kozerdeku-adatok-iranti-kerelem\/#breadcrumb\"},\"inLanguage\":\"hu\",\"potentialAction\":[{\"@type\":\"ReadAction\",\"target\":[\"https:\/\/spitalmciuc.ro\/hu\/kozerdeku-adatok-iranti-kerelem\/\"]}]},{\"@type\":\"BreadcrumbList\",\"@id\":\"https:\/\/spitalmciuc.ro\/hu\/kozerdeku-adatok-iranti-kerelem\/#breadcrumb\",\"itemListElement\":[{\"@type\":\"ListItem\",\"position\":1,\"name\":\"Kezd\u0151lap\",\"item\":\"https:\/\/spitalmciuc.ro\/hu\/\"},{\"@type\":\"ListItem\",\"position\":2,\"name\":\"K\u00f6z\u00e9rdek\u0171 adatok ir\u00e1nti k\u00e9relem\"}]}]}<\/script>\n<!-- \/ Yoast SEO plugin. -->","yoast_head_json":{"title":"K\u00f6z\u00e9rdek\u0171 adatok ir\u00e1nti k\u00e9relem - Cs\u00edkszeredai Megyei S\u00fcrg\u0151ss\u00e9gi K\u00f3rh\u00e1z","robots":{"index":"index","follow":"follow","max-snippet":"max-snippet:-1","max-image-preview":"max-image-preview:large","max-video-preview":"max-video-preview:-1"},"canonical":"https:\/\/spitalmciuc.ro\/hu\/kozerdeku-adatok-iranti-kerelem\/","og_locale":"hu_HU","og_type":"article","og_title":"K\u00f6z\u00e9rdek\u0171 adatok ir\u00e1nti k\u00e9relem - Cs\u00edkszeredai Megyei S\u00fcrg\u0151ss\u00e9gi K\u00f3rh\u00e1z","og_description":"[vc_row][vc_column][vc_tta_tabs][vc_tta_section title=&#8221;K\u00e9relem&#8221; tab_id=&#8221;1758629358929-83654dcb-3a12&#8243;][vc_column_text] &#8212;&#8211; Let\u00f6lt\u00e9s[\/vc_column_text][\/vc_tta_section][vc_tta_section title=&#8221;Panaszok&#8221; tab_id=&#8221;1758629358942-291749d7-61b7&#8243;][vc_column_text] &#8212;&#8211; Let\u00f6lt\u00e9s[\/vc_column_text][\/vc_tta_section][\/vc_tta_tabs][\/vc_column][\/vc_row]","og_url":"https:\/\/spitalmciuc.ro\/hu\/kozerdeku-adatok-iranti-kerelem\/","og_site_name":"Cs\u00edkszeredai Megyei S\u00fcrg\u0151ss\u00e9gi K\u00f3rh\u00e1z","article_modified_time":"2025-09-23T12:37:58+00:00","twitter_card":"summary_large_image","twitter_misc":{"Becs\u00fclt olvas\u00e1si id\u0151":"1 perc"},"schema":{"@context":"https:\/\/schema.org","@graph":[{"@type":"Organization","@id":"https:\/\/spitalmciuc.ro\/#organization","name":"Spitalul Jude\u0163ean de Urgen\u0163\u0103 Miercurea Ciuc","url":"https:\/\/spitalmciuc.ro\/","sameAs":[],"logo":{"@type":"ImageObject","@id":"https:\/\/spitalmciuc.ro\/#logo","inLanguage":"hu","url":"https:\/\/spitalmciuc.ro\/wp-content\/uploads\/2022\/02\/logo-spital-ro-60.jpg","contentUrl":"https:\/\/spitalmciuc.ro\/wp-content\/uploads\/2022\/02\/logo-spital-ro-60.jpg","width":198,"height":60,"caption":"Spitalul Jude\u0163ean de Urgen\u0163\u0103 Miercurea Ciuc"},"image":{"@id":"https:\/\/spitalmciuc.ro\/#logo"}},{"@type":"WebSite","@id":"https:\/\/spitalmciuc.ro\/#website","url":"https:\/\/spitalmciuc.ro\/","name":"Cs\u00edkszeredai Megyei S\u00fcrg\u0151ss\u00e9gi K\u00f3rh\u00e1z","description":"","publisher":{"@id":"https:\/\/spitalmciuc.ro\/#organization"},"potentialAction":[{"@type":"SearchAction","target":{"@type":"EntryPoint","urlTemplate":"https:\/\/spitalmciuc.ro\/?s={search_term_string}"},"query-input":"required name=search_term_string"}],"inLanguage":"hu"},{"@type":"WebPage","@id":"https:\/\/spitalmciuc.ro\/hu\/kozerdeku-adatok-iranti-kerelem\/#webpage","url":"https:\/\/spitalmciuc.ro\/hu\/kozerdeku-adatok-iranti-kerelem\/","name":"K\u00f6z\u00e9rdek\u0171 adatok ir\u00e1nti k\u00e9relem - Cs\u00edkszeredai Megyei S\u00fcrg\u0151ss\u00e9gi K\u00f3rh\u00e1z","isPartOf":{"@id":"https:\/\/spitalmciuc.ro\/#website"},"datePublished":"2025-09-19T10:09:30+00:00","dateModified":"2025-09-23T12:37:58+00:00","breadcrumb":{"@id":"https:\/\/spitalmciuc.ro\/hu\/kozerdeku-adatok-iranti-kerelem\/#breadcrumb"},"inLanguage":"hu","potentialAction":[{"@type":"ReadAction","target":["https:\/\/spitalmciuc.ro\/hu\/kozerdeku-adatok-iranti-kerelem\/"]}]},{"@type":"BreadcrumbList","@id":"https:\/\/spitalmciuc.ro\/hu\/kozerdeku-adatok-iranti-kerelem\/#breadcrumb","itemListElement":[{"@type":"ListItem","position":1,"name":"Kezd\u0151lap","item":"https:\/\/spitalmciuc.ro\/hu\/"},{"@type":"ListItem","position":2,"name":"K\u00f6z\u00e9rdek\u0171 adatok ir\u00e1nti k\u00e9relem"}]}]}},"_links":{"self":[{"href":"https:\/\/spitalmciuc.ro\/hu\/wp-json\/wp\/v2\/pages\/17876"}],"collection":[{"href":"https:\/\/spitalmciuc.ro\/hu\/wp-json\/wp\/v2\/pages"}],"about":[{"href":"https:\/\/spitalmciuc.ro\/hu\/wp-json\/wp\/v2\/types\/page"}],"author":[{"embeddable":true,"href":"https:\/\/spitalmciuc.ro\/hu\/wp-json\/wp\/v2\/users\/11"}],"replies":[{"embeddable":true,"href":"https:\/\/spitalmciuc.ro\/hu\/wp-json\/wp\/v2\/comments?post=17876"}],"version-history":[{"count":6,"href":"https:\/\/spitalmciuc.ro\/hu\/wp-json\/wp\/v2\/pages\/17876\/revisions"}],"predecessor-version":[{"id":17914,"href":"https:\/\/spitalmciuc.ro\/hu\/wp-json\/wp\/v2\/pages\/17876\/revisions\/17914"}],"wp:attachment":[{"href":"https:\/\/spitalmciuc.ro\/hu\/wp-json\/wp\/v2\/media?parent=17876"}],"curies":[{"name":"wp","href":"https:\/\/api.w.org\/{rel}","templated":true}]}}