{"id":17512,"date":"2025-08-08T09:37:15","date_gmt":"2025-08-08T06:37:15","guid":{"rendered":"https:\/\/spitalmciuc.ro\/?page_id=17512"},"modified":"2025-10-06T13:22:45","modified_gmt":"2025-10-06T10:22:45","slug":"kozerdeku-informaciok-listaja","status":"publish","type":"page","link":"https:\/\/spitalmciuc.ro\/hu\/kozerdeku-informaciok-listaja\/","title":{"rendered":"K\u00f6z\u00e9rdek\u0171 dokumentumok list\u00e1ja"},"content":{"rendered":"<ul>\n<li><span lang=\"EN-GB\">a Cs\u00edkszeredai Megyei S\u00fcrg\u0151ss\u00e9gi K\u00f3rh\u00e1z szervez\u00e9s\u00e9t \u00e9s m\u0171k\u00f6d\u00e9s\u00e9t szab\u00e1lyoz\u00f3 jogszab\u00e1lyok;<\/span><\/li>\n<li><span lang=\"EN-GB\">a k\u00f3rh\u00e1z szervezeti fel\u00e9p\u00edt\u00e9se, az oszt\u00e1lyok\/r\u00e9szlegek, szolg\u00e1latok, irod\u00e1k feladatai, m\u0171k\u00f6d\u00e9si rendje, valamint a vezet\u0151s\u00e9gi fogad\u00f3\u00f3r\u00e1k id\u0151pontjai;<\/span><\/li>\n<li><span lang=\"EN-GB\">a Cs\u00edkszeredai Megyei S\u00fcrg\u0151ss\u00e9gi K\u00f3rh\u00e1z vezet\u00e9s\u00e9ben szerepl\u0151 szem\u00e9lyek neve \u00e9s beoszt\u00e1sa, valamint a k\u00f6z\u00e9rdek\u0171 inform\u00e1ci\u00f3k terjeszt\u00e9s\u00e9\u00e9rt felel\u0151s oszt\u00e1ly megnevez\u00e9se;<\/span><\/li>\n<li><span lang=\"EN-GB\">a k\u00f3rh\u00e1z el\u00e9rhet\u0151s\u00e9gei: megnevez\u00e9se, sz\u00e9khelye, telefonsz\u00e1mai, e-mail c\u00edmei, valamint hivatalos weboldal\u00e1nak c\u00edme;<\/span><\/li>\n<li><span lang=\"EN-GB\">p\u00e9nz\u00fcgyi forr\u00e1sok, k\u00f6lts\u00e9gvet\u00e9s \u00e9s sz\u00e1mviteli m\u00e9rleg;<\/span><\/li>\n<li><span lang=\"EN-GB\">saj\u00e1t programok \u00e9s strat\u00e9gi\u00e1k;<\/span><\/li>\n<li><span lang=\"EN-GB\">a jogszab\u00e1lyoknak megfelel\u0151en el\u0151\u00e1ll\u00edtott \u00e9s\/vagy kezelt dokumentumt\u00edpusok list\u00e1ja;<\/span><\/li>\n<li><span lang=\"EN-GB\">A d\u00f6nt\u00e9sek elleni jogorvoslati lehet\u0151s\u00e9gek abban az esetben, ha a k\u00e9relmez\u0151 \u00fagy v\u00e9li, s\u00e9r\u00fclt a k\u00f6z\u00e9rdek\u0171 inform\u00e1ci\u00f3khoz val\u00f3 hozz\u00e1f\u00e9r\u00e9shez f\u0171z\u0151d\u0151 joga.<\/span><\/li>\n<\/ul>\n","protected":false},"excerpt":{"rendered":"<p>a Cs\u00edkszeredai Megyei S\u00fcrg\u0151ss\u00e9gi K\u00f3rh\u00e1z szervez\u00e9s\u00e9t \u00e9s m\u0171k\u00f6d\u00e9s\u00e9t szab\u00e1lyoz\u00f3 jogszab\u00e1lyok; a k\u00f3rh\u00e1z szervezeti fel\u00e9p\u00edt\u00e9se, az oszt\u00e1lyok\/r\u00e9szlegek, szolg\u00e1latok, irod\u00e1k feladatai, m\u0171k\u00f6d\u00e9si rendje, valamint a vezet\u0151s\u00e9gi fogad\u00f3\u00f3r\u00e1k id\u0151pontjai; a Cs\u00edkszeredai Megyei S\u00fcrg\u0151ss\u00e9gi K\u00f3rh\u00e1z vezet\u00e9s\u00e9ben szerepl\u0151 szem\u00e9lyek neve \u00e9s beoszt\u00e1sa, valamint a k\u00f6z\u00e9rdek\u0171 inform\u00e1ci\u00f3k terjeszt\u00e9s\u00e9\u00e9rt felel\u0151s oszt\u00e1ly megnevez\u00e9se; a k\u00f3rh\u00e1z el\u00e9rhet\u0151s\u00e9gei: megnevez\u00e9se, sz\u00e9khelye, telefonsz\u00e1mai, e-mail c\u00edmei, valamint hivatalos&hellip;<\/p>\n","protected":false},"author":11,"featured_media":0,"parent":0,"menu_order":0,"comment_status":"closed","ping_status":"closed","template":"","meta":[],"yoast_head":"<!-- This site is optimized with the Yoast SEO plugin v18.3 - https:\/\/yoast.com\/wordpress\/plugins\/seo\/ -->\n<title>K\u00f6z\u00e9rdek\u0171 dokumentumok list\u00e1ja - Cs\u00edkszeredai Megyei S\u00fcrg\u0151ss\u00e9gi K\u00f3rh\u00e1z<\/title>\n<meta name=\"robots\" content=\"index, follow, max-snippet:-1, max-image-preview:large, max-video-preview:-1\" \/>\n<link rel=\"canonical\" href=\"https:\/\/spitalmciuc.ro\/hu\/kozerdeku-informaciok-listaja\/\" \/>\n<meta property=\"og:locale\" content=\"hu_HU\" \/>\n<meta property=\"og:type\" content=\"article\" \/>\n<meta property=\"og:title\" content=\"K\u00f6z\u00e9rdek\u0171 dokumentumok list\u00e1ja - Cs\u00edkszeredai Megyei S\u00fcrg\u0151ss\u00e9gi K\u00f3rh\u00e1z\" \/>\n<meta property=\"og:description\" content=\"a Cs\u00edkszeredai Megyei S\u00fcrg\u0151ss\u00e9gi K\u00f3rh\u00e1z szervez\u00e9s\u00e9t \u00e9s m\u0171k\u00f6d\u00e9s\u00e9t szab\u00e1lyoz\u00f3 jogszab\u00e1lyok; a k\u00f3rh\u00e1z szervezeti fel\u00e9p\u00edt\u00e9se, az oszt\u00e1lyok\/r\u00e9szlegek, szolg\u00e1latok, irod\u00e1k feladatai, m\u0171k\u00f6d\u00e9si rendje, valamint a vezet\u0151s\u00e9gi fogad\u00f3\u00f3r\u00e1k id\u0151pontjai; a Cs\u00edkszeredai Megyei S\u00fcrg\u0151ss\u00e9gi K\u00f3rh\u00e1z vezet\u00e9s\u00e9ben szerepl\u0151 szem\u00e9lyek neve \u00e9s beoszt\u00e1sa, valamint a k\u00f6z\u00e9rdek\u0171 inform\u00e1ci\u00f3k terjeszt\u00e9s\u00e9\u00e9rt felel\u0151s oszt\u00e1ly megnevez\u00e9se; a k\u00f3rh\u00e1z el\u00e9rhet\u0151s\u00e9gei: megnevez\u00e9se, sz\u00e9khelye, telefonsz\u00e1mai, e-mail c\u00edmei, valamint hivatalos&hellip;\" \/>\n<meta property=\"og:url\" content=\"https:\/\/spitalmciuc.ro\/hu\/kozerdeku-informaciok-listaja\/\" \/>\n<meta property=\"og:site_name\" content=\"Cs\u00edkszeredai Megyei S\u00fcrg\u0151ss\u00e9gi K\u00f3rh\u00e1z\" \/>\n<meta property=\"article:modified_time\" content=\"2025-10-06T10:22:45+00:00\" \/>\n<meta name=\"twitter:card\" content=\"summary_large_image\" \/>\n<meta name=\"twitter:label1\" content=\"Becs\u00fclt olvas\u00e1si id\u0151\" \/>\n\t<meta name=\"twitter:data1\" content=\"1 perc\" \/>\n<script type=\"application\/ld+json\" class=\"yoast-schema-graph\">{\"@context\":\"https:\/\/schema.org\",\"@graph\":[{\"@type\":\"Organization\",\"@id\":\"https:\/\/spitalmciuc.ro\/#organization\",\"name\":\"Spitalul Jude\u0163ean de Urgen\u0163\u0103 Miercurea Ciuc\",\"url\":\"https:\/\/spitalmciuc.ro\/\",\"sameAs\":[],\"logo\":{\"@type\":\"ImageObject\",\"@id\":\"https:\/\/spitalmciuc.ro\/#logo\",\"inLanguage\":\"hu\",\"url\":\"https:\/\/spitalmciuc.ro\/wp-content\/uploads\/2022\/02\/logo-spital-ro-60.jpg\",\"contentUrl\":\"https:\/\/spitalmciuc.ro\/wp-content\/uploads\/2022\/02\/logo-spital-ro-60.jpg\",\"width\":198,\"height\":60,\"caption\":\"Spitalul Jude\u0163ean de Urgen\u0163\u0103 Miercurea Ciuc\"},\"image\":{\"@id\":\"https:\/\/spitalmciuc.ro\/#logo\"}},{\"@type\":\"WebSite\",\"@id\":\"https:\/\/spitalmciuc.ro\/#website\",\"url\":\"https:\/\/spitalmciuc.ro\/\",\"name\":\"Cs\u00edkszeredai Megyei S\u00fcrg\u0151ss\u00e9gi K\u00f3rh\u00e1z\",\"description\":\"\",\"publisher\":{\"@id\":\"https:\/\/spitalmciuc.ro\/#organization\"},\"potentialAction\":[{\"@type\":\"SearchAction\",\"target\":{\"@type\":\"EntryPoint\",\"urlTemplate\":\"https:\/\/spitalmciuc.ro\/?s={search_term_string}\"},\"query-input\":\"required name=search_term_string\"}],\"inLanguage\":\"hu\"},{\"@type\":\"WebPage\",\"@id\":\"https:\/\/spitalmciuc.ro\/hu\/kozerdeku-informaciok-listaja\/#webpage\",\"url\":\"https:\/\/spitalmciuc.ro\/hu\/kozerdeku-informaciok-listaja\/\",\"name\":\"K\u00f6z\u00e9rdek\u0171 dokumentumok list\u00e1ja - Cs\u00edkszeredai Megyei S\u00fcrg\u0151ss\u00e9gi K\u00f3rh\u00e1z\",\"isPartOf\":{\"@id\":\"https:\/\/spitalmciuc.ro\/#website\"},\"datePublished\":\"2025-08-08T06:37:15+00:00\",\"dateModified\":\"2025-10-06T10:22:45+00:00\",\"breadcrumb\":{\"@id\":\"https:\/\/spitalmciuc.ro\/hu\/kozerdeku-informaciok-listaja\/#breadcrumb\"},\"inLanguage\":\"hu\",\"potentialAction\":[{\"@type\":\"ReadAction\",\"target\":[\"https:\/\/spitalmciuc.ro\/hu\/kozerdeku-informaciok-listaja\/\"]}]},{\"@type\":\"BreadcrumbList\",\"@id\":\"https:\/\/spitalmciuc.ro\/hu\/kozerdeku-informaciok-listaja\/#breadcrumb\",\"itemListElement\":[{\"@type\":\"ListItem\",\"position\":1,\"name\":\"Kezd\u0151lap\",\"item\":\"https:\/\/spitalmciuc.ro\/hu\/\"},{\"@type\":\"ListItem\",\"position\":2,\"name\":\"K\u00f6z\u00e9rdek\u0171 dokumentumok list\u00e1ja\"}]}]}<\/script>\n<!-- \/ Yoast SEO plugin. -->","yoast_head_json":{"title":"K\u00f6z\u00e9rdek\u0171 dokumentumok list\u00e1ja - Cs\u00edkszeredai Megyei S\u00fcrg\u0151ss\u00e9gi K\u00f3rh\u00e1z","robots":{"index":"index","follow":"follow","max-snippet":"max-snippet:-1","max-image-preview":"max-image-preview:large","max-video-preview":"max-video-preview:-1"},"canonical":"https:\/\/spitalmciuc.ro\/hu\/kozerdeku-informaciok-listaja\/","og_locale":"hu_HU","og_type":"article","og_title":"K\u00f6z\u00e9rdek\u0171 dokumentumok list\u00e1ja - Cs\u00edkszeredai Megyei S\u00fcrg\u0151ss\u00e9gi K\u00f3rh\u00e1z","og_description":"a Cs\u00edkszeredai Megyei S\u00fcrg\u0151ss\u00e9gi K\u00f3rh\u00e1z szervez\u00e9s\u00e9t \u00e9s m\u0171k\u00f6d\u00e9s\u00e9t szab\u00e1lyoz\u00f3 jogszab\u00e1lyok; a k\u00f3rh\u00e1z szervezeti fel\u00e9p\u00edt\u00e9se, az oszt\u00e1lyok\/r\u00e9szlegek, szolg\u00e1latok, irod\u00e1k feladatai, m\u0171k\u00f6d\u00e9si rendje, valamint a vezet\u0151s\u00e9gi fogad\u00f3\u00f3r\u00e1k id\u0151pontjai; a Cs\u00edkszeredai Megyei S\u00fcrg\u0151ss\u00e9gi K\u00f3rh\u00e1z vezet\u00e9s\u00e9ben szerepl\u0151 szem\u00e9lyek neve \u00e9s beoszt\u00e1sa, valamint a k\u00f6z\u00e9rdek\u0171 inform\u00e1ci\u00f3k terjeszt\u00e9s\u00e9\u00e9rt felel\u0151s oszt\u00e1ly megnevez\u00e9se; a k\u00f3rh\u00e1z el\u00e9rhet\u0151s\u00e9gei: megnevez\u00e9se, sz\u00e9khelye, telefonsz\u00e1mai, e-mail c\u00edmei, valamint hivatalos&hellip;","og_url":"https:\/\/spitalmciuc.ro\/hu\/kozerdeku-informaciok-listaja\/","og_site_name":"Cs\u00edkszeredai Megyei S\u00fcrg\u0151ss\u00e9gi K\u00f3rh\u00e1z","article_modified_time":"2025-10-06T10:22:45+00:00","twitter_card":"summary_large_image","twitter_misc":{"Becs\u00fclt olvas\u00e1si id\u0151":"1 perc"},"schema":{"@context":"https:\/\/schema.org","@graph":[{"@type":"Organization","@id":"https:\/\/spitalmciuc.ro\/#organization","name":"Spitalul Jude\u0163ean de Urgen\u0163\u0103 Miercurea Ciuc","url":"https:\/\/spitalmciuc.ro\/","sameAs":[],"logo":{"@type":"ImageObject","@id":"https:\/\/spitalmciuc.ro\/#logo","inLanguage":"hu","url":"https:\/\/spitalmciuc.ro\/wp-content\/uploads\/2022\/02\/logo-spital-ro-60.jpg","contentUrl":"https:\/\/spitalmciuc.ro\/wp-content\/uploads\/2022\/02\/logo-spital-ro-60.jpg","width":198,"height":60,"caption":"Spitalul Jude\u0163ean de Urgen\u0163\u0103 Miercurea Ciuc"},"image":{"@id":"https:\/\/spitalmciuc.ro\/#logo"}},{"@type":"WebSite","@id":"https:\/\/spitalmciuc.ro\/#website","url":"https:\/\/spitalmciuc.ro\/","name":"Cs\u00edkszeredai Megyei S\u00fcrg\u0151ss\u00e9gi K\u00f3rh\u00e1z","description":"","publisher":{"@id":"https:\/\/spitalmciuc.ro\/#organization"},"potentialAction":[{"@type":"SearchAction","target":{"@type":"EntryPoint","urlTemplate":"https:\/\/spitalmciuc.ro\/?s={search_term_string}"},"query-input":"required name=search_term_string"}],"inLanguage":"hu"},{"@type":"WebPage","@id":"https:\/\/spitalmciuc.ro\/hu\/kozerdeku-informaciok-listaja\/#webpage","url":"https:\/\/spitalmciuc.ro\/hu\/kozerdeku-informaciok-listaja\/","name":"K\u00f6z\u00e9rdek\u0171 dokumentumok list\u00e1ja - Cs\u00edkszeredai Megyei S\u00fcrg\u0151ss\u00e9gi K\u00f3rh\u00e1z","isPartOf":{"@id":"https:\/\/spitalmciuc.ro\/#website"},"datePublished":"2025-08-08T06:37:15+00:00","dateModified":"2025-10-06T10:22:45+00:00","breadcrumb":{"@id":"https:\/\/spitalmciuc.ro\/hu\/kozerdeku-informaciok-listaja\/#breadcrumb"},"inLanguage":"hu","potentialAction":[{"@type":"ReadAction","target":["https:\/\/spitalmciuc.ro\/hu\/kozerdeku-informaciok-listaja\/"]}]},{"@type":"BreadcrumbList","@id":"https:\/\/spitalmciuc.ro\/hu\/kozerdeku-informaciok-listaja\/#breadcrumb","itemListElement":[{"@type":"ListItem","position":1,"name":"Kezd\u0151lap","item":"https:\/\/spitalmciuc.ro\/hu\/"},{"@type":"ListItem","position":2,"name":"K\u00f6z\u00e9rdek\u0171 dokumentumok list\u00e1ja"}]}]}},"_links":{"self":[{"href":"https:\/\/spitalmciuc.ro\/hu\/wp-json\/wp\/v2\/pages\/17512"}],"collection":[{"href":"https:\/\/spitalmciuc.ro\/hu\/wp-json\/wp\/v2\/pages"}],"about":[{"href":"https:\/\/spitalmciuc.ro\/hu\/wp-json\/wp\/v2\/types\/page"}],"author":[{"embeddable":true,"href":"https:\/\/spitalmciuc.ro\/hu\/wp-json\/wp\/v2\/users\/11"}],"replies":[{"embeddable":true,"href":"https:\/\/spitalmciuc.ro\/hu\/wp-json\/wp\/v2\/comments?post=17512"}],"version-history":[{"count":4,"href":"https:\/\/spitalmciuc.ro\/hu\/wp-json\/wp\/v2\/pages\/17512\/revisions"}],"predecessor-version":[{"id":18022,"href":"https:\/\/spitalmciuc.ro\/hu\/wp-json\/wp\/v2\/pages\/17512\/revisions\/18022"}],"wp:attachment":[{"href":"https:\/\/spitalmciuc.ro\/hu\/wp-json\/wp\/v2\/media?parent=17512"}],"curies":[{"name":"wp","href":"https:\/\/api.w.org\/{rel}","templated":true}]}}