{"id":12538,"date":"2024-04-29T00:00:50","date_gmt":"2024-04-28T21:00:50","guid":{"rendered":"https:\/\/spitalmciuc.ro\/?page_id=12538"},"modified":"2024-12-04T14:22:23","modified_gmt":"2024-12-04T11:22:23","slug":"ugyeletes-orvosok-listaja-2024","status":"publish","type":"page","link":"https:\/\/spitalmciuc.ro\/hu\/ugyeletes-orvosok-listaja-2024\/","title":{"rendered":"\u00dcgyeletes orvosok list\u00e1ja 2024"},"content":{"rendered":"<a href=\"https:\/\/spitalmciuc.ro\/wp-content\/uploads\/2024\/12\/Lista-de-garda-decembrie-2024.pdf\" class=\"pdfemb-viewer\" style=\"\" data-width=\"max\" data-height=\"max\"  data-toolbar=\"bottom\" data-toolbar-fixed=\"off\">Lista-de-garda-decembrie-2024<br\/><\/a>\n<p>&#8212;&#8211;<br \/>\n<a href=\"https:\/\/spitalmciuc.ro\/wp-content\/uploads\/2024\/12\/Lista-de-garda-decembrie-2024.pdf\" target=\"_blank\" rel=\"noopener\">December<\/a><br \/>\n&#8212;&#8211;<br \/>\n<a href=\"https:\/\/spitalmciuc.ro\/wp-content\/uploads\/2024\/10\/Lista-de-garda-noiembrie-2024-1.pdf\" target=\"_blank\" rel=\"noopener\">November<\/a><\/p>\n<p><a href=\"https:\/\/spitalmciuc.ro\/wp-content\/uploads\/2024\/10\/Lista-de-garda-octombrie-2024.pdf\" target=\"_blank\" rel=\"noopener\">Okt\u00f3ber<\/a><\/p>\n<p><a href=\"https:\/\/spitalmciuc.ro\/wp-content\/uploads\/2024\/09\/Lista-de-garda-septembrie-2024.pdf\" target=\"_blank\" rel=\"noopener\">Szeptember<\/a><\/p>\n<p><a href=\"https:\/\/spitalmciuc.ro\/wp-content\/uploads\/2024\/08\/Lista-de-garda-august-2024-1.pdf\" target=\"_blank\" rel=\"noopener\">Agusztus<\/a><\/p>\n<p><a href=\"https:\/\/spitalmciuc.ro\/wp-content\/uploads\/2024\/07\/Garda-IULIE.pdf\" target=\"_blank\" rel=\"noopener\">J\u00falius<\/a><\/p>\n<p><a href=\"https:\/\/spitalmciuc.ro\/wp-content\/uploads\/2024\/06\/Lista-de-garda-iunie-2024.pdf\" target=\"_blank\" rel=\"noopener\">J\u00fanius<\/a><\/p>\n<p><a href=\"https:\/\/spitalmciuc.ro\/wp-content\/uploads\/2024\/05\/Lista-de-garda-mai-2024-1.pdf\" target=\"_blank\" rel=\"noopener\">M\u00e1jus<\/a><\/p>\n<p><a href=\"https:\/\/spitalmciuc.ro\/wp-content\/uploads\/2024\/04\/Lista-de-garda-aprilie-2024.pdf\" target=\"_blank\" rel=\"noopener\">\u00c1prilis<\/a><\/p>\n<p><a href=\"https:\/\/spitalmciuc.ro\/wp-content\/uploads\/2024\/03\/Lista-de-garda-martie-2024-1.pdf\" target=\"_blank\" rel=\"noopener\">M\u00e1rcius<\/a><\/p>\n<p><a href=\"https:\/\/spitalmciuc.ro\/wp-content\/uploads\/2024\/01\/Lista-de-garda-februarie-2024.pdf\" target=\"_blank\" rel=\"noopener\">Febru\u00e1r<\/a><\/p>\n<p><a href=\"https:\/\/spitalmciuc.ro\/wp-content\/uploads\/2024\/01\/Lista-de-garda-ianuarie-2024.pdf\" target=\"_blank\" rel=\"noopener\">Janu\u00e1r<\/a><\/p>\n","protected":false},"excerpt":{"rendered":"<p>&#8212;&#8211; December &#8212;&#8211; November Okt\u00f3ber Szeptember Agusztus J\u00falius J\u00fanius M\u00e1jus \u00c1prilis M\u00e1rcius Febru\u00e1r Janu\u00e1r<\/p>\n","protected":false},"author":11,"featured_media":0,"parent":0,"menu_order":0,"comment_status":"closed","ping_status":"closed","template":"","meta":[],"yoast_head":"<!-- This site is optimized with the Yoast SEO plugin v18.3 - https:\/\/yoast.com\/wordpress\/plugins\/seo\/ -->\n<title>\u00dcgyeletes orvosok list\u00e1ja 2024 - Cs\u00edkszeredai Megyei S\u00fcrg\u0151ss\u00e9gi K\u00f3rh\u00e1z<\/title>\n<meta name=\"robots\" content=\"index, follow, max-snippet:-1, max-image-preview:large, max-video-preview:-1\" \/>\n<link rel=\"canonical\" href=\"https:\/\/spitalmciuc.ro\/hu\/ugyeletes-orvosok-listaja-2024\/\" \/>\n<meta property=\"og:locale\" content=\"hu_HU\" \/>\n<meta property=\"og:type\" content=\"article\" \/>\n<meta property=\"og:title\" content=\"\u00dcgyeletes orvosok list\u00e1ja 2024 - Cs\u00edkszeredai Megyei S\u00fcrg\u0151ss\u00e9gi K\u00f3rh\u00e1z\" \/>\n<meta property=\"og:description\" content=\"&#8212;&#8211; December &#8212;&#8211; November Okt\u00f3ber Szeptember Agusztus J\u00falius J\u00fanius M\u00e1jus \u00c1prilis M\u00e1rcius Febru\u00e1r Janu\u00e1r\" \/>\n<meta property=\"og:url\" content=\"https:\/\/spitalmciuc.ro\/hu\/ugyeletes-orvosok-listaja-2024\/\" \/>\n<meta property=\"og:site_name\" content=\"Cs\u00edkszeredai Megyei S\u00fcrg\u0151ss\u00e9gi K\u00f3rh\u00e1z\" \/>\n<meta property=\"article:modified_time\" content=\"2024-12-04T11:22:23+00:00\" \/>\n<meta name=\"twitter:card\" content=\"summary_large_image\" \/>\n<meta name=\"twitter:label1\" content=\"Becs\u00fclt olvas\u00e1si id\u0151\" \/>\n\t<meta name=\"twitter:data1\" content=\"1 perc\" \/>\n<script type=\"application\/ld+json\" class=\"yoast-schema-graph\">{\"@context\":\"https:\/\/schema.org\",\"@graph\":[{\"@type\":\"Organization\",\"@id\":\"https:\/\/spitalmciuc.ro\/#organization\",\"name\":\"Spitalul Jude\u0163ean de Urgen\u0163\u0103 Miercurea Ciuc\",\"url\":\"https:\/\/spitalmciuc.ro\/\",\"sameAs\":[],\"logo\":{\"@type\":\"ImageObject\",\"@id\":\"https:\/\/spitalmciuc.ro\/#logo\",\"inLanguage\":\"hu\",\"url\":\"https:\/\/spitalmciuc.ro\/wp-content\/uploads\/2022\/02\/logo-spital-ro-60.jpg\",\"contentUrl\":\"https:\/\/spitalmciuc.ro\/wp-content\/uploads\/2022\/02\/logo-spital-ro-60.jpg\",\"width\":198,\"height\":60,\"caption\":\"Spitalul Jude\u0163ean de Urgen\u0163\u0103 Miercurea Ciuc\"},\"image\":{\"@id\":\"https:\/\/spitalmciuc.ro\/#logo\"}},{\"@type\":\"WebSite\",\"@id\":\"https:\/\/spitalmciuc.ro\/#website\",\"url\":\"https:\/\/spitalmciuc.ro\/\",\"name\":\"Cs\u00edkszeredai Megyei S\u00fcrg\u0151ss\u00e9gi K\u00f3rh\u00e1z\",\"description\":\"\",\"publisher\":{\"@id\":\"https:\/\/spitalmciuc.ro\/#organization\"},\"potentialAction\":[{\"@type\":\"SearchAction\",\"target\":{\"@type\":\"EntryPoint\",\"urlTemplate\":\"https:\/\/spitalmciuc.ro\/?s={search_term_string}\"},\"query-input\":\"required name=search_term_string\"}],\"inLanguage\":\"hu\"},{\"@type\":\"WebPage\",\"@id\":\"https:\/\/spitalmciuc.ro\/hu\/ugyeletes-orvosok-listaja-2024\/#webpage\",\"url\":\"https:\/\/spitalmciuc.ro\/hu\/ugyeletes-orvosok-listaja-2024\/\",\"name\":\"\u00dcgyeletes orvosok list\u00e1ja 2024 - Cs\u00edkszeredai Megyei S\u00fcrg\u0151ss\u00e9gi K\u00f3rh\u00e1z\",\"isPartOf\":{\"@id\":\"https:\/\/spitalmciuc.ro\/#website\"},\"datePublished\":\"2024-04-28T21:00:50+00:00\",\"dateModified\":\"2024-12-04T11:22:23+00:00\",\"breadcrumb\":{\"@id\":\"https:\/\/spitalmciuc.ro\/hu\/ugyeletes-orvosok-listaja-2024\/#breadcrumb\"},\"inLanguage\":\"hu\",\"potentialAction\":[{\"@type\":\"ReadAction\",\"target\":[\"https:\/\/spitalmciuc.ro\/hu\/ugyeletes-orvosok-listaja-2024\/\"]}]},{\"@type\":\"BreadcrumbList\",\"@id\":\"https:\/\/spitalmciuc.ro\/hu\/ugyeletes-orvosok-listaja-2024\/#breadcrumb\",\"itemListElement\":[{\"@type\":\"ListItem\",\"position\":1,\"name\":\"Kezd\u0151lap\",\"item\":\"https:\/\/spitalmciuc.ro\/hu\/\"},{\"@type\":\"ListItem\",\"position\":2,\"name\":\"\u00dcgyeletes orvosok list\u00e1ja 2024\"}]}]}<\/script>\n<!-- \/ Yoast SEO plugin. -->","yoast_head_json":{"title":"\u00dcgyeletes orvosok list\u00e1ja 2024 - Cs\u00edkszeredai Megyei S\u00fcrg\u0151ss\u00e9gi K\u00f3rh\u00e1z","robots":{"index":"index","follow":"follow","max-snippet":"max-snippet:-1","max-image-preview":"max-image-preview:large","max-video-preview":"max-video-preview:-1"},"canonical":"https:\/\/spitalmciuc.ro\/hu\/ugyeletes-orvosok-listaja-2024\/","og_locale":"hu_HU","og_type":"article","og_title":"\u00dcgyeletes orvosok list\u00e1ja 2024 - Cs\u00edkszeredai Megyei S\u00fcrg\u0151ss\u00e9gi K\u00f3rh\u00e1z","og_description":"&#8212;&#8211; December &#8212;&#8211; November Okt\u00f3ber Szeptember Agusztus J\u00falius J\u00fanius M\u00e1jus \u00c1prilis M\u00e1rcius Febru\u00e1r Janu\u00e1r","og_url":"https:\/\/spitalmciuc.ro\/hu\/ugyeletes-orvosok-listaja-2024\/","og_site_name":"Cs\u00edkszeredai Megyei S\u00fcrg\u0151ss\u00e9gi K\u00f3rh\u00e1z","article_modified_time":"2024-12-04T11:22:23+00:00","twitter_card":"summary_large_image","twitter_misc":{"Becs\u00fclt olvas\u00e1si id\u0151":"1 perc"},"schema":{"@context":"https:\/\/schema.org","@graph":[{"@type":"Organization","@id":"https:\/\/spitalmciuc.ro\/#organization","name":"Spitalul Jude\u0163ean de Urgen\u0163\u0103 Miercurea Ciuc","url":"https:\/\/spitalmciuc.ro\/","sameAs":[],"logo":{"@type":"ImageObject","@id":"https:\/\/spitalmciuc.ro\/#logo","inLanguage":"hu","url":"https:\/\/spitalmciuc.ro\/wp-content\/uploads\/2022\/02\/logo-spital-ro-60.jpg","contentUrl":"https:\/\/spitalmciuc.ro\/wp-content\/uploads\/2022\/02\/logo-spital-ro-60.jpg","width":198,"height":60,"caption":"Spitalul Jude\u0163ean de Urgen\u0163\u0103 Miercurea Ciuc"},"image":{"@id":"https:\/\/spitalmciuc.ro\/#logo"}},{"@type":"WebSite","@id":"https:\/\/spitalmciuc.ro\/#website","url":"https:\/\/spitalmciuc.ro\/","name":"Cs\u00edkszeredai Megyei S\u00fcrg\u0151ss\u00e9gi K\u00f3rh\u00e1z","description":"","publisher":{"@id":"https:\/\/spitalmciuc.ro\/#organization"},"potentialAction":[{"@type":"SearchAction","target":{"@type":"EntryPoint","urlTemplate":"https:\/\/spitalmciuc.ro\/?s={search_term_string}"},"query-input":"required name=search_term_string"}],"inLanguage":"hu"},{"@type":"WebPage","@id":"https:\/\/spitalmciuc.ro\/hu\/ugyeletes-orvosok-listaja-2024\/#webpage","url":"https:\/\/spitalmciuc.ro\/hu\/ugyeletes-orvosok-listaja-2024\/","name":"\u00dcgyeletes orvosok list\u00e1ja 2024 - Cs\u00edkszeredai Megyei S\u00fcrg\u0151ss\u00e9gi K\u00f3rh\u00e1z","isPartOf":{"@id":"https:\/\/spitalmciuc.ro\/#website"},"datePublished":"2024-04-28T21:00:50+00:00","dateModified":"2024-12-04T11:22:23+00:00","breadcrumb":{"@id":"https:\/\/spitalmciuc.ro\/hu\/ugyeletes-orvosok-listaja-2024\/#breadcrumb"},"inLanguage":"hu","potentialAction":[{"@type":"ReadAction","target":["https:\/\/spitalmciuc.ro\/hu\/ugyeletes-orvosok-listaja-2024\/"]}]},{"@type":"BreadcrumbList","@id":"https:\/\/spitalmciuc.ro\/hu\/ugyeletes-orvosok-listaja-2024\/#breadcrumb","itemListElement":[{"@type":"ListItem","position":1,"name":"Kezd\u0151lap","item":"https:\/\/spitalmciuc.ro\/hu\/"},{"@type":"ListItem","position":2,"name":"\u00dcgyeletes orvosok list\u00e1ja 2024"}]}]}},"_links":{"self":[{"href":"https:\/\/spitalmciuc.ro\/hu\/wp-json\/wp\/v2\/pages\/12538"}],"collection":[{"href":"https:\/\/spitalmciuc.ro\/hu\/wp-json\/wp\/v2\/pages"}],"about":[{"href":"https:\/\/spitalmciuc.ro\/hu\/wp-json\/wp\/v2\/types\/page"}],"author":[{"embeddable":true,"href":"https:\/\/spitalmciuc.ro\/hu\/wp-json\/wp\/v2\/users\/11"}],"replies":[{"embeddable":true,"href":"https:\/\/spitalmciuc.ro\/hu\/wp-json\/wp\/v2\/comments?post=12538"}],"version-history":[{"count":29,"href":"https:\/\/spitalmciuc.ro\/hu\/wp-json\/wp\/v2\/pages\/12538\/revisions"}],"predecessor-version":[{"id":15384,"href":"https:\/\/spitalmciuc.ro\/hu\/wp-json\/wp\/v2\/pages\/12538\/revisions\/15384"}],"wp:attachment":[{"href":"https:\/\/spitalmciuc.ro\/hu\/wp-json\/wp\/v2\/media?parent=12538"}],"curies":[{"name":"wp","href":"https:\/\/api.w.org\/{rel}","templated":true}]}}